{"id":1933,"date":"2023-03-30T16:46:10","date_gmt":"2023-03-30T19:46:10","guid":{"rendered":"https:\/\/sites.uel.br\/prograd\/?page_id=1933"},"modified":"2024-02-02T14:01:07","modified_gmt":"2024-02-02T17:01:07","slug":"resolucoes-2020","status":"publish","type":"page","link":"https:\/\/sites.uel.br\/prograd\/resolucoes-2020\/","title":{"rendered":"Resolu\u00e7\u00f5es"},"content":{"rendered":"\n<hr class=\"wp-block-separator has-alpha-channel-opacity is-style-wide\"\/>\n\n\n\n<h4 class=\"wp-block-heading has-text-align-left\" style=\"font-size:25px\">2020<\/h4>\n\n\n\n<div style=\"height:20px\" aria-hidden=\"true\" class=\"wp-block-spacer\"><\/div>\n\n\n\n<h4 class=\"wp-block-heading\" style=\"font-size:25px\">CA<\/h4>\n\n\n\n<p><strong><a rel=\"noreferrer noopener\" href=\"https:\/\/sites.uel.br\/prograd\/wp-content\/uploads\/documentos\/resolucoes\/2020\/resolucao_20_20.pdf\" target=\"_blank\">Resolu\u00e7\u00e3o CA n\u00ba 20\/2020<\/a><\/strong><br>Regulamenta a concess\u00e3o de bolsa destinada a estudantes atuantes como educadores no Ciclo Intercultural de Inicia\u00e7\u00e3o Acad\u00eamica<\/p>\n\n\n\n<div style=\"height:20px\" aria-hidden=\"true\" class=\"wp-block-spacer\"><\/div>\n\n\n\n<h4 class=\"wp-block-heading\" style=\"font-size:25px\">CEPE<\/h4>\n\n\n\n<p><strong><a rel=\"noreferrer noopener\" href=\"https:\/\/sites.uel.br\/prograd\/wp-content\/uploads\/documentos\/resolucoes\/2020\/resolucao_65_20.pdf\" target=\"_blank\">Resolu\u00e7\u00e3o CEPE n\u00ba 65\/2020<\/a><\/strong><br>Estabelece o Calend\u00e1rio das Atividades de Ensino do Curso de Gradua\u00e7\u00e3o em Medicina, exclusivamente para a 4\u00aa, 5\u00aa e 6\u00aa s\u00e9ries, referente ao ano letivo de 2021<\/p>\n\n\n\n<p><strong><a rel=\"noreferrer noopener\" href=\"https:\/\/sites.uel.br\/prograd\/wp-content\/uploads\/documentos\/resolucoes\/2020\/resolucao_64_20.pdf\" target=\"_blank\">Resolu\u00e7\u00e3o CEPE n\u00ba 64\/2020<\/a><\/strong><br>Estabelece adequa\u00e7\u00e3o da Resolu\u00e7\u00e3o CEPE n\u00b0 023\/2020, que disp\u00f5e sobre o Calend\u00e1rio das Atividades de Ensino dos Cursos de Gradua\u00e7\u00e3o para o ano letivo de 2020<\/p>\n\n\n\n<p><strong><a rel=\"noreferrer noopener\" href=\"https:\/\/sites.uel.br\/prograd\/wp-content\/uploads\/documentos\/resolucoes\/2020\/resolucao_49_20.pdf\" target=\"_blank\">Resolu\u00e7\u00e3o CEPE n\u00ba 49\/2020<\/a><\/strong><br>Estabelece o n\u00famero de vagas na Universidade Estadual de Londrina para atender ao Programa Estudantes &#8211; Conv\u00eanio de Gradua\u00e7\u00e3o &#8211; PEC-G, do Minist\u00e9rio das Rela\u00e7\u00f5es Exteriores e do Minist\u00e9rio da Educa\u00e7\u00e3o<\/p>\n\n\n\n<p><strong><a rel=\"noreferrer noopener\" href=\"https:\/\/sites.uel.br\/prograd\/wp-content\/uploads\/documentos\/resolucoes\/2020\/resolucao_28_20.pdf\" target=\"_blank\">Resolu\u00e7\u00e3o CEPE n\u00ba 28\/2020<\/a><\/strong><br>Institui normas e procedimentos especiais para Projetos de Ensino, de Extens\u00e3o e Integrados (com \u00eanfase em Extens\u00e3o) que atuam exclusivamente na mitiga\u00e7\u00e3o dos efeitos da pandemia causada pelo novo Coronav\u00edrus ou de suas consequ\u00eancias<\/p>\n\n\n\n<p><strong><a rel=\"noreferrer noopener\" href=\"https:\/\/sites.uel.br\/prograd\/wp-content\/uploads\/documentos\/resolucoes\/2020\/resolucao_27_20.pdf\" target=\"_blank\">Resolu\u00e7\u00e3o CEPE n\u00ba 27\/2020<\/a><\/strong><br>Regulamenta as atividades acad\u00eamicas de gradua\u00e7\u00e3o n\u00e3o presenciais\/ensino remoto emergencial, em decorr\u00eancia da pandemia COVID-19, nos Projetos Pedag\u00f3gicos de Cursos (PPC) na Universidade Estadual de Londrina, e d\u00e1 outras provid\u00eancias<\/p>\n\n\n\n<p><strong><a rel=\"noreferrer noopener\" href=\"https:\/\/sites.uel.br\/prograd\/wp-content\/uploads\/documentos\/resolucoes\/2020\/resolucao_23_20.pdf\" target=\"_blank\">Resolu\u00e7\u00e3o CEPE n\u00ba 23\/2020<\/a><\/strong><br>Reformula a Resolu\u00e7\u00e3o CEPE n\u00b0 71\/2019, que disp\u00f5e sobre o Calend\u00e1rio das Atividades de Ensino dos Cursos de Gradua\u00e7\u00e3o, da Universidade Estadual de Londrina referente ao ano letivo de 2020, vigente para o momento da pandemia de COVID-19<\/p>\n\n\n\n<p><strong>Resolu\u00e7\u00e3o CEPE n\u00ba 22\/2020<\/strong><br>(revogada)<br>Regulamenta as atividades acad\u00eamicas de gradua\u00e7\u00e3o, enquanto perdurarem as excepcionalidades decorrentes da pandemia COVID-19, vinculadas aos Projetos Pedag\u00f3gicos de Cursos (PPC) na Universidade Estadual de Londrina, e d\u00e1 outras provid\u00eancias<\/p>\n\n\n\n<p><strong><a rel=\"noreferrer noopener\" href=\"https:\/\/sites.uel.br\/prograd\/wp-content\/uploads\/documentos\/resolucoes\/2020\/resolucao_04_20.pdf\" target=\"_blank\">Resolu\u00e7\u00e3o CEPE n\u00ba 04\/2020<\/a><\/strong><br>Retifica a Resolu\u00e7\u00e3o CEPE N\u00ba 002\/2020, que suspende o Calend\u00e1rio das Atividades de Ensino dos Cursos de Gradua\u00e7\u00e3o para o ano letivo de 2020 da Universidade Estadual de Londrina, aprovado pela Resolu\u00e7\u00e3o CEPE N\u00ba 071\/2019<\/p>\n\n\n\n<p><strong><a rel=\"noreferrer noopener\" href=\"https:\/\/sites.uel.br\/prograd\/wp-content\/uploads\/documentos\/resolucoes\/2020\/resolucao_02_20.pdf\" target=\"_blank\">Resolu\u00e7\u00e3o CEPE n\u00ba 02\/2020<\/a><\/strong><br>Suspende o Calend\u00e1rio das Atividades de Ensino dos Cursos de Gradua\u00e7\u00e3o para o ano letivo de 2020 da Universidade Estadual de Londrina, aprovado pela Resolu\u00e7\u00e3o CEPE n\u00ba 071\/2019<\/p>\n\n\n\n<div style=\"height:20px\" aria-hidden=\"true\" class=\"wp-block-spacer\"><\/div>\n\n\n\n<h4 class=\"wp-block-heading\" style=\"font-size:25px\">CEPE\/CA<\/h4>\n\n\n\n<p><strong><a rel=\"noreferrer noopener\" href=\"https:\/\/sites.uel.br\/prograd\/wp-content\/uploads\/documentos\/resolucoes\/2020\/resolucao_52_20.pdf\" target=\"_blank\">Resolu\u00e7\u00e3o CEPE\/CA n\u00ba 52\/2020<\/a><\/strong>&nbsp;<br>Altera a Resolu\u00e7\u00e3o de Cria\u00e7\u00e3o do Colegiado Gestor da Pol\u00edtica Institucional de Forma\u00e7\u00e3o Inicial e Continuada de Professores (COGEPP) da Universidade Estadual de Londrina<\/p>\n\n\n\n<p><strong><a rel=\"noreferrer noopener\" href=\"https:\/\/sites.uel.br\/prograd\/wp-content\/uploads\/documentos\/resolucoes\/2020\/resolucao_53_20.pdf\" target=\"_blank\">Resolu\u00e7\u00e3o CEPE\/CA n\u00ba 53\/2020<\/a><\/strong><br>Aprova o Regulamento do Colegiado Gestor da Pol\u00edtica Institucional de Forma\u00e7\u00e3o Inicial e Continuada de Professores (COGEPP) da Universidade Estadual de Londrina (UEL)<\/p>\n","protected":false},"excerpt":{"rendered":"<p>2020 CA Resolu\u00e7\u00e3o CA n\u00ba 20\/2020Regulamenta a concess\u00e3o de bolsa destinada a estudantes atuantes como educadores no Ciclo Intercultural de Inicia\u00e7\u00e3o Acad\u00eamica CEPE Resolu\u00e7\u00e3o CEPE n\u00ba 65\/2020Estabelece o Calend\u00e1rio das Atividades de Ensino do Curso de Gradua\u00e7\u00e3o em Medicina, exclusivamente para a 4\u00aa, 5\u00aa e 6\u00aa s\u00e9ries, referente ao ano letivo de 2021 Resolu\u00e7\u00e3o CEPE [&hellip;]<\/p>\n","protected":false},"author":8,"featured_media":0,"parent":0,"menu_order":0,"comment_status":"closed","ping_status":"closed","template":"","meta":{"_acf_changed":false,"_themeisle_gutenberg_block_has_review":false,"footnotes":""},"class_list":["post-1933","page","type-page","status-publish","hentry"],"acf":[],"_links":{"self":[{"href":"https:\/\/sites.uel.br\/prograd\/wp-json\/wp\/v2\/pages\/1933","targetHints":{"allow":["GET"]}}],"collection":[{"href":"https:\/\/sites.uel.br\/prograd\/wp-json\/wp\/v2\/pages"}],"about":[{"href":"https:\/\/sites.uel.br\/prograd\/wp-json\/wp\/v2\/types\/page"}],"author":[{"embeddable":true,"href":"https:\/\/sites.uel.br\/prograd\/wp-json\/wp\/v2\/users\/8"}],"replies":[{"embeddable":true,"href":"https:\/\/sites.uel.br\/prograd\/wp-json\/wp\/v2\/comments?post=1933"}],"version-history":[{"count":16,"href":"https:\/\/sites.uel.br\/prograd\/wp-json\/wp\/v2\/pages\/1933\/revisions"}],"predecessor-version":[{"id":19574,"href":"https:\/\/sites.uel.br\/prograd\/wp-json\/wp\/v2\/pages\/1933\/revisions\/19574"}],"wp:attachment":[{"href":"https:\/\/sites.uel.br\/prograd\/wp-json\/wp\/v2\/media?parent=1933"}],"curies":[{"name":"wp","href":"https:\/\/api.w.org\/{rel}","templated":true}]}}