{"id":1931,"date":"2023-03-30T16:46:00","date_gmt":"2023-03-30T19:46:00","guid":{"rendered":"https:\/\/sites.uel.br\/prograd\/?page_id=1931"},"modified":"2024-02-02T13:54:22","modified_gmt":"2024-02-02T16:54:22","slug":"resolucoes-2021","status":"publish","type":"page","link":"https:\/\/sites.uel.br\/prograd\/resolucoes-2021\/","title":{"rendered":"Resolu\u00e7\u00f5es"},"content":{"rendered":"\n<hr class=\"wp-block-separator has-alpha-channel-opacity is-style-wide\"\/>\n\n\n\n<h4 class=\"wp-block-heading has-text-align-left\" style=\"font-size:25px\">2021<\/h4>\n\n\n\n<div style=\"height:20px\" aria-hidden=\"true\" class=\"wp-block-spacer\"><\/div>\n\n\n\n<h4 class=\"wp-block-heading\" style=\"font-size:25px\">CEPE<\/h4>\n\n\n\n<p><strong><a rel=\"noreferrer noopener\" href=\"https:\/\/sites.uel.br\/prograd\/wp-content\/uploads\/documentos\/resolucoes\/2021\/resolucao_94_21.pdf\" target=\"_blank\">Resolu\u00e7\u00e3o CEPE n\u00ba 94\/2021<\/a><\/strong><br>Estabelece o Calend\u00e1rio das Atividades de Ensino dos Cursos de Gradua\u00e7\u00e3o para o ano letivo de 2022<\/p>\n\n\n\n<p><strong><a rel=\"noreferrer noopener\" href=\"https:\/\/sites.uel.br\/prograd\/wp-content\/uploads\/documentos\/resolucoes\/2021\/resolucao_86_21.pdf\" target=\"_blank\">Resolu\u00e7\u00e3o CEPE n\u00ba 86\/2021<\/a><\/strong><br>Estabelece adequa\u00e7\u00e3o da Resolu\u00e7\u00e3o CEPE n\u00b0 023\/2021, que disp\u00f5e sobre o Calend\u00e1rio das Atividades de Ensino dos Cursos de Gradua\u00e7\u00e3o para o ano letivo de 2021<\/p>\n\n\n\n<p><strong><a rel=\"noreferrer noopener\" href=\"https:\/\/sites.uel.br\/prograd\/wp-content\/uploads\/documentos\/resolucoes\/2021\/resolucao_85_21.pdf\" target=\"_blank\">Resolu\u00e7\u00e3o CEPE n\u00ba 85\/2021<\/a><\/strong><br>Regulamenta o Retorno Presencial das atividades acad\u00eamicas de Gradua\u00e7\u00e3o, previstas nos Planos Especiais de Matriz Curricular (PEMC) dos Cursos de Gradua\u00e7\u00e3o da Universidade Estadual de Londrina, durante o per\u00edodo de excepcionalidade, provocado pela pandemia COVID-19, e d\u00e1 outras provid\u00eancias para o segundo semestre do ano letivo de 2021<\/p>\n\n\n\n<p><strong><a rel=\"noreferrer noopener\" href=\"https:\/\/sites.uel.br\/prograd\/wp-content\/uploads\/documentos\/resolucoes\/2021\/resolucao_71_21.pdf\" target=\"_blank\">Resolu\u00e7\u00e3o CEPE n\u00ba 71\/2021<\/a><\/strong><br>Estabelece diretrizes dos sistemas acad\u00eamicos e diretrizes para cria\u00e7\u00e3o, reformula\u00e7\u00e3o e adequa\u00e7\u00e3o de Projetos Pedag\u00f3gicos de Cursos de Gradua\u00e7\u00e3o na Universidade Estadual de Londrina<\/p>\n\n\n\n<p><strong><a rel=\"noreferrer noopener\" href=\"https:\/\/sites.uel.br\/prograd\/wp-content\/uploads\/documentos\/resolucoes\/2021\/resolucao_70_21.pdf\" target=\"_blank\">Resolu\u00e7\u00e3o CEPE n\u00ba 70\/2021<\/a><\/strong><br>Altera o nome do Curso de Licenciatura em Computa\u00e7\u00e3o, modalidade a dist\u00e2ncia, da Universidade Estadual de Londrina<\/p>\n\n\n\n<p><strong><a rel=\"noreferrer noopener\" href=\"https:\/\/sites.uel.br\/prograd\/wp-content\/uploads\/documentos\/resolucoes\/2021\/resolucao_44_21.pdf\" target=\"_blank\">Resolu\u00e7\u00e3o CEPE n\u00ba 44\/2021<\/a><\/strong><br>Estabelece a reserva de vagas para pessoas com defici\u00eancia nos processos seletivos para ingresso nos cursos de Gradua\u00e7\u00e3o da UEL, como cumprimento da Lei n\u00ba 20.443\/2020<\/p>\n\n\n\n<p><strong><a rel=\"noreferrer noopener\" href=\"https:\/\/sites.uel.br\/prograd\/wp-content\/uploads\/documentos\/resolucoes\/2021\/resolucao_37_21.pdf\" target=\"_blank\">Resolu\u00e7\u00e3o CEPE n\u00ba 37\/2021<\/a><\/strong><br>Estabelece adequa\u00e7\u00f5es \u00e0 Resolu\u00e7\u00e3o CEPE n\u00ba 023\/2021, que disp\u00f5e sobre o Calend\u00e1rio das Atividades de Ensino dos Cursos de Gradua\u00e7\u00e3o para o ano letivo de 2021<\/p>\n\n\n\n<p><strong><a rel=\"noreferrer noopener\" href=\"https:\/\/sites.uel.br\/prograd\/wp-content\/uploads\/documentos\/resolucoes\/2021\/resolucao_32_21.pdf\" target=\"_blank\">Resolu\u00e7\u00e3o CEPE n\u00ba 32\/2021<\/a><\/strong><br>Regulamenta as atividades acad\u00eamicas de Gradua\u00e7\u00e3o nos Projetos Pedag\u00f3gicos de Cursos (PPC) na Universidade Estadual de Londrina durante o per\u00edodo de excepcionalidade, provocado pela pandemia COVID-19, e d\u00e1 outras provid\u00eancias para o ano letivo de 2021<\/p>\n\n\n\n<p><strong><a rel=\"noreferrer noopener\" href=\"https:\/\/sites.uel.br\/prograd\/wp-content\/uploads\/documentos\/resolucoes\/2021\/resolucao_23_21.pdf\" target=\"_blank\">Resolu\u00e7\u00e3o CEPE n\u00ba 23\/2021<\/a><\/strong><br>Estabelece o Calend\u00e1rio das Atividades de Ensino dos Cursos de Gradua\u00e7\u00e3o para o ano letivo de 2021<\/p>\n\n\n\n<p><strong><a rel=\"noreferrer noopener\" href=\"https:\/\/sites.uel.br\/prograd\/wp-content\/uploads\/documentos\/resolucoes\/2021\/resolucao_22_21.pdf\" target=\"_blank\">Resolu\u00e7\u00e3o CEPE n\u00ba 22\/2021<\/a><\/strong><br>Estabelece adequa\u00e7\u00e3o da Resolu\u00e7\u00e3o CEPE n\u00b0 023\/2020, que disp\u00f5e sobre o Calend\u00e1rio das Atividades de Ensino dos Cursos de Gradua\u00e7\u00e3o para o ano letivo de 2020<\/p>\n\n\n\n<p><strong><a rel=\"noreferrer noopener\" href=\"https:\/\/sites.uel.br\/prograd\/wp-content\/uploads\/documentos\/resolucoes\/2021\/resolucao_11_21.pdf\" target=\"_blank\">Resolu\u00e7\u00e3o CEPE n\u00ba 11\/2021<\/a><\/strong><br>Estabelece normas sobre a Pol\u00edtica Institucional de Informa\u00e7\u00e3o T\u00e9cnico-Cient\u00edfica na Universidade Estadual de Londrina, no que se refere ao seu Reposit\u00f3rio Acad\u00eamico (RA-UEL)<\/p>\n\n\n\n<div style=\"height:20px\" aria-hidden=\"true\" class=\"wp-block-spacer\"><\/div>\n\n\n\n<h4 class=\"wp-block-heading\" style=\"font-size:25px\">CA\/CU<\/h4>\n\n\n\n<p><strong><a rel=\"noreferrer noopener\" href=\"https:\/\/sites.uel.br\/prograd\/wp-content\/uploads\/documentos\/resolucoes\/2021\/resolucao_79_21.pdf\" target=\"_blank\">Resolu\u00e7\u00e3o CA\/CU n\u00ba 79\/2021<\/a><\/strong><br>Reformula a regulamenta\u00e7\u00e3o que disp\u00f5e sobre o NAC &#8211; N\u00facleo de acessibilidade da UEL<\/p>\n\n\n\n<div style=\"height:20px\" aria-hidden=\"true\" class=\"wp-block-spacer\"><\/div>\n\n\n\n<h4 class=\"wp-block-heading\" style=\"font-size:25px\">CEPE\/CA<\/h4>\n\n\n\n<p><strong><a rel=\"noreferrer noopener\" href=\"https:\/\/sites.uel.br\/prograd\/wp-content\/uploads\/documentos\/resolucoes\/2021\/resolucao_82_21.pdf\" target=\"_blank\">Resolu\u00e7\u00e3o CEPE\/CA n\u00ba 82\/2021<\/a><\/strong><br>Reformula o Projeto Pedag\u00f3gico do Curso de Bacharelado em Qu\u00edmica com Atribui\u00e7\u00e3o Tecnol\u00f3gica, a ser implantado a partir do ano letivo de 2022<\/p>\n\n\n\n<p><strong><a rel=\"noreferrer noopener\" href=\"https:\/\/sites.uel.br\/prograd\/wp-content\/uploads\/documentos\/resolucoes\/2021\/resolucao_81_21.pdf\" target=\"_blank\">Resolu\u00e7\u00e3o CEPE\/CA n\u00ba 81\/2021<\/a><\/strong><br>Reformula o Projeto Pedag\u00f3gico do Curso de Zootecnia, a ser implantado a partir do ano letivo de 2022<\/p>\n\n\n\n<p><strong><a rel=\"noreferrer noopener\" href=\"https:\/\/sites.uel.br\/prograd\/wp-content\/uploads\/documentos\/resolucoes\/2021\/resolucao_80_21.pdf\" target=\"_blank\">Resolu\u00e7\u00e3o CEPE\/CA n\u00ba 80\/2021<\/a><\/strong><br>Reformula o Projeto Pedag\u00f3gico do Curso de Direito, a ser implantado a partir do ano letivo de 2022<\/p>\n\n\n\n<p><strong><a rel=\"noreferrer noopener\" href=\"https:\/\/sites.uel.br\/prograd\/wp-content\/uploads\/documentos\/resolucoes\/2021\/resolucao_55_21.pdf\" target=\"_blank\">Resolu\u00e7\u00e3o CEPE\/CA n\u00ba 55\/2021<\/a><\/strong><br>Reformula o Projeto Pedag\u00f3gico do Curso de Odontologia, a ser implantado a partir do ano letivo de 2022<\/p>\n\n\n\n<p><strong><a rel=\"noreferrer noopener\" href=\"https:\/\/sites.uel.br\/prograd\/wp-content\/uploads\/documentos\/resolucoes\/2021\/resolucao_39_21.pdf\" target=\"_blank\">Resolu\u00e7\u00e3o CEPE\/CA n\u00ba 39\/2021<\/a><\/strong><br>Regulamenta a Credita\u00e7\u00e3o Curricular da Extens\u00e3o na Universidade Estadual de Londrina<\/p>\n\n\n\n<p><strong><a rel=\"noreferrer noopener\" href=\"https:\/\/sites.uel.br\/prograd\/wp-content\/uploads\/documentos\/resolucoes\/2021\/resolucao_36_21.pdf\" target=\"_blank\">Resolu\u00e7\u00e3o CEPE\/CA n\u00ba 36\/2021<\/a><\/strong><br>Reformula o Projeto Pedag\u00f3gico do Curso de Ci\u00eancias Econ\u00f4micas, a ser implantado a partir do ano letivo de 2022<\/p>\n","protected":false},"excerpt":{"rendered":"<p>2021 CEPE Resolu\u00e7\u00e3o CEPE n\u00ba 94\/2021Estabelece o Calend\u00e1rio das Atividades de Ensino dos Cursos de Gradua\u00e7\u00e3o para o ano letivo de 2022 Resolu\u00e7\u00e3o CEPE n\u00ba 86\/2021Estabelece adequa\u00e7\u00e3o da Resolu\u00e7\u00e3o CEPE n\u00b0 023\/2021, que disp\u00f5e sobre o Calend\u00e1rio das Atividades de Ensino dos Cursos de Gradua\u00e7\u00e3o para o ano letivo de 2021 Resolu\u00e7\u00e3o CEPE n\u00ba 85\/2021Regulamenta [&hellip;]<\/p>\n","protected":false},"author":8,"featured_media":0,"parent":0,"menu_order":0,"comment_status":"closed","ping_status":"closed","template":"","meta":{"_acf_changed":false,"_themeisle_gutenberg_block_has_review":false,"footnotes":""},"class_list":["post-1931","page","type-page","status-publish","hentry"],"acf":[],"_links":{"self":[{"href":"https:\/\/sites.uel.br\/prograd\/wp-json\/wp\/v2\/pages\/1931","targetHints":{"allow":["GET"]}}],"collection":[{"href":"https:\/\/sites.uel.br\/prograd\/wp-json\/wp\/v2\/pages"}],"about":[{"href":"https:\/\/sites.uel.br\/prograd\/wp-json\/wp\/v2\/types\/page"}],"author":[{"embeddable":true,"href":"https:\/\/sites.uel.br\/prograd\/wp-json\/wp\/v2\/users\/8"}],"replies":[{"embeddable":true,"href":"https:\/\/sites.uel.br\/prograd\/wp-json\/wp\/v2\/comments?post=1931"}],"version-history":[{"count":14,"href":"https:\/\/sites.uel.br\/prograd\/wp-json\/wp\/v2\/pages\/1931\/revisions"}],"predecessor-version":[{"id":19552,"href":"https:\/\/sites.uel.br\/prograd\/wp-json\/wp\/v2\/pages\/1931\/revisions\/19552"}],"wp:attachment":[{"href":"https:\/\/sites.uel.br\/prograd\/wp-json\/wp\/v2\/media?parent=1931"}],"curies":[{"name":"wp","href":"https:\/\/api.w.org\/{rel}","templated":true}]}}