{"id":1929,"date":"2023-03-30T16:45:43","date_gmt":"2023-03-30T19:45:43","guid":{"rendered":"https:\/\/sites.uel.br\/prograd\/?page_id=1929"},"modified":"2024-02-02T13:54:12","modified_gmt":"2024-02-02T16:54:12","slug":"resolucoes-2022","status":"publish","type":"page","link":"https:\/\/sites.uel.br\/prograd\/resolucoes-2022\/","title":{"rendered":"Resolu\u00e7\u00f5es"},"content":{"rendered":"\n<hr class=\"wp-block-separator has-alpha-channel-opacity is-style-wide\"\/>\n\n\n\n<h4 class=\"wp-block-heading has-text-align-left\" style=\"font-size:25px\">2022<\/h4>\n\n\n\n<div style=\"height:20px\" aria-hidden=\"true\" class=\"wp-block-spacer\"><\/div>\n\n\n\n<h4 class=\"wp-block-heading\" style=\"font-size:25px\">CA<\/h4>\n\n\n\n<p><strong><a rel=\"noreferrer noopener\" href=\"https:\/\/sites.uel.br\/prograd\/wp-content\/uploads\/documentos\/resolucoes\/2022\/resolucao_84_22.pdf\" target=\"_blank\">Resolu\u00e7\u00e3o CA n\u00ba 084\/2022<\/a><\/strong><br>Revoga a Resolu\u00e7\u00e3o CA n\u00b0 0007\/2009, e atualiza o pre\u00e7o p\u00fablico para revalida\u00e7\u00e3o de diplomas de cursos superiores estrangeiros de gradua\u00e7\u00e3o no \u00e2mbito da Universidade Estadual de Londrina<\/p>\n\n\n\n<p><strong><a rel=\"noreferrer noopener\" href=\"https:\/\/sites.uel.br\/prograd\/wp-content\/uploads\/documentos\/resolucoes\/2022\/resolucao_39_22.pdf\" target=\"_blank\">Resolu\u00e7\u00e3o CA n\u00ba 039\/2022<\/a><\/strong><br>Aprova procedimentos a serem adotados quando do n\u00e3o cumprimento do Calend\u00e1rio das Atividades de Ensino dos Cursos de Gradua\u00e7\u00e3o para fechamento de pautas e do Rendimento Escolar por meio digital<\/p>\n\n\n\n<div style=\"height:20px\" aria-hidden=\"true\" class=\"wp-block-spacer\"><\/div>\n\n\n\n<h4 class=\"wp-block-heading\" style=\"font-size:25px\">CEPE<\/h4>\n\n\n\n<p><strong><a rel=\"noreferrer noopener\" href=\"https:\/\/sites.uel.br\/prograd\/wp-content\/uploads\/documentos\/resolucoes\/2022\/resolucao_116_22.pdf\" target=\"_blank\">Resolu\u00e7\u00e3o CEPE n\u00ba 116\/2022<\/a><\/strong><br>Atualiza e disp\u00f5e sobre as normas e procedimentos gerais de tramita\u00e7\u00e3o de processos de solicita\u00e7\u00e3o de revalida\u00e7\u00e3o de diplomas de gradua\u00e7\u00e3o estrangeiros expedidos por estabelecimentos estrangeiros de ensino superior<\/p>\n\n\n\n<p><strong><a rel=\"noreferrer noopener\" href=\"https:\/\/sites.uel.br\/prograd\/wp-content\/uploads\/documentos\/resolucoes\/2022\/resolucao_105_22.pdf\" target=\"_blank\">Resolu\u00e7\u00e3o CEPE n\u00ba 105\/2022<\/a><\/strong><br>Estabelece o Calend\u00e1rio das Atividades de Ensino dos Cursos de Gradua\u00e7\u00e3o para o ano letivo de 2023<\/p>\n\n\n\n<p><strong><a rel=\"noreferrer noopener\" href=\"https:\/\/sites.uel.br\/prograd\/wp-content\/uploads\/documentos\/resolucoes\/2022\/resolucao_61_22.pdf\" target=\"_blank\">Resolu\u00e7\u00e3o CEPE n\u00ba 61\/2022<\/a><\/strong><br>Altera o sistema de promo\u00e7\u00e3o do Curso de Letras Franc\u00eas &#8211; Modalidade: Bacharelado em L\u00edngua e Cultura Francesas<\/p>\n\n\n\n<p><strong><a rel=\"noreferrer noopener\" href=\"https:\/\/sites.uel.br\/prograd\/wp-content\/uploads\/documentos\/resolucoes\/2022\/resolucao_53_22.pdf\" target=\"_blank\">Resolu\u00e7\u00e3o CEPE n\u00ba 53\/2022<\/a><\/strong><br>Estabelece o n\u00famero de vagas na Universidade Estadual de Londrina para atender ao Programa Estudantes &#8211; Conv\u00eanio de Gradua\u00e7\u00e3o &#8211; PEC-G, do Minist\u00e9rio das Rela\u00e7\u00f5es Exteriores e do Minist\u00e9rio da Educa\u00e7\u00e3o<\/p>\n\n\n\n<p><strong><a rel=\"noreferrer noopener\" href=\"https:\/\/sites.uel.br\/prograd\/wp-content\/uploads\/documentos\/resolucoes\/2022\/resolucao_52_22.pdf\" target=\"_blank\">Resolu\u00e7\u00e3o CEPE n\u00ba 52\/2022<\/a><\/strong><br>Estabelece o n\u00famero de vagas na Universidade Estadual de Londrina para atender ao Programa Estudantes &#8211; Conv\u00eanio de Gradua\u00e7\u00e3o &#8211; PEC-G, do Minist\u00e9rio das Rela\u00e7\u00f5es Exteriores e do Minist\u00e9rio da Educa\u00e7\u00e3o<\/p>\n\n\n\n<p><strong><a rel=\"noreferrer noopener\" href=\"https:\/\/sites.uel.br\/prograd\/wp-content\/uploads\/documentos\/resolucoes\/2022\/resolucao_41_22.pdf\" target=\"_blank\">Resolu\u00e7\u00e3o CEPE n\u00ba 41\/2022<\/a><\/strong><br>Altera o nome do Curso de Bacharelado em Qu\u00edmica com Atribui\u00e7\u00e3o Tecnol\u00f3gica para Qu\u00edmica &#8211; Bacharelado, a vigorar partir do ano letivo de 2022<\/p>\n\n\n\n<p><strong><a rel=\"noreferrer noopener\" href=\"https:\/\/sites.uel.br\/prograd\/wp-content\/uploads\/documentos\/resolucoes\/2022\/resolucao_01_22.pdf\" target=\"_blank\">Resolu\u00e7\u00e3o CEPE n\u00ba 01\/2022<\/a><\/strong><br>Suspende os efeitos do Artigo 1\u00ba da Resolu\u00e7\u00e3o CEPE N\u00ba 085\/2021 e d\u00e1 nova reda\u00e7\u00e3o durante o per\u00edodo de 24\/01\/2022 a 12\/02\/2022<\/p>\n\n\n\n<div style=\"height:20px\" aria-hidden=\"true\" class=\"wp-block-spacer\"><\/div>\n\n\n\n<h4 class=\"wp-block-heading\" style=\"font-size:25px\">CEPE\/CA<\/h4>\n\n\n\n<p><strong><a rel=\"noreferrer noopener\" href=\"https:\/\/sites.uel.br\/prograd\/wp-content\/uploads\/documentos\/resolucoes\/2022\/resolucao_112_22.pdf\" target=\"_blank\">Resolu\u00e7\u00e3o CEPE\/CA n\u00ba 112\/2022<\/a><\/strong><br>Reformula o Projeto Pedag\u00f3gico do Curso de Artes C\u00eanicas, a ser implantado a partir do ano letivo de 2023<\/p>\n\n\n\n<p><strong><a rel=\"noreferrer noopener\" href=\"https:\/\/sites.uel.br\/prograd\/wp-content\/uploads\/documentos\/resolucoes\/2022\/resolucao_111_22.pdf\" target=\"_blank\">Resolu\u00e7\u00e3o CEPE\/CA n\u00ba 111\/2022<\/a><\/strong><br>Reformula o Projeto Pedag\u00f3gico do Curso de Design Gr\u00e1fico, a ser implantado a partir do ano letivo de 2023<\/p>\n\n\n\n<p><strong><a rel=\"noreferrer noopener\" href=\"https:\/\/sites.uel.br\/prograd\/wp-content\/uploads\/documentos\/resolucoes\/2022\/resolucao_110_22.pdf\" target=\"_blank\">Resolu\u00e7\u00e3o CEPE\/CA n\u00ba 110\/2022<\/a><\/strong><br>Reformula o Projeto Pedag\u00f3gico do Curso de F\u00edsica &#8211; licenciatura, a ser implantado a partir do ano letivo de 2023<\/p>\n\n\n\n<p><strong><a rel=\"noreferrer noopener\" href=\"https:\/\/sites.uel.br\/prograd\/wp-content\/uploads\/documentos\/resolucoes\/2022\/resolucao_109_22.pdf\" target=\"_blank\">Resolu\u00e7\u00e3o CEPE\/CA n\u00ba 109\/2022<\/a><\/strong><br>Reformula o Projeto Pedag\u00f3gico do Curso de Ci\u00eancia da Computa\u00e7\u00e3o, a ser implantado a partir do ano letivo de 2023<\/p>\n\n\n\n<p><strong><a rel=\"noreferrer noopener\" href=\"https:\/\/sites.uel.br\/prograd\/wp-content\/uploads\/documentos\/resolucoes\/2022\/resolucao_108_22.pdf\" target=\"_blank\">Resolu\u00e7\u00e3o CEPE\/CA n\u00ba 108\/2022<\/a><\/strong><br>Reformula o Projeto Pedag\u00f3gico do Curso de Qu\u00edmica &#8211; licenciatura, a ser implantado a partir do ano letivo de 2023<\/p>\n\n\n\n<p><strong><a rel=\"noreferrer noopener\" href=\"https:\/\/sites.uel.br\/prograd\/wp-content\/uploads\/documentos\/resolucoes\/2022\/resolucao_103_22.pdf\" target=\"_blank\">Resolu\u00e7\u00e3o CEPE\/CA n\u00ba 103\/2022<\/a><\/strong><br>Estabelece normas e procedimentos referentes \u00e0 Comiss\u00e3o Universidade para os Ind\u00edgenas da Universidade Estadual de Londrina (CUIA-UEL) e \u00e0 regula\u00e7\u00e3o do acesso e perman\u00eancia dos estudantes ind\u00edgenas da Universidade Estadual de Londrina (UEL)<\/p>\n\n\n\n<p><strong><a rel=\"noreferrer noopener\" href=\"https:\/\/sites.uel.br\/prograd\/wp-content\/uploads\/documentos\/resolucoes\/2022\/resolucao_102_22.pdf\" target=\"_blank\">Resolu\u00e7\u00e3o CEPE\/CA n\u00ba 102\/2022<\/a><\/strong><br>Reformula o Projeto Pedag\u00f3gico do Curso de F\u00edsica &#8211; bacharelado, a ser implantado a partir do ano letivo de 2023<\/p>\n\n\n\n<p><strong><a rel=\"noreferrer noopener\" href=\"https:\/\/sites.uel.br\/prograd\/wp-content\/uploads\/documentos\/resolucoes\/2022\/resolucao_101_22.pdf\" target=\"_blank\">Resolu\u00e7\u00e3o CEPE\/CA n\u00ba 101\/2022<\/a><\/strong><br>Reformula o Projeto Pedag\u00f3gico do Curso de Medicina Veterin\u00e1ria, a ser implantado a partir do ano letivo de 2023<\/p>\n\n\n\n<p><strong><a rel=\"noreferrer noopener\" href=\"https:\/\/sites.uel.br\/prograd\/wp-content\/uploads\/documentos\/resolucoes\/2022\/resolucao_100_22.pdf\" target=\"_blank\">Resolu\u00e7\u00e3o CEPE\/CA n\u00ba 100\/2022<\/a><\/strong><br>Reformula o Projeto Pedag\u00f3gico do Curso de Design de Moda, a ser implantado a partir do ano letivo de 2023<\/p>\n\n\n\n<p><strong><a rel=\"noreferrer noopener\" href=\"https:\/\/sites.uel.br\/prograd\/wp-content\/uploads\/documentos\/resolucoes\/2022\/resolucao_93_22.pdf\" target=\"_blank\">Resolu\u00e7\u00e3o CEPE\/CA n\u00ba 93\/2022<\/a><\/strong><br>Reformula o Projeto Pedag\u00f3gico do Curso de Agronomia, a ser implantado a partir do ano letivo de 2023<\/p>\n\n\n\n<p><strong><a rel=\"noreferrer noopener\" href=\"https:\/\/sites.uel.br\/prograd\/wp-content\/uploads\/documentos\/resolucoes\/2022\/resolucao_92_22.pdf\" target=\"_blank\">Resolu\u00e7\u00e3o CEPE\/CA n\u00ba 92\/2022<\/a><\/strong><br>Reformula o Projeto Pedag\u00f3gico do Curso de Ci\u00eancias Biol\u00f3gicas &#8211; licenciatura, a ser implantado a partir do ano letivo de 2023<\/p>\n\n\n\n<p><strong><a rel=\"noreferrer noopener\" href=\"https:\/\/sites.uel.br\/prograd\/wp-content\/uploads\/documentos\/resolucoes\/2022\/resolucao_91_22.pdf\" target=\"_blank\">Resolu\u00e7\u00e3o CEPE\/CA n\u00ba 91\/2022<\/a><\/strong><br>Reformula o Projeto Pedag\u00f3gico do Curso de Ci\u00eancias Sociais &#8211; Licenciatura, a ser implantado a partir do ano letivo de 2023<\/p>\n\n\n\n<p><strong><a rel=\"noreferrer noopener\" href=\"https:\/\/sites.uel.br\/prograd\/wp-content\/uploads\/documentos\/resolucoes\/2022\/resolucao_90_22.pdf\" target=\"_blank\">Resolu\u00e7\u00e3o CEPE\/CA n\u00ba 90\/2022<\/a><\/strong><br>Reformula o Projeto Pedag\u00f3gico do Curso de Matem\u00e1tica &#8211; bacharelado, a ser implantado a partir do ano letivo de 2023<\/p>\n\n\n\n<p><strong><a rel=\"noreferrer noopener\" href=\"https:\/\/sites.uel.br\/prograd\/wp-content\/uploads\/documentos\/resolucoes\/2022\/resolucao_89_22.pdf\" target=\"_blank\">Resolu\u00e7\u00e3o CEPE\/CA n\u00ba 89\/2022<\/a><\/strong><br>Reformula o Projeto Pedag\u00f3gico do Curso de Matem\u00e1tica &#8211; licenciatura, a ser implantado a partir do ano letivo de 2023<\/p>\n\n\n\n<p><strong><a rel=\"noreferrer noopener\" href=\"https:\/\/sites.uel.br\/prograd\/wp-content\/uploads\/documentos\/resolucoes\/2022\/resolucao_79_22.pdf\" target=\"_blank\">Resolu\u00e7\u00e3o CEPE\/CA n\u00ba 79\/2022<\/a><\/strong><br>Reformula o Projeto Pedag\u00f3gico do Curso de Geografia &#8211; Licenciatura, a ser implantado a partir do ano letivo de 2023<\/p>\n\n\n\n<p><strong><a rel=\"noreferrer noopener\" href=\"https:\/\/sites.uel.br\/prograd\/wp-content\/uploads\/documentos\/resolucoes\/2022\/resolucao_78_22.pdf\" target=\"_blank\">Resolu\u00e7\u00e3o CEPE\/CA n\u00ba 78\/2022<\/a><\/strong><br>Reformula o Projeto Pedag\u00f3gico do Curso de Ci\u00eancias Sociais &#8211; Bacharelado, a ser implantado a partir do ano letivo de 2023<\/p>\n\n\n\n<p><strong><a rel=\"noreferrer noopener\" href=\"https:\/\/sites.uel.br\/prograd\/wp-content\/uploads\/documentos\/resolucoes\/2022\/resolucao_74_22.pdf\" target=\"_blank\">Resolu\u00e7\u00e3o CEPE\/CA n\u00ba 74\/2022<\/a><\/strong><br>Reformula o Projeto Pedag\u00f3gico do Curso de Geografia &#8211; Bacharelado, a ser implantado a partir do ano letivo de 2023<\/p>\n\n\n\n<p><strong><a rel=\"noreferrer noopener\" href=\"https:\/\/sites.uel.br\/prograd\/wp-content\/uploads\/documentos\/resolucoes\/2022\/resolucao_73_22.pdf\" target=\"_blank\">Resolu\u00e7\u00e3o CEPE\/CA n\u00ba 73\/2022<\/a><\/strong><br>Reformula o Projeto Pedag\u00f3gico do Curso de Engenharia Civil, a ser implantado a partir do ano letivo de 2023<\/p>\n\n\n\n<p><strong><a rel=\"noreferrer noopener\" href=\"https:\/\/sites.uel.br\/prograd\/wp-content\/uploads\/documentos\/resolucoes\/2022\/resolucao_72_22.pdf\" target=\"_blank\">Resolu\u00e7\u00e3o CEPE\/CA n\u00ba 72\/2022<\/a><\/strong><br>Reformula o Projeto Pedag\u00f3gico do Curso de Ci\u00eancias Biol\u00f3gicas &#8211; bacharelado, a ser implantado a partir do ano letivo de 2023<\/p>\n\n\n\n<p><strong><a rel=\"noreferrer noopener\" href=\"https:\/\/sites.uel.br\/prograd\/wp-content\/uploads\/documentos\/resolucoes\/2022\/resolucao_71_22.pdf\" target=\"_blank\">Resolu\u00e7\u00e3o CEPE\/CA n\u00ba 71\/2022<\/a><\/strong><br>Reformula o Projeto Pedag\u00f3gico do Curso de Administra\u00e7\u00e3o, a ser implantado a partir do ano letivo de 2023<\/p>\n\n\n\n<p><strong><a rel=\"noreferrer noopener\" href=\"https:\/\/sites.uel.br\/prograd\/wp-content\/uploads\/documentos\/resolucoes\/2022\/resolucao_60_22.pdf\" target=\"_blank\">Resolu\u00e7\u00e3o CEPE\/CA n\u00ba 60\/2022<\/a><\/strong><br>Cria o curso de Ci\u00eancia de Dados e Intelig\u00eancia Artificial e estabelece seu Projeto Pedag\u00f3gico, a ser implantado a partir do ano letivo de 2024<\/p>\n\n\n\n<p><strong><a rel=\"noreferrer noopener\" href=\"https:\/\/sites.uel.br\/prograd\/wp-content\/uploads\/documentos\/resolucoes\/2022\/resolucao_51_22.pdf\" target=\"_blank\">Resolu\u00e7\u00e3o CEPE\/CA n\u00ba 51\/2022<\/a><\/strong><br>Reformula o Projeto Pedag\u00f3gico do Curso de Arquivologia, a ser implantado a partir do ano letivo de 2023<\/p>\n\n\n\n<p><strong><a rel=\"noreferrer noopener\" href=\"https:\/\/sites.uel.br\/prograd\/wp-content\/uploads\/documentos\/resolucoes\/2022\/resolucao_50_22.pdf\" target=\"_blank\">Resolu\u00e7\u00e3o CEPE\/CA n\u00ba 50\/2022<\/a><\/strong><br>Reformula o Projeto Pedag\u00f3gico do Curso de Filosofia, a ser implantado a partir do ano letivo de 2023<\/p>\n\n\n\n<p><strong><a rel=\"noreferrer noopener\" href=\"https:\/\/sites.uel.br\/prograd\/wp-content\/uploads\/documentos\/resolucoes\/2022\/resolucao_49_22.pdf\" target=\"_blank\">Resolu\u00e7\u00e3o CEPE\/CA n\u00ba 49\/2022<\/a><\/strong><br>Reformula o Projeto Pedag\u00f3gico do Curso de Biomedicina, a ser implantado a partir do ano letivo de 2023<\/p>\n\n\n\n<p><strong><a rel=\"noreferrer noopener\" href=\"https:\/\/sites.uel.br\/prograd\/wp-content\/uploads\/documentos\/resolucoes\/2022\/resolucao_48_22.pdf\" target=\"_blank\">Resolu\u00e7\u00e3o CEPE\/CA n\u00ba 48\/2022<\/a><\/strong><br>Reformula o Projeto Pedag\u00f3gico do Curso de Letras &#8211; Portugu\u00eas, licenciatura, a ser implantado a partir do ano letivo de 2023<\/p>\n\n\n\n<p><strong><a rel=\"noreferrer noopener\" href=\"https:\/\/sites.uel.br\/prograd\/wp-content\/uploads\/documentos\/resolucoes\/2022\/resolucao_47_22.pdf\" target=\"_blank\">Resolu\u00e7\u00e3o CEPE\/CA n\u00ba 47\/2022<\/a><\/strong><br>Reformula o Projeto Pedag\u00f3gico do Curso de Biblioteconomia, a ser implantado a partir do ano letivo de 2023<\/p>\n\n\n\n<p><strong><a rel=\"noreferrer noopener\" href=\"https:\/\/sites.uel.br\/prograd\/wp-content\/uploads\/documentos\/resolucoes\/2022\/resolucao_21_22.pdf\" target=\"_blank\">Resolu\u00e7\u00e3o CEPE\/CA n\u00ba 21\/2022<\/a><\/strong><br>Reformula o Projeto Pedag\u00f3gico do Curso de Servi\u00e7o Social, a ser implantado a partir do ano letivo de 2023<\/p>\n\n\n\n<p><strong><a rel=\"noreferrer noopener\" href=\"https:\/\/sites.uel.br\/prograd\/wp-content\/uploads\/documentos\/resolucoes\/2022\/resolucao_20_22.pdf\" target=\"_blank\">Resolu\u00e7\u00e3o CEPE\/CA n\u00ba 20\/2022<\/a><\/strong><br>Reformula o Projeto Pedag\u00f3gico do Curso de Fisioterapia, a ser implantado a partir do ano letivo de 2023<\/p>\n\n\n\n<p><strong><a rel=\"noreferrer noopener\" href=\"https:\/\/sites.uel.br\/prograd\/wp-content\/uploads\/documentos\/resolucoes\/2022\/resolucao_19_22.pdf\" target=\"_blank\">Resolu\u00e7\u00e3o CEPE\/CA n\u00ba 19\/2022<\/a><\/strong><br>Reformula o Projeto Pedag\u00f3gico do Curso de Enfermagem, a ser implantado a partir do ano letivo de 2023<\/p>\n\n\n\n<p><strong><a rel=\"noreferrer noopener\" href=\"https:\/\/sites.uel.br\/prograd\/wp-content\/uploads\/documentos\/resolucoes\/2022\/resolucao_18_22.pdf\" target=\"_blank\">Resolu\u00e7\u00e3o CEPE\/CA n\u00ba 18\/2022<\/a><\/strong><br>Aprova o Projeto Pedag\u00f3gico do Curso Ciclo Intercultural de Inicia\u00e7\u00e3o Acad\u00eamica de Estudantes Ind\u00edgenas da Universidade Estadual de Londrina<\/p>\n\n\n\n<p><strong><a rel=\"noreferrer noopener\" href=\"https:\/\/sites.uel.br\/prograd\/wp-content\/uploads\/documentos\/resolucoes\/2022\/resolucao_14_22.pdf\" target=\"_blank\">Resolu\u00e7\u00e3o CEPE\/CA n\u00ba 14\/2022<\/a><\/strong><br>Amplia o n\u00famero de vagas para ingressantes no Curso de Design Gr\u00e1fico, passando de 20 para 30 vagas anuais, a partir do ano letivo de 2023<\/p>\n\n\n\n<p><strong><a rel=\"noreferrer noopener\" href=\"https:\/\/sites.uel.br\/prograd\/wp-content\/uploads\/documentos\/resolucoes\/2022\/resolucao_09_22.pdf\" target=\"_blank\">Resolu\u00e7\u00e3o CEPE\/CA n\u00ba 09\/2022<\/a><\/strong><br>Reformula o Projeto Pedag\u00f3gico do Curso de Educa\u00e7\u00e3o F\u00edsica, a ser implantado a partir do ano letivo de 2023<\/p>\n\n\n\n<p><strong><a rel=\"noreferrer noopener\" href=\"https:\/\/sites.uel.br\/prograd\/wp-content\/uploads\/documentos\/resolucoes\/2022\/resolucao_08_22.pdf\" target=\"_blank\">Resolu\u00e7\u00e3o CEPE\/CA n\u00ba 08\/2022<\/a><\/strong><br>Reformula o Projeto Pedag\u00f3gico do Curso de Secretariado Executivo, a ser implantado a partir do ano letivo de 2023<\/p>\n\n\n\n<p><strong><a rel=\"noreferrer noopener\" href=\"https:\/\/sites.uel.br\/prograd\/wp-content\/uploads\/documentos\/resolucoes\/2022\/resolucao_05_22.pdf\" target=\"_blank\">Resolu\u00e7\u00e3o CEPE\/CA n\u00ba 05\/2022<\/a><\/strong><br>Reformula o Projeto Pedag\u00f3gico do Curso de Medicina, a ser implantado a partir do ano letivo de 2022<\/p>\n\n\n\n<p><strong><a rel=\"noreferrer noopener\" href=\"https:\/\/sites.uel.br\/prograd\/wp-content\/uploads\/documentos\/resolucoes\/2022\/resolucao_04_22.pdf\" target=\"_blank\">Resolu\u00e7\u00e3o CEPE\/CA n\u00ba 04\/2022<\/a><\/strong><br>Reformula o Projeto Pedag\u00f3gico do Curso de Farm\u00e1cia, a ser implantado a partir do ano letivo de 2022<\/p>\n\n\n\n<div style=\"height:20px\" aria-hidden=\"true\" class=\"wp-block-spacer\"><\/div>\n\n\n\n<h4 class=\"wp-block-heading\" style=\"font-size:25px\">CU<\/h4>\n\n\n\n<p><strong><a rel=\"noreferrer noopener\" href=\"https:\/\/sites.uel.br\/prograd\/wp-content\/uploads\/documentos\/resolucoes\/2022\/resolucao_35_22.pdf\" target=\"_blank\">Resolu\u00e7\u00e3o CU n\u00ba 35\/2022<\/a><\/strong><br>Altera os incisos do Art. 65 do Regimento Geral da UEL, que disp\u00f5e sobre a composi\u00e7\u00e3o dos Colegiados de Curso de Gradua\u00e7\u00e3o<\/p>\n\n\n\n<p><strong><a rel=\"noreferrer noopener\" href=\"https:\/\/sites.uel.br\/prograd\/wp-content\/uploads\/documentos\/resolucoes\/2022\/resolucao_16_22.pdf\" target=\"_blank\">Resolu\u00e7\u00e3o CU n\u00ba 16\/2022<\/a><\/strong><br>Homenageia o Prof. Dr. Ludoviko Carnasciali dos Santos atribuindo o seu nome \u00e0 Sala do GEPE, localizada na Prograd<\/p>\n","protected":false},"excerpt":{"rendered":"<p>2022 CA Resolu\u00e7\u00e3o CA n\u00ba 084\/2022Revoga a Resolu\u00e7\u00e3o CA n\u00b0 0007\/2009, e atualiza o pre\u00e7o p\u00fablico para revalida\u00e7\u00e3o de diplomas de cursos superiores estrangeiros de gradua\u00e7\u00e3o no \u00e2mbito da Universidade Estadual de Londrina Resolu\u00e7\u00e3o CA n\u00ba 039\/2022Aprova procedimentos a serem adotados quando do n\u00e3o cumprimento do Calend\u00e1rio das Atividades de Ensino dos Cursos de Gradua\u00e7\u00e3o [&hellip;]<\/p>\n","protected":false},"author":8,"featured_media":0,"parent":0,"menu_order":0,"comment_status":"closed","ping_status":"closed","template":"","meta":{"_acf_changed":false,"_themeisle_gutenberg_block_has_review":false,"footnotes":""},"class_list":["post-1929","page","type-page","status-publish","hentry"],"acf":[],"_links":{"self":[{"href":"https:\/\/sites.uel.br\/prograd\/wp-json\/wp\/v2\/pages\/1929","targetHints":{"allow":["GET"]}}],"collection":[{"href":"https:\/\/sites.uel.br\/prograd\/wp-json\/wp\/v2\/pages"}],"about":[{"href":"https:\/\/sites.uel.br\/prograd\/wp-json\/wp\/v2\/types\/page"}],"author":[{"embeddable":true,"href":"https:\/\/sites.uel.br\/prograd\/wp-json\/wp\/v2\/users\/8"}],"replies":[{"embeddable":true,"href":"https:\/\/sites.uel.br\/prograd\/wp-json\/wp\/v2\/comments?post=1929"}],"version-history":[{"count":24,"href":"https:\/\/sites.uel.br\/prograd\/wp-json\/wp\/v2\/pages\/1929\/revisions"}],"predecessor-version":[{"id":19551,"href":"https:\/\/sites.uel.br\/prograd\/wp-json\/wp\/v2\/pages\/1929\/revisions\/19551"}],"wp:attachment":[{"href":"https:\/\/sites.uel.br\/prograd\/wp-json\/wp\/v2\/media?parent=1929"}],"curies":[{"name":"wp","href":"https:\/\/api.w.org\/{rel}","templated":true}]}}