{"id":1927,"date":"2023-03-30T16:45:32","date_gmt":"2023-03-30T19:45:32","guid":{"rendered":"https:\/\/sites.uel.br\/prograd\/?page_id=1927"},"modified":"2024-06-21T14:30:41","modified_gmt":"2024-06-21T17:30:41","slug":"resolucoes-2023","status":"publish","type":"page","link":"https:\/\/sites.uel.br\/prograd\/resolucoes-2023\/","title":{"rendered":"Resolu\u00e7\u00f5es"},"content":{"rendered":"\n<hr class=\"wp-block-separator has-alpha-channel-opacity is-style-wide\"\/>\n\n\n\n<h4 class=\"wp-block-heading has-text-align-left\" style=\"font-size:25px\">2023<\/h4>\n\n\n\n<div style=\"height:20px\" aria-hidden=\"true\" class=\"wp-block-spacer\"><\/div>\n\n\n\n<h4 class=\"wp-block-heading\" style=\"font-size:25px\">CA<\/h4>\n\n\n\n<p><strong><a rel=\"noreferrer noopener\" href=\"https:\/\/sites.uel.br\/prograd\/wp-content\/uploads\/documentos\/resolucoes\/2023\/resolucao_52_23.pdf\" target=\"_blank\">Resolu\u00e7\u00e3o CA n\u00ba 52\/2023<\/a><\/strong><br>Altera a Resolu\u00e7\u00e3o CA n\u00ba 053\/2015, de modo a incluir os Programas de Forma\u00e7\u00e3o Complementar nas atividades eleg\u00edveis para seguro de vida e acidentes pessoais<\/p>\n\n\n\n<div style=\"height:20px\" aria-hidden=\"true\" class=\"wp-block-spacer\"><\/div>\n\n\n\n<h4 class=\"wp-block-heading\" style=\"font-size:25px\">CEPE<\/h4>\n\n\n\n<p><strong><a href=\"https:\/\/sites.uel.br\/prograd\/wp-content\/uploads\/documentos\/resolucoes\/2023\/resolucao_91_23.pdf\" target=\"_blank\" rel=\"noreferrer noopener\">Resolu\u00e7\u00e3o CEPE n\u00ba 91\/2023<\/a><\/strong><br>Estabelece o Calend\u00e1rio das Atividades de Ensino dos Cursos de Gradua\u00e7\u00e3o pra o ano letivo de 2024<\/p>\n\n\n\n<p><strong><a href=\"https:\/\/sites.uel.br\/prograd\/wp-content\/uploads\/documentos\/resolucoes\/2023\/resolucao_90_23.pdf\" target=\"_blank\" rel=\"noreferrer noopener\">Resolu\u00e7\u00e3o CEPE n\u00ba 90\/2023<\/a><\/strong><br>Estabelece adequa\u00e7\u00e3o da Resolu\u00e7\u00e3o CEPE n\u00ba 047\/2023, que disp\u00f5e sobre o Calend\u00e1rio das Atividades de Ensino dos Cursos de Gradua\u00e7\u00e3o para o ano letivo de 2023<\/p>\n\n\n\n<p><strong><a href=\"https:\/\/sites.uel.br\/prograd\/wp-content\/uploads\/documentos\/resolucoes\/2023\/resolucao_56_23.pdf\" target=\"_blank\" rel=\"noreferrer noopener\">Resolu\u00e7\u00e3o CEPE n\u00ba 56\/2023<\/a><\/strong><br>Estabelece adequa\u00e7\u00f5es no Projeto Pedag\u00f3gico do Curso de Pedagogia<\/p>\n\n\n\n<p><strong><a rel=\"noreferrer noopener\" href=\"https:\/\/sites.uel.br\/prograd\/wp-content\/uploads\/documentos\/resolucoes\/2023\/resolucao_51_23.pdf\" target=\"_blank\">Resolu\u00e7\u00e3o CEPE n\u00ba 51\/2023<\/a><\/strong><br>Altera o turno de oferta do curso de Letras &#8211; Portugu\u00eas, licenciatura, passando do vespertino para o matutino, a partir do ano letivo de 2024<\/p>\n\n\n\n<p><strong><a rel=\"noreferrer noopener\" href=\"https:\/\/sites.uel.br\/prograd\/wp-content\/uploads\/documentos\/resolucoes\/2023\/resolucao_47_23.pdf\" target=\"_blank\">Resolu\u00e7\u00e3o CEPE n\u00ba 47\/2023<\/a><\/strong><br>Reformula a Resolu\u00e7\u00e3o CEPE n\u00ba 105\/2022, que disp\u00f5e sobre o Calend\u00e1rio das Atividades de Ensino dos Cursos de Gradua\u00e7\u00e3o para o ano letivo de 2023<\/p>\n\n\n\n<p><strong><a rel=\"noreferrer noopener\" href=\"https:\/\/sites.uel.br\/prograd\/wp-content\/uploads\/documentos\/resolucoes\/2023\/resolucao_46_23.pdf\" target=\"_blank\">Resolu\u00e7\u00e3o CEPE n\u00ba 46\/2023<\/a><\/strong><br>Altera, para a categoria de essencial, a atividade acad\u00eamica de natureza obrigat\u00f3ria especial 6EST435 &#8211; Est\u00e1gio Supervisionado das Disciplinas Jur\u00eddicas Profissionalizantes, do curso de Direito, curr\u00edculo 2018<\/p>\n\n\n\n<p><strong><a rel=\"noreferrer noopener\" href=\"https:\/\/sites.uel.br\/prograd\/wp-content\/uploads\/documentos\/resolucoes\/2023\/resolucao_38_23.pdf\" target=\"_blank\">Resolu\u00e7\u00e3o CEPE n\u00ba 38\/2023<\/a><\/strong><br>Reformula as Resolu\u00e7\u00f5es CEPE n\u00ba 094\/2021 e 34\/2023, que disp\u00f5em sobre o Calend\u00e1rio das Atividades de Ensino dos Cursos de Gradua\u00e7\u00e3o, da Universidade Estadual de Londrina, referente ao ano letivo de 2022<\/p>\n\n\n\n<p><strong><a href=\"https:\/\/sites.uel.br\/prograd\/wp-content\/uploads\/documentos\/resolucoes\/2023\/resolucao_33_23.pdf\" target=\"_blank\" rel=\"noreferrer noopener\">Resolu\u00e7\u00e3o CEPE n\u00ba 33\/2023<\/a><\/strong><br>Estabelece o n\u00famero de vagas na Universidade Estadual de Londrina para atender ao Programa Estudantes &#8211; Conv\u00eanio de Gradua\u00e7\u00e3o &#8211; PEC-G, do Minist\u00e9rio das Rela\u00e7\u00f5es Exteriores e do Minist\u00e9rio da Educa\u00e7\u00e3o<\/p>\n\n\n\n<p><strong><a href=\"https:\/\/sites.uel.br\/prograd\/wp-content\/uploads\/documentos\/resolucoes\/2023\/resolucao_32_23.pdf\" target=\"_blank\" rel=\"noreferrer noopener\">Resolu\u00e7\u00e3o CEPE n\u00ba 32\/2023<\/a><\/strong><br>Regulamenta a oferta de carga hor\u00e1ria de Atividades Acad\u00eamicas a Dist\u00e2ncia (AAD) em cursos de gradua\u00e7\u00e3o presenciais e d\u00e1 outras provid\u00eancias<\/p>\n\n\n\n<p><strong><a rel=\"noreferrer noopener\" href=\"https:\/\/sites.uel.br\/prograd\/wp-content\/uploads\/documentos\/resolucoes\/2023\/resolucao_31_23.pdf\" target=\"_blank\">Resolu\u00e7\u00e3o CEPE n\u00ba 31\/2023<\/a><\/strong><br>Altera a reda\u00e7\u00e3o dos itens 1.2 &#8211; Hist\u00f3rico do Curso de Gradua\u00e7\u00e3o em Enfermagem, Item: 9.3.3 Est\u00e1gio Curricular Obrigat\u00f3rio e N\u00e3o Obrigat\u00f3rio, Item: 9.3.4 Trabalho de Conclus\u00e3o de Curso (TCC) e Item: 10. Sistema de Avalia\u00e7\u00e3o e Promo\u00e7\u00e3o, do Projeto Pedag\u00f3gico do Curso de Enfermagem, que ir\u00e1 vigorar a partir do ano letivo de 2023<\/p>\n\n\n\n<p><a rel=\"noreferrer noopener\" href=\"https:\/\/sites.uel.br\/prograd\/wp-content\/uploads\/documentos\/resolucoes\/2023\/resolucao_17_23.pdf\" target=\"_blank\"><strong>Resolu\u00e7\u00e3o CEPE n\u00ba 17\/2023<\/strong><\/a><br>Regulamenta os procedimentos acad\u00eamicos e administrativos para os Cursos de Gradua\u00e7\u00e3o da Universidade Estadual de Londrina<\/p>\n\n\n\n<p><strong><a rel=\"noreferrer noopener\" href=\"https:\/\/sites.uel.br\/prograd\/wp-content\/uploads\/documentos\/resolucoes\/2023\/resolucao_16_23.pdf\" target=\"_blank\">Resolu\u00e7\u00e3o CEPE n\u00ba 16\/2023<\/a><\/strong><br>Fixa normas e procedimentos, em car\u00e1ter excepcional, para preenchimento das vagas remanescentes do Processo Seletivo Vestibular UEL 2023, com o aproveitamento da nota do \u00faltimo vestibular realizado na UEL ou da nota de um dos tr\u00eas \u00faltimos Exames Nacionais do Ensino M\u00e9dio &#8211; ENEM&#8217;s realizados anteriormente ao Vestibular 2023<\/p>\n\n\n\n<div style=\"height:20px\" aria-hidden=\"true\" class=\"wp-block-spacer\"><\/div>\n\n\n\n<h4 class=\"wp-block-heading\" style=\"font-size:25px\">CEPE\/CA<\/h4>\n\n\n\n<p><strong><a rel=\"noreferrer noopener\" href=\"https:\/\/sites.uel.br\/prograd\/wp-content\/uploads\/documentos\/resolucoes\/2023\/resolucao_34_23.pdf\" target=\"_blank\">Resolu\u00e7\u00e3o CEPE\/CA n\u00ba 34\/2023<\/a><\/strong><br>Disciplina a suspens\u00e3o do calend\u00e1rio acad\u00eamico da gradua\u00e7\u00e3o no \u00e2mbito da Universidade Estadual de Londrina, a partir da delibera\u00e7\u00e3o do Conselho de Ensino, Pesquisa e Extens\u00e3o<\/p>\n\n\n\n<p><strong><a rel=\"noreferrer noopener\" href=\"https:\/\/sites.uel.br\/prograd\/wp-content\/uploads\/documentos\/resolucoes\/2023\/resolucao_18_23.pdf\" target=\"_blank\">Resolu\u00e7\u00e3o CEPE\/CA n\u00ba 18\/2023<\/a><\/strong><br>Reformula o Projeto Pedag\u00f3gico do Curso de Letras Espanhol, a ser implantado a partir do ano letivo de 2023<\/p>\n\n\n\n<p><strong><a rel=\"noreferrer noopener\" href=\"https:\/\/sites.uel.br\/prograd\/wp-content\/uploads\/documentos\/resolucoes\/2023\/resolucao_10_23.pdf\" target=\"_blank\">Resolu\u00e7\u00e3o CEPE\/CA n\u00ba 10\/2023<\/a><\/strong><br>Reformula o Projeto Pedag\u00f3gico do Curso de Letras-lngl\u00eas, a ser implantado a partir do ano letivo de 2023<\/p>\n\n\n\n<p><strong><a rel=\"noreferrer noopener\" href=\"https:\/\/sites.uel.br\/prograd\/wp-content\/uploads\/documentos\/resolucoes\/2023\/resolucao_09_23.pdf\" target=\"_blank\">Resolu\u00e7\u00e3o CEPE\/CA n\u00ba 09\/2023<\/a><\/strong><br>Reformula o Projeto Pedag\u00f3gico do Curso de Engenharia El\u00e9trica, a ser implantado a partir do ano letivo de 2023<\/p>\n\n\n\n<p><strong><a rel=\"noreferrer noopener\" href=\"https:\/\/sites.uel.br\/prograd\/wp-content\/uploads\/documentos\/resolucoes\/2023\/resolucao_08_23.pdf\" target=\"_blank\">Resolu\u00e7\u00e3o CEPE\/CA n\u00ba 08\/2023<\/a><\/strong><br>Reformula o Projeto Pedag\u00f3gico do Curso de Hist\u00f3ria &#8211; Licenciatura, a ser implantado a partir do ano letivo de 2023<\/p>\n\n\n\n<p><strong><a rel=\"noreferrer noopener\" href=\"https:\/\/sites.uel.br\/prograd\/wp-content\/uploads\/documentos\/resolucoes\/2023\/resolucao_07_23.pdf\" target=\"_blank\">Resolu\u00e7\u00e3o CEPE\/CA n\u00ba 07\/2023<\/a><\/strong><br>Reformula o Projeto Pedag\u00f3gico do Curso de Letras &#8211; Franc\u00eas, a ser implantado a partir do ano letivo de 2023<\/p>\n\n\n\n<p><strong><a rel=\"noreferrer noopener\" href=\"https:\/\/sites.uel.br\/prograd\/wp-content\/uploads\/documentos\/resolucoes\/2023\/resolucao_06_23.pdf\" target=\"_blank\">Resolu\u00e7\u00e3o CEPE\/CA n\u00ba 06\/2023<\/a><\/strong><br>Reformula o Projeto Pedag\u00f3gico do Curso de Arquitetura e Urbanismo, a ser implantado a partir do ano letivo de 2023<\/p>\n\n\n\n<p><strong><a rel=\"noreferrer noopener\" href=\"https:\/\/sites.uel.br\/prograd\/wp-content\/uploads\/documentos\/resolucoes\/2023\/resolucao_05_23.pdf\" target=\"_blank\">Resolu\u00e7\u00e3o CEPE\/CA n\u00ba 05\/2023<\/a><\/strong><br>Reformula o Projeto Pedag\u00f3gico do Curso de Ci\u00eancias Cont\u00e1beis, a ser implantado a partir do ano letivo de 2023<\/p>\n\n\n\n<p><strong><a rel=\"noreferrer noopener\" href=\"https:\/\/sites.uel.br\/prograd\/wp-content\/uploads\/documentos\/resolucoes\/2023\/resolucao_04_23.pdf\" target=\"_blank\">Resolu\u00e7\u00e3o CEPE\/CA n\u00ba 04\/2023<\/a><\/strong><br>Reformula o Projeto Pedag\u00f3gico do Curso de Rela\u00e7\u00f5es P\u00fablicas, a ser implantado a partir do ano letivo de 2023<\/p>\n\n\n\n<p><strong><a rel=\"noreferrer noopener\" href=\"https:\/\/sites.uel.br\/prograd\/wp-content\/uploads\/documentos\/resolucoes\/2023\/resolucao_03_23.pdf\" target=\"_blank\">Resolu\u00e7\u00e3o CEPE\/CA n\u00ba 03\/2023<\/a><\/strong><br>Reformula o Projeto Pedag\u00f3gico do Curso de Jornalismo, a ser implantado a partir do ano letivo de 2023<\/p>\n\n\n\n<p><strong><a rel=\"noreferrer noopener\" href=\"https:\/\/sites.uel.br\/prograd\/wp-content\/uploads\/documentos\/resolucoes\/2023\/resolucao_02_23.pdf\" target=\"_blank\">Resolu\u00e7\u00e3o CEPE\/CA n\u00ba 02\/2023<\/a><\/strong><br>Reformula o Projeto Pedag\u00f3gico do Curso Superior de Tecnologia em Gest\u00e3o P\u00fablica, a ser implantado a partir do ano letivo de 2023<\/p>\n\n\n\n<p><strong><a rel=\"noreferrer noopener\" href=\"https:\/\/sites.uel.br\/prograd\/wp-content\/uploads\/documentos\/resolucoes\/2023\/resolucao_01_23.pdf\" target=\"_blank\">Resolu\u00e7\u00e3o CEPE\/CA n\u00ba 01\/2023<\/a><\/strong><br>Reformula o Projeto Pedag\u00f3gico do Curso de Computa\u00e7\u00e3o &#8211; Modalidade Licenciatura \/ EAD, a ser implantado a partir do ano letivo de 2023<\/p>\n","protected":false},"excerpt":{"rendered":"<p>2023 CA Resolu\u00e7\u00e3o CA n\u00ba 52\/2023Altera a Resolu\u00e7\u00e3o CA n\u00ba 053\/2015, de modo a incluir os Programas de Forma\u00e7\u00e3o Complementar nas atividades eleg\u00edveis para seguro de vida e acidentes pessoais CEPE Resolu\u00e7\u00e3o CEPE n\u00ba 91\/2023Estabelece o Calend\u00e1rio das Atividades de Ensino dos Cursos de Gradua\u00e7\u00e3o pra o ano letivo de 2024 Resolu\u00e7\u00e3o CEPE n\u00ba 90\/2023Estabelece [&hellip;]<\/p>\n","protected":false},"author":8,"featured_media":0,"parent":0,"menu_order":0,"comment_status":"closed","ping_status":"closed","template":"","meta":{"_acf_changed":false,"_themeisle_gutenberg_block_has_review":false,"footnotes":""},"class_list":["post-1927","page","type-page","status-publish","hentry"],"acf":[],"_links":{"self":[{"href":"https:\/\/sites.uel.br\/prograd\/wp-json\/wp\/v2\/pages\/1927","targetHints":{"allow":["GET"]}}],"collection":[{"href":"https:\/\/sites.uel.br\/prograd\/wp-json\/wp\/v2\/pages"}],"about":[{"href":"https:\/\/sites.uel.br\/prograd\/wp-json\/wp\/v2\/types\/page"}],"author":[{"embeddable":true,"href":"https:\/\/sites.uel.br\/prograd\/wp-json\/wp\/v2\/users\/8"}],"replies":[{"embeddable":true,"href":"https:\/\/sites.uel.br\/prograd\/wp-json\/wp\/v2\/comments?post=1927"}],"version-history":[{"count":32,"href":"https:\/\/sites.uel.br\/prograd\/wp-json\/wp\/v2\/pages\/1927\/revisions"}],"predecessor-version":[{"id":30846,"href":"https:\/\/sites.uel.br\/prograd\/wp-json\/wp\/v2\/pages\/1927\/revisions\/30846"}],"wp:attachment":[{"href":"https:\/\/sites.uel.br\/prograd\/wp-json\/wp\/v2\/media?parent=1927"}],"curies":[{"name":"wp","href":"https:\/\/api.w.org\/{rel}","templated":true}]}}