{"id":1925,"date":"2023-03-30T16:45:08","date_gmt":"2023-03-30T19:45:08","guid":{"rendered":"https:\/\/sites.uel.br\/prograd\/?page_id=1925"},"modified":"2025-07-25T09:48:54","modified_gmt":"2025-07-25T12:48:54","slug":"deliberacoes-camara-de-graduacao-2023","status":"publish","type":"page","link":"https:\/\/sites.uel.br\/prograd\/deliberacoes-camara-de-graduacao-2023\/","title":{"rendered":"Delibera\u00e7\u00f5es (C\u00e2mara de Gradua\u00e7\u00e3o)"},"content":{"rendered":"\n<hr class=\"wp-block-separator has-alpha-channel-opacity is-style-wide\"\/>\n\n\n\n<h3 class=\"wp-block-heading\">2023<\/h3>\n\n\n\n<div style=\"height:20px\" aria-hidden=\"true\" class=\"wp-block-spacer\"><\/div>\n\n\n\n<p><strong><a href=\"https:\/\/sites.uel.br\/prograd\/wp-content\/uploads\/documentos\/deliberacoes\/2023\/deliberacao_28_23.pdf\" target=\"_blank\" rel=\"noreferrer noopener\">Delibera\u00e7\u00e3o da C\u00e2mara de Gradua\u00e7\u00e3o n\u00ba 28\/2023<\/a><\/strong><br>Estabelece adequa\u00e7\u00f5es curriculares no curso de Biotecnologia, curr\u00edculo 2023<\/p>\n\n\n\n<p><strong><a href=\"https:\/\/sites.uel.br\/prograd\/wp-content\/uploads\/documentos\/deliberacoes\/2023\/deliberacao_27_23.pdf\" target=\"_blank\" rel=\"noreferrer noopener\">Delibera\u00e7\u00e3o da C\u00e2mara de Gradua\u00e7\u00e3o n\u00ba 27\/2023<\/a><\/strong><br>Altera o semestre de oferta da atividade acad\u00eamica de natureza obrigat\u00f3ria especial 1EST682 &#8211; Est\u00e1gio Supervisionado de Gest\u00e3o N\u00e3o Escolar &#8211; N\u00facleo Integrador V, do curso de Pedagogia, curr\u00edculo 2019<\/p>\n\n\n\n<p><strong><a href=\"https:\/\/sites.uel.br\/prograd\/wp-content\/uploads\/documentos\/deliberacoes\/2023\/deliberacao_26_23.pdf\" target=\"_blank\" rel=\"noreferrer noopener\">Delibera\u00e7\u00e3o da C\u00e2mara de Gradua\u00e7\u00e3o n\u00ba 26\/2023<\/a><\/strong><br>Cria ementa para a atividade acad\u00eamica 8TGP036 &#8211; Extens\u00e3o Universit\u00e1ria IV Aplicada \u00e0s Institui\u00e7\u00f5es P\u00fablicas, do Curso Superior de Tecnologia em Gest\u00e3o P\u00fablica, na modalidade a dist\u00e2ncia<\/p>\n\n\n\n<p><strong><a href=\"https:\/\/sites.uel.br\/prograd\/wp-content\/uploads\/documentos\/deliberacoes\/2023\/deliberacao_25_23.pdf\" target=\"_blank\" rel=\"noreferrer noopener\">Delibera\u00e7\u00e3o da C\u00e2mara de Gradua\u00e7\u00e3o n\u00ba 25\/2023<\/a><\/strong><br>Estabelece adequa\u00e7\u00f5es curriculares no Curso de Medicina, curr\u00edculo 2022<\/p>\n\n\n\n<p><strong><a href=\"https:\/\/sites.uel.br\/prograd\/wp-content\/uploads\/documentos\/deliberacoes\/2023\/deliberacao_24_23.pdf\" target=\"_blank\" rel=\"noreferrer noopener\">Delibera\u00e7\u00e3o da C\u00e2mara de Gradua\u00e7\u00e3o n\u00ba 24\/2023<\/a><\/strong><br>Estabelece adequa\u00e7\u00f5es curriculares no Curso de Ci\u00eancia da Computa\u00e7\u00e3o, curr\u00edculos 2020 e 2023<\/p>\n\n\n\n<p><strong><a href=\"https:\/\/sites.uel.br\/prograd\/wp-content\/uploads\/documentos\/deliberacoes\/2023\/deliberacao_23_23.pdf\" target=\"_blank\" rel=\"noreferrer noopener\">Delibera\u00e7\u00e3o da C\u00e2mara de Gradua\u00e7\u00e3o n\u00ba 23\/2023<\/a><\/strong><br>Altera o semestre de oferta das atividades acad\u00eamicas 6PAC088 &#8211; An\u00e1lise Comportamental dos Transtornos Psiqui\u00e1tricos e 6PAC091 &#8211; An\u00e1lise do Comportamento Aplicada a Processo Cl\u00ednicos, do Curso de Psicologia, curr\u00edculo 2019<\/p>\n\n\n\n<p><strong><a href=\"https:\/\/sites.uel.br\/prograd\/wp-content\/uploads\/documentos\/deliberacoes\/2023\/deliberacao_22_23.pdf\" target=\"_blank\" rel=\"noreferrer noopener\">Delibera\u00e7\u00e3o da C\u00e2mara de Gradua\u00e7\u00e3o n\u00ba 22\/2023<\/a><\/strong><br>Altera os pr\u00e9-requisitos exigidos para as disciplinas dos 3\u00ba e 4\u00ba anos do curso de Matem\u00e1tica &#8211; Bacharelado, curr\u00edculo 2020<\/p>\n\n\n\n<p><strong><a href=\"https:\/\/sites.uel.br\/prograd\/wp-content\/uploads\/documentos\/deliberacoes\/2023\/deliberacao_21_23.pdf\" target=\"_blank\" rel=\"noreferrer noopener\">Delibera\u00e7\u00e3o da C\u00e2mara de Gradua\u00e7\u00e3o n\u00ba 21\/2023<\/a><\/strong><br>Estabelece adequa\u00e7\u00f5es curriculares no curso de Gradua\u00e7\u00e3o em Matem\u00e1tica &#8211; Licenciatura, curr\u00edculo 2019<\/p>\n\n\n\n<p><strong><a href=\"https:\/\/sites.uel.br\/prograd\/wp-content\/uploads\/documentos\/deliberacoes\/2023\/deliberacao_20_23.pdf\" target=\"_blank\" rel=\"noreferrer noopener\">Delibera\u00e7\u00e3o da C\u00e2mara de Gradua\u00e7\u00e3o n\u00ba 20\/2023<\/a><\/strong><br>Altera a ementa da atividade acad\u00eamica 2STA023 &#8211; Estat\u00edstica Aplicada \u00e0 Geografia, locada no 2\u00ba ano do Curso de Gradua\u00e7\u00e3o em Geografia &#8211; Bacharelado, curr\u00edculo 2023<\/p>\n\n\n\n<p><strong><a href=\"https:\/\/sites.uel.br\/prograd\/wp-content\/uploads\/documentos\/deliberacoes\/2023\/deliberacao_19_23.pdf\" target=\"_blank\" rel=\"noreferrer noopener\">Delibera\u00e7\u00e3o da C\u00e2mara de Gradua\u00e7\u00e3o n\u00ba 19\/2023<\/a><\/strong><br>Estabelece adequa\u00e7\u00f5es no Projeto Pedag\u00f3gico do Curso de M\u00fasica &#8211; Licenciatura<\/p>\n\n\n\n<p><strong><a href=\"https:\/\/sites.uel.br\/prograd\/wp-content\/uploads\/documentos\/deliberacoes\/2023\/deliberacao_18_23.pdf\" target=\"_blank\" rel=\"noreferrer noopener\">Delibera\u00e7\u00e3o da C\u00e2mara de Gradua\u00e7\u00e3o n\u00ba 18\/2023<\/a><\/strong><br>Altera a ementa da atividade acad\u00eamica 2STA023 &#8211; Estat\u00edstica Aplicada \u00e0 Geografia, locada no 2\u00ba ano do Curso de Gradua\u00e7\u00e3o em Geografia &#8211; Bacharelado, curr\u00edculo 2023<\/p>\n\n\n\n<p><strong><a href=\"https:\/\/sites.uel.br\/prograd\/wp-content\/uploads\/documentos\/deliberacoes\/2023\/deliberacao_17_23.pdf\" target=\"_blank\" rel=\"noreferrer noopener\">Delibera\u00e7\u00e3o da C\u00e2mara de Gradua\u00e7\u00e3o n\u00ba 17\/2023<\/a><\/strong><br>Aprova o Regulamento de Est\u00e1gio Curricular N\u00e3o Obrigat\u00f3rio do Curso de Administra\u00e7\u00e3o<\/p>\n\n\n\n<p><strong><a href=\"https:\/\/sites.uel.br\/prograd\/wp-content\/uploads\/documentos\/deliberacoes\/2023\/deliberacao_16_23.pdf\" target=\"_blank\" rel=\"noreferrer noopener\">Delibera\u00e7\u00e3o da C\u00e2mara de Gradua\u00e7\u00e3o n\u00ba 16\/2023<\/a><\/strong><br>Estabelece adequa\u00e7\u00f5es no Projeto Pedag\u00f3gico do Curso de Artes Visuais &#8211; licenciatura<\/p>\n\n\n\n<p><strong><a href=\"https:\/\/sites.uel.br\/prograd\/wp-content\/uploads\/documentos\/deliberacoes\/2023\/deliberacao_15_23.pdf\" target=\"_blank\" rel=\"noreferrer noopener\">Delibera\u00e7\u00e3o da C\u00e2mara de Gradua\u00e7\u00e3o n\u00ba 15\/2023<\/a><\/strong><br>Aprova o Regulamento do Trabalho de Conclus\u00e3o de Curso &#8211; TCC, do Curso de Ci\u00eancia da Computa\u00e7\u00e3o, a vigorar a partir do ano letivo de 2023<\/p>\n\n\n\n<p><strong><a href=\"https:\/\/sites.uel.br\/prograd\/wp-content\/uploads\/documentos\/deliberacoes\/2023\/deliberacao_14_23.pdf\" target=\"_blank\" rel=\"noreferrer noopener\">Delibera\u00e7\u00e3o da C\u00e2mara de Gradua\u00e7\u00e3o n\u00ba 14\/2023<\/a><\/strong><br>Altera a forma de oferta das Atividades Acad\u00eamicas do Curso de Hist\u00f3ria, curr\u00edculo 2023<\/p>\n\n\n\n<p><strong><a href=\"https:\/\/sites.uel.br\/prograd\/wp-content\/uploads\/documentos\/deliberacoes\/2023\/deliberacao_13_23.pdf\" target=\"_blank\" rel=\"noreferrer noopener\">Delibera\u00e7\u00e3o da C\u00e2mara de Gradua\u00e7\u00e3o n\u00ba 13\/2023<\/a><\/strong><br>Altera a forma de oferta das Atividades Acad\u00eamicas do Curso de Hist\u00f3ria, curr\u00edculos 2019 e 2021<\/p>\n\n\n\n<p><strong><a href=\"https:\/\/sites.uel.br\/prograd\/wp-content\/uploads\/documentos\/deliberacoes\/2023\/deliberacao_12_23.pdf\" target=\"_blank\" rel=\"noreferrer noopener\">Delibera\u00e7\u00e3o da C\u00e2mara de Gradua\u00e7\u00e3o n\u00ba 12\/2023<\/a><\/strong><br>Altera o per\u00edodo de oferta das Atividades Acad\u00eamicas do Curso de Educa\u00e7\u00e3o F\u00edsica &#8211; Bacharelado<\/p>\n\n\n\n<p><strong><a href=\"https:\/\/sites.uel.br\/prograd\/wp-content\/uploads\/documentos\/deliberacoes\/2023\/deliberacao_11_23.pdf\" target=\"_blank\" rel=\"noreferrer noopener\">Delibera\u00e7\u00e3o da C\u00e2mara de Gradua\u00e7\u00e3o n\u00ba 11\/2023<\/a><\/strong><br>Estabelece adequa\u00e7\u00f5es curriculares no curso de Gradua\u00e7\u00e3o em Engenharia El\u00e9trica<\/p>\n\n\n\n<p><a href=\"https:\/\/sites.uel.br\/prograd\/wp-content\/uploads\/documentos\/deliberacoes\/2023\/deliberacao_10_23.pdf\" target=\"_blank\" rel=\"noreferrer noopener\"><strong>Delibera\u00e7\u00e3o da C\u00e2mara de Gradua\u00e7\u00e3o n\u00ba 10\/2023<\/strong><br><\/a>Estabelece adequa\u00e7\u00f5es curriculares no curso de Artes Visuais, curr\u00edculo 2019<\/p>\n\n\n\n<p><strong><a href=\"https:\/\/sites.uel.br\/prograd\/wp-content\/uploads\/documentos\/deliberacoes\/2023\/deliberacao_09_23.pdf\" target=\"_blank\" rel=\"noreferrer noopener\">Delibera\u00e7\u00e3o da C\u00e2mara de Gradua\u00e7\u00e3o n\u00ba 09\/2023<\/a><\/strong><br>Estabelece adequa\u00e7\u00e3o da Resolu\u00e7\u00e3o CEPE n\u00ba 105\/2022, que disp\u00f5e sobre o Calend\u00e1rio das Atividades de Ensino dos Cursos de Gradua\u00e7\u00e3o para o ano letivo de 2023<\/p>\n\n\n\n<p><strong><a href=\"https:\/\/sites.uel.br\/prograd\/wp-content\/uploads\/documentos\/deliberacoes\/2023\/deliberacao_08_23.pdf\" target=\"_blank\" rel=\"noreferrer noopener\">Delibera\u00e7\u00e3o da C\u00e2mara de Gradua\u00e7\u00e3o n\u00ba 08\/2023<\/a><\/strong><br>Estabelece adequa\u00e7\u00f5es no Projeto Pedag\u00f3gico do Curso de Nutri\u00e7\u00e3o<\/p>\n\n\n\n<p><strong><a href=\"https:\/\/sites.uel.br\/prograd\/wp-content\/uploads\/documentos\/deliberacoes\/2023\/deliberacao_07_23.pdf\" target=\"_blank\" rel=\"noreferrer noopener\">Delibera\u00e7\u00e3o da C\u00e2mara de Gradua\u00e7\u00e3o n\u00ba 07\/2023<\/a><\/strong><br>Altera os pr\u00e9-requisitos do curso de F\u00edsica &#8211; licenciatura, curr\u00edculo 2019<\/p>\n\n\n\n<p><strong><a href=\"https:\/\/sites.uel.br\/prograd\/wp-content\/uploads\/documentos\/deliberacoes\/2023\/deliberacao_06_23.pdf\" target=\"_blank\" rel=\"noreferrer noopener\">Delibera\u00e7\u00e3o da C\u00e2mara de Gradua\u00e7\u00e3o n\u00ba 06\/2023<\/a><\/strong><br>Altera os pr\u00e9-requisitos do curso de F\u00edsica &#8211; bacharelado, curr\u00edculo 2010<\/p>\n\n\n\n<p><strong><a href=\"https:\/\/sites.uel.br\/prograd\/wp-content\/uploads\/documentos\/deliberacoes\/2023\/deliberacao_05_23.pdf\" target=\"_blank\" rel=\"noreferrer noopener\">Delibera\u00e7\u00e3o da C\u00e2mara de Gradua\u00e7\u00e3o n\u00ba 05\/2023<\/a><\/strong><br>Altera o per\u00edodo de oferta da atividade acad\u00eamica de natureza obrigat\u00f3ria especial 6EST707 &#8211; Est\u00e1gio Supervisionado, do curso de Agronomia, curr\u00edculo 2010<\/p>\n\n\n\n<p><strong><a href=\"https:\/\/sites.uel.br\/prograd\/wp-content\/uploads\/documentos\/deliberacoes\/2023\/deliberacao_04_23.pdf\" target=\"_blank\" rel=\"noreferrer noopener\">Delibera\u00e7\u00e3o da C\u00e2mara de Gradua\u00e7\u00e3o n\u00ba 04\/2023<\/a><\/strong><br>Cancela os pr\u00e9-requisitos exigidos para as atividades acad\u00eamicas 1GEO159 &#8211; Fundamentos de Pesquisa em Geografia, 1GEO131 &#8211; Planejamento e Gest\u00e3o Territorial Urbana, 1GEO132 &#8211; Planejamento e Gest\u00e3o Territorial Rural e 1EST339 &#8211; Est\u00e1gio Curricular Obrigat\u00f3rio, do curso de Geografia &#8211; bacharelado, curr\u00edculo 2019<\/p>\n\n\n\n<p><strong><a href=\"https:\/\/sites.uel.br\/prograd\/wp-content\/uploads\/documentos\/deliberacoes\/2023\/deliberacao_03_23.pdf\" target=\"_blank\" rel=\"noreferrer noopener\">Delibera\u00e7\u00e3o da C\u00e2mara de Gradua\u00e7\u00e3o n\u00ba 03\/2023<\/a><\/strong><br>Cancela os pr\u00e9-requisitos exigidos para as atividades acad\u00eamicas 1EST335 &#8211; Est\u00e1gio de Viv\u00eancia Docente em Geografia I (GEO), 1EST336 &#8211; Est\u00e1gio de Viv\u00eancia Docente em Geografia II (GEO), 1GEO159 &#8211; Fundamentos de Pesquisa em Geografia, 1EST337 &#8211; Est\u00e1gio de Reg\u00eancia I (GEO), 1GEO168 &#8211; Geopol\u00edtica, 1GEO169 &#8211; Geografia do Brasil I, 1GEO174 &#8211; Geografia do Brasil II e 1EST338 &#8211; Est\u00e1gio de Reg\u00eancia II (GEO), do curso de Geografia &#8211; licenciatura, curr\u00edculo 2019<\/p>\n\n\n\n<p><strong><a href=\"https:\/\/sites.uel.br\/prograd\/wp-content\/uploads\/documentos\/deliberacoes\/2023\/deliberacao_02_23.pdf\" target=\"_blank\" rel=\"noreferrer noopener\">Delibera\u00e7\u00e3o da C\u00e2mara de Gradua\u00e7\u00e3o n\u00ba 02\/2023<\/a><\/strong><br>Aprova o Regulamento de Est\u00e1gio Curricular Obrigat\u00f3rio do Curso de Nutri\u00e7\u00e3o<\/p>\n\n\n\n<p><strong><a href=\"https:\/\/sites.uel.br\/prograd\/wp-content\/uploads\/documentos\/deliberacoes\/2023\/deliberacao_01_23.pdf\" target=\"_blank\" rel=\"noreferrer noopener\">Delibera\u00e7\u00e3o da C\u00e2mara de Gradua\u00e7\u00e3o n\u00ba 01\/2023<\/a><\/strong><br>Estabelece adequa\u00e7\u00e3o da Resolu\u00e7\u00e3o CEPE n\u00ba 094\/2021, que disp\u00f5e sobre o Calend\u00e1rio das Atividades de Ensino dos Cursos de Gradua\u00e7\u00e3o para o ano letivo de 2022<\/p>\n","protected":false},"excerpt":{"rendered":"<p>2023 Delibera\u00e7\u00e3o da C\u00e2mara de Gradua\u00e7\u00e3o n\u00ba 28\/2023Estabelece adequa\u00e7\u00f5es curriculares no curso de Biotecnologia, curr\u00edculo 2023 Delibera\u00e7\u00e3o da C\u00e2mara de Gradua\u00e7\u00e3o n\u00ba 27\/2023Altera o semestre de oferta da atividade acad\u00eamica de natureza obrigat\u00f3ria especial 1EST682 &#8211; Est\u00e1gio Supervisionado de Gest\u00e3o N\u00e3o Escolar &#8211; N\u00facleo Integrador V, do curso de Pedagogia, curr\u00edculo 2019 Delibera\u00e7\u00e3o da C\u00e2mara [&hellip;]<\/p>\n","protected":false},"author":8,"featured_media":0,"parent":0,"menu_order":0,"comment_status":"closed","ping_status":"closed","template":"","meta":{"_acf_changed":false,"_themeisle_gutenberg_block_has_review":false,"footnotes":""},"class_list":["post-1925","page","type-page","status-publish","hentry"],"acf":[],"_links":{"self":[{"href":"https:\/\/sites.uel.br\/prograd\/wp-json\/wp\/v2\/pages\/1925","targetHints":{"allow":["GET"]}}],"collection":[{"href":"https:\/\/sites.uel.br\/prograd\/wp-json\/wp\/v2\/pages"}],"about":[{"href":"https:\/\/sites.uel.br\/prograd\/wp-json\/wp\/v2\/types\/page"}],"author":[{"embeddable":true,"href":"https:\/\/sites.uel.br\/prograd\/wp-json\/wp\/v2\/users\/8"}],"replies":[{"embeddable":true,"href":"https:\/\/sites.uel.br\/prograd\/wp-json\/wp\/v2\/comments?post=1925"}],"version-history":[{"count":19,"href":"https:\/\/sites.uel.br\/prograd\/wp-json\/wp\/v2\/pages\/1925\/revisions"}],"predecessor-version":[{"id":34708,"href":"https:\/\/sites.uel.br\/prograd\/wp-json\/wp\/v2\/pages\/1925\/revisions\/34708"}],"wp:attachment":[{"href":"https:\/\/sites.uel.br\/prograd\/wp-json\/wp\/v2\/media?parent=1925"}],"curies":[{"name":"wp","href":"https:\/\/api.w.org\/{rel}","templated":true}]}}