{"id":1923,"date":"2023-03-30T16:35:18","date_gmt":"2023-03-30T19:35:18","guid":{"rendered":"https:\/\/sites.uel.br\/prograd\/?page_id=1923"},"modified":"2024-02-02T16:42:24","modified_gmt":"2024-02-02T19:42:24","slug":"deliberacoes-camara-de-graduacao-2005","status":"publish","type":"page","link":"https:\/\/sites.uel.br\/prograd\/deliberacoes-camara-de-graduacao-2005\/","title":{"rendered":"Delibera\u00e7\u00f5es (C\u00e2mara de Gradua\u00e7\u00e3o)"},"content":{"rendered":"\n<hr class=\"wp-block-separator has-alpha-channel-opacity is-style-wide\"\/>\n\n\n\n<h3 class=\"wp-block-heading\">2005<\/h3>\n\n\n\n<div style=\"height:20px\" aria-hidden=\"true\" class=\"wp-block-spacer\"><\/div>\n\n\n\n<p><a rel=\"noreferrer noopener\" href=\"https:\/\/sites.uel.br\/prograd\/wp-content\/uploads\/documentos\/deliberacoes\/2005\/deliberacao_14_05.pdf\" target=\"_blank\"><strong>Delibera\u00e7\u00e3o da C\u00e2mara de Gradua\u00e7\u00e3o n\u00ba 14\/2005<\/strong><\/a><br>Altera a distribui\u00e7\u00e3o da carga hor\u00e1ria e vincula\u00e7\u00e3o departamental de disciplinas do curso de gradua\u00e7\u00e3o em Farm\u00e1cia, referentes ao curr\u00edculo em implanta\u00e7\u00e3o a partir do ano letivo de 2005<\/p>\n\n\n\n<p><a href=\"https:\/\/sites.uel.br\/prograd\/wp-content\/uploads\/documentos\/deliberacoes\/2005\/deliberacao_13_05.pdf\" target=\"_blank\" rel=\"noreferrer noopener\"><strong>Delibera\u00e7\u00e3o da C\u00e2mara de Gradua\u00e7\u00e3o n\u00ba 13\/2005<\/strong><\/a><strong><br><\/strong>Altera o c\u00f3digo de disciplina do curso de gradua\u00e7\u00e3o em Hist\u00f3ria: Licenciatura, referente ao curr\u00edculo em implanta\u00e7\u00e3o a partir do ano letivo de 2005<\/p>\n\n\n\n<p><a rel=\"noreferrer noopener\" href=\"https:\/\/sites.uel.br\/prograd\/wp-content\/uploads\/documentos\/deliberacoes\/2005\/deliberacao_11_05.pdf\" target=\"_blank\"><strong>Delibera\u00e7\u00e3o da C\u00e2mara de Gradua\u00e7\u00e3o n\u00ba 11\/2005<\/strong><\/a><br>Estabelece adequa\u00e7\u00f5es curriculares para o curso de Biomedicina a serem implantadas a partir do ano letivo de 2006, retroativas aos ingressantes de 2005<\/p>\n\n\n\n<p><a rel=\"noreferrer noopener\" href=\"https:\/\/sites.uel.br\/prograd\/wp-content\/uploads\/documentos\/deliberacoes\/2005\/deliberacao_05_05.pdf\" target=\"_blank\"><strong>Delibera\u00e7\u00e3o da C\u00e2mara de Gradua\u00e7\u00e3o n\u00ba 05\/2005<\/strong><\/a><br>Estabelece adequa\u00e7\u00f5es curriculares para o curso de Engenharia &#8211; Habilita\u00e7\u00e3o: Engenharia Civil a serem implantadas a partir do ano letivo de 2006<\/p>\n\n\n\n<p><a rel=\"noreferrer noopener\" href=\"https:\/\/sites.uel.br\/prograd\/wp-content\/uploads\/documentos\/deliberacoes\/2005\/deliberacao_02_05.pdf\" target=\"_blank\"><strong>Delibera\u00e7\u00e3o da C\u00e2mara de Gradua\u00e7\u00e3o n\u00ba 02\/2005<\/strong><\/a><br>Aprova as diretrizes para altera\u00e7\u00e3o eventual de oferta das atividades acad\u00eamicas dos cursos de gradua\u00e7\u00e3o<\/p>\n\n","protected":false},"excerpt":{"rendered":"<p>2005 Delibera\u00e7\u00e3o da C\u00e2mara de Gradua\u00e7\u00e3o n\u00ba 14\/2005Altera a distribui\u00e7\u00e3o da carga hor\u00e1ria e vincula\u00e7\u00e3o departamental de disciplinas do curso de gradua\u00e7\u00e3o em Farm\u00e1cia, referentes ao curr\u00edculo em implanta\u00e7\u00e3o a partir do ano letivo de 2005 Delibera\u00e7\u00e3o da C\u00e2mara de Gradua\u00e7\u00e3o n\u00ba 13\/2005Altera o c\u00f3digo de disciplina do curso de gradua\u00e7\u00e3o em Hist\u00f3ria: Licenciatura, referente [&hellip;]<\/p>\n","protected":false},"author":8,"featured_media":0,"parent":0,"menu_order":0,"comment_status":"closed","ping_status":"closed","template":"","meta":{"_acf_changed":false,"_themeisle_gutenberg_block_has_review":false,"footnotes":""},"class_list":["post-1923","page","type-page","status-publish","hentry"],"acf":[],"_links":{"self":[{"href":"https:\/\/sites.uel.br\/prograd\/wp-json\/wp\/v2\/pages\/1923","targetHints":{"allow":["GET"]}}],"collection":[{"href":"https:\/\/sites.uel.br\/prograd\/wp-json\/wp\/v2\/pages"}],"about":[{"href":"https:\/\/sites.uel.br\/prograd\/wp-json\/wp\/v2\/types\/page"}],"author":[{"embeddable":true,"href":"https:\/\/sites.uel.br\/prograd\/wp-json\/wp\/v2\/users\/8"}],"replies":[{"embeddable":true,"href":"https:\/\/sites.uel.br\/prograd\/wp-json\/wp\/v2\/comments?post=1923"}],"version-history":[{"count":7,"href":"https:\/\/sites.uel.br\/prograd\/wp-json\/wp\/v2\/pages\/1923\/revisions"}],"predecessor-version":[{"id":20260,"href":"https:\/\/sites.uel.br\/prograd\/wp-json\/wp\/v2\/pages\/1923\/revisions\/20260"}],"wp:attachment":[{"href":"https:\/\/sites.uel.br\/prograd\/wp-json\/wp\/v2\/media?parent=1923"}],"curies":[{"name":"wp","href":"https:\/\/api.w.org\/{rel}","templated":true}]}}