{"id":1921,"date":"2023-03-30T16:35:07","date_gmt":"2023-03-30T19:35:07","guid":{"rendered":"https:\/\/sites.uel.br\/prograd\/?page_id=1921"},"modified":"2024-02-05T11:28:12","modified_gmt":"2024-02-05T14:28:12","slug":"deliberacoes-camara-de-graduacao-2006","status":"publish","type":"page","link":"https:\/\/sites.uel.br\/prograd\/deliberacoes-camara-de-graduacao-2006\/","title":{"rendered":"Delibera\u00e7\u00f5es (C\u00e2mara de Gradua\u00e7\u00e3o)"},"content":{"rendered":"\n<hr class=\"wp-block-separator has-alpha-channel-opacity is-style-wide\"\/>\n\n\n\n<h3 class=\"wp-block-heading\">2006<\/h3>\n\n\n\n<div style=\"height:20px\" aria-hidden=\"true\" class=\"wp-block-spacer\"><\/div>\n\n\n\n<p><a href=\"https:\/\/sites.uel.br\/prograd\/wp-content\/uploads\/documentos\/deliberacoes\/2006\/deliberacao_34_06.pdf\" target=\"_blank\" rel=\"noreferrer noopener\"><strong>Delibera\u00e7\u00e3o da C\u00e2mara de Gradua\u00e7\u00e3o n\u00ba 34\/2006<\/strong><\/a><br>Aprova o Regimento de Trabalho de Conclus\u00e3o de Curso Habilita\u00e7\u00e3o: Bacharelado do Curso de Ci\u00eancias Sociais<\/p>\n\n\n\n<p><a href=\"https:\/\/sites.uel.br\/prograd\/wp-content\/uploads\/documentos\/deliberacoes\/2006\/deliberacao_31_06.pdf\" target=\"_blank\" rel=\"noreferrer noopener\"><strong>Delibera\u00e7\u00e3o da C\u00e2mara de Gradua\u00e7\u00e3o n\u00ba 31\/2006<\/strong><\/a><br>Aprova Proposta do Novo Regulamento do TCC &#8211; Trabalho de Conclus\u00e3o do Curso de Engenharia &#8211; Modalidade Engenharia El\u00e9trica<\/p>\n\n\n\n<p><a href=\"https:\/\/sites.uel.br\/prograd\/wp-content\/uploads\/documentos\/deliberacoes\/2006\/deliberacao_30_06.pdf\" target=\"_blank\" rel=\"noreferrer noopener\"><strong>Delibera\u00e7\u00e3o da C\u00e2mara de Gradua\u00e7\u00e3o n\u00ba 30\/2006<\/strong><\/a><br>Altera o artigo 13 da Delibera\u00e7\u00e3o &#8211; C\u00e2mara de Gradua\u00e7\u00e3o n\u00ba 06\/2004 que Regulamenta o Trabalho de Conclus\u00e3o do Curso de Enfermagem<\/p>\n\n\n\n<p><a href=\"https:\/\/sites.uel.br\/prograd\/wp-content\/uploads\/documentos\/deliberacoes\/2006\/deliberacao_28_06.pdf\" target=\"_blank\" rel=\"noreferrer noopener\"><strong>Delibera\u00e7\u00e3o da C\u00e2mara de Gradua\u00e7\u00e3o n\u00ba 28\/2006<\/strong><\/a><br>Aprova Proposta do Novo Regulamento do TCC &#8211; Trabalho de Conclus\u00e3o de Curso de F\u00edsica &#8211; Habilita\u00e7\u00e3o Bacharelado<\/p>\n\n\n\n<p><a href=\"https:\/\/sites.uel.br\/prograd\/wp-content\/uploads\/documentos\/deliberacoes\/2006\/deliberacao_27_06.pdf\" target=\"_blank\" rel=\"noreferrer noopener\"><strong>Delibera\u00e7\u00e3o da C\u00e2mara de Gradua\u00e7\u00e3o n\u00ba 27\/2006<\/strong><\/a><br>Regulamenta a oferta em concomit\u00e2ncia e a continuidade de estudos das Habilita\u00e7\u00f5es Bacharelado e Licenciatura do Curso de Gradua\u00e7\u00e3o em F\u00edsica a partir do ano letivo de 2007<\/p>\n\n\n\n<p><a href=\"https:\/\/sites.uel.br\/prograd\/wp-content\/uploads\/documentos\/deliberacoes\/2006\/deliberacao_26_06.pdf\" target=\"_blank\" rel=\"noreferrer noopener\"><strong>Delibera\u00e7\u00e3o da C\u00e2mara de Gradua\u00e7\u00e3o n\u00ba 26\/2006<\/strong><\/a><br>Aprova o Regulamento do Trabalho de Conclus\u00e3o do Curso de Arquitetura e Urbanismo<\/p>\n\n\n\n<p><a href=\"https:\/\/sites.uel.br\/prograd\/wp-content\/uploads\/documentos\/deliberacoes\/2006\/deliberacao_25_06.pdf\" target=\"_blank\" rel=\"noreferrer noopener\"><strong>Delibera\u00e7\u00e3o da C\u00e2mara de Gradua\u00e7\u00e3o n\u00ba 25\/2006<\/strong><\/a><br>Aprova o Regulamento do Trabalho de Conclus\u00e3o do Curso de Matem\u00e1tica<\/p>\n\n\n\n<p><a href=\"https:\/\/sites.uel.br\/prograd\/wp-content\/uploads\/documentos\/deliberacoes\/2006\/deliberacao_23_06.pdf\" target=\"_blank\" rel=\"noreferrer noopener\"><strong>Delibera\u00e7\u00e3o da C\u00e2mara de Gradua\u00e7\u00e3o n\u00ba 23\/2006<\/strong><\/a><br>Estabelece adequa\u00e7\u00f5es curriculares para o curso de gradua\u00e7\u00e3o em Arquivologia a serem implantadas a partir do ano letivo de 2007<\/p>\n\n\n\n<p><a rel=\"noreferrer noopener\" href=\"https:\/\/sites.uel.br\/prograd\/wp-content\/uploads\/documentos\/deliberacoes\/2006\/deliberacao_22_06.pdf\" target=\"_blank\"><strong>Delibera\u00e7\u00e3o da C\u00e2mara de Gradua\u00e7\u00e3o n\u00ba 22\/2006<\/strong><\/a><br>Estabelece adequa\u00e7\u00f5es curriculares para o curso de gradua\u00e7\u00e3o em Pedagogia a serem implantadas a partir do ano letivo de 2007<\/p>\n\n\n\n<p><a rel=\"noreferrer noopener\" href=\"https:\/\/sites.uel.br\/prograd\/wp-content\/uploads\/documentos\/deliberacoes\/2006\/deliberacao_21_06.pdf\" target=\"_blank\"><strong>Delibera\u00e7\u00e3o da C\u00e2mara de Gradua\u00e7\u00e3o n\u00ba 21\/2006<\/strong><\/a><br>Estabelece adequa\u00e7\u00f5es curriculares para o curso de gradua\u00e7\u00e3o em Odontologia, a serem implantadas a partir do ano letivo de 2007<\/p>\n\n\n\n<p><a rel=\"noreferrer noopener\" href=\"https:\/\/sites.uel.br\/prograd\/wp-content\/uploads\/documentos\/deliberacoes\/2006\/deliberacao_20_06.pdf\" target=\"_blank\"><strong>Delibera\u00e7\u00e3o da C\u00e2mara de Gradua\u00e7\u00e3o n\u00ba 20\/2006<\/strong><\/a><br>Estabelece adequa\u00e7\u00f5es curriculares para o curso de gradua\u00e7\u00e3o em M\u00fasica a serem implantadas a partir do ano letivo de 2007<\/p>\n\n\n\n<p><a rel=\"noreferrer noopener\" href=\"https:\/\/sites.uel.br\/prograd\/wp-content\/uploads\/documentos\/deliberacoes\/2006\/deliberacao_19_06.pdf\" target=\"_blank\"><strong>Delibera\u00e7\u00e3o da C\u00e2mara de Gradua\u00e7\u00e3o n\u00ba 19\/2006<\/strong><\/a><br>Estabelece adequa\u00e7\u00f5es curriculares para o curso de gradua\u00e7\u00e3o em Fisioterapia a serem implantadas a partir do ano letivo de 2007<\/p>\n\n\n\n<p><a rel=\"noreferrer noopener\" href=\"https:\/\/sites.uel.br\/prograd\/wp-content\/uploads\/documentos\/deliberacoes\/2006\/deliberacao_18_06.pdf\" target=\"_blank\"><strong>Delibera\u00e7\u00e3o da C\u00e2mara de Gradua\u00e7\u00e3o n\u00ba 18\/2006<\/strong><\/a><br>Altera ementa da disciplina 3PRI025 Direito Civil IV A, locada na 4\u00aa s\u00e9rie do curso de Gradua\u00e7\u00e3o em Direito<\/p>\n\n\n\n<p><a rel=\"noreferrer noopener\" href=\"https:\/\/sites.uel.br\/prograd\/wp-content\/uploads\/documentos\/deliberacoes\/2006\/deliberacao_17_06.pdf\" target=\"_blank\"><strong>Delibera\u00e7\u00e3o da C\u00e2mara de Gradua\u00e7\u00e3o n\u00ba 17\/2006<\/strong><\/a><br>Estabelece adequa\u00e7\u00f5es curriculares para o curso de gradua\u00e7\u00e3o em Ci\u00eancias Biol\u00f3gicas a serem implantadas a partir do ano letivo de 2007<\/p>\n\n\n\n<p><a rel=\"noreferrer noopener\" href=\"https:\/\/sites.uel.br\/prograd\/wp-content\/uploads\/documentos\/deliberacoes\/2006\/deliberacao_16_06.pdf\" target=\"_blank\"><strong>Delibera\u00e7\u00e3o da C\u00e2mara de Gradua\u00e7\u00e3o n\u00ba 16\/2006<\/strong><\/a><br>Estabelece adequa\u00e7\u00f5es curriculares para o curso de gradua\u00e7\u00e3o em Biblioteconomia a serem implantadas a partir do ano letivo de 2007<\/p>\n\n\n\n<p><a rel=\"noreferrer noopener\" href=\"https:\/\/sites.uel.br\/prograd\/wp-content\/uploads\/documentos\/deliberacoes\/2006\/deliberacao_15_06.pdf\" target=\"_blank\"><strong>Delibera\u00e7\u00e3o da C\u00e2mara de Gradua\u00e7\u00e3o n\u00ba 15\/2006<\/strong><\/a><br>Altera ementa e a vincula\u00e7\u00e3o departamental de parte da carga hor\u00e1ria de disciplina do curr\u00edculo pleno do curso de Artes C\u00eanicas &#8211; Habilita\u00e7\u00e3o: Interpreta\u00e7\u00e3o Teatral<\/p>\n\n\n\n<p><a rel=\"noreferrer noopener\" href=\"https:\/\/sites.uel.br\/prograd\/wp-content\/uploads\/documentos\/deliberacoes\/2006\/deliberacao_14_06.pdf\" target=\"_blank\"><strong>Delibera\u00e7\u00e3o da C\u00e2mara de Gradua\u00e7\u00e3o n\u00ba 14\/2006<\/strong><\/a><br>Estabelece adequa\u00e7\u00f5es no curr\u00edculo pleno do curso de Geografia: Habilita\u00e7\u00f5es: Bacharelado e Licenciatura a serem implantadas a partir do ano letivo de 2007<\/p>\n\n\n\n<p><a rel=\"noreferrer noopener\" href=\"https:\/\/sites.uel.br\/prograd\/wp-content\/uploads\/documentos\/deliberacoes\/2006\/deliberacao_13_06.pdf\" target=\"_blank\"><strong>Delibera\u00e7\u00e3o da C\u00e2mara de Gradua\u00e7\u00e3o n\u00ba 13\/2006<\/strong><\/a><br>Estabelece adequa\u00e7\u00f5es curriculares no curso de Educa\u00e7\u00e3o Art\u00edstica referentes ao curr\u00edculo em implanta\u00e7\u00e3o a partir do ano letivo de 2005<\/p>\n\n\n\n<p><a rel=\"noreferrer noopener\" href=\"https:\/\/sites.uel.br\/prograd\/wp-content\/uploads\/documentos\/deliberacoes\/2006\/deliberacao_12_06.pdf\" target=\"_blank\"><strong>Delibera\u00e7\u00e3o da C\u00e2mara de Gradua\u00e7\u00e3o n\u00ba 12\/2006<\/strong><\/a><br>Altera a denomina\u00e7\u00e3o de atividades acad\u00eamicas especiais do curso de Educa\u00e7\u00e3o F\u00edsica &#8211; Habilita\u00e7\u00e3o: Bacharelado<\/p>\n\n\n\n<p><a rel=\"noreferrer noopener\" href=\"https:\/\/sites.uel.br\/prograd\/wp-content\/uploads\/documentos\/deliberacoes\/2006\/deliberacao_11_06.pdf\" target=\"_blank\"><strong>Delibera\u00e7\u00e3o da C\u00e2mara de Gradua\u00e7\u00e3o n\u00ba 11\/2006<\/strong><\/a><br>Altera a vincula\u00e7\u00e3o departamental de disciplina do curso de Educa\u00e7\u00e3o F\u00edsica &#8211; Habilita\u00e7\u00e3o: Bacharelado<\/p>\n\n\n\n<p><a rel=\"noreferrer noopener\" href=\"https:\/\/sites.uel.br\/prograd\/wp-content\/uploads\/documentos\/deliberacoes\/2006\/deliberacao_10_06.pdf\" target=\"_blank\"><strong>Delibera\u00e7\u00e3o da C\u00e2mara de Gradua\u00e7\u00e3o n\u00ba 10\/2006<\/strong><\/a><br>Estabelece adequa\u00e7\u00f5es no curr\u00edculo pleno do curso de F\u00edsica &#8211; Habilita\u00e7\u00f5es: Licenciatura e Bacharelado, em implanta\u00e7\u00e3o a partir do ano letivo de 2005<\/p>\n\n\n\n<p><a rel=\"noreferrer noopener\" href=\"https:\/\/sites.uel.br\/prograd\/wp-content\/uploads\/documentos\/deliberacoes\/2006\/deliberacao_09_06.pdf\" target=\"_blank\"><strong>Delibera\u00e7\u00e3o da C\u00e2mara de Gradua\u00e7\u00e3o n\u00ba 09\/2006<\/strong><\/a><br>Altera ementa da disciplina 6FIS009 F\u00edsica, locada na 2\u00aa s\u00e9rie do Curso de Matem\u00e1tica &#8211; Habilita\u00e7\u00e3o: Licenciatura, referente ao curr\u00edculo em implanta\u00e7\u00e3o a partir do ano letivo de 2005<\/p>\n\n\n\n<p><a rel=\"noreferrer noopener\" href=\"https:\/\/sites.uel.br\/prograd\/wp-content\/uploads\/documentos\/deliberacoes\/2006\/deliberacao_08_06.pdf\" target=\"_blank\"><strong>Delibera\u00e7\u00e3o da C\u00e2mara de Gradua\u00e7\u00e3o n\u00ba 08\/2006<\/strong><\/a><br>Estabelece adequa\u00e7\u00f5es curriculares para o curso de gradua\u00e7\u00e3o em Engenharia El\u00e9trica, a serem implantadas a partir do ano letivo de 2006<\/p>\n\n\n\n<p><a rel=\"noreferrer noopener\" href=\"https:\/\/sites.uel.br\/prograd\/wp-content\/uploads\/documentos\/deliberacoes\/2006\/deliberacao_07_06.pdf\" target=\"_blank\"><strong>Delibera\u00e7\u00e3o da C\u00e2mara de Gradua\u00e7\u00e3o n\u00ba 07\/2006<\/strong><\/a><br>Estabelece adequa\u00e7\u00f5es curriculares para o curso de gradua\u00e7\u00e3o em Biomedicina, a serem implantadas a partir do ano letivo de 2006<\/p>\n\n\n\n<p><a rel=\"noreferrer noopener\" href=\"https:\/\/sites.uel.br\/prograd\/wp-content\/uploads\/documentos\/deliberacoes\/2006\/deliberacao_06_06.pdf\" target=\"_blank\"><strong>Delibera\u00e7\u00e3o da C\u00e2mara de Gradua\u00e7\u00e3o n\u00ba 06\/2006<\/strong><\/a><br>Altera ementas de disciplinas do Curr\u00edculo Pleno de curso de Qu\u00edmica &#8211; Habilita\u00e7\u00f5es: Licenciatura e Bacharelado, em implanta\u00e7\u00e3o a partir de ano letivo de 2005<\/p>\n\n\n\n<p><a rel=\"noreferrer noopener\" href=\"https:\/\/sites.uel.br\/prograd\/wp-content\/uploads\/documentos\/deliberacoes\/2006\/deliberacao_05_06.pdf\" target=\"_blank\"><strong>Delibera\u00e7\u00e3o da C\u00e2mara de Gradua\u00e7\u00e3o n\u00ba 05\/2006<\/strong><\/a><br>Altera a carga hor\u00e1ria ofertada pelo Departamento de Biologia Geral e pelo Departamento de Anatomia nos m\u00f3dulos 6MOD004 e 6MOD011 do curso de Odontologia, referente ao curr\u00edculo em implanta\u00e7\u00e3o a partir do ano letivo de 2005<\/p>\n\n\n\n<p><a href=\"https:\/\/sites.uel.br\/prograd\/wp-content\/uploads\/documentos\/deliberacoes\/2006\/deliberacao_03_06.pdf\" target=\"_blank\" rel=\"noreferrer noopener\"><strong>Delibera\u00e7\u00e3o da C\u00e2mara de Gradua\u00e7\u00e3o n\u00ba 03\/2006<\/strong><\/a><strong><br><\/strong>Estabelece adequa\u00e7\u00f5es curriculares para o curso de Fisioterapia a serem implantadas a partir do ano letivo de 2006<\/p>\n\n\n\n<p><a rel=\"noreferrer noopener\" href=\"https:\/\/sites.uel.br\/prograd\/wp-content\/uploads\/documentos\/deliberacoes\/2006\/deliberacao_02_06.pdf\" target=\"_blank\"><strong>Delibera\u00e7\u00e3o da C\u00e2mara de Gradua\u00e7\u00e3o n\u00ba 02\/2006<\/strong><\/a><br>Altera distribui\u00e7\u00e3o da carga hor\u00e1ria da disciplina 6MOR008 Anatomia Humana A, do curso de Ci\u00eancias Biol\u00f3gicas &#8211; Habilita\u00e7\u00f5es: Licenciatura e Bacharelado, referente ao curr\u00edculo em implanta\u00e7\u00e3o a partir do ano letivo de 2006<\/p>\n\n\n\n<p><a rel=\"noreferrer noopener\" href=\"https:\/\/sites.uel.br\/prograd\/wp-content\/uploads\/documentos\/deliberacoes\/2006\/deliberacao_01_06.pdf\" target=\"_blank\"><strong>Delibera\u00e7\u00e3o da C\u00e2mara de Gradua\u00e7\u00e3o n\u00ba 01\/2006<\/strong><\/a><br>Altera ementa de M\u00f3dulo do curso de Odontologia, referente ao curr\u00edculo em implanta\u00e7\u00e3o a partir do ano letivo de 2005<\/p>\n","protected":false},"excerpt":{"rendered":"<p>2006 Delibera\u00e7\u00e3o da C\u00e2mara de Gradua\u00e7\u00e3o n\u00ba 34\/2006Aprova o Regimento de Trabalho de Conclus\u00e3o de Curso Habilita\u00e7\u00e3o: Bacharelado do Curso de Ci\u00eancias Sociais Delibera\u00e7\u00e3o da C\u00e2mara de Gradua\u00e7\u00e3o n\u00ba 31\/2006Aprova Proposta do Novo Regulamento do TCC &#8211; Trabalho de Conclus\u00e3o do Curso de Engenharia &#8211; Modalidade Engenharia El\u00e9trica Delibera\u00e7\u00e3o da C\u00e2mara de Gradua\u00e7\u00e3o n\u00ba 30\/2006Altera [&hellip;]<\/p>\n","protected":false},"author":8,"featured_media":0,"parent":0,"menu_order":0,"comment_status":"closed","ping_status":"closed","template":"","meta":{"_acf_changed":false,"_themeisle_gutenberg_block_has_review":false,"footnotes":""},"class_list":["post-1921","page","type-page","status-publish","hentry"],"acf":[],"_links":{"self":[{"href":"https:\/\/sites.uel.br\/prograd\/wp-json\/wp\/v2\/pages\/1921","targetHints":{"allow":["GET"]}}],"collection":[{"href":"https:\/\/sites.uel.br\/prograd\/wp-json\/wp\/v2\/pages"}],"about":[{"href":"https:\/\/sites.uel.br\/prograd\/wp-json\/wp\/v2\/types\/page"}],"author":[{"embeddable":true,"href":"https:\/\/sites.uel.br\/prograd\/wp-json\/wp\/v2\/users\/8"}],"replies":[{"embeddable":true,"href":"https:\/\/sites.uel.br\/prograd\/wp-json\/wp\/v2\/comments?post=1921"}],"version-history":[{"count":15,"href":"https:\/\/sites.uel.br\/prograd\/wp-json\/wp\/v2\/pages\/1921\/revisions"}],"predecessor-version":[{"id":20453,"href":"https:\/\/sites.uel.br\/prograd\/wp-json\/wp\/v2\/pages\/1921\/revisions\/20453"}],"wp:attachment":[{"href":"https:\/\/sites.uel.br\/prograd\/wp-json\/wp\/v2\/media?parent=1921"}],"curies":[{"name":"wp","href":"https:\/\/api.w.org\/{rel}","templated":true}]}}