{"id":1919,"date":"2023-03-30T16:34:57","date_gmt":"2023-03-30T19:34:57","guid":{"rendered":"https:\/\/sites.uel.br\/prograd\/?page_id=1919"},"modified":"2024-02-05T13:48:35","modified_gmt":"2024-02-05T16:48:35","slug":"deliberacoes-camara-de-graduacao-2007","status":"publish","type":"page","link":"https:\/\/sites.uel.br\/prograd\/deliberacoes-camara-de-graduacao-2007\/","title":{"rendered":"Delibera\u00e7\u00f5es (C\u00e2mara de Gradua\u00e7\u00e3o)"},"content":{"rendered":"\n<hr class=\"wp-block-separator has-alpha-channel-opacity is-style-wide\"\/>\n\n\n\n<h3 class=\"wp-block-heading\">2007<\/h3>\n\n\n\n<div style=\"height:20px\" aria-hidden=\"true\" class=\"wp-block-spacer\"><\/div>\n\n\n\n<p><strong><a href=\"https:\/\/sites.uel.br\/prograd\/wp-content\/uploads\/documentos\/deliberacoes\/2007\/deliberacao_87_07.pdf\" target=\"_blank\" rel=\"noreferrer noopener\">Delibera\u00e7\u00e3o da C\u00e2mara de Gradua\u00e7\u00e3o n\u00ba 087\/2007<\/a><\/strong><br>Aprova o Regulamento do Trabalho de Conclus\u00e3o do Curso de Biblioteconomia<\/p>\n\n\n\n<p><strong><a href=\"https:\/\/sites.uel.br\/prograd\/wp-content\/uploads\/documentos\/deliberacoes\/2007\/deliberacao_86_07.pdf\" target=\"_blank\" rel=\"noreferrer noopener\">Delibera\u00e7\u00e3o da C\u00e2mara de Gradua\u00e7\u00e3o n\u00ba 086\/2007<\/a><\/strong><br>Aprova o Regulamento do Trabalho de Conclus\u00e3o do Curso de Gradua\u00e7\u00e3o em Comunica\u00e7\u00e3o Social &#8211; Habilita\u00e7\u00e3o Rela\u00e7\u00f5es P\u00fablicas<\/p>\n\n\n\n<p><strong><a href=\"https:\/\/sites.uel.br\/prograd\/wp-content\/uploads\/documentos\/deliberacoes\/2007\/deliberacao_85_07.pdf\" target=\"_blank\" rel=\"noreferrer noopener\">Delibera\u00e7\u00e3o da C\u00e2mara de Gradua\u00e7\u00e3o n\u00ba 085\/2007<\/a><\/strong><br>Estabelece adequa\u00e7\u00f5es curriculares para o Curso de Gradua\u00e7\u00e3o em Comunica\u00e7\u00e3o Social &#8211; Habilita\u00e7\u00e3o: Jornalismo,&nbsp; a serem implantadas a partir do ano letivo de 2008<\/p>\n\n\n\n<p><strong><a href=\"https:\/\/sites.uel.br\/prograd\/wp-content\/uploads\/documentos\/deliberacoes\/2007\/deliberacao_84_07.pdf\" target=\"_blank\" rel=\"noreferrer noopener\">Delibera\u00e7\u00e3o da C\u00e2mara de Gradua\u00e7\u00e3o n\u00ba 084\/2007<\/a><\/strong><br>Estabelece adequa\u00e7\u00f5es curriculares para o Curso de Gradua\u00e7\u00e3o em Secretariado Executivo, a vigorar a partir do ano letivo de 2008<\/p>\n\n\n\n<p><strong><a href=\"https:\/\/sites.uel.br\/prograd\/wp-content\/uploads\/documentos\/deliberacoes\/2007\/deliberacao_83_07.pdf\" target=\"_blank\" rel=\"noreferrer noopener\">Delibera\u00e7\u00e3o da C\u00e2mara de Gradua\u00e7\u00e3o n\u00ba 083\/2007<\/a><\/strong><br>Estabelece adequa\u00e7\u00f5es curriculares para o Curso de Gradua\u00e7\u00e3o em Farm\u00e1cia, a vigorar a partir do ano letivo de 2008<\/p>\n\n\n\n<p><strong><a href=\"https:\/\/sites.uel.br\/prograd\/wp-content\/uploads\/documentos\/deliberacoes\/2007\/deliberacao_82_07.pdf\" target=\"_blank\" rel=\"noreferrer noopener\">Delibera\u00e7\u00e3o da C\u00e2mara de Gradua\u00e7\u00e3o n\u00ba 082\/2007<\/a><\/strong><br>Estabelece adequa\u00e7\u00e3o curricular para o Curso de Gradua\u00e7\u00e3o em Letras, Modalidade: Licenciatura \u2013 Habilita\u00e7\u00f5es: L\u00ednguas Espanhola e Inglesa e Respectivas Literaturas, a vigorar a partir do ano letivo de 2008<\/p>\n\n\n\n<p><strong><a href=\"https:\/\/sites.uel.br\/prograd\/wp-content\/uploads\/documentos\/deliberacoes\/2007\/deliberacao_81_07.pdf\" target=\"_blank\" rel=\"noreferrer noopener\">Delibera\u00e7\u00e3o da C\u00e2mara de Gradua\u00e7\u00e3o n\u00ba 081\/2007<\/a><\/strong><br>Estabelece adequa\u00e7\u00f5es curriculares para Habilita\u00e7\u00e3o Opcional em L\u00edngua e Cultura Francesa, a vigorar a partir do ano letivo de 2008<\/p>\n\n\n\n<p><strong><a href=\"https:\/\/sites.uel.br\/prograd\/wp-content\/uploads\/documentos\/deliberacoes\/2007\/deliberacao_80_07.pdf\" target=\"_blank\" rel=\"noreferrer noopener\">Delibera\u00e7\u00e3o da C\u00e2mara de Gradua\u00e7\u00e3o n\u00ba 080\/2007<\/a><\/strong><br>Estabelece adequa\u00e7\u00f5es curriculares para o Curso de Gradua\u00e7\u00e3o em Ci\u00eancias Cont\u00e1beis a vigorar a partir do ano letivo de 2008<\/p>\n\n\n\n<p><strong><a href=\"https:\/\/sites.uel.br\/prograd\/wp-content\/uploads\/documentos\/deliberacoes\/2007\/deliberacao_79_07.pdf\" target=\"_blank\" rel=\"noreferrer noopener\">Delibera\u00e7\u00e3o da C\u00e2mara de Gradua\u00e7\u00e3o n\u00ba 079\/2007<\/a><\/strong><br>Aprova o Regulamento do Trabalho de Conclus\u00e3o do Curso de Geografia &#8211; Habilita\u00e7\u00e3o Bacharelado: Modalidade Monografia<\/p>\n\n\n\n<p><strong>Delibera\u00e7\u00e3o da C\u00e2mara de Gradua\u00e7\u00e3o n\u00ba 075\/2007<\/strong>&nbsp;&#8211;&nbsp;revogada<\/p>\n\n\n\n<p><strong><a href=\"https:\/\/sites.uel.br\/prograd\/wp-content\/uploads\/documentos\/deliberacoes\/2007\/deliberacao_74_07.pdf\" target=\"_blank\" rel=\"noreferrer noopener\">Delibera\u00e7\u00e3o da C\u00e2mara de Gradua\u00e7\u00e3o n\u00ba 074\/2007<\/a><\/strong><br>Estabelece adequa\u00e7\u00f5es curriculares para o Curso de Gradua\u00e7\u00e3o em F\u00edsica &#8211; Habilita\u00e7\u00f5es: Licenciatura e Bacharelado,&nbsp; a vigorar a partir do ano letivo de 2008<\/p>\n\n\n\n<p><strong><a href=\"https:\/\/sites.uel.br\/prograd\/wp-content\/uploads\/documentos\/deliberacoes\/2007\/deliberacao_73_07.pdf\" target=\"_blank\" rel=\"noreferrer noopener\">Delibera\u00e7\u00e3o da C\u00e2mara de Gradua\u00e7\u00e3o n\u00ba 073\/2007<\/a><\/strong><br>Estabelece adequa\u00e7\u00e3o curricular para o Curso de Gradua\u00e7\u00e3o em Ci\u00eancias Biol\u00f3gicas &#8211; Habilita\u00e7\u00f5es: Licenciatura e Bacharelado,&nbsp; a vigorar a partir do ano letivo de 2008<\/p>\n\n\n\n<p><a href=\"https:\/\/sites.uel.br\/prograd\/wp-content\/uploads\/documentos\/deliberacoes\/2007\/deliberacao_72_07.pdf\" target=\"_blank\" rel=\"noreferrer noopener\"><strong>Delibera\u00e7\u00e3o da C\u00e2mara de Gradua\u00e7\u00e3o n\u00ba 072\/2007<\/strong><\/a><br>Estabelece adequa\u00e7\u00f5es curriculares para o Curso de Gradua\u00e7\u00e3o em Qu\u00edmica: Habilita\u00e7\u00f5es &#8211; Bacharelado e op\u00e7\u00e3o em Qu\u00edmica Tecnol\u00f3gica,&nbsp; a serem implantadas&nbsp; a partir do ano letivo de 2008<\/p>\n\n\n\n<p><strong><a href=\"https:\/\/sites.uel.br\/prograd\/wp-content\/uploads\/documentos\/deliberacoes\/2007\/deliberacao_71_07.pdf\" target=\"_blank\" rel=\"noreferrer noopener\">Delibera\u00e7\u00e3o da C\u00e2mara de Gradua\u00e7\u00e3o n\u00ba 071\/2007<\/a><\/strong><br>Estabelece adequa\u00e7\u00f5es curriculares para o Curso de Gradua\u00e7\u00e3o em Letras Modalidade: Licenciatura \u2013 Habilita\u00e7\u00e3o: L\u00edngua Portuguesa e Respectivas Literaturas e Modalidade: Bacharelado \u2013 Habilita\u00e7\u00f5es: Estudos da Linguagem e Estudos Liter\u00e1rios a vigorar para os estudantes ingressantes no curso a partir do ano letivo de 2008<\/p>\n\n\n\n<p><a href=\"https:\/\/sites.uel.br\/prograd\/wp-content\/uploads\/documentos\/deliberacoes\/2007\/deliberacao_63_07.pdf\" target=\"_blank\" rel=\"noreferrer noopener\"><strong>Delibera\u00e7\u00e3o da C\u00e2mara de Gradua\u00e7\u00e3o n\u00ba 063\/2007<\/strong><\/a><br>Aprova o Regimento das Pr\u00e1ticas em Servi\u00e7o de Sa\u00fade e Comunidade \u2013 PSSC<\/p>\n\n\n\n<p><a href=\"https:\/\/sites.uel.br\/prograd\/wp-content\/uploads\/documentos\/deliberacoes\/2007\/deliberacao_62_07.pdf\" target=\"_blank\" rel=\"noreferrer noopener\"><strong>Delibera\u00e7\u00e3o da C\u00e2mara de Gradua\u00e7\u00e3o n\u00ba 062\/2007<\/strong><\/a><br>Define os Departamentos respons\u00e1veis por atividades acad\u00eamicas das \u00e1reas Principal, B\u00e1sica e Complementar e a composi\u00e7\u00e3o dos Colegiados dos Cursos de Gradua\u00e7\u00e3o<\/p>\n\n\n\n<p><a href=\"https:\/\/sites.uel.br\/prograd\/wp-content\/uploads\/documentos\/deliberacoes\/2007\/deliberacao_60_07.pdf\" target=\"_blank\" rel=\"noreferrer noopener\"><strong>Delibera\u00e7\u00e3o da C\u00e2mara de Gradua\u00e7\u00e3o n\u00ba 060\/2007<\/strong><\/a><br>Altera a ementa da disciplina 6PAT008 Imunologia B, locada na 2\u00aa s\u00e9rie do Curso de Gradua\u00e7\u00e3o em Fisioterapia, a vigorar a partir do ano letivo de 2008<\/p>\n\n\n\n<p><a href=\"https:\/\/sites.uel.br\/prograd\/wp-content\/uploads\/documentos\/deliberacoes\/2007\/deliberacao_59_07.pdf\" target=\"_blank\" rel=\"noreferrer noopener\"><strong>Delibera\u00e7\u00e3o da C\u00e2mara de Gradua\u00e7\u00e3o n\u00ba 059\/2007<\/strong><\/a><br>Altera a ementa da disciplina 2BIB003 \u2013 Normaliza\u00e7\u00e3o Document\u00e1ria I, locada na 1\u00aa s\u00e9rie do Curso de Gradua\u00e7\u00e3o em Biblioteconomia, a vigorar a partir do ano letivo de 2008<\/p>\n\n\n\n<p><a href=\"https:\/\/sites.uel.br\/prograd\/wp-content\/uploads\/documentos\/deliberacoes\/2007\/deliberacao_58_07.pdf\" target=\"_blank\" rel=\"noreferrer noopener\"><strong>Delibera\u00e7\u00e3o da C\u00e2mara de Gradua\u00e7\u00e3o n\u00ba 058\/2007<\/strong><\/a><br>Estabelece adequa\u00e7\u00f5es curriculares para o Curso de Gradua\u00e7\u00e3o em Secretariado Executivo, a vigorar a partir do ano letivo de 2008<\/p>\n\n\n\n<p><a href=\"https:\/\/sites.uel.br\/prograd\/wp-content\/uploads\/documentos\/deliberacoes\/2007\/deliberacao_57_07.pdf\" target=\"_blank\" rel=\"noreferrer noopener\"><strong>Delibera\u00e7\u00e3o da C\u00e2mara de Gradua\u00e7\u00e3o n\u00ba 057\/2007<\/strong><\/a><br>Altera a distribui\u00e7\u00e3o da carga hor\u00e1ria da disciplina 6HIT008 Histologia C, locada na 2\u00aa s\u00e9rie do Curso de Gradua\u00e7\u00e3o em Esporte, a vigorar a partir do ano letivo de 2008<\/p>\n\n\n\n<p><a href=\"https:\/\/sites.uel.br\/prograd\/wp-content\/uploads\/documentos\/deliberacoes\/2007\/deliberacao_56_07.pdf\" target=\"_blank\" rel=\"noreferrer noopener\"><strong>Delibera\u00e7\u00e3o da C\u00e2mara de Gradua\u00e7\u00e3o n\u00ba 056\/2007<br><\/strong><\/a>Estabelece adequa\u00e7\u00f5es curriculares para o Curso de Gradua\u00e7\u00e3o em Design de Moda, a serem implantadas&nbsp; a partir do ano letivo de 2008<\/p>\n\n\n\n<p><a href=\"https:\/\/sites.uel.br\/prograd\/wp-content\/uploads\/documentos\/deliberacoes\/2007\/deliberacao_55_07.pdf\" target=\"_blank\" rel=\"noreferrer noopener\"><strong>Delibera\u00e7\u00e3o da C\u00e2mara de Gradua\u00e7\u00e3o n\u00ba 055\/2007<br><\/strong><\/a>Estabelece adequa\u00e7\u00f5es curriculares para o Curso de Gradua\u00e7\u00e3o em Engenharia &#8211; Habilita\u00e7\u00e3o: Engenharia El\u00e9trica,&nbsp; a serem implantadas&nbsp; a partir do ano letivo de 2008<\/p>\n\n\n\n<p><a href=\"https:\/\/sites.uel.br\/prograd\/wp-content\/uploads\/documentos\/deliberacoes\/2007\/deliberacao_54_07.pdf\" target=\"_blank\" rel=\"noreferrer noopener\"><strong>Delibera\u00e7\u00e3o da C\u00e2mara de Gradua\u00e7\u00e3o n\u00ba 054\/2007<\/strong><\/a><br>Estabelece adequa\u00e7\u00f5es curriculares para o Curso de Gradua\u00e7\u00e3o em Geografia &#8211; Habilita\u00e7\u00f5es: Licenciatura e Bacharelado,&nbsp; a serem implantadas&nbsp; a partir do ano letivo de 2008<\/p>\n\n\n\n<p><a href=\"https:\/\/sites.uel.br\/prograd\/wp-content\/uploads\/documentos\/deliberacoes\/2007\/deliberacao_53_07.pdf\" target=\"_blank\" rel=\"noreferrer noopener\"><strong>Delibera\u00e7\u00e3o da C\u00e2mara de Gradua\u00e7\u00e3o n\u00ba 053\/2007<\/strong><\/a><br>Estabelece adequa\u00e7\u00f5es curriculares para o Curso de Gradua\u00e7\u00e3o em Servi\u00e7o Social, a serem implantadas&nbsp; a partir do ano letivo de 2008<\/p>\n\n\n\n<p><a href=\"https:\/\/sites.uel.br\/prograd\/wp-content\/uploads\/documentos\/deliberacoes\/2007\/deliberacao_51_07.pdf\" target=\"_blank\" rel=\"noreferrer noopener\"><strong>Delibera\u00e7\u00e3o da C\u00e2mara de Gradua\u00e7\u00e3o n\u00ba 051\/2007<\/strong><\/a><br>Aprova o Regulamento do Trabalho de Conclus\u00e3o do Curso de Hist\u00f3ria<\/p>\n\n\n\n<p><a href=\"https:\/\/sites.uel.br\/prograd\/wp-content\/uploads\/documentos\/deliberacoes\/2007\/deliberacao_50_07.pdf\" target=\"_blank\" rel=\"noreferrer noopener\"><strong>Delibera\u00e7\u00e3o da C\u00e2mara de Gradua\u00e7\u00e3o n\u00ba 050\/2007<\/strong><\/a><br>Aprova o Regulamento do Trabalho de Conclus\u00e3o do Curso de Medicina Veterin\u00e1ria<\/p>\n\n\n\n<p><a href=\"https:\/\/sites.uel.br\/prograd\/wp-content\/uploads\/documentos\/deliberacoes\/2007\/deliberacao_38_07.pdf\" target=\"_blank\" rel=\"noreferrer noopener\"><strong>Delibera\u00e7\u00e3o da C\u00e2mara de Gradua\u00e7\u00e3o n\u00ba 038\/2007<\/strong><\/a><br>Altera o semestre de oferta da disciplina 6HIS001 \u2013 Hist\u00f3ria do Brasil, locada na 1\u00aa s\u00e9rie do Curso de Gradua\u00e7\u00e3o em Geografia, nas Habilita\u00e7\u00f5es Bacharelado e Licenciatura, a vigorar a partir do ano letivo de 2008<\/p>\n\n\n\n<p><a href=\"https:\/\/sites.uel.br\/prograd\/wp-content\/uploads\/documentos\/deliberacoes\/2007\/deliberacao_37_07.pdf\" target=\"_blank\" rel=\"noreferrer noopener\"><strong>Delibera\u00e7\u00e3o da C\u00e2mara de Gradua\u00e7\u00e3o n\u00ba 037\/2007<\/strong><\/a><br>Estabelece adequa\u00e7\u00f5es curriculares para o Curso de Gradua\u00e7\u00e3o em Ci\u00eancias Sociais, Habilita\u00e7\u00e3o: Bacharelado e Licenciatura, para os estudantes ingressantes no curso&nbsp; a partir do ano letivo de 2008<\/p>\n\n\n\n<p><a href=\"https:\/\/sites.uel.br\/prograd\/wp-content\/uploads\/documentos\/deliberacoes\/2007\/deliberacao_36_07.pdf\" target=\"_blank\" rel=\"noreferrer noopener\"><strong>Delibera\u00e7\u00e3o da C\u00e2mara de Gradua\u00e7\u00e3o n\u00ba 036\/2007<\/strong><\/a><br>Estabelece adequa\u00e7\u00f5es curriculares para o Curso de Gradua\u00e7\u00e3o em Hist\u00f3ria, Habilita\u00e7\u00e3o: Licenciatura, a serem implantadas a partir do ano letivo de 2008<\/p>\n\n\n\n<p><a href=\"https:\/\/sites.uel.br\/prograd\/wp-content\/uploads\/documentos\/deliberacoes\/2007\/deliberacao_35_07.pdf\" target=\"_blank\" rel=\"noreferrer noopener\"><strong>Delibera\u00e7\u00e3o da C\u00e2mara de Gradua\u00e7\u00e3o n\u00ba 035\/2007<\/strong><\/a><br>Estabelece adequa\u00e7\u00f5es curriculares para o Curso de Gradua\u00e7\u00e3o em Agronomia a serem implantadas a partir do ano letivo de 2008<\/p>\n\n\n\n<p><a href=\"https:\/\/sites.uel.br\/prograd\/wp-content\/uploads\/documentos\/deliberacoes\/2007\/deliberacao_34_07.pdf\" target=\"_blank\" rel=\"noreferrer noopener\"><strong>Delibera\u00e7\u00e3o da C\u00e2mara de Gradua\u00e7\u00e3o n\u00ba 034\/2007<\/strong><\/a><br>Estabelece adequa\u00e7\u00f5es curriculares para o Curso de Gradua\u00e7\u00e3o em Administra\u00e7\u00e3o a serem implantadas para os estudantes ingressantes a partir do ano letivo de 2007<\/p>\n\n\n\n<p><a href=\"https:\/\/sites.uel.br\/prograd\/wp-content\/uploads\/documentos\/deliberacoes\/2007\/deliberacao_33_07.pdf\" target=\"_blank\" rel=\"noreferrer noopener\"><strong>Delibera\u00e7\u00e3o da C\u00e2mara de Gradua\u00e7\u00e3o n\u00ba 033\/2007<\/strong><\/a><br>Estabelece adequa\u00e7\u00f5es curriculares para o Curso de Gradua\u00e7\u00e3o em Biblioteconomia a serem implantadas&nbsp; a partir do ano letivo de 2008<\/p>\n\n\n\n<p><a href=\"https:\/\/sites.uel.br\/prograd\/wp-content\/uploads\/documentos\/deliberacoes\/2007\/deliberacao_32_07.pdf\" target=\"_blank\" rel=\"noreferrer noopener\"><strong>Delibera\u00e7\u00e3o da C\u00e2mara de Gradua\u00e7\u00e3o n\u00ba 032\/2007<\/strong><\/a><br>Altera ementa da disciplina 5PAC007 Psicologia do Desenvolvimento e Personalidade, locada na 2\u00aa s\u00e9rie do Curso de Gradua\u00e7\u00e3o em Psicologia, nas Habilita\u00e7\u00f5es: Licenciatura, Bacharelado e Forma\u00e7\u00e3o de Psic\u00f3logo, a serem implantadas a partir do ano letivo&nbsp; de 2008<\/p>\n\n\n\n<p><a href=\"https:\/\/sites.uel.br\/prograd\/wp-content\/uploads\/documentos\/deliberacoes\/2007\/deliberacao_07_07.pdf\" target=\"_blank\" rel=\"noreferrer noopener\"><strong>Delibera\u00e7\u00e3o da C\u00e2mara de Gradua\u00e7\u00e3o n\u00ba 07\/2007<\/strong><\/a><br>Aprova o Regulamento do Trabalho de Conclus\u00e3o do Curso de Pedagogia<\/p>\n\n\n\n<p><a href=\"https:\/\/sites.uel.br\/prograd\/wp-content\/uploads\/documentos\/deliberacoes\/2007\/deliberacao_06_07.pdf\" target=\"_blank\" rel=\"noreferrer noopener\"><strong>Delibera\u00e7\u00e3o da C\u00e2mara de Gradua\u00e7\u00e3o n\u00ba 06\/2007<\/strong><\/a><br>Estabelece normas para efetiva\u00e7\u00e3o de matr\u00edcula dos estudantes que necessitam cumprir adapta\u00e7\u00e3o curricular nos cursos de gradua\u00e7\u00e3o<\/p>\n\n\n\n<p><a href=\"https:\/\/sites.uel.br\/prograd\/wp-content\/uploads\/documentos\/deliberacoes\/2007\/deliberacao_05_07.pdf\" target=\"_blank\" rel=\"noreferrer noopener\"><strong>Delibera\u00e7\u00e3o da C\u00e2mara de Gradua\u00e7\u00e3o n\u00ba 05\/2007<\/strong><\/a><br>Aprova o Regulamento de Trabalho de Conclus\u00e3o de Curso de Gradua\u00e7\u00e3o em Filosofia<\/p>\n","protected":false},"excerpt":{"rendered":"<p>2007 Delibera\u00e7\u00e3o da C\u00e2mara de Gradua\u00e7\u00e3o n\u00ba 087\/2007Aprova o Regulamento do Trabalho de Conclus\u00e3o do Curso de Biblioteconomia Delibera\u00e7\u00e3o da C\u00e2mara de Gradua\u00e7\u00e3o n\u00ba 086\/2007Aprova o Regulamento do Trabalho de Conclus\u00e3o do Curso de Gradua\u00e7\u00e3o em Comunica\u00e7\u00e3o Social &#8211; Habilita\u00e7\u00e3o Rela\u00e7\u00f5es P\u00fablicas Delibera\u00e7\u00e3o da C\u00e2mara de Gradua\u00e7\u00e3o n\u00ba 085\/2007Estabelece adequa\u00e7\u00f5es curriculares para o Curso de [&hellip;]<\/p>\n","protected":false},"author":8,"featured_media":0,"parent":0,"menu_order":0,"comment_status":"closed","ping_status":"closed","template":"","meta":{"_acf_changed":false,"_themeisle_gutenberg_block_has_review":false,"footnotes":""},"class_list":["post-1919","page","type-page","status-publish","hentry"],"acf":[],"_links":{"self":[{"href":"https:\/\/sites.uel.br\/prograd\/wp-json\/wp\/v2\/pages\/1919","targetHints":{"allow":["GET"]}}],"collection":[{"href":"https:\/\/sites.uel.br\/prograd\/wp-json\/wp\/v2\/pages"}],"about":[{"href":"https:\/\/sites.uel.br\/prograd\/wp-json\/wp\/v2\/types\/page"}],"author":[{"embeddable":true,"href":"https:\/\/sites.uel.br\/prograd\/wp-json\/wp\/v2\/users\/8"}],"replies":[{"embeddable":true,"href":"https:\/\/sites.uel.br\/prograd\/wp-json\/wp\/v2\/comments?post=1919"}],"version-history":[{"count":19,"href":"https:\/\/sites.uel.br\/prograd\/wp-json\/wp\/v2\/pages\/1919\/revisions"}],"predecessor-version":[{"id":20463,"href":"https:\/\/sites.uel.br\/prograd\/wp-json\/wp\/v2\/pages\/1919\/revisions\/20463"}],"wp:attachment":[{"href":"https:\/\/sites.uel.br\/prograd\/wp-json\/wp\/v2\/media?parent=1919"}],"curies":[{"name":"wp","href":"https:\/\/api.w.org\/{rel}","templated":true}]}}