{"id":1915,"date":"2023-03-30T16:33:45","date_gmt":"2023-03-30T19:33:45","guid":{"rendered":"https:\/\/sites.uel.br\/prograd\/?page_id=1915"},"modified":"2024-05-24T15:51:31","modified_gmt":"2024-05-24T18:51:31","slug":"deliberacoes-camara-de-graduacao-2009","status":"publish","type":"page","link":"https:\/\/sites.uel.br\/prograd\/deliberacoes-camara-de-graduacao-2009\/","title":{"rendered":"Delibera\u00e7\u00f5es (C\u00e2mara de Gradua\u00e7\u00e3o)"},"content":{"rendered":"\n<hr class=\"wp-block-separator has-alpha-channel-opacity is-style-wide\"\/>\n\n\n\n<h3 class=\"wp-block-heading\">2009<\/h3>\n\n\n\n<div style=\"height:20px\" aria-hidden=\"true\" class=\"wp-block-spacer\"><\/div>\n\n\n\n<p><a rel=\"noreferrer noopener\" href=\"https:\/\/sites.uel.br\/prograd\/wp-content\/uploads\/documentos\/deliberacoes\/2009\/deliberacao_40_09.pdf\" target=\"_blank\"><strong>Delibera\u00e7\u00e3o da C\u00e2mara de Gradua\u00e7\u00e3o n\u00ba 40\/2009<\/strong><\/a><br>Estabece procedimentos para a aplica\u00e7\u00e3o do inciso VII do Art. 43 do Regimento Geral da Universidade<\/p>\n\n\n\n<p><a rel=\"noreferrer noopener\" href=\"https:\/\/sites.uel.br\/prograd\/wp-content\/uploads\/documentos\/deliberacoes\/2009\/deliberacao_39_09.pdf\" target=\"_blank\"><strong>Delibera\u00e7\u00e3o da C\u00e2mara de Gradua\u00e7\u00e3o n\u00ba 39\/2009<\/strong><\/a><br>Estabece adequa\u00e7\u00f5es no Curso de Gradua\u00e7\u00e3o em Secretariado Executivo, curr\u00edculo implantado em 2006, a vigorar a partir do ano letivo de 2010<\/p>\n\n\n\n<p><a rel=\"noreferrer noopener\" href=\"https:\/\/sites.uel.br\/prograd\/wp-content\/uploads\/documentos\/deliberacoes\/2009\/deliberacao_38_09.pdf\" target=\"_blank\"><strong>Delibera\u00e7\u00e3o da C\u00e2mara de Gradua\u00e7\u00e3o n\u00ba 38\/2009<\/strong><\/a><br>Estabece adequa\u00e7\u00f5es no Curso de Ci\u00eancias Biol\u00f3gicas &#8211; Habilita\u00e7\u00f5es: Bacharelado e Licenciatura, a vigorar a partir do ano letivo de 2010<\/p>\n\n\n\n<p><a rel=\"noreferrer noopener\" href=\"https:\/\/sites.uel.br\/prograd\/wp-content\/uploads\/documentos\/deliberacoes\/2009\/deliberacao_37_09.pdf\" target=\"_blank\"><strong>Delibera\u00e7\u00e3o da C\u00e2mara de Gradua\u00e7\u00e3o n\u00ba 37\/2009<\/strong><\/a><br>Estabece adequa\u00e7\u00f5es no Curso de Odontologia, a vigorar a partir do ano letivo de 2010<\/p>\n\n\n\n<p><a href=\"https:\/\/sites.uel.br\/prograd\/wp-content\/uploads\/documentos\/deliberacoes\/2009\/deliberacao_36_09.pdf\" target=\"_blank\" rel=\"noreferrer noopener\"><strong>Delibera\u00e7\u00e3o da C\u00e2mara de Gradua\u00e7\u00e3o n\u00ba 36\/2009<\/strong><\/a><br>Estabece adequa\u00e7\u00f5es no Curso de Qu\u00edmica &#8211; Habilita\u00e7\u00f5es: Bacharelado e Op\u00e7\u00e3o em Qu\u00edmica Tecnol\u00f3gica, a vigorar a partir do ano letivo de 2010<\/p>\n\n\n\n<p><a href=\"https:\/\/sites.uel.br\/prograd\/wp-content\/uploads\/documentos\/deliberacoes\/2009\/deliberacao_35_09.pdf\" target=\"_blank\" rel=\"noreferrer noopener\"><strong>Delibera\u00e7\u00e3o da C\u00e2mara de Gradua\u00e7\u00e3o n\u00ba 35\/2009<\/strong><\/a><br>Estabece adequa\u00e7\u00f5es no Curso de Farm\u00e1cia, a vigorar a partir do ano letivo de 2010<\/p>\n\n\n\n<p><a rel=\"noreferrer noopener\" href=\"https:\/\/sites.uel.br\/prograd\/wp-content\/uploads\/documentos\/deliberacoes\/2009\/deliberacao_34_09.pdf\" target=\"_blank\"><strong>Delibera\u00e7\u00e3o da C\u00e2mara de Gradua\u00e7\u00e3o n\u00ba 34\/2009<\/strong><\/a><br>Estabece adequa\u00e7\u00e3o curricular no Curso de Educa\u00e7\u00e3o F\u00edsica &#8211; Habilita\u00e7\u00e3o: Bacharelado, a vigorar a partir do ano letivo de 2010<\/p>\n\n\n\n<p><a rel=\"noreferrer noopener\" href=\"https:\/\/sites.uel.br\/prograd\/wp-content\/uploads\/documentos\/deliberacoes\/2009\/deliberacao_33_09.pdf\" target=\"_blank\"><strong>Delibera\u00e7\u00e3o da C\u00e2mara de Gradua\u00e7\u00e3o n\u00ba 33\/2009<\/strong><\/a><br>Estabece adequa\u00e7\u00f5es no Curso de Servi\u00e7o Social, a vigorar a partir do ano letivo de 2010<\/p>\n\n\n\n<p><a rel=\"noreferrer noopener\" href=\"https:\/\/sites.uel.br\/prograd\/wp-content\/uploads\/documentos\/deliberacoes\/2009\/deliberacao_32_09.pdf\" target=\"_blank\"><strong>Delibera\u00e7\u00e3o da C\u00e2mara de Gradua\u00e7\u00e3o n\u00ba 32\/2009<\/strong><\/a><br>Altera a denomina\u00e7\u00e3o da Atividade Acad\u00eamica Otorrinolaringologia, locada na 6\u00aa s\u00e9rie do Curso de Gradua\u00e7\u00e3o em Medicina, a vigorar a partir do ano letivo de 2010<\/p>\n\n\n\n<p><a rel=\"noreferrer noopener\" href=\"https:\/\/sites.uel.br\/prograd\/wp-content\/uploads\/documentos\/deliberacoes\/2009\/deliberacao_31_09.pdf\" target=\"_blank\"><strong>Delibera\u00e7\u00e3o da C\u00e2mara de Gradua\u00e7\u00e3o n\u00ba 31\/2009<\/strong><\/a><br>Estabece adequa\u00e7\u00f5es no Curso de Esporte, a vigorar a partir do ano letivo de 2010<\/p>\n\n\n\n<p><a rel=\"noreferrer noopener\" href=\"https:\/\/sites.uel.br\/prograd\/wp-content\/uploads\/documentos\/deliberacoes\/2009\/deliberacao_30_09.pdf\" target=\"_blank\"><strong>Delibera\u00e7\u00e3o da C\u00e2mara de Gradua\u00e7\u00e3o n\u00ba 30\/2009<\/strong><\/a><br>Estabelece adequa\u00e7\u00f5es no Projeto Pedag\u00f3gico do Curso de Biblioteconomia, a vigorar a partir do ano letivo de 2010<\/p>\n\n\n\n<p><a rel=\"noreferrer noopener\" href=\"https:\/\/sites.uel.br\/prograd\/wp-content\/uploads\/documentos\/deliberacoes\/2009\/deliberacao_29_09.pdf\" target=\"_blank\"><strong>Delibera\u00e7\u00e3o da C\u00e2mara de Gradua\u00e7\u00e3o n\u00ba 29\/2009<\/strong><\/a><br>Estabelece procedimentos de inscri\u00e7\u00e3o e crit\u00e9rios de acesso \u00e0s op\u00e7\u00f5es de est\u00e1gio ofertadas na 4\u00aa e 5\u00aa s\u00e9ries do Curso de Direito<\/p>\n\n\n\n<p><a rel=\"noreferrer noopener\" href=\"https:\/\/sites.uel.br\/prograd\/wp-content\/uploads\/documentos\/deliberacoes\/2009\/deliberacao_28_09.pdf\" target=\"_blank\"><strong>Delibera\u00e7\u00e3o da C\u00e2mara de Gradua\u00e7\u00e3o n\u00ba 28\/2009<\/strong><\/a><br>Estabelece adequa\u00e7\u00f5es no Projeto Pedag\u00f3gico do Curso de Artes C\u00eanicas &#8211; Habilita\u00e7\u00e3o: Interpreta\u00e7\u00e3o Teatral, a vigorar no ano letivo de 2010<\/p>\n\n\n\n<p><a rel=\"noreferrer noopener\" href=\"https:\/\/sites.uel.br\/prograd\/wp-content\/uploads\/documentos\/deliberacoes\/2009\/deliberacao_27_09.pdf\" target=\"_blank\"><strong>Delibera\u00e7\u00e3o da C\u00e2mara de Gradua\u00e7\u00e3o n\u00ba 27\/2009<\/strong><\/a><br>Altera o semestre de oferta das atividades acad\u00eamicas 5ARQ036 Planejamento Urbano e Regional I e 5ARQ051 Urbanismo IA, locadas na 2\u00aa s\u00e9rie do Curso de Arquitetura e Urbanismo, a vigorar a partir do ano letivo de 2010<\/p>\n\n\n\n<p><a rel=\"noreferrer noopener\" href=\"https:\/\/sites.uel.br\/prograd\/wp-content\/uploads\/documentos\/deliberacoes\/2009\/deliberacao_26_09.pdf\" target=\"_blank\"><strong>Delibera\u00e7\u00e3o da C\u00e2mara de Gradua\u00e7\u00e3o n\u00ba 26\/2009<\/strong><\/a><br>Estabece adequa\u00e7\u00f5es no Curso de Ci\u00eancia da Computa\u00e7\u00e3o, a vigorar a partir do ano letivo de 2010<\/p>\n\n\n\n<p><a rel=\"noreferrer noopener\" href=\"https:\/\/sites.uel.br\/prograd\/wp-content\/uploads\/documentos\/deliberacoes\/2009\/deliberacao_25_09.pdf\" target=\"_blank\"><strong>Delibera\u00e7\u00e3o da C\u00e2mara de Gradua\u00e7\u00e3o n\u00ba 25\/2009<\/strong><\/a><br>Estabelece adequa\u00e7\u00f5es no Projeto Pedag\u00f3gico do Curso de Engenharia &#8211; Habilita\u00e7\u00e3o: Engenharia Civil, a ser implantadas a partir do ano letivo de 2010<\/p>\n\n\n\n<p><a rel=\"noreferrer noopener\" href=\"https:\/\/sites.uel.br\/prograd\/wp-content\/uploads\/documentos\/deliberacoes\/2009\/deliberacao_24_09.pdf\" target=\"_blank\"><strong>Delibera\u00e7\u00e3o da C\u00e2mara de Gradua\u00e7\u00e3o n\u00ba 24\/2009<\/strong><\/a><br>Estabece adequa\u00e7\u00e3o no curso de Engenharia &#8211; Habilita\u00e7\u00e3o: Engenharia El\u00e9trica, a vigorar a partir do ano letivo de 2010<\/p>\n\n\n\n<p><a rel=\"noreferrer noopener\" href=\"https:\/\/sites.uel.br\/prograd\/wp-content\/uploads\/documentos\/deliberacoes\/2009\/deliberacao_23_09.pdf\" target=\"_blank\"><strong>Delibera\u00e7\u00e3o da C\u00e2mara de Gradua\u00e7\u00e3o n\u00ba 23\/2009<\/strong><\/a><br>Estabece adequa\u00e7\u00f5es no curso de Arquitetura e Urbanismo, a vigorar a partir do ano letivo de 2010<\/p>\n\n\n\n<p><a rel=\"noreferrer noopener\" href=\"https:\/\/sites.uel.br\/prograd\/wp-content\/uploads\/documentos\/deliberacoes\/2009\/deliberacao_22_09.pdf\" target=\"_blank\"><strong>Delibera\u00e7\u00e3o da C\u00e2mara de Gradua\u00e7\u00e3o n\u00ba 22\/2009<\/strong><\/a><br>Estabelece adequa\u00e7\u00f5es no Projeto Pedag\u00f3gico do Curso de Medicina Veterin\u00e1ria, a vigorar a partir do ano letivo de 2010<\/p>\n\n\n\n<p><a rel=\"noreferrer noopener\" href=\"https:\/\/sites.uel.br\/prograd\/wp-content\/uploads\/documentos\/deliberacoes\/2009\/deliberacao_21_09.pdf\" target=\"_blank\"><strong>Delibera\u00e7\u00e3o da C\u00e2mara de Gradua\u00e7\u00e3o n\u00ba 21\/2009<\/strong><\/a><br>Define os Departamentos respons\u00e1veis por atividades acad\u00eamicas das \u00e1reas Principal, B\u00e1sica e Complementar e a composi\u00e7\u00e3o dos Colegiados dos Cursos de Gradua\u00e7\u00e3o<\/p>\n\n\n\n<p><a rel=\"noreferrer noopener\" href=\"https:\/\/sites.uel.br\/prograd\/wp-content\/uploads\/documentos\/deliberacoes\/2009\/deliberacao_17_09.pdf\" target=\"_blank\"><strong>Delibera\u00e7\u00e3o da C\u00e2mara de Gradua\u00e7\u00e3o n\u00ba 17\/2009<\/strong><\/a><br>Estabece adequa\u00e7\u00e3o curricular no curso de Biomedicina, a vigorar a partir do ano letivo de 2010<\/p>\n\n\n\n<p><a href=\"https:\/\/sites.uel.br\/prograd\/wp-content\/uploads\/documentos\/deliberacoes\/2009\/deliberacao_16_09.pdf\" target=\"_blank\" rel=\"noreferrer noopener\"><strong>Delibera\u00e7\u00e3o da C\u00e2mara de Gradua\u00e7\u00e3o n\u00ba 16\/2009<\/strong><\/a><br>Aprova o Regulamento do Trabalho de Conclus\u00e3o de Curso do curso de Servi\u00e7o Social<\/p>\n\n\n\n<p><a href=\"https:\/\/sites.uel.br\/prograd\/wp-content\/uploads\/documentos\/deliberacoes\/2009\/deliberacao_15_09.pdf\" target=\"_blank\" rel=\"noreferrer noopener\"><strong>Delibera\u00e7\u00e3o da C\u00e2mara de Gradua\u00e7\u00e3o n\u00ba 15\/2009<\/strong><\/a><br>Aprova o Regulamento do Trabalho de Conclus\u00e3o de Curso do curso de Comunica\u00e7\u00e3o Social &#8211; Habilita\u00e7\u00e3o: Jornalismo<\/p>\n\n\n\n<p><a href=\"https:\/\/sites.uel.br\/prograd\/wp-content\/uploads\/documentos\/deliberacoes\/2009\/deliberacao_14_09.pdf\" target=\"_blank\" rel=\"noreferrer noopener\"><strong>Delibera\u00e7\u00e3o da C\u00e2mara de Gradua\u00e7\u00e3o n\u00ba 14\/2009<\/strong><\/a><br>Estabelece adequa\u00e7\u00f5es no Projeto Pedag\u00f3gico do curso de Agronomia, a vigorar a partir do ano letivo de 2010<\/p>\n\n\n\n<p><a rel=\"noreferrer noopener\" href=\"https:\/\/sites.uel.br\/prograd\/wp-content\/uploads\/documentos\/deliberacoes\/2009\/deliberacao_13_09.pdf\" target=\"_blank\"><strong>Delibera\u00e7\u00e3o da C\u00e2mara de Gradua\u00e7\u00e3o n\u00ba 13\/2009<\/strong><\/a><br>Estabelece adequa\u00e7\u00f5es no Projeto Pedag\u00f3gico do curso de Zootecnia, a vigorar a partir do ano letivo de 2010<\/p>\n\n\n\n<p><a rel=\"noreferrer noopener\" href=\"https:\/\/sites.uel.br\/prograd\/wp-content\/uploads\/documentos\/deliberacoes\/2009\/deliberacao_12_09.pdf\" target=\"_blank\"><strong>Delibera\u00e7\u00e3o da C\u00e2mara de Gradua\u00e7\u00e3o n\u00ba 12\/2009<\/strong><\/a><br>Estabelece procedimentos para o registro e controle das atividades acad\u00eamicas semipresenciais a ser ofertadas nos cursos de gradua\u00e7\u00e3o, a partir do ano letivo de 2010<\/p>\n\n\n\n<p><a rel=\"noreferrer noopener\" href=\"https:\/\/sites.uel.br\/prograd\/wp-content\/uploads\/documentos\/deliberacoes\/2009\/deliberacao_09_09.pdf\" target=\"_blank\"><strong>Delibera\u00e7\u00e3o da C\u00e2mara de Gradua\u00e7\u00e3o n\u00ba 09\/2009<\/strong><\/a><br>Disp\u00f5e sobre orienta\u00e7\u00f5es para a elabora\u00e7\u00e3o dos Projetos Pedag\u00f3gicos de Cursos de Gradua\u00e7\u00e3o da UEL<\/p>\n\n\n\n<p><a rel=\"noreferrer noopener\" href=\"https:\/\/sites.uel.br\/prograd\/wp-content\/uploads\/documentos\/deliberacoes\/2009\/deliberacao_08_09.pdf\" target=\"_blank\"><strong>Delibera\u00e7\u00e3o da C\u00e2mara de Gradua\u00e7\u00e3o n\u00ba 08\/2009<\/strong><\/a><br>Estabelece crit\u00e9rios para aplica\u00e7\u00e3o do conceito de hora-aula na Universidade Estadual de Londrina<\/p>\n\n\n\n<p><a href=\"https:\/\/sites.uel.br\/prograd\/wp-content\/uploads\/documentos\/deliberacoes\/2009\/deliberacao_07_09.pdf\" target=\"_blank\" rel=\"noreferrer noopener\"><strong>Delibera\u00e7\u00e3o da C\u00e2mara de Gradua\u00e7\u00e3o n\u00ba 07\/2009<\/strong><\/a><br>Aprova o Regulamento do Trabalho de Conclus\u00e3o do Curso de Pedagogia &#8211; ano implanta\u00e7\u00e3o 2007<\/p>\n\n\n\n<p><a href=\"https:\/\/sites.uel.br\/prograd\/wp-content\/uploads\/documentos\/deliberacoes\/2009\/deliberacao_06_09.pdf\" target=\"_blank\" rel=\"noreferrer noopener\"><strong>Delibera\u00e7\u00e3o da C\u00e2mara de Gradua\u00e7\u00e3o n\u00ba 06\/2009<\/strong><\/a><br>Aprova o Regulamento do Trabalho de Conclus\u00e3o de Curso do Curso de Letras, Modalidade Bacharelado, Habilita\u00e7\u00f5es: Estudos Liter\u00e1rios e Estudos da Linguagem<\/p>\n\n\n\n<p><a href=\"https:\/\/sites.uel.br\/prograd\/wp-content\/uploads\/documentos\/deliberacoes\/2009\/deliberacao_04_09.pdf\" target=\"_blank\" rel=\"noreferrer noopener\"><strong>Delibera\u00e7\u00e3o da C\u00e2mara de Gradua\u00e7\u00e3o n\u00ba 04\/2009<\/strong><\/a><br>Aprova o Regulamento do Trabalho de Conclus\u00e3o de Curso do Curso de Odontologia<\/p>\n\n\n\n<p><a href=\"https:\/\/sites.uel.br\/prograd\/wp-content\/uploads\/documentos\/deliberacoes\/2009\/deliberacao_03_09.pdf\" target=\"_blank\" rel=\"noreferrer noopener\"><strong>Delibera\u00e7\u00e3o da C\u00e2mara de Gradua\u00e7\u00e3o n\u00ba 03\/2009<\/strong><\/a><br>Aprova o Regulamento do Trabalho de Conclus\u00e3o de Curso de Zootecnia<\/p>\n\n\n\n<p><a href=\"https:\/\/sites.uel.br\/prograd\/wp-content\/uploads\/documentos\/deliberacoes\/2009\/deliberacao_02_09.pdf\" target=\"_blank\" rel=\"noreferrer noopener\"><strong>Delibera\u00e7\u00e3o da C\u00e2mara de Gradua\u00e7\u00e3o n\u00ba 02\/2009<\/strong><\/a><br>Estabelece adequa\u00e7\u00f5es curriculares para o curso de gradua\u00e7\u00e3o em Arquitetura e Urbanismo, a vigorar a partir do ano letivo de 2009<\/p>\n\n\n\n<p><a rel=\"noreferrer noopener\" href=\"https:\/\/sites.uel.br\/prograd\/wp-content\/uploads\/documentos\/deliberacoes\/2009\/deliberacao_01_09.pdf\" target=\"_blank\"><strong>Delibera\u00e7\u00e3o da C\u00e2mara de Gradua\u00e7\u00e3o n\u00ba 01\/2009<\/strong><\/a><br>Estabelece adequa\u00e7\u00f5es curriculares para o curso de gradua\u00e7\u00e3o em Farm\u00e1cia, a vigorar a partir do ano letivo de 2009<\/p>\n","protected":false},"excerpt":{"rendered":"<p>2009 Delibera\u00e7\u00e3o da C\u00e2mara de Gradua\u00e7\u00e3o n\u00ba 40\/2009Estabece procedimentos para a aplica\u00e7\u00e3o do inciso VII do Art. 43 do Regimento Geral da Universidade Delibera\u00e7\u00e3o da C\u00e2mara de Gradua\u00e7\u00e3o n\u00ba 39\/2009Estabece adequa\u00e7\u00f5es no Curso de Gradua\u00e7\u00e3o em Secretariado Executivo, curr\u00edculo implantado em 2006, a vigorar a partir do ano letivo de 2010 Delibera\u00e7\u00e3o da C\u00e2mara de [&hellip;]<\/p>\n","protected":false},"author":8,"featured_media":0,"parent":0,"menu_order":0,"comment_status":"closed","ping_status":"closed","template":"","meta":{"_acf_changed":false,"_themeisle_gutenberg_block_has_review":false,"footnotes":""},"class_list":["post-1915","page","type-page","status-publish","hentry"],"acf":[],"_links":{"self":[{"href":"https:\/\/sites.uel.br\/prograd\/wp-json\/wp\/v2\/pages\/1915","targetHints":{"allow":["GET"]}}],"collection":[{"href":"https:\/\/sites.uel.br\/prograd\/wp-json\/wp\/v2\/pages"}],"about":[{"href":"https:\/\/sites.uel.br\/prograd\/wp-json\/wp\/v2\/types\/page"}],"author":[{"embeddable":true,"href":"https:\/\/sites.uel.br\/prograd\/wp-json\/wp\/v2\/users\/8"}],"replies":[{"embeddable":true,"href":"https:\/\/sites.uel.br\/prograd\/wp-json\/wp\/v2\/comments?post=1915"}],"version-history":[{"count":16,"href":"https:\/\/sites.uel.br\/prograd\/wp-json\/wp\/v2\/pages\/1915\/revisions"}],"predecessor-version":[{"id":30288,"href":"https:\/\/sites.uel.br\/prograd\/wp-json\/wp\/v2\/pages\/1915\/revisions\/30288"}],"wp:attachment":[{"href":"https:\/\/sites.uel.br\/prograd\/wp-json\/wp\/v2\/media?parent=1915"}],"curies":[{"name":"wp","href":"https:\/\/api.w.org\/{rel}","templated":true}]}}