{"id":1913,"date":"2023-03-30T16:33:29","date_gmt":"2023-03-30T19:33:29","guid":{"rendered":"https:\/\/sites.uel.br\/prograd\/?page_id=1913"},"modified":"2024-02-05T14:05:32","modified_gmt":"2024-02-05T17:05:32","slug":"deliberacoes-camara-de-graduacao-2010","status":"publish","type":"page","link":"https:\/\/sites.uel.br\/prograd\/deliberacoes-camara-de-graduacao-2010\/","title":{"rendered":"Delibera\u00e7\u00f5es (C\u00e2mara de Gradua\u00e7\u00e3o)"},"content":{"rendered":"\n<hr class=\"wp-block-separator has-alpha-channel-opacity is-style-wide\"\/>\n\n\n\n<h3 class=\"wp-block-heading\">2010<\/h3>\n\n\n\n<div style=\"height:20px\" aria-hidden=\"true\" class=\"wp-block-spacer\"><\/div>\n\n\n\n<p><strong><a href=\"https:\/\/sites.uel.br\/prograd\/wp-content\/uploads\/documentos\/deliberacoes\/2010\/deliberacao_25_10.pdf\" target=\"_blank\" rel=\"noreferrer noopener\">Delibera\u00e7\u00e3o da C\u00e2mara de Gradua\u00e7\u00e3o n\u00ba 25\/2010<\/a><\/strong><br>Aprova o Regulamento do Trabalho de Conclus\u00e3o de Curso do Curso do Arquitetura e Urbanismo a vigorar a partir do ano letivo de 2011<\/p>\n\n\n\n<p><a href=\"https:\/\/sites.uel.br\/prograd\/wp-content\/uploads\/documentos\/deliberacoes\/2010\/deliberacao_24_10.pdf\" target=\"_blank\" rel=\"noreferrer noopener\"><strong>Delibera\u00e7\u00e3o da C\u00e2mara de Gradua\u00e7\u00e3o n\u00ba 24\/2010<\/strong><br><\/a>Estabelece adequa\u00e7\u00f5es curriculares no curso de Gradua\u00e7\u00e3o em Psicologia, Habilita\u00e7\u00e3o: Bacharelado e Forma\u00e7\u00e3o de Psic\u00f3logo, curr\u00edculo 2010, a vigorar a partir do ano letivo de 2011<\/p>\n\n\n\n<p><strong><a href=\"https:\/\/sites.uel.br\/prograd\/wp-content\/uploads\/documentos\/deliberacoes\/2010\/deliberacao_23_10.pdf\" target=\"_blank\" rel=\"noreferrer noopener\">Delibera\u00e7\u00e3o da C\u00e2mara de Gradua\u00e7\u00e3o n\u00ba 23\/2010<\/a><\/strong><br>Aprova o Regulamento do Internato M\u00e9dico do Curso de Medicina a vigorar a partir do ano letivo de 2011<\/p>\n\n\n\n<p><strong><a href=\"https:\/\/sites.uel.br\/prograd\/wp-content\/uploads\/documentos\/deliberacoes\/2010\/deliberacao_22_10.pdf\" target=\"_blank\" rel=\"noreferrer noopener\">Delibera\u00e7\u00e3o da C\u00e2mara de Gradua\u00e7\u00e3o n\u00ba 22\/2010<\/a><\/strong><br>Estabelece adequa\u00e7\u00f5es no curso de Enfermagem, curr\u00edculos 2005 e 2010, a vigorar a partir do ano letivo de 2011<\/p>\n\n\n\n<p><strong><a href=\"https:\/\/sites.uel.br\/prograd\/wp-content\/uploads\/documentos\/deliberacoes\/2010\/deliberacao_21_10.pdf\" target=\"_blank\" rel=\"noreferrer noopener\">Delibera\u00e7\u00e3o da C\u00e2mara de Gradua\u00e7\u00e3o n\u00ba 21\/2010<\/a><\/strong><br>Estabelece adequa\u00e7\u00f5es \u00e0s Resolu\u00e7\u00f5es CEPE n\u00ba 0257\/2009 e CEPE n\u00ba 0277\/2009, do curso de Ci\u00eancias Biol\u00f3gicas, habilita\u00e7\u00f5es: Bacharelado e Licenciatura, a vigorar a partir do ano letivo de 2011<\/p>\n\n\n\n<p><strong><a href=\"https:\/\/sites.uel.br\/prograd\/wp-content\/uploads\/documentos\/deliberacoes\/2010\/deliberacao_20_10.pdf\" target=\"_blank\" rel=\"noreferrer noopener\">Delibera\u00e7\u00e3o da C\u00e2mara de Gradua\u00e7\u00e3o n\u00ba 20\/2010<\/a><\/strong><br>Estabelece adequa\u00e7\u00f5es curriculares no curso de Farm\u00e1cia, a vigorar a partir do ano letivo de 2011<\/p>\n\n\n\n<p><strong><a href=\"https:\/\/sites.uel.br\/prograd\/wp-content\/uploads\/documentos\/deliberacoes\/2010\/deliberacao_19_10.pdf\" target=\"_blank\" rel=\"noreferrer noopener\">Delibera\u00e7\u00e3o da C\u00e2mara de Gradua\u00e7\u00e3o n\u00ba 19\/2010<\/a><\/strong><br>Altera a distribui\u00e7\u00e3o da carga hor\u00e1ria m\u00e1xima, por \u00e1rea, a ser cumprida nas Atividades Acad\u00eamicas Complementares no curso de Design Gr\u00e1fico a vigorar para os estudantes do curr\u00edculo 2010<\/p>\n\n\n\n<p><strong><a href=\"https:\/\/sites.uel.br\/prograd\/wp-content\/uploads\/documentos\/deliberacoes\/2010\/deliberacao_18_10.pdf\" target=\"_blank\" rel=\"noreferrer noopener\">Delibera\u00e7\u00e3o da C\u00e2mara de Gradua\u00e7\u00e3o n\u00ba 18\/2010<\/a><\/strong><br>Estabelece adequa\u00e7\u00f5es para o curso de Biblioteconomia, a vigorar a partir do ano letivo de 2011<\/p>\n\n\n\n<p><strong><a href=\"https:\/\/sites.uel.br\/prograd\/wp-content\/uploads\/documentos\/deliberacoes\/2010\/deliberacao_17_10.pdf\" target=\"_blank\" rel=\"noreferrer noopener\">Delibera\u00e7\u00e3o da C\u00e2mara de Gradua\u00e7\u00e3o n\u00ba 17\/2010<\/a><\/strong><br>Estabelece adequa\u00e7\u00f5es curriculares no curso de Hist\u00f3ria, curr\u00edculo 2010, a vigorar a partir do ano letivo de 2011<\/p>\n\n\n\n<p><strong><a href=\"https:\/\/sites.uel.br\/prograd\/wp-content\/uploads\/documentos\/deliberacoes\/2010\/deliberacao_16_10.pdf\" target=\"_blank\" rel=\"noreferrer noopener\">Delibera\u00e7\u00e3o da C\u00e2mara de Gradua\u00e7\u00e3o n\u00ba 16\/2010<\/a><\/strong><br>Altera a vincula\u00e7\u00e3o departamental das Atividades Acad\u00eamicas 2EST603 Est\u00e1gio Supervisionado I e 2EST604 Est\u00e1gio Supervisionado II, do Curso de Arquivologia, curr\u00edculo 2005<\/p>\n\n\n\n<p><strong><a href=\"https:\/\/sites.uel.br\/prograd\/wp-content\/uploads\/documentos\/deliberacoes\/2010\/deliberacao_15_10.pdf\" target=\"_blank\" rel=\"noreferrer noopener\">Delibera\u00e7\u00e3o da C\u00e2mara de Gradua\u00e7\u00e3o n\u00ba 15\/2010<\/a><\/strong><br>Extinge a essencialidade das Atividades Acad\u00eamicas 6FIT057 e 6FIT051, Pesquisa Cient\u00edfica III, do Curso de Gradua\u00e7\u00e3o em Fisioterapia, Curr\u00edculos 2006 e 2010, respectivamente, a partir do ano letivo de 2011<\/p>\n\n\n\n<p><strong><a href=\"https:\/\/sites.uel.br\/prograd\/wp-content\/uploads\/documentos\/deliberacoes\/2010\/deliberacao_14_10.pdf\" target=\"_blank\" rel=\"noreferrer noopener\">Delibera\u00e7\u00e3o da C\u00e2mara de Gradua\u00e7\u00e3o n\u00ba 14\/2010<\/a><\/strong><br>Altera os pr\u00e9-requisitos exigidos para o cumprimento das disciplinas do curso de Engenharia &#8211; Habilita\u00e7\u00e3o: Engenharia El\u00e9trica, curr\u00edculos 2009 e 2010, a vigorar a partir do ano letivo de 2011<\/p>\n\n\n\n<p><strong><a href=\"https:\/\/sites.uel.br\/prograd\/wp-content\/uploads\/documentos\/deliberacoes\/2010\/deliberacao_13_10.pdf\" target=\"_blank\" rel=\"noreferrer noopener\">Delibera\u00e7\u00e3o da C\u00e2mara de Gradua\u00e7\u00e3o n\u00ba 13\/2010<\/a><\/strong><br>Aprova o Regulamento do Trabalho de Conclus\u00e3o do Curso de Medicina Veterin\u00e1ria (TCC VET) da Universidade Estadual de Londrina<\/p>\n\n\n\n<p><strong><a href=\"https:\/\/sites.uel.br\/prograd\/wp-content\/uploads\/documentos\/deliberacoes\/2010\/deliberacao_12_10.pdf\" target=\"_blank\" rel=\"noreferrer noopener\">Delibera\u00e7\u00e3o da C\u00e2mara de Gradua\u00e7\u00e3o n\u00ba 12\/2010<\/a><\/strong><br>Aprova o Regulamento do Trabalho de Conclus\u00e3o do Curso de Engenharia &#8211; Habilita\u00e7\u00e3o Engenharia El\u00e9trica da Universidade Estadual de Londrina<\/p>\n\n\n\n<p><strong><a href=\"https:\/\/sites.uel.br\/prograd\/wp-content\/uploads\/documentos\/deliberacoes\/2010\/deliberacao_11_10.pdf\" target=\"_blank\" rel=\"noreferrer noopener\">Delibera\u00e7\u00e3o da C\u00e2mara de Gradua\u00e7\u00e3o n\u00ba 11\/2010<\/a><\/strong><br>Altera o requisito exigido para cumprir a disciplina 2QUI040 &#8211; T\u00f3picos Especiais em Espectroscopia A, locada na 4\u00aa s\u00e9rie do Curso de Qu\u00edmica &#8211; Habilita\u00e7\u00e3o: Bacharelado, Curr\u00edculo 2005, a partir do ano letivo de 2010<\/p>\n\n\n\n<p><strong><a href=\"https:\/\/sites.uel.br\/prograd\/wp-content\/uploads\/documentos\/deliberacoes\/2010\/deliberacao_08_10.pdf\" target=\"_blank\" rel=\"noreferrer noopener\">Delibera\u00e7\u00e3o da C\u00e2mara de Gradua\u00e7\u00e3o n\u00ba 08\/2010<\/a><\/strong><br>Estabelece adequa\u00e7\u00f5es curriculares no Curso de Fisioterapia, a vigorar a partir do ano letivo de 2010<\/p>\n\n\n\n<p><strong><a href=\"https:\/\/sites.uel.br\/prograd\/wp-content\/uploads\/documentos\/deliberacoes\/2010\/deliberacao_07_10.pdf\" target=\"_blank\" rel=\"noreferrer noopener\">Delibera\u00e7\u00e3o da C\u00e2mara de Gradua\u00e7\u00e3o n\u00ba 07\/2010<\/a><\/strong><br>Altera a distribui\u00e7\u00e3o da carga hor\u00e1ria da Atividade Acad\u00eamica 7PSI003 &#8211; Psicologia Aplicada \u00e0 Administra\u00e7\u00e3o do curso de Gradua\u00e7\u00e3o em Administra\u00e7\u00e3o, curr\u00edculo 2010<\/p>\n\n\n\n<p><strong><a href=\"https:\/\/sites.uel.br\/prograd\/wp-content\/uploads\/documentos\/deliberacoes\/2010\/deliberacao_04_10.pdf\" target=\"_blank\" rel=\"noreferrer noopener\">Delibera\u00e7\u00e3o da C\u00e2mara de Gradua\u00e7\u00e3o n\u00ba 04\/2010<\/a><\/strong><br>Estabelece procedimentos para a oferta de disciplinas especiais, especiais programadas e optativas<\/p>\n\n\n\n<p><strong><a href=\"https:\/\/sites.uel.br\/prograd\/wp-content\/uploads\/documentos\/deliberacoes\/2010\/deliberacao_03_10.pdf\" target=\"_blank\" rel=\"noreferrer noopener\">Delibera\u00e7\u00e3o da C\u00e2mara de Gradua\u00e7\u00e3o n\u00ba 03\/2010<\/a><br><\/strong>Estabelece adequa\u00e7\u00f5es no Curso de Farm\u00e1cia, a vigorar a partir do ano letivo de 2010<\/p>\n\n\n\n<p><strong><a href=\"https:\/\/sites.uel.br\/prograd\/wp-content\/uploads\/documentos\/deliberacoes\/2010\/deliberacao_02_10.pdf\" target=\"_blank\" rel=\"noreferrer noopener\">Delibera\u00e7\u00e3o da C\u00e2mara de Gradua\u00e7\u00e3o n\u00ba 02\/2010<\/a><\/strong><br>Estabelece adequa\u00e7\u00f5es curriculares no Curso de Design Gr\u00e1fico, curr\u00edculos 2005 e 2009, a vigorar a partir do ano letivo de 2010<\/p>\n\n\n\n<p><strong><a href=\"https:\/\/sites.uel.br\/prograd\/wp-content\/uploads\/documentos\/deliberacoes\/2010\/deliberacao_01_10.pdf\" target=\"_blank\" rel=\"noreferrer noopener\">Delibera\u00e7\u00e3o da C\u00e2mara de Gradua\u00e7\u00e3o n\u00ba 01\/2010<\/a><\/strong><br>Estabelece adequa\u00e7\u00f5es no Curso de Fisioterapia, curr\u00edculo 2006, a ser implantadas a partir do ano letivo de 2010<\/p>\n","protected":false},"excerpt":{"rendered":"<p>2010 Delibera\u00e7\u00e3o da C\u00e2mara de Gradua\u00e7\u00e3o n\u00ba 25\/2010Aprova o Regulamento do Trabalho de Conclus\u00e3o de Curso do Curso do Arquitetura e Urbanismo a vigorar a partir do ano letivo de 2011 Delibera\u00e7\u00e3o da C\u00e2mara de Gradua\u00e7\u00e3o n\u00ba 24\/2010Estabelece adequa\u00e7\u00f5es curriculares no curso de Gradua\u00e7\u00e3o em Psicologia, Habilita\u00e7\u00e3o: Bacharelado e Forma\u00e7\u00e3o de Psic\u00f3logo, curr\u00edculo 2010, a [&hellip;]<\/p>\n","protected":false},"author":8,"featured_media":0,"parent":0,"menu_order":0,"comment_status":"closed","ping_status":"closed","template":"","meta":{"_acf_changed":false,"_themeisle_gutenberg_block_has_review":false,"footnotes":""},"class_list":["post-1913","page","type-page","status-publish","hentry"],"acf":[],"_links":{"self":[{"href":"https:\/\/sites.uel.br\/prograd\/wp-json\/wp\/v2\/pages\/1913","targetHints":{"allow":["GET"]}}],"collection":[{"href":"https:\/\/sites.uel.br\/prograd\/wp-json\/wp\/v2\/pages"}],"about":[{"href":"https:\/\/sites.uel.br\/prograd\/wp-json\/wp\/v2\/types\/page"}],"author":[{"embeddable":true,"href":"https:\/\/sites.uel.br\/prograd\/wp-json\/wp\/v2\/users\/8"}],"replies":[{"embeddable":true,"href":"https:\/\/sites.uel.br\/prograd\/wp-json\/wp\/v2\/comments?post=1913"}],"version-history":[{"count":13,"href":"https:\/\/sites.uel.br\/prograd\/wp-json\/wp\/v2\/pages\/1913\/revisions"}],"predecessor-version":[{"id":20471,"href":"https:\/\/sites.uel.br\/prograd\/wp-json\/wp\/v2\/pages\/1913\/revisions\/20471"}],"wp:attachment":[{"href":"https:\/\/sites.uel.br\/prograd\/wp-json\/wp\/v2\/media?parent=1913"}],"curies":[{"name":"wp","href":"https:\/\/api.w.org\/{rel}","templated":true}]}}