{"id":1911,"date":"2023-03-30T16:33:19","date_gmt":"2023-03-30T19:33:19","guid":{"rendered":"https:\/\/sites.uel.br\/prograd\/?page_id=1911"},"modified":"2024-02-02T16:37:18","modified_gmt":"2024-02-02T19:37:18","slug":"deliberacoes-camara-de-graduacao-2011","status":"publish","type":"page","link":"https:\/\/sites.uel.br\/prograd\/deliberacoes-camara-de-graduacao-2011\/","title":{"rendered":"Delibera\u00e7\u00f5es (C\u00e2mara de Gradua\u00e7\u00e3o)"},"content":{"rendered":"\n<hr class=\"wp-block-separator has-alpha-channel-opacity is-style-wide\"\/>\n\n\n\n<h3 class=\"wp-block-heading\">2011<\/h3>\n\n\n\n<div style=\"height:20px\" aria-hidden=\"true\" class=\"wp-block-spacer\"><\/div>\n\n\n\n<p><strong><a href=\"https:\/\/sites.uel.br\/prograd\/wp-content\/uploads\/documentos\/deliberacoes\/2011\/deliberacao_38_11.pdf\" target=\"_blank\" rel=\"noreferrer noopener\">Delibera\u00e7\u00e3o da C\u00e2mara de Gradua\u00e7\u00e3o n\u00ba 38\/2011<\/a><\/strong><br>Estabelece adequa\u00e7\u00f5es curriculares no curso de Gradua\u00e7\u00e3o em Farm\u00e1cia, a vigorar a partir do ano letivo de 2012<\/p>\n\n\n\n<p><strong><a href=\"https:\/\/sites.uel.br\/prograd\/wp-content\/uploads\/documentos\/deliberacoes\/2011\/deliberacao_37_11.pdf\" target=\"_blank\" rel=\"noreferrer noopener\">Delibera\u00e7\u00e3o da C\u00e2mara de Gradua\u00e7\u00e3o n\u00ba 37\/2011<\/a><\/strong><br>Altera o \u00a7 8 do Artigo 1\u00ba da Resolu\u00e7\u00e3o CEPE\/CA N\u00ba 0267\/2009 que reformula o Projeto Pedag\u00f3gico do Curso de Comunica\u00e7\u00e3o Social &#8211; Habilita\u00e7\u00e3o Jornalismo, a partir do ano letivo de 2010<\/p>\n\n\n\n<p><strong><a href=\"https:\/\/sites.uel.br\/prograd\/wp-content\/uploads\/documentos\/deliberacoes\/2011\/deliberacao_36_11.pdf\" target=\"_blank\" rel=\"noreferrer noopener\">Delibera\u00e7\u00e3o da C\u00e2mara de Gradua\u00e7\u00e3o n\u00ba 36\/2011<\/a><\/strong><br>Altera a distribui\u00e7\u00e3o da carga hor\u00e1ria da Atividade Acad\u00eamica 6NIC097 Comunica\u00e7\u00e3o com o Mercado, locada na 2\u00aa s\u00e9rie do curso de Comunica\u00e7\u00e3o Social &#8211; Habilita\u00e7\u00e3o: Rela\u00e7\u00f5es P\u00fablicas, curr\u00edculo 2010, a vigorar a partir do ano letivo de 2012<\/p>\n\n\n\n<p><strong><a href=\"https:\/\/sites.uel.br\/prograd\/wp-content\/uploads\/documentos\/deliberacoes\/2011\/deliberacao_35_11.pdf\" target=\"_blank\" rel=\"noreferrer noopener\">Delibera\u00e7\u00e3o da C\u00e2mara de Gradua\u00e7\u00e3o n\u00ba 35\/2011<\/a><\/strong><br>Estabelece adequa\u00e7\u00f5es curriculares no curso de Gradua\u00e7\u00e3o em Qu\u00edmica &#8211; Habilita\u00e7\u00e3o: Bacharelado e Licenciatura, curr\u00edculo 2010, a vigorar a partir do ano letivo de 2012<\/p>\n\n\n\n<p><strong><a href=\"https:\/\/sites.uel.br\/prograd\/wp-content\/uploads\/documentos\/deliberacoes\/2011\/deliberacao_34_11.pdf\" target=\"_blank\" rel=\"noreferrer noopener\">Delibera\u00e7\u00e3o da C\u00e2mara de Gradua\u00e7\u00e3o n\u00ba 34\/2011<\/a><\/strong><br>Estabelece adequa\u00e7\u00f5es curriculares no curso de Gradua\u00e7\u00e3o em Geografia, curr\u00edculo 2010, a vigorar a partir do ano letivo de 2012<\/p>\n\n\n\n<p><strong><a href=\"https:\/\/sites.uel.br\/prograd\/wp-content\/uploads\/documentos\/deliberacoes\/2011\/deliberacao_33_11.pdf\" target=\"_blank\" rel=\"noreferrer noopener\">Delibera\u00e7\u00e3o da C\u00e2mara de Gradua\u00e7\u00e3o n\u00ba 33\/2011<\/a><\/strong><br>Estabelece adequa\u00e7\u00f5es curriculares no curso de Gradua\u00e7\u00e3o em Psicologia, Habilita\u00e7\u00f5es: Bacharelado e Forma\u00e7\u00e3o de Psic\u00f3logo, curr\u00edculo 2010, a vigorar a partir do ano letivo de 2012<\/p>\n\n\n\n<p><strong><a href=\"https:\/\/sites.uel.br\/prograd\/wp-content\/uploads\/documentos\/deliberacoes\/2011\/deliberacao_32_11.pdf\" target=\"_blank\" rel=\"noreferrer noopener\">Delibera\u00e7\u00e3o da C\u00e2mara de Gradua\u00e7\u00e3o n\u00ba 32\/2011<\/a><\/strong><br>Aprova o Regulamento do Trabalho de Conclus\u00e3o do Curso &#8211; TCC do curso de Pedagogia, ano de implanta\u00e7\u00e3o 2010<\/p>\n\n\n\n<p><strong><a href=\"https:\/\/sites.uel.br\/prograd\/wp-content\/uploads\/documentos\/deliberacoes\/2011\/deliberacao_31_11.pdf\" target=\"_blank\" rel=\"noreferrer noopener\">Delibera\u00e7\u00e3o da C\u00e2mara de Gradua\u00e7\u00e3o n\u00ba 31\/2011<\/a><\/strong><br>Aprova o Regulamento do Trabalho de Conclus\u00e3o do Curso &#8211; TCC, do curso de Biblioteconomia<\/p>\n\n\n\n<p><strong><a href=\"https:\/\/sites.uel.br\/prograd\/wp-content\/uploads\/documentos\/deliberacoes\/2011\/deliberacao_30_11.pdf\" target=\"_blank\" rel=\"noreferrer noopener\">Delibera\u00e7\u00e3o da C\u00e2mara de Gradua\u00e7\u00e3o n\u00ba 30\/2011<\/a><\/strong><br>Aprova o Regulamento de Est\u00e1gio Curricular Obrigat\u00f3rio e N\u00e3o Obrigat\u00f3rio do curso de Pedagogia, ano de implanta\u00e7\u00e3o 2010<\/p>\n\n\n\n<p><strong><a href=\"https:\/\/sites.uel.br\/prograd\/wp-content\/uploads\/documentos\/deliberacoes\/2011\/deliberacao_29_11.pdf\" target=\"_blank\" rel=\"noreferrer noopener\">Delibera\u00e7\u00e3o da C\u00e2mara de Gradua\u00e7\u00e3o n\u00ba 29\/2011<\/a><\/strong><br>Estabelece adequa\u00e7\u00f5es curriculares no curso de Gradua\u00e7\u00e3o em Matem\u00e1tica, curr\u00edculo 2010, a vigorar a partir do ano letivo de 2012<\/p>\n\n\n\n<p><strong><a href=\"https:\/\/sites.uel.br\/prograd\/wp-content\/uploads\/documentos\/deliberacoes\/2011\/deliberacao_28_11.pdf\" target=\"_blank\" rel=\"noreferrer noopener\">Delibera\u00e7\u00e3o da C\u00e2mara de Gradua\u00e7\u00e3o n\u00ba 28\/2011<\/a><\/strong><br>Estabelece adequa\u00e7\u00f5es curriculares no curso de Gradua\u00e7\u00e3o em M\u00fasica, curr\u00edculo 2010, a vigorar a partir do ano letivo de 2012<\/p>\n\n\n\n<p><strong><a href=\"https:\/\/sites.uel.br\/prograd\/wp-content\/uploads\/documentos\/deliberacoes\/2011\/deliberacao_27_11.pdf\" target=\"_blank\" rel=\"noreferrer noopener\">Delibera\u00e7\u00e3o da C\u00e2mara de Gradua\u00e7\u00e3o n\u00ba 27\/2011<\/a><\/strong><br>Estabelece adequa\u00e7\u00f5es curriculares no curso de Gradua\u00e7\u00e3o em Filosofia, curr\u00edculo 2010, a vigorar a partir do ano letivo de 2012<\/p>\n\n\n\n<p><strong><a href=\"https:\/\/sites.uel.br\/prograd\/wp-content\/uploads\/documentos\/deliberacoes\/2011\/deliberacao_26_11.pdf\" target=\"_blank\" rel=\"noreferrer noopener\">Delibera\u00e7\u00e3o da C\u00e2mara de Gradua\u00e7\u00e3o n\u00ba 26\/2011<\/a><\/strong><br>Estabelece adequa\u00e7\u00f5es curriculares no curso de Gradua\u00e7\u00e3o em Fisioterapia, curr\u00edculo 2010, a vigorar a partir do ano letivo de 2012<\/p>\n\n\n\n<p><strong><a href=\"https:\/\/sites.uel.br\/prograd\/wp-content\/uploads\/documentos\/deliberacoes\/2011\/deliberacao_25_11.pdf\" target=\"_blank\" rel=\"noreferrer noopener\">Delibera\u00e7\u00e3o da C\u00e2mara de Gradua\u00e7\u00e3o n\u00ba 25\/2011<\/a><\/strong><br>Aprova o Regulamento Est\u00e1gio Curricular Obrigat\u00f3rio do curso de Primeira Licenciatura em Pedagogia, integrante do Programa Emergencial de Forma\u00e7\u00e3o de Professores em exerc\u00edcio na Educa\u00e7\u00e3o B\u00e1sica P\u00fablica<\/p>\n\n\n\n<p><strong><a href=\"https:\/\/sites.uel.br\/prograd\/wp-content\/uploads\/documentos\/deliberacoes\/2011\/deliberacao_24_11.pdf\" target=\"_blank\" rel=\"noreferrer noopener\">Delibera\u00e7\u00e3o da C\u00e2mara de Gradua\u00e7\u00e3o n\u00ba 24\/2011<\/a><\/strong><br>Aprova o Regulamento do Trabalho de Conclus\u00e3o do Curso &#8211; TCC, do curso de Letras, Modalidade: Bacharelado, Habilita\u00e7\u00e3o: L\u00edngua e Cultura Francesas, a vigorar a partir do ano letivo de 2012<\/p>\n\n\n\n<p><strong><a href=\"https:\/\/sites.uel.br\/prograd\/wp-content\/uploads\/documentos\/deliberacoes\/2011\/deliberacao_23_11.pdf\" target=\"_blank\" rel=\"noreferrer noopener\">Delibera\u00e7\u00e3o da C\u00e2mara de Gradua\u00e7\u00e3o n\u00ba 23\/2011<\/a><\/strong><br>Aprova o Regulamento do Trabalho de Conclus\u00e3o do Curso &#8211; TCC, do curso de Primeira Licenciatura em Pedagogia, integrante do Programa Emergencial de Forma\u00e7\u00e3o de Professores em exerc\u00edcio na Educa\u00e7\u00e3o B\u00e1sica P\u00fablica<\/p>\n\n\n\n<p><strong><a href=\"https:\/\/sites.uel.br\/prograd\/wp-content\/uploads\/documentos\/deliberacoes\/2011\/deliberacao_22_11.pdf\" target=\"_blank\" rel=\"noreferrer noopener\">Delibera\u00e7\u00e3o da C\u00e2mara de Gradua\u00e7\u00e3o n\u00ba 22\/2011<\/a><\/strong><br>Altera a composi\u00e7\u00e3o do Colegiado do Curso de Enfermagem<\/p>\n\n\n\n<p><strong><a href=\"https:\/\/sites.uel.br\/prograd\/wp-content\/uploads\/documentos\/deliberacoes\/2011\/deliberacao_21_11.pdf\" target=\"_blank\" rel=\"noreferrer noopener\">Delibera\u00e7\u00e3o da C\u00e2mara de Gradua\u00e7\u00e3o n\u00ba 21\/2011<\/a><\/strong><br>Estabelece adequa\u00e7\u00f5es curriculares no Curso de Segunda Licenciatura em Ci\u00eancias Biol\u00f3gicas, integrante do Programa Emergencial de Forma\u00e7\u00e3o de Professores em exerc\u00edcio na Educa\u00e7\u00e3o B\u00e1sica P\u00fablica, a vigorar no ano letivo de 2011<\/p>\n\n\n\n<p><strong><a href=\"https:\/\/sites.uel.br\/prograd\/wp-content\/uploads\/documentos\/deliberacoes\/2011\/deliberacao_20_11.pdf\" target=\"_blank\" rel=\"noreferrer noopener\">Delibera\u00e7\u00e3o da C\u00e2mara de Gradua\u00e7\u00e3o n\u00ba 20\/2011<\/a><\/strong><br>Estabelece adequa\u00e7\u00f5es curriculares no curso de Gradua\u00e7\u00e3o em Hist\u00f3ria, curr\u00edculo 2010, a vigorar a partir do ano letivo de 2012<\/p>\n\n\n\n<p><strong><a href=\"https:\/\/sites.uel.br\/prograd\/wp-content\/uploads\/documentos\/deliberacoes\/2011\/deliberacao_19_11.pdf\" target=\"_blank\" rel=\"noreferrer noopener\">Delibera\u00e7\u00e3o da C\u00e2mara de Gradua\u00e7\u00e3o n\u00ba 19\/2011<\/a><\/strong><br>Altera a ementa da Atividade Acad\u00eamica L\u00edngua Brasileira de Sinais &#8211; Libras, do curso de Gradua\u00e7\u00e3o em Letras &#8211; Modalidade: Licenciatura &#8211; Habilita\u00e7\u00e3o: L\u00edngua Portuguesa e Respectivas Literaturas, curr\u00edculo 2010, a vigorar a partir do ano letivo de 2012<\/p>\n\n\n\n<p><a href=\"https:\/\/sites.uel.br\/prograd\/wp-content\/uploads\/documentos\/deliberacoes\/2011\/deliberacao_18_11.pdf\" target=\"_blank\" rel=\"noreferrer noopener\"><strong>Delibera\u00e7\u00e3o da C\u00e2mara de Gradua\u00e7\u00e3o n\u00ba 18\/2011<\/strong><br><\/a>Altera a ementa da Atividade Acad\u00eamica de Libras &#8211; L\u00edngua Brasileira de Sinais, locada na 2\u00aa s\u00e9rie do curso de Letras &#8211; Modalidade: Licenciatura, Habilita\u00e7\u00e3o Licenciatura em L\u00edngua Espanhola e Literatura Hisp\u00e2nica; e na 4\u00aa s\u00e9rie do curso de Letras &#8211; Modalidade: Licenciatura, Habilita\u00e7\u00e3o: Licenciatura em L\u00edngua Inglesa e Literaturas em L\u00edngua Inglesa, a vigorar a partir do ano letivo de 2012<\/p>\n\n\n\n<p><strong><a href=\"https:\/\/sites.uel.br\/prograd\/wp-content\/uploads\/documentos\/deliberacoes\/2011\/deliberacao_17_11.pdf\" target=\"_blank\" rel=\"noreferrer noopener\">Delibera\u00e7\u00e3o da C\u00e2mara de Gradua\u00e7\u00e3o n\u00ba 17\/2011<\/a><\/strong><br>Estabelece adequa\u00e7\u00f5es curriculares no curso de Gradua\u00e7\u00e3o em Direito, curr\u00edculo 2010, a vigorar a partir do ano letivo de 2012<\/p>\n\n\n\n<p><strong><a href=\"https:\/\/sites.uel.br\/prograd\/wp-content\/uploads\/documentos\/deliberacoes\/2011\/deliberacao_16_11.pdf\" target=\"_blank\" rel=\"noreferrer noopener\">Delibera\u00e7\u00e3o da C\u00e2mara de Gradua\u00e7\u00e3o n\u00ba 16\/2011<\/a><\/strong><br>Altera as ementas das Atividades Acad\u00eamicas Teorias e Metodologias do Jogo, Educa\u00e7\u00e3o F\u00edsica e Pessoas com Necessidades Educacionais Especiais I, Educa\u00e7\u00e3o F\u00edsica e Pessoas com Necessidades Educacionais Especiais II e Teoria e Metodologia da Gin\u00e1stica, do curso de Gradua\u00e7\u00e3o em Educa\u00e7\u00e3o F\u00edsica &#8211; Habilita\u00e7\u00e3o: Licenciatura, curr\u00edculo 2010, a vigorar a partir do ano letivo de 2012<\/p>\n\n\n\n<p><strong><a href=\"https:\/\/sites.uel.br\/prograd\/wp-content\/uploads\/documentos\/deliberacoes\/2011\/deliberacao_15_11.pdf\" target=\"_blank\" rel=\"noreferrer noopener\">Delibera\u00e7\u00e3o da C\u00e2mara de Gradua\u00e7\u00e3o n\u00ba 15\/2011<\/a><\/strong><br>Estabelece adequa\u00e7\u00f5es curriculares no curso de Gradua\u00e7\u00e3o em Enfermagem, a vigorar a partir do ano letivo de 2012<\/p>\n\n\n\n<p><strong><a href=\"https:\/\/sites.uel.br\/prograd\/wp-content\/uploads\/documentos\/deliberacoes\/2011\/deliberacao_14_11.pdf\" target=\"_blank\" rel=\"noreferrer noopener\">Delibera\u00e7\u00e3o da C\u00e2mara de Gradua\u00e7\u00e3o n\u00ba 14\/2011<\/a><\/strong><br>Estabelece adequa\u00e7\u00f5es curriculares no curso de Gradua\u00e7\u00e3o em Secretariado Executivo, curr\u00edculo 2010, a vigorar a partir do ano letivo de 2012<\/p>\n\n\n\n<p><strong><a href=\"https:\/\/sites.uel.br\/prograd\/wp-content\/uploads\/documentos\/deliberacoes\/2011\/deliberacao_13_11.pdf\" target=\"_blank\" rel=\"noreferrer noopener\">Delibera\u00e7\u00e3o da C\u00e2mara de Gradua\u00e7\u00e3o n\u00ba 13\/2011<\/a><\/strong><br>Aprova o Regulamento Geral do Est\u00e1gio Curricular n\u00e3o Obrigat\u00f3rio do Curso de Biblioteconomia<\/p>\n\n\n\n<p><strong><a href=\"https:\/\/sites.uel.br\/prograd\/wp-content\/uploads\/documentos\/deliberacoes\/2011\/deliberacao_12_11.pdf\" target=\"_blank\" rel=\"noreferrer noopener\">Delibera\u00e7\u00e3o da C\u00e2mara de Gradua\u00e7\u00e3o n\u00ba 12\/2011<\/a><\/strong><br>Aprova o Regulamento Geral do Est\u00e1gio Curricular Obrigat\u00f3rio do Curso de Biblioteconomia<\/p>\n\n\n\n<p><strong><a href=\"https:\/\/sites.uel.br\/prograd\/wp-content\/uploads\/documentos\/deliberacoes\/2011\/deliberacao_11_11.pdf\" target=\"_blank\" rel=\"noreferrer noopener\">Delibera\u00e7\u00e3o da C\u00e2mara de Gradua\u00e7\u00e3o n\u00ba 11\/2011<\/a><\/strong><br>Altera a forma de oferta da Atividade Acad\u00eamica 6LET050 &#8211; Teoria do Texto Liter\u00e1rio, locada na 2\u00aa s\u00e9rie do Curso de Gradua\u00e7\u00e3o em Letras, modalidade: bacharelado, habilita\u00e7\u00e3o: L\u00edngua e Cultura Francesas<\/p>\n\n\n\n<p><strong><a href=\"https:\/\/sites.uel.br\/prograd\/wp-content\/uploads\/documentos\/deliberacoes\/2011\/deliberacao_10_11.pdf\" target=\"_blank\" rel=\"noreferrer noopener\">Delibera\u00e7\u00e3o da C\u00e2mara de Gradua\u00e7\u00e3o n\u00ba 10\/2011<\/a><\/strong><br>Altera a forma de oferta da Atividade Acad\u00eamica 6NIC008 &#8211; Fundamentos de Semiologia e Semi\u00f3tica, locada na 2\u00aa s\u00e9rie do curso de Arquivologia, curr\u00edculo 2010<\/p>\n\n\n\n<p><strong><a href=\"https:\/\/sites.uel.br\/prograd\/wp-content\/uploads\/documentos\/deliberacoes\/2011\/deliberacao_09_11.pdf\" target=\"_blank\" rel=\"noreferrer noopener\">Delibera\u00e7\u00e3o da C\u00e2mara de Gradua\u00e7\u00e3o n\u00ba 09\/2011<\/a><\/strong><br>Altera o sistema de promo\u00e7\u00e3o dos estudantes ingressantes no Curso de Ci\u00eancia da Computa\u00e7\u00e3o a partir do ano letivo de 2012<\/p>\n\n\n\n<p><strong><a href=\"https:\/\/sites.uel.br\/prograd\/wp-content\/uploads\/documentos\/deliberacoes\/2011\/deliberacao_08_11.pdf\" target=\"_blank\" rel=\"noreferrer noopener\">Delibera\u00e7\u00e3o da C\u00e2mara de Gradua\u00e7\u00e3o n\u00ba 08\/2011<\/a><\/strong><br>Altera a vincula\u00e7\u00e3o departamental da Atividade Acad\u00eamica 5MED018 &#8211; Epidemiologia Cl\u00ednica, locada na 2\u00aa s\u00e9rie do curso de Biomedicina, curr\u00edculo 2010, a partir do ano letivo de 2012<\/p>\n\n\n\n<p><strong><a href=\"https:\/\/sites.uel.br\/prograd\/wp-content\/uploads\/documentos\/deliberacoes\/2011\/deliberacao_07_11.pdf\" target=\"_blank\" rel=\"noreferrer noopener\">Delibera\u00e7\u00e3o da C\u00e2mara de Gradua\u00e7\u00e3o n\u00ba 07\/2011<\/a><\/strong><br>Altera a forma de oferta da Atividade Acad\u00eamica 6MOD068 &#8211; Bases da Terap\u00eautica Medicamentosa, locada na 2\u00aa s\u00e9rie do curso de Gradua\u00e7\u00e3o em Odontologia, curr\u00edculo 2010<\/p>\n\n\n\n<p><strong><a href=\"https:\/\/sites.uel.br\/prograd\/wp-content\/uploads\/documentos\/deliberacoes\/2011\/deliberacao_06_11.pdf\" target=\"_blank\" rel=\"noreferrer noopener\">Delibera\u00e7\u00e3o da C\u00e2mara de Gradua\u00e7\u00e3o n\u00ba 06\/2011<\/a><\/strong><br>Altera a vincula\u00e7\u00e3o departamental da Atividade Acad\u00eamica 6ENF\/CIR003 &#8211; Fundamentos de Enfermagem e Cl\u00ednica Cir\u00fargica, do Curso de Gradua\u00e7\u00e3o em Fisioterapia, curr\u00edculo 2010<\/p>\n\n\n\n<p><strong><a href=\"https:\/\/sites.uel.br\/prograd\/wp-content\/uploads\/documentos\/deliberacoes\/2011\/deliberacao_05_11.pdf\" target=\"_blank\" rel=\"noreferrer noopener\">Delibera\u00e7\u00e3o da C\u00e2mara de Gradua\u00e7\u00e3o n\u00ba 05\/2011<\/a><\/strong><br>Aprova o Regulamento do Trabalho de Conclus\u00e3o do Curso &#8211; TCC, do Curso de Gradua\u00e7\u00e3o em Artes Visuais, Habilita\u00e7\u00e3o: Licenciatura, a vigorar a partir do ano letivo de 2012<\/p>\n\n\n\n<p><strong><a href=\"https:\/\/sites.uel.br\/prograd\/wp-content\/uploads\/documentos\/deliberacoes\/2011\/deliberacao_04_11.pdf\" target=\"_blank\" rel=\"noreferrer noopener\">Delibera\u00e7\u00e3o da C\u00e2mara de Gradua\u00e7\u00e3o n\u00ba 04\/2011<\/a><\/strong><br>Aprova o Regulamento de Est\u00e1gio Curricular Obrigat\u00f3rio e n\u00e3o Obrigat\u00f3rio do Curso de Gradua\u00e7\u00e3o em Artes Visuais, habilita\u00e7\u00e3o: Licenciatura<\/p>\n\n\n\n<p><strong><a href=\"https:\/\/sites.uel.br\/prograd\/wp-content\/uploads\/documentos\/deliberacoes\/2011\/deliberacao_03_11.pdf\" target=\"_blank\" rel=\"noreferrer noopener\">Delibera\u00e7\u00e3o da C\u00e2mara de Gradua\u00e7\u00e3o n\u00ba 03\/2011<\/a><\/strong><br>Estabelece adequa\u00e7\u00f5es curriculares no Curso de Gradua\u00e7\u00e3o em Artes Visuais, curr\u00edculo 2010, a vigorar a partir do ano letivo de 2012<\/p>\n\n\n\n<p><strong><a href=\"https:\/\/sites.uel.br\/prograd\/wp-content\/uploads\/documentos\/deliberacoes\/2011\/deliberacao_02_11.pdf\" target=\"_blank\" rel=\"noreferrer noopener\">Delibera\u00e7\u00e3o da C\u00e2mara de Gradua\u00e7\u00e3o n\u00ba 02\/2011<\/a><\/strong><br>Estabelece Adequa\u00e7\u00f5es Curriculares \u00e0 Resolu\u00e7\u00e3o CEPE\/CA n\u00ba 245\/2009, do Projeto Pedag\u00f3gico do curso de Primeira Licenciatura em Pedagogia, integrante do Programa Emergencial de Forma\u00e7\u00e3o de Professores em exerc\u00edcio na Educa\u00e7\u00e3o B\u00e1sica P\u00fablica<\/p>\n\n\n\n<p><strong><a href=\"https:\/\/sites.uel.br\/prograd\/wp-content\/uploads\/documentos\/deliberacoes\/2011\/deliberacao_01_11.pdf\" target=\"_blank\" rel=\"noreferrer noopener\">Delibera\u00e7\u00e3o da C\u00e2mara de Gradua\u00e7\u00e3o n\u00ba 01\/2011<\/a><\/strong><br>Estabelece adequa\u00e7\u00f5es curriculares \u00e0 Resolu\u00e7\u00e3o CEPE\/CA n\u00ba 244\/2009, que Institui o Programa Emergencial de Forma\u00e7\u00e3o de Professores em exerc\u00edcio na Educa\u00e7\u00e3o B\u00e1sica P\u00fablica e estabelece outras provid\u00eancias<\/p>\n\n","protected":false},"excerpt":{"rendered":"<p>2011 Delibera\u00e7\u00e3o da C\u00e2mara de Gradua\u00e7\u00e3o n\u00ba 38\/2011Estabelece adequa\u00e7\u00f5es curriculares no curso de Gradua\u00e7\u00e3o em Farm\u00e1cia, a vigorar a partir do ano letivo de 2012 Delibera\u00e7\u00e3o da C\u00e2mara de Gradua\u00e7\u00e3o n\u00ba 37\/2011Altera o \u00a7 8 do Artigo 1\u00ba da Resolu\u00e7\u00e3o CEPE\/CA N\u00ba 0267\/2009 que reformula o Projeto Pedag\u00f3gico do Curso de Comunica\u00e7\u00e3o Social &#8211; Habilita\u00e7\u00e3o [&hellip;]<\/p>\n","protected":false},"author":8,"featured_media":0,"parent":0,"menu_order":0,"comment_status":"closed","ping_status":"closed","template":"","meta":{"_acf_changed":false,"_themeisle_gutenberg_block_has_review":false,"footnotes":""},"class_list":["post-1911","page","type-page","status-publish","hentry"],"acf":[],"_links":{"self":[{"href":"https:\/\/sites.uel.br\/prograd\/wp-json\/wp\/v2\/pages\/1911","targetHints":{"allow":["GET"]}}],"collection":[{"href":"https:\/\/sites.uel.br\/prograd\/wp-json\/wp\/v2\/pages"}],"about":[{"href":"https:\/\/sites.uel.br\/prograd\/wp-json\/wp\/v2\/types\/page"}],"author":[{"embeddable":true,"href":"https:\/\/sites.uel.br\/prograd\/wp-json\/wp\/v2\/users\/8"}],"replies":[{"embeddable":true,"href":"https:\/\/sites.uel.br\/prograd\/wp-json\/wp\/v2\/comments?post=1911"}],"version-history":[{"count":11,"href":"https:\/\/sites.uel.br\/prograd\/wp-json\/wp\/v2\/pages\/1911\/revisions"}],"predecessor-version":[{"id":20252,"href":"https:\/\/sites.uel.br\/prograd\/wp-json\/wp\/v2\/pages\/1911\/revisions\/20252"}],"wp:attachment":[{"href":"https:\/\/sites.uel.br\/prograd\/wp-json\/wp\/v2\/media?parent=1911"}],"curies":[{"name":"wp","href":"https:\/\/api.w.org\/{rel}","templated":true}]}}