{"id":1909,"date":"2023-03-30T16:33:10","date_gmt":"2023-03-30T19:33:10","guid":{"rendered":"https:\/\/sites.uel.br\/prograd\/?page_id=1909"},"modified":"2024-05-23T14:36:13","modified_gmt":"2024-05-23T17:36:13","slug":"deliberacoes-camara-de-graduacao-2012","status":"publish","type":"page","link":"https:\/\/sites.uel.br\/prograd\/deliberacoes-camara-de-graduacao-2012\/","title":{"rendered":"Delibera\u00e7\u00f5es (C\u00e2mara de Gradua\u00e7\u00e3o)"},"content":{"rendered":"\n<hr class=\"wp-block-separator has-alpha-channel-opacity is-style-wide\"\/>\n\n\n\n<h3 class=\"wp-block-heading\">2012<\/h3>\n\n\n\n<div style=\"height:20px\" aria-hidden=\"true\" class=\"wp-block-spacer\"><\/div>\n\n\n\n<p><strong><a href=\"https:\/\/sites.uel.br\/prograd\/wp-content\/uploads\/documentos\/deliberacoes\/2012\/deliberacao_36_12.pdf\" target=\"_blank\" rel=\"noreferrer noopener\">Delibera\u00e7\u00e3o da C\u00e2mara de Gradua\u00e7\u00e3o n\u00ba 36\/2012<\/a><\/strong><br>Ratifica a s\u00e9rie e semestre de oferta da Atividade Acad\u00eamica L\u00edngua Brasileira de Sinais &#8211; Libras, no Curso de Educa\u00e7\u00e3o F\u00edsica &#8211; Habilita\u00e7\u00e3o: Licenciatura, a partir do ano letivo de 2013<\/p>\n\n\n\n<p><strong><a href=\"https:\/\/sites.uel.br\/prograd\/wp-content\/uploads\/documentos\/deliberacoes\/2012\/deliberacao_35_12.pdf\" target=\"_blank\" rel=\"noreferrer noopener\">Delibera\u00e7\u00e3o da C\u00e2mara de Gradua\u00e7\u00e3o n\u00ba 35\/2012<\/a><\/strong><br>Estabelece adequa\u00e7\u00f5es curriculares para o curso de Gradua\u00e7\u00e3o em Farm\u00e1cia, a vigorar a partir do ano letivo de 2012<\/p>\n\n\n\n<p><strong><a href=\"https:\/\/sites.uel.br\/prograd\/wp-content\/uploads\/documentos\/deliberacoes\/2012\/deliberacao_34_12.pdf\" target=\"_blank\" rel=\"noreferrer noopener\">Delibera\u00e7\u00e3o da C\u00e2mara de Gradua\u00e7\u00e3o n\u00ba 34\/2012<\/a><\/strong><br>Aprova o Regulamento do Trabalho de Conclus\u00e3o do Curso de Comunica\u00e7\u00e3o Social &#8211; Habilita\u00e7\u00e3o Rela\u00e7\u00f5es P\u00fablicas<\/p>\n\n\n\n<p><strong><a href=\"https:\/\/sites.uel.br\/prograd\/wp-content\/uploads\/documentos\/deliberacoes\/2012\/deliberacao_33_12.pdf\" target=\"_blank\" rel=\"noreferrer noopener\">Delibera\u00e7\u00e3o da C\u00e2mara de Gradua\u00e7\u00e3o n\u00ba 33\/2012<\/a><\/strong><br>Estabelece Adequa\u00e7\u00e3o no Projeto Pedag\u00f3gico do Curso de Segunda Licenciatura em Qu\u00edmica, referente ao art. 62, inciso I, al\u00ednea &#8220;a&#8221;, da Resolu\u00e7\u00e3o CEPE\/CA n\u00ba 244\/2009, que institui o Programa Emergencial de Forma\u00e7\u00e3o de Professores em exerc\u00edcio na Educa\u00e7\u00e3o B\u00e1sica P\u00fablica<\/p>\n\n\n\n<p><strong><a href=\"https:\/\/sites.uel.br\/prograd\/wp-content\/uploads\/documentos\/deliberacoes\/2012\/deliberacao_32_12.pdf\" target=\"_blank\" rel=\"noreferrer noopener\">Delibera\u00e7\u00e3o da C\u00e2mara de Gradua\u00e7\u00e3o n\u00ba 32\/2012<\/a><\/strong><br>Estabelece adequa\u00e7\u00f5es curriculares no Curso de 2\u00aa Licenciatura em M\u00fasica, integrante do Programa Emergencial de Forma\u00e7\u00e3o de Professores em exerc\u00edcio na Educa\u00e7\u00e3o B\u00e1sica P\u00fablica<\/p>\n\n\n\n<p><strong><a href=\"https:\/\/sites.uel.br\/prograd\/wp-content\/uploads\/documentos\/deliberacoes\/2012\/deliberacao_31_12.pdf\" target=\"_blank\" rel=\"noreferrer noopener\">Delibera\u00e7\u00e3o da C\u00e2mara de Gradua\u00e7\u00e3o n\u00ba 31\/2012<\/a><\/strong><br>Altera a carga hor\u00e1ria das atividades acad\u00eamicas 6FIT043 &#8211; Cinesioterapia e 6FIT055 &#8211; Fisioterapia Aqu\u00e1tica, do Curso de Fisioterapia, curr\u00edculo 2012<\/p>\n\n\n\n<p><strong><a href=\"https:\/\/sites.uel.br\/prograd\/wp-content\/uploads\/documentos\/deliberacoes\/2012\/deliberacao_30_12.pdf\" target=\"_blank\" rel=\"noreferrer noopener\">Delibera\u00e7\u00e3o da C\u00e2mara de Gradua\u00e7\u00e3o n\u00ba 30\/2012<\/a><\/strong><br>Estabelece adequa\u00e7\u00f5es curriculares no Curso de Administra\u00e7\u00e3o, curr\u00edculo 2010 a vigorar a partir do ano letivo de 2013<\/p>\n\n\n\n<p><strong><a href=\"https:\/\/sites.uel.br\/prograd\/wp-content\/uploads\/documentos\/deliberacoes\/2012\/deliberacao_29_12.pdf\" target=\"_blank\" rel=\"noreferrer noopener\">Delibera\u00e7\u00e3o da C\u00e2mara de Gradua\u00e7\u00e3o n\u00ba 29\/2012<\/a><\/strong><br>Altera o artigo 34 da Resolu\u00e7\u00e3o CEPE n\u00ba 35\/2005, do Projeto Pedag\u00f3gico do Curso de Farm\u00e1cia<\/p>\n\n\n\n<p><strong><a href=\"https:\/\/sites.uel.br\/prograd\/wp-content\/uploads\/documentos\/deliberacoes\/2012\/deliberacao_28_12.pdf\" target=\"_blank\" rel=\"noreferrer noopener\">Delibera\u00e7\u00e3o da C\u00e2mara de Gradua\u00e7\u00e3o n\u00ba 28\/2012<\/a><\/strong><br>Aprova o Regulamento de Est\u00e1gio Curricular Obrigat\u00f3rio do Curso de Ci\u00eancias Biol\u00f3gicas, Habilita\u00e7\u00e3o Bacharelado<\/p>\n\n\n\n<p><strong><a href=\"https:\/\/sites.uel.br\/prograd\/wp-content\/uploads\/documentos\/deliberacoes\/2012\/deliberacao_27_12.pdf\" target=\"_blank\" rel=\"noreferrer noopener\">Delibera\u00e7\u00e3o da C\u00e2mara de Gradua\u00e7\u00e3o n\u00ba 27\/2012<\/a><\/strong><br>Aprova o Regulamento de Est\u00e1gio Curricular n\u00e3o Obrigat\u00f3rio do Curso de Administra\u00e7\u00e3o<\/p>\n\n\n\n<p><strong><a href=\"https:\/\/sites.uel.br\/prograd\/wp-content\/uploads\/documentos\/deliberacoes\/2012\/deliberacao_26_12.pdf\" target=\"_blank\" rel=\"noreferrer noopener\">Delibera\u00e7\u00e3o da C\u00e2mara de Gradua\u00e7\u00e3o n\u00ba 26\/2012<\/a><\/strong><br>Altera, na matriz curricular do curso de Gradua\u00e7\u00e3o em Pedagogia, curr\u00edculo 2010, a s\u00e9rie e semestre de oferta da atividade acad\u00eamica 6EDU113 &#8211; Saberes e Fazeres do Professor Diante das Dificuldades de Aprendizagem<\/p>\n\n\n\n<p><strong><a href=\"https:\/\/sites.uel.br\/prograd\/wp-content\/uploads\/documentos\/deliberacoes\/2012\/deliberacao_25_12.pdf\" target=\"_blank\" rel=\"noreferrer noopener\">Delibera\u00e7\u00e3o da C\u00e2mara de Gradua\u00e7\u00e3o n\u00ba 25\/2012<\/a><\/strong><br>Estabelece adequa\u00e7\u00f5es na matriz curricular do Curso de Gradua\u00e7\u00e3o em Agronomia, curr\u00edculo 2010<\/p>\n\n\n\n<p><strong><a href=\"https:\/\/sites.uel.br\/prograd\/wp-content\/uploads\/documentos\/deliberacoes\/2012\/deliberacao_24_12.pdf\" target=\"_blank\" rel=\"noreferrer noopener\">Delibera\u00e7\u00e3o da C\u00e2mara de Gradua\u00e7\u00e3o n\u00ba 24\/2012<\/a><\/strong><br>Aprova o Regulamento Est\u00e1gio Curricular Obrigat\u00f3rio e n\u00e3o Obrigat\u00f3rio do Curso de Pedagogia &#8211; Modalidade a Dist\u00e2ncia<\/p>\n\n\n\n<p><strong><a href=\"https:\/\/sites.uel.br\/prograd\/wp-content\/uploads\/documentos\/deliberacoes\/2012\/deliberacao_23_12.pdf\" target=\"_blank\" rel=\"noreferrer noopener\">Delibera\u00e7\u00e3o da C\u00e2mara de Gradua\u00e7\u00e3o n\u00ba 23\/2012<\/a><\/strong><br>Estabelece adequa\u00e7\u00f5es curriculares no curso de Primeira Licenciatura em Pedagogia, integrante do Programa Emergencial de Forma\u00e7\u00e3o de Professores em exerc\u00edcio na Educa\u00e7\u00e3o B\u00e1sica P\u00fablica, curr\u00edculo 2009<\/p>\n\n\n\n<p><strong><a href=\"https:\/\/sites.uel.br\/prograd\/wp-content\/uploads\/documentos\/deliberacoes\/2012\/deliberacao_22_12.pdf\" target=\"_blank\" rel=\"noreferrer noopener\">Delibera\u00e7\u00e3o da C\u00e2mara de Gradua\u00e7\u00e3o n\u00ba 22\/2012<\/a><\/strong><br>Aprova o Regulamento do Trabalho de Conclus\u00e3o do Curso de Pedagogia &#8211; Modalidade a Dist\u00e2ncia<\/p>\n\n\n\n<p><strong><a href=\"https:\/\/sites.uel.br\/prograd\/wp-content\/uploads\/documentos\/deliberacoes\/2012\/deliberacao_21_12.pdf\" target=\"_blank\" rel=\"noreferrer noopener\">Delibera\u00e7\u00e3o da C\u00e2mara de Gradua\u00e7\u00e3o n\u00ba 21\/2012<\/a><\/strong><br>Estabelece adequa\u00e7\u00f5es curriculares no curso de Gradua\u00e7\u00e3o em F\u00edsica, habilita\u00e7\u00e3o &#8211; bacharelado e licenciatura, curr\u00edculo 2010, a vigorar a partir do ano letivo de 2013<\/p>\n\n\n\n<p><strong><a href=\"https:\/\/sites.uel.br\/prograd\/wp-content\/uploads\/documentos\/deliberacoes\/2012\/deliberacao_20_12.pdf\" target=\"_blank\" rel=\"noreferrer noopener\">Delibera\u00e7\u00e3o da C\u00e2mara de Gradua\u00e7\u00e3o n\u00ba 20\/2012<\/a><\/strong><br>Estabelece adequa\u00e7\u00f5es curriculares no curso de 2\u00aa Licenciatura em Qu\u00edmica, integrante do Programa Emergencial de Forma\u00e7\u00e3o de Professores em exerc\u00edcio na Educa\u00e7\u00e3o B\u00e1sica P\u00fablica<\/p>\n\n\n\n<p><strong><a href=\"https:\/\/sites.uel.br\/prograd\/wp-content\/uploads\/documentos\/deliberacoes\/2012\/deliberacao_19_12.pdf\" target=\"_blank\" rel=\"noreferrer noopener\">Delibera\u00e7\u00e3o da C\u00e2mara de Gradua\u00e7\u00e3o n\u00ba 19\/2012<\/a><\/strong><br>Altera a distribui\u00e7\u00e3o da carga hor\u00e1ria da atividade acad\u00eamica 6PSI033 &#8211; Psicologia Escolar II, do Curso de Gradua\u00e7\u00e3o em Psicologia<\/p>\n\n\n\n<p><strong><a href=\"https:\/\/sites.uel.br\/prograd\/wp-content\/uploads\/documentos\/deliberacoes\/2012\/deliberacao_18_12.pdf\" target=\"_blank\" rel=\"noreferrer noopener\">Delibera\u00e7\u00e3o da C\u00e2mara de Gradua\u00e7\u00e3o n\u00ba 18\/2012<\/a><\/strong><br>Altera a forma de oferta das atividades acad\u00eamicas 6MOD060 &#8211; Aten\u00e7\u00e3o Odontol\u00f3gica Integral, 6MOD067 &#8211; Epidemiologia e Metodologia de Pesquisa e 6MOD074 &#8211; Semin\u00e1rios Integrados II B, do curso de Gradua\u00e7\u00e3o em Odontologia, curr\u00edculo 2010<\/p>\n\n\n\n<p><strong><a href=\"https:\/\/sites.uel.br\/prograd\/wp-content\/uploads\/documentos\/deliberacoes\/2012\/deliberacao_17_12.pdf\" target=\"_blank\" rel=\"noreferrer noopener\">Delibera\u00e7\u00e3o da C\u00e2mara de Gradua\u00e7\u00e3o n\u00ba 17\/2012<\/a><\/strong><br>Estabelece adequa\u00e7\u00f5es curriculares no curso de Design de Moda, curr\u00edculo 2010, a vigorar a partir do ano letivo de 2013<\/p>\n\n\n\n<p><strong><a href=\"https:\/\/sites.uel.br\/prograd\/wp-content\/uploads\/documentos\/deliberacoes\/2012\/deliberacao_16_12.pdf\" target=\"_blank\" rel=\"noreferrer noopener\">Delibera\u00e7\u00e3o da C\u00e2mara de Gradua\u00e7\u00e3o n\u00ba 16\/2012<\/a><\/strong><br>Altera a distribui\u00e7\u00e3o da carga hor\u00e1ria da atividade acad\u00eamica 2BIB066 &#8211; Pol\u00edticas de Informa\u00e7\u00e3o, do curso de Gradua\u00e7\u00e3o em Biblioteconomia, curr\u00edculo 2010<\/p>\n\n\n\n<p><strong><a href=\"https:\/\/sites.uel.br\/prograd\/wp-content\/uploads\/documentos\/deliberacoes\/2012\/deliberacao_15_12.pdf\" target=\"_blank\" rel=\"noreferrer noopener\">Delibera\u00e7\u00e3o da C\u00e2mara de Gradua\u00e7\u00e3o n\u00ba 15\/2012<\/a><\/strong><br>Aprova o Regulamento Geral do Est\u00e1gio Curricular Obrigat\u00f3rio e n\u00e3o Obrigat\u00f3rio do Curso de Arquivologia<\/p>\n\n\n\n<p><strong><a href=\"https:\/\/sites.uel.br\/prograd\/wp-content\/uploads\/documentos\/deliberacoes\/2012\/deliberacao_14_12.pdf\" target=\"_blank\" rel=\"noreferrer noopener\">Delibera\u00e7\u00e3o da C\u00e2mara de Gradua\u00e7\u00e3o n\u00ba 14\/2012<\/a><\/strong><br>Altera de anual para o segundo semestre a oferta da Atividade Acad\u00eamica 6EST614 &#8211; Est\u00e1gio Supervisionado em Gest\u00e3o da Educa\u00e7\u00e3o Escolar, locada na 4\u00aa s\u00e9rie do curso de Pedagogia, curr\u00edculo 2010<\/p>\n\n\n\n<p><strong><a href=\"https:\/\/sites.uel.br\/prograd\/wp-content\/uploads\/documentos\/deliberacoes\/2012\/deliberacao_13_12.pdf\" target=\"_blank\" rel=\"noreferrer noopener\">Delibera\u00e7\u00e3o da C\u00e2mara de Gradua\u00e7\u00e3o n\u00ba 13\/2012<\/a><\/strong><br>Altera o Artigo 21 da Resolu\u00e7\u00e3o CEPE\/CA n\u00ba 0157\/2009, que disp\u00f5e sobre o Curso de Gradua\u00e7\u00e3o em Artes Visuais, Habilita\u00e7\u00e3o: Licenciatura<\/p>\n\n\n\n<p><strong><a href=\"https:\/\/sites.uel.br\/prograd\/wp-content\/uploads\/documentos\/deliberacoes\/2012\/deliberacao_12_12.pdf\" target=\"_blank\" rel=\"noreferrer noopener\">Delibera\u00e7\u00e3o da C\u00e2mara de Gradua\u00e7\u00e3o n\u00ba 12\/2012<\/a><\/strong><br>Aprova o Regulamento do Trabalho de Conclus\u00e3o do Curso &#8211; TCC, do Curso de Educa\u00e7\u00e3o F\u00edsica &#8211; Habilita\u00e7\u00e3o: Bacharelado, a vigorar a partir do ano letivo de 2012<\/p>\n\n\n\n<p><strong><a href=\"https:\/\/sites.uel.br\/prograd\/wp-content\/uploads\/documentos\/deliberacoes\/2012\/deliberacao_11_12.pdf\" target=\"_blank\" rel=\"noreferrer noopener\">Delibera\u00e7\u00e3o da C\u00e2mara de Gradua\u00e7\u00e3o n\u00ba 11\/2012<\/a><\/strong><br>Estabelece adequa\u00e7\u00f5es curriculares no curso de 2\u00aa Licenciatura em F\u00edsica, integrante do Programa Emergencial de Forma\u00e7\u00e3o de Professores em exerc\u00edcio na Educa\u00e7\u00e3o B\u00e1sica P\u00fablica, curr\u00edculo 2009<\/p>\n\n\n\n<p><strong><a href=\"https:\/\/sites.uel.br\/prograd\/wp-content\/uploads\/documentos\/deliberacoes\/2012\/deliberacao_10_12.pdf\" target=\"_blank\" rel=\"noreferrer noopener\">Delibera\u00e7\u00e3o da C\u00e2mara de Gradua\u00e7\u00e3o n\u00ba 10\/2012<\/a><\/strong><br>Altera a carga hor\u00e1ria das atividades acad\u00eamicas 9QUI008 &#8211; Qu\u00edmica Geral II e 9QUI009 &#8211; Qu\u00edmica Anal\u00edtica, do curso de 2\u00aa licenciatura em Qu\u00edmica, integrante do Programa Emergencial de Forma\u00e7\u00e3o de Professores em exerc\u00edcio na Educa\u00e7\u00e3o B\u00e1sica P\u00fablica, curr\u00edculo 2009<\/p>\n\n\n\n<p><strong><a href=\"https:\/\/sites.uel.br\/prograd\/wp-content\/uploads\/documentos\/deliberacoes\/2012\/deliberacao_09_12.pdf\" target=\"_blank\" rel=\"noreferrer noopener\">Delibera\u00e7\u00e3o da C\u00e2mara de Gradua\u00e7\u00e3o n\u00ba 09\/2012<\/a><\/strong><br>Altera a ementa da atividade acad\u00eamica 6PSI031 &#8211; Forma\u00e7\u00e3o do Bacharelado em Psicologia: Contribui\u00e7\u00f5es da Psicologia Social, locada na 3\u00aa s\u00e9rie do curso de Psicologia, habilita\u00e7\u00e3o: Bacharelado e Forma\u00e7\u00e3o de Psic\u00f3logo, curr\u00edculo 2010<\/p>\n\n\n\n<p><strong><a href=\"https:\/\/sites.uel.br\/prograd\/wp-content\/uploads\/documentos\/deliberacoes\/2012\/deliberacao_08_12.pdf\" target=\"_blank\" rel=\"noreferrer noopener\">Delibera\u00e7\u00e3o da C\u00e2mara de Gradua\u00e7\u00e3o n\u00ba 08\/2012<\/a><\/strong><br>Altera a composi\u00e7\u00e3o do Colegiado do Curso de Letras &#8211; Modalidade &#8211; Bacharelado, Habilita\u00e7\u00e3o: L\u00edngua e Cultura Francesas e Modalidade &#8211; Licenciatura, Habilita\u00e7\u00f5es: L\u00edngua Espanhola e Literatura Hisp\u00e2nica; L\u00edngua Inglesa e Literaturas em L\u00edngua Inglesa<\/p>\n\n\n\n<p><strong><a href=\"https:\/\/sites.uel.br\/prograd\/wp-content\/uploads\/documentos\/deliberacoes\/2012\/deliberacao_07_12.pdf\" target=\"_blank\" rel=\"noreferrer noopener\">Delibera\u00e7\u00e3o da C\u00e2mara de Gradua\u00e7\u00e3o n\u00ba 07\/2012<\/a><\/strong><br>Aprova o Regulamento Geral do Est\u00e1gio Curricular Obrigat\u00f3rio do Curso de Fisioterapia<\/p>\n\n\n\n<p><strong><a href=\"https:\/\/sites.uel.br\/prograd\/wp-content\/uploads\/documentos\/deliberacoes\/2012\/deliberacao_06_12.pdf\" target=\"_blank\" rel=\"noreferrer noopener\">Delibera\u00e7\u00e3o da C\u00e2mara de Gradua\u00e7\u00e3o n\u00ba 06\/2012<\/a><\/strong><br>Aprova o Regulamento do Trabalho de Conclus\u00e3o do Curso de Arquivologia, a vigorar a partir do ano letivo de 2012<\/p>\n\n\n\n<p><strong><a href=\"https:\/\/sites.uel.br\/prograd\/wp-content\/uploads\/documentos\/deliberacoes\/2012\/deliberacao_05_12.pdf\" target=\"_blank\" rel=\"noreferrer noopener\">Delibera\u00e7\u00e3o da C\u00e2mara de Gradua\u00e7\u00e3o n\u00ba 05\/2012<\/a><\/strong><br>Estabelece adequa\u00e7\u00f5es curriculares no curso de Segunda Licenciatura em Artes Visuais, integrante do Programa Emergencial de Forma\u00e7\u00e3o de Professores em exerc\u00edcio na Educa\u00e7\u00e3o B\u00e1sica P\u00fablica, a vigorar para os novos integrantes a partir do ano letivo de 2012<\/p>\n\n\n\n<p><strong><a href=\"https:\/\/sites.uel.br\/prograd\/wp-content\/uploads\/documentos\/deliberacoes\/2012\/deliberacao_04_12.pdf\" target=\"_blank\" rel=\"noreferrer noopener\">Delibera\u00e7\u00e3o da C\u00e2mara de Gradua\u00e7\u00e3o n\u00ba 04\/2012<\/a><\/strong><br>Altera o semestre de oferta das Atividades Acad\u00eamicas 6MUT038 &#8211; \u00c9tica, Legisla\u00e7\u00e3o e Produ\u00e7\u00e3o Teatral e 6MUT039 &#8211; T\u00e9cnicas e M\u00e9todos de Pesquisa, locadas na 2\u00aa s\u00e9rie do curso de Gradua\u00e7\u00e3o em Artes C\u00eanicas, curr\u00edculo 2010, a vigorar a partir do ano letivo de 2012<\/p>\n\n\n\n<p><strong><a href=\"https:\/\/sites.uel.br\/prograd\/wp-content\/uploads\/documentos\/deliberacoes\/2012\/deliberacao_03_12.pdf\" target=\"_blank\" rel=\"noreferrer noopener\">Delibera\u00e7\u00e3o da C\u00e2mara de Gradua\u00e7\u00e3o n\u00ba 03\/2012<\/a><\/strong><br>Aprova o Regulamento do Trabalho de Conclus\u00e3o do Curso de Direito a vigorar a partir do ano letivo de 2012<\/p>\n\n\n\n<p><strong><a href=\"https:\/\/sites.uel.br\/prograd\/wp-content\/uploads\/documentos\/deliberacoes\/2012\/deliberacao_02_12.pdf\" target=\"_blank\" rel=\"noreferrer noopener\">Delibera\u00e7\u00e3o da C\u00e2mara de Gradua\u00e7\u00e3o n\u00ba 02\/2012<\/a><\/strong><br>Altera a vincula\u00e7\u00e3o departamental da Atividade Acad\u00eamica 6FIT046 Fisioterapia Uro-Ginecol\u00f3gica e Obst\u00e9trica, locada na 3\u00aa s\u00e9rie do curso de Fisioterapia, curr\u00edculo 2010, a vigorar a partir do ano letivo de 2012<\/p>\n\n\n\n<p><strong><a href=\"https:\/\/sites.uel.br\/prograd\/wp-content\/uploads\/documentos\/deliberacoes\/2012\/deliberacao_01_12.pdf\" target=\"_blank\" rel=\"noreferrer noopener\">Delibera\u00e7\u00e3o da C\u00e2mara de Gradua\u00e7\u00e3o n\u00ba 01\/2012<\/a><\/strong><br>Estabelece adequa\u00e7\u00f5es curriculares no curso de Gradua\u00e7\u00e3o em Psicologia, Habilita\u00e7\u00f5es: Bacharelado e Forma\u00e7\u00e3o de Psic\u00f3logo, curr\u00edculo 2012<\/p>\n","protected":false},"excerpt":{"rendered":"<p>2012 Delibera\u00e7\u00e3o da C\u00e2mara de Gradua\u00e7\u00e3o n\u00ba 36\/2012Ratifica a s\u00e9rie e semestre de oferta da Atividade Acad\u00eamica L\u00edngua Brasileira de Sinais &#8211; Libras, no Curso de Educa\u00e7\u00e3o F\u00edsica &#8211; Habilita\u00e7\u00e3o: Licenciatura, a partir do ano letivo de 2013 Delibera\u00e7\u00e3o da C\u00e2mara de Gradua\u00e7\u00e3o n\u00ba 35\/2012Estabelece adequa\u00e7\u00f5es curriculares para o curso de Gradua\u00e7\u00e3o em Farm\u00e1cia, a [&hellip;]<\/p>\n","protected":false},"author":8,"featured_media":0,"parent":0,"menu_order":0,"comment_status":"closed","ping_status":"closed","template":"","meta":{"_acf_changed":false,"_themeisle_gutenberg_block_has_review":false,"footnotes":""},"class_list":["post-1909","page","type-page","status-publish","hentry"],"acf":[],"_links":{"self":[{"href":"https:\/\/sites.uel.br\/prograd\/wp-json\/wp\/v2\/pages\/1909","targetHints":{"allow":["GET"]}}],"collection":[{"href":"https:\/\/sites.uel.br\/prograd\/wp-json\/wp\/v2\/pages"}],"about":[{"href":"https:\/\/sites.uel.br\/prograd\/wp-json\/wp\/v2\/types\/page"}],"author":[{"embeddable":true,"href":"https:\/\/sites.uel.br\/prograd\/wp-json\/wp\/v2\/users\/8"}],"replies":[{"embeddable":true,"href":"https:\/\/sites.uel.br\/prograd\/wp-json\/wp\/v2\/comments?post=1909"}],"version-history":[{"count":13,"href":"https:\/\/sites.uel.br\/prograd\/wp-json\/wp\/v2\/pages\/1909\/revisions"}],"predecessor-version":[{"id":30225,"href":"https:\/\/sites.uel.br\/prograd\/wp-json\/wp\/v2\/pages\/1909\/revisions\/30225"}],"wp:attachment":[{"href":"https:\/\/sites.uel.br\/prograd\/wp-json\/wp\/v2\/media?parent=1909"}],"curies":[{"name":"wp","href":"https:\/\/api.w.org\/{rel}","templated":true}]}}