{"id":1903,"date":"2023-03-30T16:32:35","date_gmt":"2023-03-30T19:32:35","guid":{"rendered":"https:\/\/sites.uel.br\/prograd\/?page_id=1903"},"modified":"2024-02-02T16:25:08","modified_gmt":"2024-02-02T19:25:08","slug":"deliberacoes-camara-de-graduacao-2015","status":"publish","type":"page","link":"https:\/\/sites.uel.br\/prograd\/deliberacoes-camara-de-graduacao-2015\/","title":{"rendered":"Delibera\u00e7\u00f5es (C\u00e2mara de Gradua\u00e7\u00e3o)"},"content":{"rendered":"\n<hr class=\"wp-block-separator has-alpha-channel-opacity is-style-wide\"\/>\n\n\n\n<h3 class=\"wp-block-heading\">2015<\/h3>\n\n\n\n<div style=\"height:20px\" aria-hidden=\"true\" class=\"wp-block-spacer\"><\/div>\n\n\n\n<p><strong><a href=\"https:\/\/sites.uel.br\/prograd\/wp-content\/uploads\/documentos\/deliberacoes\/2015\/deliberacao_26_15.pdf\" target=\"_blank\" rel=\"noreferrer noopener\">Delibera\u00e7\u00e3o da C\u00e2mara de Gradua\u00e7\u00e3o n\u00ba 26\/2015<\/a><\/strong><br>Aprova o Regulamento do Trabalho de Conclus\u00e3o do Curso de Gradua\u00e7\u00e3o em Rela\u00e7\u00f5es P\u00fablicas, a vigorar a partir do ano letivo de 2016<\/p>\n\n\n\n<p><strong><a href=\"https:\/\/sites.uel.br\/prograd\/wp-content\/uploads\/documentos\/deliberacoes\/2015\/deliberacao_25_15.pdf\" target=\"_blank\" rel=\"noreferrer noopener\">Delibera\u00e7\u00e3o da C\u00e2mara de Gradua\u00e7\u00e3o n\u00ba 25\/2015<\/a><\/strong><br>Estabelece adequa\u00e7\u00f5es curriculares no Curso de Gradua\u00e7\u00e3o em Ci\u00eancias Sociais &#8211; Habilita\u00e7\u00e3o Bacharelado e Licenciatura, curr\u00edculo 2010, a vigorar a partir do ano letivo de 2016<\/p>\n\n\n\n<p><strong><a href=\"https:\/\/sites.uel.br\/prograd\/wp-content\/uploads\/documentos\/deliberacoes\/2015\/deliberacao_24_15.pdf\" target=\"_blank\" rel=\"noreferrer noopener\">Delibera\u00e7\u00e3o da C\u00e2mara de Gradua\u00e7\u00e3o n\u00ba 24\/2015<\/a><\/strong><br>Estabelece adequa\u00e7\u00f5es curriculares no Curso de Gradua\u00e7\u00e3o em Zootecnia, curr\u00edculo 2014<\/p>\n\n\n\n<p><strong><a href=\"https:\/\/sites.uel.br\/prograd\/wp-content\/uploads\/documentos\/deliberacoes\/2015\/deliberacao_23_15.pdf\" target=\"_blank\" rel=\"noreferrer noopener\">Delibera\u00e7\u00e3o da C\u00e2mara de Gradua\u00e7\u00e3o n\u00ba 23\/2015<\/a><\/strong><br>Estabelece adequa\u00e7\u00f5es curriculares no Curso de Gradua\u00e7\u00e3o em M\u00fasica, curr\u00edculo 2010<\/p>\n\n\n\n<p><strong><a href=\"https:\/\/sites.uel.br\/prograd\/wp-content\/uploads\/documentos\/deliberacoes\/2015\/deliberacao_22_15.pdf\" target=\"_blank\" rel=\"noreferrer noopener\">Delibera\u00e7\u00e3o da C\u00e2mara de Gradua\u00e7\u00e3o n\u00ba 22\/2015<\/a><\/strong><br>Estabelece adequa\u00e7\u00f5es curriculares no Curso de Gradua\u00e7\u00e3o em Filosofia &#8211; Habilita\u00e7\u00e3o Licenciatura, curr\u00edculo 2010<\/p>\n\n\n\n<p><strong><a href=\"https:\/\/sites.uel.br\/prograd\/wp-content\/uploads\/documentos\/deliberacoes\/2015\/deliberacao_21_15.pdf\" target=\"_blank\" rel=\"noreferrer noopener\">Delibera\u00e7\u00e3o da C\u00e2mara de Gradua\u00e7\u00e3o n\u00ba 21\/2015<\/a><\/strong><br>Estabelece adequa\u00e7\u00f5es curriculares no curso de Gradua\u00e7\u00e3o em Design de Moda, curr\u00edculo 2010<\/p>\n\n\n\n<p><strong><a href=\"https:\/\/sites.uel.br\/prograd\/wp-content\/uploads\/documentos\/deliberacoes\/2015\/deliberacao_20_15.pdf\" target=\"_blank\" rel=\"noreferrer noopener\">Delibera\u00e7\u00e3o da C\u00e2mara de Gradua\u00e7\u00e3o n\u00ba 20\/2015<\/a><\/strong><br>Estabelece adequa\u00e7\u00f5es curriculares no Curso de Gradua\u00e7\u00e3o em F\u00edsica, Habita\u00e7\u00f5es: Bacharelado e Licenciatura<\/p>\n\n\n\n<p><strong><a href=\"https:\/\/sites.uel.br\/prograd\/wp-content\/uploads\/documentos\/deliberacoes\/2015\/deliberacao_19_15.pdf\" target=\"_blank\" rel=\"noreferrer noopener\">Delibera\u00e7\u00e3o da C\u00e2mara de Gradua\u00e7\u00e3o n\u00ba 19\/2015<\/a><\/strong><br>Estabelece procedimentos de inscri\u00e7\u00e3o e crit\u00e9rios \u00e0s op\u00e7\u00f5es de est\u00e1gio ofertadas nas 4\u00aa e 5\u00aa s\u00e9ries do Curso de Direito, no Escrit\u00f3rio de Aplica\u00e7\u00e3o de Assuntos Jur\u00eddicos (EAAJ)<\/p>\n\n\n\n<p><strong><a href=\"https:\/\/sites.uel.br\/prograd\/wp-content\/uploads\/documentos\/deliberacoes\/2015\/deliberacao_18_15.pdf\" target=\"_blank\" rel=\"noreferrer noopener\">Delibera\u00e7\u00e3o da C\u00e2mara de Gradua\u00e7\u00e3o n\u00ba 18\/2015<\/a><\/strong><br>Aprova o Regulamento Geral do Est\u00e1gio Curricular Obrigat\u00f3rio do Curso de Biblioteconomia<\/p>\n\n\n\n<p><strong><a href=\"https:\/\/sites.uel.br\/prograd\/wp-content\/uploads\/documentos\/deliberacoes\/2015\/deliberacao_17_15.pdf\" target=\"_blank\" rel=\"noreferrer noopener\">Delibera\u00e7\u00e3o da C\u00e2mara de Gradua\u00e7\u00e3o n\u00ba 17\/2015<\/a><\/strong><br>Altera a composi\u00e7\u00e3o do Colegiado do Curso de Educa\u00e7\u00e3o F\u00edsica &#8211; Habilita\u00e7\u00e3o: Bacharelado<\/p>\n\n\n\n<p><strong><a href=\"https:\/\/sites.uel.br\/prograd\/wp-content\/uploads\/documentos\/deliberacoes\/2015\/deliberacao_16_15.pdf\" target=\"_blank\" rel=\"noreferrer noopener\">Delibera\u00e7\u00e3o da C\u00e2mara de Gradua\u00e7\u00e3o n\u00ba 16\/2015<\/a><\/strong><br>Altera a distribui\u00e7\u00e3o da carga hor\u00e1ria das atividades acad\u00eamicas locadas nas 3\u00aa e 4\u00aa s\u00e9ries do Curso de Gradua\u00e7\u00e3o em Enfermagem, curr\u00edculo 2010<\/p>\n\n\n\n<p><strong><a href=\"https:\/\/sites.uel.br\/prograd\/wp-content\/uploads\/documentos\/deliberacoes\/2015\/deliberacao_15_15.pdf\" target=\"_blank\" rel=\"noreferrer noopener\">Delibera\u00e7\u00e3o da C\u00e2mara de Gradua\u00e7\u00e3o n\u00ba 15\/2015<\/a><\/strong><br>Aprova o Regulamento do NDE &#8211; N\u00facleo Docente Estruturante, do Curso de Letras Ingl\u00eas &#8211; Modalidade: Licenciatura &#8211; Habilita\u00e7\u00e3o: L\u00edngua Inglesa e Literaturas em L\u00edngua Inglesa; Letras Espanhol &#8211; Modalidade: Licenciatura &#8211; Habilita\u00e7\u00e3o: L\u00edngua Espanhola e Literatura Hisp\u00e2nica e Letras Franc\u00eas &#8211; Modalidade: Bacharelado &#8211; Habilita\u00e7\u00e3o: L\u00edngua e Cultura Francesas<\/p>\n\n\n\n<p><strong><a href=\"https:\/\/sites.uel.br\/prograd\/wp-content\/uploads\/documentos\/deliberacoes\/2015\/deliberacao_14_15.pdf\" target=\"_blank\" rel=\"noreferrer noopener\">Delibera\u00e7\u00e3o da C\u00e2mara de Gradua\u00e7\u00e3o n\u00ba 14\/2015<\/a><\/strong><br>Aprova o Regulamento de Est\u00e1gio Curricular Obrigat\u00f3rio do Curso de Gradua\u00e7\u00e3o em Matem\u00e9tica da Universidade Estadual de Londrina &#8211; Habilita\u00e7\u00e3o Licenciatura<\/p>\n\n\n\n<p><strong><a href=\"https:\/\/sites.uel.br\/prograd\/wp-content\/uploads\/documentos\/deliberacoes\/2015\/deliberacao_13_15.pdf\" target=\"_blank\" rel=\"noreferrer noopener\">Delibera\u00e7\u00e3o da C\u00e2mara de Gradua\u00e7\u00e3o n\u00ba 13\/2015<\/a><\/strong><br>Aprova o Regulamento de Est\u00e1gio Curricular Obrigat\u00f3rio e N\u00e3o Obrigat\u00f3rio dos Cursos de Gradua\u00e7\u00e3o em Letras Ingl\u00eas &#8211; Modalidade: Licenciatura &#8211; Habilita\u00e7\u00e3o: L\u00edngua Inglesa e Literaturas em L\u00edngua Inglesa, Letras Espanhol &#8211; Modalidade: Licenciatura &#8211; Habilita\u00e7\u00e3o: L\u00edngua Espanhola e Literatura Hisp\u00e2nica e Letras Franc\u00eas &#8211; Modalidade: Bacharelado &#8211; Habilita\u00e7\u00e3o: L\u00edngua e Cultura Francesas<\/p>\n\n\n\n<p><strong><a href=\"https:\/\/sites.uel.br\/prograd\/wp-content\/uploads\/documentos\/deliberacoes\/2015\/deliberacao_12_15.pdf\" target=\"_blank\" rel=\"noreferrer noopener\">Delibera\u00e7\u00e3o da C\u00e2mara de Gradua\u00e7\u00e3o n\u00ba 12\/2015<\/a><\/strong><br>Altera o nome e a ementa das atividades acad\u00eamicas 6DES161 Detec\u00e7\u00e3o, Sele\u00e7\u00e3o e Promo\u00e7\u00e3o de Talento Esportivo, 6DES162 Dimens\u00f5es Profissionais do Esporte, 6DES163 Esporte de Aventura, 6DES164 Esporte para Popula\u00e7\u00f5es Especiais, 6DES166 M\u00e9todos de Ensino-Aprendizagem dos Esportes, 6DES167 Planejamento e Dire\u00e7\u00e3o de Equipes e Esporte, 6DES168 Treinamento Esportivo II, 6DES169 Gest\u00e3o Esportiva, 6TCC908 Trabalho de Conclus\u00e3o de Curso e 6EST921 Est\u00e1gio Supervisionado em Esporte II, do curso de Gradua\u00e7\u00e3o em Esporte, curr\u00edculo 2012<\/p>\n\n\n\n<p><strong><a href=\"https:\/\/sites.uel.br\/prograd\/wp-content\/uploads\/documentos\/deliberacoes\/2015\/deliberacao_11_15.pdf\" target=\"_blank\" rel=\"noreferrer noopener\">Delibera\u00e7\u00e3o da C\u00e2mara de Gradua\u00e7\u00e3o n\u00ba 11\/2015<\/a><\/strong><br>Altera a ementa das atividades acad\u00eamicas 6ART023 Express\u00e3o Tridimensional Contempor\u00e2nea e 6ART039 Pol\u00edticas de A\u00e7\u00e3o Cultural, do curso de Gradua\u00e7\u00e3o em Artes Visuais, curr\u00edculo 2012<\/p>\n\n\n\n<p><strong><a href=\"https:\/\/sites.uel.br\/prograd\/wp-content\/uploads\/documentos\/deliberacoes\/2015\/deliberacao_10_15.pdf\" target=\"_blank\" rel=\"noreferrer noopener\">Delibera\u00e7\u00e3o da C\u00e2mara de Gradua\u00e7\u00e3o n\u00ba 10\/2015<\/a><\/strong><br>Altera a ementa da atividade acad\u00eamica 5EMA081 &#8211; Probabilidade e Processos Estoc\u00e1sticos, do curso de Gradua\u00e7\u00e3o em Ci\u00eancia da Computa\u00e7\u00e3o, curr\u00edculo 2014<\/p>\n\n\n\n<p><strong><a href=\"https:\/\/sites.uel.br\/prograd\/wp-content\/uploads\/documentos\/deliberacoes\/2015\/deliberacao_09_15.pdf\" target=\"_blank\" rel=\"noreferrer noopener\">Delibera\u00e7\u00e3o da C\u00e2mara de Gradua\u00e7\u00e3o n\u00ba 09\/2015<\/a><\/strong><br>Exclui, da categoria de atividade acad\u00eamica essencial do curso de Design Gr\u00e1fico, 6DGN092 &#8211; Criatividade<\/p>\n\n\n\n<p><strong><a href=\"https:\/\/sites.uel.br\/prograd\/wp-content\/uploads\/documentos\/deliberacoes\/2015\/deliberacao_08_15.pdf\" target=\"_blank\" rel=\"noreferrer noopener\">Delibera\u00e7\u00e3o da C\u00e2mara de Gradua\u00e7\u00e3o n\u00ba 08\/2015<\/a><\/strong><br>Altera o regime de depend\u00eancia do Curso de Geografia, Habilita\u00e7\u00f5es Bacharelado e Licenciatura<\/p>\n\n\n\n<p><strong><a href=\"https:\/\/sites.uel.br\/prograd\/wp-content\/uploads\/documentos\/deliberacoes\/2015\/deliberacao_07_15.pdf\" target=\"_blank\" rel=\"noreferrer noopener\">Delibera\u00e7\u00e3o da C\u00e2mara de Gradua\u00e7\u00e3o n\u00ba 07\/2015<\/a><\/strong><br>Altera o regime de depend\u00eancia do Curso de Filosofia &#8211; Habilita\u00e7\u00e3o Licenciatura<\/p>\n\n\n\n<p><strong><a href=\"https:\/\/sites.uel.br\/prograd\/wp-content\/uploads\/documentos\/deliberacoes\/2015\/deliberacao_06_15.pdf\" target=\"_blank\" rel=\"noreferrer noopener\">Delibera\u00e7\u00e3o da C\u00e2mara de Gradua\u00e7\u00e3o n\u00ba 06\/2015<\/a><\/strong><br>Inclui Libras &#8211; L\u00edngua Brasileira de Sinais como disciplina especial no Projeto Pedag\u00f3gico do Curso de Rela\u00e7\u00f5es P\u00fablicas, a partir do ano letivo de 2015<\/p>\n\n\n\n<p><strong><a href=\"https:\/\/sites.uel.br\/prograd\/wp-content\/uploads\/documentos\/deliberacoes\/2015\/deliberacao_05_15.pdf\" target=\"_blank\" rel=\"noreferrer noopener\">Delibera\u00e7\u00e3o da C\u00e2mara de Gradua\u00e7\u00e3o n\u00ba 05\/2015<\/a><\/strong><br>Exclui da categoria de atividade acad\u00eamica essencial do curso de Secretariado Executivo 6SEC012 &#8211; Elabora\u00e7\u00e3o e Desenvolvimento de Pr\u00e9-Projeto de Est\u00e1gio<\/p>\n\n\n\n<p><strong><a href=\"https:\/\/sites.uel.br\/prograd\/wp-content\/uploads\/documentos\/deliberacoes\/2015\/deliberacao_04_15.pdf\" target=\"_blank\" rel=\"noreferrer noopener\">Delibera\u00e7\u00e3o da C\u00e2mara de Gradua\u00e7\u00e3o n\u00ba 04\/2015<\/a><\/strong><br>Aprova o Regulamento interno do NDE &#8211; N\u00facleo Docente Estruturante, do Curso de Gradua\u00e7\u00e3o em Rela\u00e7\u00f5es P\u00fablicas<\/p>\n\n\n\n<p><strong><a href=\"https:\/\/sites.uel.br\/prograd\/wp-content\/uploads\/documentos\/deliberacoes\/2015\/deliberacao_03_15.pdf\" target=\"_blank\" rel=\"noreferrer noopener\">Delibera\u00e7\u00e3o da C\u00e2mara de Gradua\u00e7\u00e3o n\u00ba 03\/2015<\/a><\/strong><br>Altera a distribui\u00e7\u00e3o da carga hor\u00e1ria da atividade acad\u00eamica 6MOD060 &#8211; Aten\u00e7\u00e3o Odontol\u00f3gica Integral, do Curso de Gradua\u00e7\u00e3o em Odontologia, curr\u00edculo 2010<\/p>\n\n\n\n<p><strong><a href=\"https:\/\/sites.uel.br\/prograd\/wp-content\/uploads\/documentos\/deliberacoes\/2015\/deliberacao_02_15.pdf\" target=\"_blank\" rel=\"noreferrer noopener\">Delibera\u00e7\u00e3o da C\u00e2mara de Gradua\u00e7\u00e3o n\u00ba 02\/2015<\/a><\/strong><br>Altera a distribui\u00e7\u00e3o da carga hor\u00e1ria da atividade acad\u00eamica 6HIT022 &#8211; Histologia, do curso de Gradua\u00e7\u00e3o em Psicologia<\/p>\n\n\n\n<p><strong><a href=\"https:\/\/sites.uel.br\/prograd\/wp-content\/uploads\/documentos\/deliberacoes\/2015\/deliberacao_01_15.pdf\" target=\"_blank\" rel=\"noreferrer noopener\">Delibera\u00e7\u00e3o da C\u00e2mara de Gradua\u00e7\u00e3o n\u00ba 01\/2015<\/a><\/strong><br>Altera o per\u00edodo de oferta das atividades acad\u00eamicas 2LEM013 &#8211; L\u00edngua Inglesa Aplicada \u00e0 Ci\u00eancia da Informa\u00e7\u00e3o e 2LEM014 &#8211; L\u00edngua Espanhola Aplicada \u00e0 Ci\u00eancia da Informa\u00e7\u00e3o, do curso de Gradua\u00e7\u00e3o em Arquivologia<\/p>\n\n","protected":false},"excerpt":{"rendered":"<p>2015 Delibera\u00e7\u00e3o da C\u00e2mara de Gradua\u00e7\u00e3o n\u00ba 26\/2015Aprova o Regulamento do Trabalho de Conclus\u00e3o do Curso de Gradua\u00e7\u00e3o em Rela\u00e7\u00f5es P\u00fablicas, a vigorar a partir do ano letivo de 2016 Delibera\u00e7\u00e3o da C\u00e2mara de Gradua\u00e7\u00e3o n\u00ba 25\/2015Estabelece adequa\u00e7\u00f5es curriculares no Curso de Gradua\u00e7\u00e3o em Ci\u00eancias Sociais &#8211; Habilita\u00e7\u00e3o Bacharelado e Licenciatura, curr\u00edculo 2010, a vigorar [&hellip;]<\/p>\n","protected":false},"author":8,"featured_media":0,"parent":0,"menu_order":0,"comment_status":"closed","ping_status":"closed","template":"","meta":{"_acf_changed":false,"_themeisle_gutenberg_block_has_review":false,"footnotes":""},"class_list":["post-1903","page","type-page","status-publish","hentry"],"acf":[],"_links":{"self":[{"href":"https:\/\/sites.uel.br\/prograd\/wp-json\/wp\/v2\/pages\/1903","targetHints":{"allow":["GET"]}}],"collection":[{"href":"https:\/\/sites.uel.br\/prograd\/wp-json\/wp\/v2\/pages"}],"about":[{"href":"https:\/\/sites.uel.br\/prograd\/wp-json\/wp\/v2\/types\/page"}],"author":[{"embeddable":true,"href":"https:\/\/sites.uel.br\/prograd\/wp-json\/wp\/v2\/users\/8"}],"replies":[{"embeddable":true,"href":"https:\/\/sites.uel.br\/prograd\/wp-json\/wp\/v2\/comments?post=1903"}],"version-history":[{"count":11,"href":"https:\/\/sites.uel.br\/prograd\/wp-json\/wp\/v2\/pages\/1903\/revisions"}],"predecessor-version":[{"id":20240,"href":"https:\/\/sites.uel.br\/prograd\/wp-json\/wp\/v2\/pages\/1903\/revisions\/20240"}],"wp:attachment":[{"href":"https:\/\/sites.uel.br\/prograd\/wp-json\/wp\/v2\/media?parent=1903"}],"curies":[{"name":"wp","href":"https:\/\/api.w.org\/{rel}","templated":true}]}}