{"id":1901,"date":"2023-03-30T16:32:25","date_gmt":"2023-03-30T19:32:25","guid":{"rendered":"https:\/\/sites.uel.br\/prograd\/?page_id=1901"},"modified":"2024-04-25T09:04:21","modified_gmt":"2024-04-25T12:04:21","slug":"deliberacoes-camara-de-graduacao-2016","status":"publish","type":"page","link":"https:\/\/sites.uel.br\/prograd\/deliberacoes-camara-de-graduacao-2016\/","title":{"rendered":"Delibera\u00e7\u00f5es (C\u00e2mara de Gradua\u00e7\u00e3o)"},"content":{"rendered":"\n<hr class=\"wp-block-separator has-alpha-channel-opacity is-style-wide\"\/>\n\n\n\n<h3 class=\"wp-block-heading\">2016<\/h3>\n\n\n\n<div style=\"height:20px\" aria-hidden=\"true\" class=\"wp-block-spacer\"><\/div>\n\n\n\n<p><strong><a href=\"https:\/\/sites.uel.br\/prograd\/wp-content\/uploads\/documentos\/deliberacoes\/2016\/deliberacao_27_16.pdf\" target=\"_blank\" rel=\"noreferrer noopener\">Delibera\u00e7\u00e3o da C\u00e2mara de Gradua\u00e7\u00e3o n\u00ba 27\/2016<\/a><\/strong><br>Altera a distribui\u00e7\u00e3o da carga hor\u00e1ria da atividade acad\u00eamica 6NIC211 &#8211; Cultura Organizacional, do curso de gradua\u00e7\u00e3o em Rela\u00e7\u00f5es P\u00fablicas, curr\u00edculo 2016<\/p>\n\n\n\n<p><strong><a href=\"https:\/\/sites.uel.br\/prograd\/wp-content\/uploads\/documentos\/deliberacoes\/2016\/deliberacao_26_16.pdf\" target=\"_blank\" rel=\"noreferrer noopener\">Delibera\u00e7\u00e3o da C\u00e2mara de Gradua\u00e7\u00e3o n\u00ba 26\/2016<\/a><\/strong><br>Altera a ementa das atividades acad\u00eamicas 1SOC729 &#8211; Introdu\u00e7\u00e3o \u00e0 Antropologia, 1 SOC733 &#8211; Antropologia I, 1SOC737 &#8211; Antropologia II e 1SOC741 &#8211; Antropologia III, do curso de gradua\u00e7\u00e3o em Ci\u00eancias Sociais, Habilita\u00e7\u00f5es: Bacharelado e Licenciatura, curr\u00edculo 2010<\/p>\n\n\n\n<p><strong><a href=\"https:\/\/sites.uel.br\/prograd\/wp-content\/uploads\/documentos\/deliberacoes\/2016\/deliberacao_25_16.pdf\" target=\"_blank\" rel=\"noreferrer noopener\">Delibera\u00e7\u00e3o da C\u00e2mara de Gradua\u00e7\u00e3o n\u00ba 25\/2016<\/a><\/strong><br>Altera a ementa da Atividade Acad\u00eamica 6EST229 &#8211; Pr\u00e1tica em A\u00e7\u00e3o Docente, do Curso de Gradua\u00e7\u00e3o em Biomedicina, curr\u00edculo 2017<\/p>\n\n\n\n<p><strong><a href=\"https:\/\/sites.uel.br\/prograd\/wp-content\/uploads\/documentos\/deliberacoes\/2016\/deliberacao_24_16.pdf\" target=\"_blank\" rel=\"noreferrer noopener\">Delibera\u00e7\u00e3o da C\u00e2mara de Gradua\u00e7\u00e3o n\u00ba 24\/2016<\/a><\/strong><br>Estabelece adequa\u00e7\u00f5es curriculares no curso de gradua\u00e7\u00e3o em Psicologia, curr\u00edculo 2014<\/p>\n\n\n\n<p><strong><a href=\"https:\/\/sites.uel.br\/prograd\/wp-content\/uploads\/documentos\/deliberacoes\/2016\/deliberacao_23_16.pdf\" target=\"_blank\" rel=\"noreferrer noopener\">Delibera\u00e7\u00e3o da C\u00e2mara de Gradua\u00e7\u00e3o n\u00ba 23\/2016<\/a><\/strong><br>Estabelece adequa\u00e7\u00f5es curriculares no curso de gradua\u00e7\u00e3o em Ci\u00eancias Biol\u00f3gicas, habilita\u00e7\u00f5es: bacharelado e licenciatura, curr\u00edculos 2010 e 2015<\/p>\n\n\n\n<p><strong><a href=\"https:\/\/sites.uel.br\/prograd\/wp-content\/uploads\/documentos\/deliberacoes\/2016\/deliberacao_22_16.pdf\" target=\"_blank\" rel=\"noreferrer noopener\">Delibera\u00e7\u00e3o da C\u00e2mara de Gradua\u00e7\u00e3o n\u00ba 22\/2016<\/a><\/strong><br>Estabelece adequa\u00e7\u00f5es curriculares no curso de gradua\u00e7\u00e3o em Artes Visuais, curr\u00edculo 2012<\/p>\n\n\n\n<p><strong><a href=\"https:\/\/sites.uel.br\/prograd\/wp-content\/uploads\/documentos\/deliberacoes\/2016\/deliberacao_21_16.pdf\" target=\"_blank\" rel=\"noreferrer noopener\">Delibera\u00e7\u00e3o da C\u00e2mara de Gradua\u00e7\u00e3o n\u00ba 21\/2016<\/a><\/strong><br>Altera a ementa da atividade acad\u00eamica 6CIN036 &#8211; Recursos de Informa\u00e7\u00e3o para a Pesquisa Cient\u00edfica, do curso de Gradua\u00e7\u00e3o em Rela\u00e7\u00f5es P\u00fablicas, curr\u00edculo 2016<\/p>\n\n\n\n<p><strong><a href=\"https:\/\/sites.uel.br\/prograd\/wp-content\/uploads\/documentos\/deliberacoes\/2016\/deliberacao_20_16.pdf\" target=\"_blank\" rel=\"noreferrer noopener\">Delibera\u00e7\u00e3o da C\u00e2mara de Gradua\u00e7\u00e3o n\u00ba 20\/2016<\/a><\/strong><br>Estabelece adequa\u00e7\u00f5es curriculares no curso de gradua\u00e7\u00e3o em Qu\u00edmica, habilita\u00e7\u00e3o: bacharelado e bacharelado com op\u00e7\u00e3o em Qu\u00edmica Tecnol\u00f3gica, curr\u00edculo 2014<\/p>\n\n\n\n<p><strong><a href=\"https:\/\/sites.uel.br\/prograd\/wp-content\/uploads\/documentos\/deliberacoes\/2016\/deliberacao_19_16.pdf\" target=\"_blank\" rel=\"noreferrer noopener\">Delibera\u00e7\u00e3o da C\u00e2mara de Gradua\u00e7\u00e3o n\u00ba 19\/2016<\/a><\/strong><br>Aprova o Regulamento de Est\u00e1gio Curricular Obrigat\u00f3rio do Curso de Ci\u00eancias Biol\u00f3gicas, Habilita\u00e7\u00e3o Bacharelado<\/p>\n\n\n\n<p><strong><a href=\"https:\/\/sites.uel.br\/prograd\/wp-content\/uploads\/documentos\/deliberacoes\/2016\/deliberacao_18_16.pdf\" target=\"_blank\" rel=\"noreferrer noopener\">Delibera\u00e7\u00e3o da C\u00e2mara de Gradua\u00e7\u00e3o n\u00ba 18\/2016<\/a><\/strong><br>Revoga o artigo 18 da Resolu\u00e7\u00e3o CEPE n\u00ba 0255\/2009, que classifica como &#8220;essenciais&#8221; as atividades acad\u00eamicas de natureza obrigat\u00f3rias especiais 6EST905 &#8211; Est\u00e1gio Curricular Supervisionado I e 6EST906 &#8211; Est\u00e1gio Curricular Supervisionado II, do curso de Gradua\u00e7\u00e3o em Educa\u00e7\u00e3o F\u00edsica &#8211; Habilita\u00e7\u00e3o: Licenciatura<\/p>\n\n\n\n<p><strong><a href=\"https:\/\/sites.uel.br\/prograd\/wp-content\/uploads\/documentos\/deliberacoes\/2016\/deliberacao_17_16.pdf\" target=\"_blank\" rel=\"noreferrer noopener\">Delibera\u00e7\u00e3o da C\u00e2mara de Gradua\u00e7\u00e3o n\u00ba 17\/2016<\/a><\/strong><br>Altera a ementa da atividade acad\u00eamica 6FIL041 Manifesta\u00e7\u00f5es Filos\u00f3ficas de Express\u00e3o Francesa A, do curso de gradua\u00e7\u00e3o em Letras Franc\u00eas &#8211; Modalidade Bacharelado, Habilita\u00e7\u00e3o em L\u00edngua e Cultura Francesas, curr\u00edculo 2010<\/p>\n\n\n\n<p><strong><a href=\"https:\/\/sites.uel.br\/prograd\/wp-content\/uploads\/documentos\/deliberacoes\/2016\/deliberacao_16_16.pdf\" target=\"_blank\" rel=\"noreferrer noopener\">Delibera\u00e7\u00e3o da C\u00e2mara de Gradua\u00e7\u00e3o n\u00ba 16\/2016<\/a><\/strong><br>Aprova o Regulamento Geral do Est\u00e1gio Curricular Obrigat\u00f3rio e n\u00e3o Obrigat\u00f3rio do Curso de Arquivologia<\/p>\n\n\n\n<p><strong><a href=\"https:\/\/sites.uel.br\/prograd\/wp-content\/uploads\/documentos\/deliberacoes\/2016\/deliberacao_15_16.pdf\" target=\"_blank\" rel=\"noreferrer noopener\">Delibera\u00e7\u00e3o da C\u00e2mara de Gradua\u00e7\u00e3o n\u00ba 15\/2016<\/a><\/strong><br>Aprova o Regulamento do Trabalho de Conclus\u00e3o do Curso de Matem\u00e1tica &#8211; Habilita\u00e7\u00e3o Bacharelado em Matem\u00e1tica e Matem\u00e1tica Empresarial da Universidade Estadual de Londrina, a vigorar a partir do ano letivo de 2016<\/p>\n\n\n\n<p><strong><a href=\"https:\/\/sites.uel.br\/prograd\/wp-content\/uploads\/documentos\/deliberacoes\/2016\/deliberacao_14_16.pdf\" target=\"_blank\" rel=\"noreferrer noopener\">Delibera\u00e7\u00e3o da C\u00e2mara de Gradua\u00e7\u00e3o n\u00ba 14\/2016<\/a><\/strong><br>Altera a ementa das atividades acad\u00eamicas 6PUB010 &#8211; Teoria Geral do Processo, 6PUB012 &#8211; Direito Processual Civil I, 6PUB014 &#8211; Direito Processual Civil II, do Curso de Gradua\u00e7\u00e3o em Direito, curr\u00edculo 2012<\/p>\n\n\n\n<p><strong><a href=\"https:\/\/sites.uel.br\/prograd\/wp-content\/uploads\/documentos\/deliberacoes\/2016\/deliberacao_13_16.pdf\" target=\"_blank\" rel=\"noreferrer noopener\">Delibera\u00e7\u00e3o da C\u00e2mara de Gradua\u00e7\u00e3o n\u00ba 13\/2016<\/a><\/strong><br>Altera a distribui\u00e7\u00e3o da carga hor\u00e1ria de atividades acad\u00eamicas do Curso de Gradua\u00e7\u00e3o em Biblioteconomia, curr\u00edculos 2010 e 2014<\/p>\n\n\n\n<p><strong><a href=\"https:\/\/sites.uel.br\/prograd\/wp-content\/uploads\/documentos\/deliberacoes\/2016\/deliberacao_12_16.pdf\" target=\"_blank\" rel=\"noreferrer noopener\">Delibera\u00e7\u00e3o da C\u00e2mara de Gradua\u00e7\u00e3o n\u00ba 12\/2016<\/a><\/strong><br>Altera a distribui\u00e7\u00e3o da carga hor\u00e1ria de atividades acad\u00eamicas do Curso de Gradua\u00e7\u00e3o em Arquivologia, curr\u00edculo 2014<\/p>\n\n\n\n<p><strong><a href=\"https:\/\/sites.uel.br\/prograd\/wp-content\/uploads\/documentos\/deliberacoes\/2016\/deliberacao_11_16.pdf\" target=\"_blank\" rel=\"noreferrer noopener\">Delibera\u00e7\u00e3o da C\u00e2mara de Gradua\u00e7\u00e3o n\u00ba 11\/2016<\/a><\/strong><br>Aprova o Regulamento do NDE &#8211; N\u00facleo Docente Estruturante do Curso de Ci\u00eancia da Computa\u00e7\u00e3o<\/p>\n\n\n\n<p><strong><a href=\"https:\/\/sites.uel.br\/prograd\/wp-content\/uploads\/documentos\/deliberacoes\/2016\/deliberacao_10_16.pdf\" target=\"_blank\" rel=\"noreferrer noopener\">Delibera\u00e7\u00e3o da C\u00e2mara de Gradua\u00e7\u00e3o n\u00ba 10\/2016<\/a><\/strong><br>Altera a distribui\u00e7\u00e3o da carga hor\u00e1ria da atividade acad\u00eamica 6CIA005 &#8211; Estudos Interculturais de Inicia\u00e7\u00e3o Acad\u00eamica do Ciclo Intercultural de Inicia\u00e7\u00e3o Acad\u00eamica, curr\u00edculo 2015<\/p>\n\n\n\n<p><strong><a href=\"https:\/\/sites.uel.br\/prograd\/wp-content\/uploads\/documentos\/deliberacoes\/2016\/deliberacao_09_16.pdf\" target=\"_blank\" rel=\"noreferrer noopener\">Delibera\u00e7\u00e3o da C\u00e2mara de Gradua\u00e7\u00e3o n\u00ba 09\/2016<\/a><\/strong><br>Altera os \u00a7\u00a7 1\u00ba, 4\u00ba e 5\u00ba, do Artigo 1\u00ba, da Resolu\u00e7\u00e3o CEPE\/CA n\u00ba 0267\/2009 do Projeto Pedag\u00f3gico do Curso de Gradua\u00e7\u00e3o em Jornalismo<\/p>\n\n\n\n<p><strong><a href=\"https:\/\/sites.uel.br\/prograd\/wp-content\/uploads\/documentos\/deliberacoes\/2016\/deliberacao_08_16.pdf\" target=\"_blank\" rel=\"noreferrer noopener\">Delibera\u00e7\u00e3o da C\u00e2mara de Gradua\u00e7\u00e3o n\u00ba 08\/2016<\/a><\/strong><br>Altera a distribui\u00e7\u00e3o da carga hor\u00e1ria das atividades acad\u00eamicas 2CIN078 &#8211; An\u00e1lise Document\u00e1ria em Arquivos e 2CIN080 &#8211; Classifica\u00e7\u00e3o de Documentos, locadas na 3\u00aa s\u00e9rie do curso de gradua\u00e7\u00e3o em Arquivologia, curr\u00edculo 2014<\/p>\n\n\n\n<p><strong><a href=\"https:\/\/sites.uel.br\/prograd\/wp-content\/uploads\/documentos\/deliberacoes\/2016\/deliberacao_07_16.pdf\" target=\"_blank\" rel=\"noreferrer noopener\">Delibera\u00e7\u00e3o da C\u00e2mara de Gradua\u00e7\u00e3o n\u00ba 07\/2016<\/a><\/strong><br>Altera a ementa das atividades acad\u00eamicas 2PUB005 &#8211; Direito Aplicado \u00e0 Engenharia e 2BAV002 &#8211; Ci\u00eancias do Ambiente, do curso de gradua\u00e7\u00e3o em Engenharia &#8211; Habilita\u00e7\u00e3o: Engenharia El\u00e9trica<\/p>\n\n\n\n<p><strong><a href=\"https:\/\/sites.uel.br\/prograd\/wp-content\/uploads\/documentos\/deliberacoes\/2016\/deliberacao_06_16.pdf\" target=\"_blank\" rel=\"noreferrer noopener\">Delibera\u00e7\u00e3o da C\u00e2mara de Gradua\u00e7\u00e3o n\u00ba 06\/2016<\/a><\/strong><br>Altera o per\u00edodo de ofertas das atividades acad\u00eamicas 6EDU092 &#8211; Filosofia e Educa\u00e7\u00e3o: aspectos Epistemol\u00f3gicos e 6EDU093 Educa\u00e7\u00e3o Infantil A, do curso de gradua\u00e7\u00e3o em Pedagogia, curr\u00edculo 2010<\/p>\n\n\n\n<p><strong><a href=\"https:\/\/sites.uel.br\/prograd\/wp-content\/uploads\/documentos\/deliberacoes\/2016\/deliberacao_05_16.pdf\" target=\"_blank\" rel=\"noreferrer noopener\">Delibera\u00e7\u00e3o da C\u00e2mara de Gradua\u00e7\u00e3o n\u00ba 05\/2016<\/a><\/strong><br>Altera a vincula\u00e7\u00e3o departamental das atividades acad\u00eamicas 6EST559 Est\u00e1gio Supervisionado em Equipe Multiprofissional e 6MOD080 Cl\u00ednica Integrada II, do curso de gradua\u00e7\u00e3o em Odontologia, curr\u00edculo 2010<\/p>\n\n\n\n<p><strong><a href=\"https:\/\/sites.uel.br\/prograd\/wp-content\/uploads\/documentos\/deliberacoes\/2016\/deliberacao_04_16.pdf\" target=\"_blank\" rel=\"noreferrer noopener\">Delibera\u00e7\u00e3o da C\u00e2mara de Gradua\u00e7\u00e3o n\u00ba 04\/2016<\/a><\/strong><br>Altera os pr\u00e9-requisitos exigidos nas atividades acad\u00eamicas do curso de gradua\u00e7\u00e3o em Engenharia &#8211; Habilita\u00e7\u00e3o: Engenharia El\u00e9trica &#8211; curr\u00edculo 2010<\/p>\n\n\n\n<p><strong><a href=\"https:\/\/sites.uel.br\/prograd\/wp-content\/uploads\/documentos\/deliberacoes\/2016\/deliberacao_03_16.pdf\" target=\"_blank\" rel=\"noreferrer noopener\">Delibera\u00e7\u00e3o da C\u00e2mara de Gradua\u00e7\u00e3o n\u00ba 03\/2016<\/a><\/strong><br>Estabelece adequa\u00e7\u00f5es curriculares no curso de gradua\u00e7\u00e3o em Fisioterapia, curr\u00edculo 2012<\/p>\n\n\n\n<p><strong><a href=\"https:\/\/sites.uel.br\/prograd\/wp-content\/uploads\/documentos\/deliberacoes\/2016\/deliberacao_02_16.pdf\" target=\"_blank\" rel=\"noreferrer noopener\">Delibera\u00e7\u00e3o da C\u00e2mara de Gradua\u00e7\u00e3o n\u00ba 02\/2016<\/a><\/strong><br>Altera a emenda das atividades acad\u00eamicas 2QUI098 Qu\u00edmica Ambiental I e 2GEO005 Mineralogia, do curso de gradua\u00e7\u00e3o em Qu\u00edmica &#8211; Habilita\u00e7\u00f5es Bacharelado e Bacharelado com op\u00e7\u00e3o em Qu\u00edmica Tecnol\u00f3gica, curr\u00edculo 2014<\/p>\n\n\n\n<p><strong><a href=\"https:\/\/sites.uel.br\/prograd\/wp-content\/uploads\/documentos\/deliberacoes\/2016\/deliberacao_01_16.pdf\" target=\"_blank\" rel=\"noreferrer noopener\">Delibera\u00e7\u00e3o da C\u00e2mara de Gradua\u00e7\u00e3o n\u00ba 01\/2016<\/a><\/strong><br>Estabelece adequa\u00e7\u00f5es curriculares no Curso de Gradua\u00e7\u00e3o em Arquitetura e Urbanismo, curr\u00edculo 2010<\/p>\n","protected":false},"excerpt":{"rendered":"<p>2016 Delibera\u00e7\u00e3o da C\u00e2mara de Gradua\u00e7\u00e3o n\u00ba 27\/2016Altera a distribui\u00e7\u00e3o da carga hor\u00e1ria da atividade acad\u00eamica 6NIC211 &#8211; Cultura Organizacional, do curso de gradua\u00e7\u00e3o em Rela\u00e7\u00f5es P\u00fablicas, curr\u00edculo 2016 Delibera\u00e7\u00e3o da C\u00e2mara de Gradua\u00e7\u00e3o n\u00ba 26\/2016Altera a ementa das atividades acad\u00eamicas 1SOC729 &#8211; Introdu\u00e7\u00e3o \u00e0 Antropologia, 1 SOC733 &#8211; Antropologia I, 1SOC737 &#8211; Antropologia II [&hellip;]<\/p>\n","protected":false},"author":8,"featured_media":0,"parent":0,"menu_order":0,"comment_status":"closed","ping_status":"closed","template":"","meta":{"_acf_changed":false,"_themeisle_gutenberg_block_has_review":false,"footnotes":""},"class_list":["post-1901","page","type-page","status-publish","hentry"],"acf":[],"_links":{"self":[{"href":"https:\/\/sites.uel.br\/prograd\/wp-json\/wp\/v2\/pages\/1901","targetHints":{"allow":["GET"]}}],"collection":[{"href":"https:\/\/sites.uel.br\/prograd\/wp-json\/wp\/v2\/pages"}],"about":[{"href":"https:\/\/sites.uel.br\/prograd\/wp-json\/wp\/v2\/types\/page"}],"author":[{"embeddable":true,"href":"https:\/\/sites.uel.br\/prograd\/wp-json\/wp\/v2\/users\/8"}],"replies":[{"embeddable":true,"href":"https:\/\/sites.uel.br\/prograd\/wp-json\/wp\/v2\/comments?post=1901"}],"version-history":[{"count":14,"href":"https:\/\/sites.uel.br\/prograd\/wp-json\/wp\/v2\/pages\/1901\/revisions"}],"predecessor-version":[{"id":28453,"href":"https:\/\/sites.uel.br\/prograd\/wp-json\/wp\/v2\/pages\/1901\/revisions\/28453"}],"wp:attachment":[{"href":"https:\/\/sites.uel.br\/prograd\/wp-json\/wp\/v2\/media?parent=1901"}],"curies":[{"name":"wp","href":"https:\/\/api.w.org\/{rel}","templated":true}]}}