{"id":1899,"date":"2023-03-30T16:31:55","date_gmt":"2023-03-30T19:31:55","guid":{"rendered":"https:\/\/sites.uel.br\/prograd\/?page_id=1899"},"modified":"2024-02-02T16:14:14","modified_gmt":"2024-02-02T19:14:14","slug":"deliberacoes-camara-de-graduacao-2017","status":"publish","type":"page","link":"https:\/\/sites.uel.br\/prograd\/deliberacoes-camara-de-graduacao-2017\/","title":{"rendered":"Delibera\u00e7\u00f5es (C\u00e2mara de Gradua\u00e7\u00e3o)"},"content":{"rendered":"\n<hr class=\"wp-block-separator has-alpha-channel-opacity is-style-wide\"\/>\n\n\n\n<h3 class=\"wp-block-heading\">2017<\/h3>\n\n\n\n<div style=\"height:20px\" aria-hidden=\"true\" class=\"wp-block-spacer\"><\/div>\n\n\n\n<p><strong><a href=\"https:\/\/sites.uel.br\/prograd\/wp-content\/uploads\/documentos\/deliberacoes\/2017\/deliberacao_35_17.pdf\" target=\"_blank\" rel=\"noreferrer noopener\">Delibera\u00e7\u00e3o da C\u00e2mara de Gradua\u00e7\u00e3o n\u00ba 35\/2017<\/a><\/strong><br>Aprova o Regulamento do Trabalho de Conclus\u00e3o do Curso de Arquivologia<\/p>\n\n\n\n<p><strong><a href=\"https:\/\/sites.uel.br\/prograd\/wp-content\/uploads\/documentos\/deliberacoes\/2017\/deliberacao_34_17.pdf\" target=\"_blank\" rel=\"noreferrer noopener\">Delibera\u00e7\u00e3o da C\u00e2mara de Gradua\u00e7\u00e3o n\u00ba 34\/2017<\/a><\/strong><br>Aprova o Regulamento Geral do Est\u00e1gio Curricular Obrigat\u00f3rio e n\u00e3o Obrigat\u00f3rio do Curso de Gradua\u00e7\u00e3o em Arquivologia<\/p>\n\n\n\n<p><strong><a href=\"https:\/\/sites.uel.br\/prograd\/wp-content\/uploads\/documentos\/deliberacoes\/2017\/deliberacao_33_17.pdf\" target=\"_blank\" rel=\"noreferrer noopener\">Delibera\u00e7\u00e3o da C\u00e2mara de Gradua\u00e7\u00e3o n\u00ba 33\/2017<\/a><\/strong><br>Aprova o Regulamento Geral do Est\u00e1gio Curricular N\u00e3o Obrigat\u00f3rio do Curso de Gradua\u00e7\u00e3o em Jornalismo<\/p>\n\n\n\n<p><strong><a href=\"https:\/\/sites.uel.br\/prograd\/wp-content\/uploads\/documentos\/deliberacoes\/2017\/deliberacao_32_17.pdf\" target=\"_blank\" rel=\"noreferrer noopener\">Delibera\u00e7\u00e3o da C\u00e2mara de Gradua\u00e7\u00e3o n\u00ba 32\/2017<\/a><\/strong><br>Aprova o Regulamento Geral do Est\u00e1gio Curricular Obrigat\u00f3rio do Curso de Gradua\u00e7\u00e3o em Jornalismo<\/p>\n\n\n\n<p><strong><a href=\"https:\/\/sites.uel.br\/prograd\/wp-content\/uploads\/documentos\/deliberacoes\/2017\/deliberacao_31_17.pdf\" target=\"_blank\" rel=\"noreferrer noopener\">Delibera\u00e7\u00e3o da C\u00e2mara de Gradua\u00e7\u00e3o n\u00ba 31\/2017<\/a><\/strong><br>Estabelece o curr\u00edculo do curso de Arquivologia a vigorar a partir do ano letivo de 2018<\/p>\n\n\n\n<p><strong><a href=\"https:\/\/sites.uel.br\/prograd\/wp-content\/uploads\/documentos\/deliberacoes\/2017\/deliberacao_30_17.pdf\" target=\"_blank\" rel=\"noreferrer noopener\">Delibera\u00e7\u00e3o da C\u00e2mara de Gradua\u00e7\u00e3o n\u00ba 30\/2017<\/a><\/strong><br>Estabelece o curr\u00edculo do curso de Biblioteconomia a vigorar a partir do ano letivo de 2018<\/p>\n\n\n\n<p><strong><a href=\"https:\/\/sites.uel.br\/prograd\/wp-content\/uploads\/documentos\/deliberacoes\/2017\/deliberacao_29_17.pdf\" target=\"_blank\" rel=\"noreferrer noopener\">Delibera\u00e7\u00e3o da C\u00e2mara de Gradua\u00e7\u00e3o n\u00ba 29\/2017<\/a><\/strong><br>Altera a carga hor\u00e1ria das atividades acad\u00eamicas 6DGN146 &#8211; Produ\u00e7\u00e3o e An\u00e1lise da Imagem, 6DGN150 &#8211; Design em Movimento, 6DGN152 &#8211; Design Digital, 6DGN153 &#8211; Design Promocional, 6DGN154 &#8211; Design e Sustentabilidade, 6DGN155 &#8211; Embalagem, 6DGN157 &#8211; Design Editorial, 6DGN158 &#8211; M\u00eddias M\u00f3veis, 6DGN161 &#8211; Gest\u00e3o de Design e 6DGN162 &#8211; Gest\u00e3o e Embalagem, do curso de Gradua\u00e7\u00e3o em Design Gr\u00e1fico, curr\u00edculo 2016<\/p>\n\n\n\n<p><strong><a href=\"https:\/\/sites.uel.br\/prograd\/wp-content\/uploads\/documentos\/deliberacoes\/2017\/deliberacao_28_17.pdf\" target=\"_blank\" rel=\"noreferrer noopener\">Delibera\u00e7\u00e3o da C\u00e2mara de Gradua\u00e7\u00e3o n\u00ba 28\/2017<\/a><\/strong><br>Inclui a op\u00e7\u00e3o IV &#8211; Direito Constitucional, Administrativo e Tribut\u00e1rio no Projeto Pedag\u00f3gico do Curso de Direito, implantado a partir do ano letivo de 2010<\/p>\n\n\n\n<p><strong><a href=\"https:\/\/sites.uel.br\/prograd\/wp-content\/uploads\/documentos\/deliberacoes\/2017\/deliberacao_27_17.pdf\" target=\"_blank\" rel=\"noreferrer noopener\">Delibera\u00e7\u00e3o da C\u00e2mara de Gradua\u00e7\u00e3o n\u00ba 27\/2017<\/a><\/strong><a href=\"https:\/\/sites.uel.br\/prograd\/wp-content\/uploads\/documentos\/deliberacoes\/2017\/deliberacao_27_17.pdf\"><br><\/a>Altera a modalidade e carga hor\u00e1ria m\u00e1xima de aproveitamento em Atividade Acad\u00eamica Complementar (AAC) no curso de Arquivologia<\/p>\n\n\n\n<p><strong><a href=\"https:\/\/sites.uel.br\/prograd\/wp-content\/uploads\/documentos\/deliberacoes\/2017\/deliberacao_26_17.pdf\" target=\"_blank\" rel=\"noreferrer noopener\">Delibera\u00e7\u00e3o da C\u00e2mara de Gradua\u00e7\u00e3o n\u00ba 26\/2017<\/a><\/strong><br>Estabelece adequa\u00e7\u00f5es curriculares no curso de Gradua\u00e7\u00e3o em Jornalismo, curr\u00edculo 2016<\/p>\n\n\n\n<p><strong><a href=\"https:\/\/sites.uel.br\/prograd\/wp-content\/uploads\/documentos\/deliberacoes\/2017\/deliberacao_25_17.pdf\" target=\"_blank\" rel=\"noreferrer noopener\">Delibera\u00e7\u00e3o da C\u00e2mara de Gradua\u00e7\u00e3o n\u00ba 25\/2017<\/a><\/strong><br>Estabele adequa\u00e7\u00f5es curriculares no curso de gradua\u00e7\u00e3o em Ci\u00eancias Biol\u00f3gicas, Habilita\u00e7\u00e3o: Bacharelado e Licenciatura<\/p>\n\n\n\n<p><strong><a href=\"https:\/\/sites.uel.br\/prograd\/wp-content\/uploads\/documentos\/deliberacoes\/2017\/deliberacao_24_17.pdf\" target=\"_blank\" rel=\"noreferrer noopener\">Delibera\u00e7\u00e3o da C\u00e2mara de Gradua\u00e7\u00e3o n\u00ba 24\/2017<\/a><\/strong><br>Desmembra a atividade acad\u00eamica 6ZOT045 &#8211; Ovinocultura e Caprinocultura A, do curso de gradua\u00e7\u00e3o em Zootecnia, curr\u00edculo 2016<\/p>\n\n\n\n<p><strong><a href=\"https:\/\/sites.uel.br\/prograd\/wp-content\/uploads\/documentos\/deliberacoes\/2017\/deliberacao_23_17.pdf\" target=\"_blank\" rel=\"noreferrer noopener\">Delibera\u00e7\u00e3o da C\u00e2mara de Gradua\u00e7\u00e3o n\u00ba 23\/2017<\/a><\/strong><br>Estabelece adequa\u00e7\u00f5es curriculares no curso de gradua\u00e7\u00e3o em Psicologia, curr\u00edculo 2014<\/p>\n\n\n\n<p><strong><a href=\"https:\/\/sites.uel.br\/prograd\/wp-content\/uploads\/documentos\/deliberacoes\/2017\/deliberacao_22_17.pdf\" target=\"_blank\" rel=\"noreferrer noopener\">Delibera\u00e7\u00e3o da C\u00e2mara de Gradua\u00e7\u00e3o n\u00ba 22\/2017<\/a><\/strong><br>Desmembra as atividades acad\u00eamicas 6VET016 &#8211; Cl\u00ednica M\u00e9dica e Cir\u00fargica de Animais de Companhia, 6VET017 &#8211; Cl\u00ednica M\u00e9dica e Cir\u00fargica de Grandes Animais e 6VET018- Teriogenologia de Grandes Animais, do curso de gradua\u00e7\u00e3o em Medicina Veterin\u00e1ria<\/p>\n\n\n\n<p><strong><a href=\"https:\/\/sites.uel.br\/prograd\/wp-content\/uploads\/documentos\/deliberacoes\/2017\/deliberacao_21_17.pdf\" target=\"_blank\" rel=\"noreferrer noopener\">Delibera\u00e7\u00e3o da C\u00e2mara de Gradua\u00e7\u00e3o n\u00ba 21\/2017<\/a><\/strong><br>Aprova o Regulamento do NDE &#8211; N\u00facleo Docente Estruturante do Curso de Servi\u00e7o Social<\/p>\n\n\n\n<p><strong><a href=\"https:\/\/sites.uel.br\/prograd\/wp-content\/uploads\/documentos\/deliberacoes\/2017\/deliberacao_20_17.pdf\" target=\"_blank\" rel=\"noreferrer noopener\">Delibera\u00e7\u00e3o da C\u00e2mara de Gradua\u00e7\u00e3o n\u00ba 20\/2017<\/a><\/strong><br>Altera a modalidade e carga hor\u00e1ria m\u00e1xima de aproveitamento em Atividade Acad\u00eamica Complementar (AAC) no curso de Biblioteconomia<\/p>\n\n\n\n<p><strong><a href=\"https:\/\/sites.uel.br\/prograd\/wp-content\/uploads\/documentos\/deliberacoes\/2017\/deliberacao_19_17.pdf\" target=\"_blank\" rel=\"noreferrer noopener\">Delibera\u00e7\u00e3o da C\u00e2mara de Gradua\u00e7\u00e3o n\u00ba 19\/2017<\/a><\/strong><br>Altera a modalidade e carga m\u00e1xima de aproveitamento em Atividade Acad\u00eamica Complementar (AAC) no curso de Geografia &#8211; Habilita\u00e7\u00f5es: Bacharelado e Licenciatura<\/p>\n\n\n\n<p><strong><a href=\"https:\/\/sites.uel.br\/prograd\/wp-content\/uploads\/documentos\/deliberacoes\/2017\/deliberacao_18_17.pdf\" target=\"_blank\" rel=\"noreferrer noopener\">Delibera\u00e7\u00e3o da C\u00e2mara de Gradua\u00e7\u00e3o n\u00ba 18\/2017<\/a><\/strong><br>Desmembra a atividade acad\u00eamica 2QUI107 &#8211; Qu\u00edmica Tecnol\u00f3gica Inorg\u00e2nica, locada no 3\u00ba ano do curso de Gradua\u00e7\u00e3o em Qu\u00edmica, Habilita\u00e7\u00e3o: bacharelado com op\u00e7\u00e3o em Qu\u00edmica Tecnol\u00f3gica<\/p>\n\n\n\n<p><strong><a href=\"https:\/\/sites.uel.br\/prograd\/wp-content\/uploads\/documentos\/deliberacoes\/2017\/deliberacao_17_17.pdf\" target=\"_blank\" rel=\"noreferrer noopener\">Delibera\u00e7\u00e3o da C\u00e2mara de Gradua\u00e7\u00e3o n\u00ba 17\/2017<\/a><\/strong><br>Aprova o Regulamento do Trabalho de Conclus\u00e3o do Curso &#8211; TCC, do Curso de Biblioteconomia, a vigorar a partir do ano letivo de 2017<\/p>\n\n\n\n<p><strong><a href=\"https:\/\/sites.uel.br\/prograd\/wp-content\/uploads\/documentos\/deliberacoes\/2017\/deliberacao_16_17.pdf\" target=\"_blank\" rel=\"noreferrer noopener\">Delibera\u00e7\u00e3o da C\u00e2mara de Gradua\u00e7\u00e3o n\u00ba 16\/2017<\/a><\/strong><br>Altera o nome e a ementa das Atividades Acad\u00eamicas 6FIL101 &#8211; Filosofia A e 6SOC112 -Fundamentos de Ci\u00eancias Sociais, do Curso de Gradua\u00e7\u00e3o em Fisioterapia<\/p>\n\n\n\n<p><strong><a href=\"https:\/\/sites.uel.br\/prograd\/wp-content\/uploads\/documentos\/deliberacoes\/2017\/deliberacao_15_17.pdf\" target=\"_blank\" rel=\"noreferrer noopener\">Delibera\u00e7\u00e3o da C\u00e2mara de Gradua\u00e7\u00e3o n\u00ba 15\/2017<\/a><\/strong><br>Desmembra a atividade acad\u00eamica 6ZOT069 &#8211; Melhoramento Gen\u00e9tico Animal, do curso de Gradua\u00e7\u00e3o em Zootecnia, curr\u00edculo 2016<\/p>\n\n\n\n<p><strong><a href=\"https:\/\/sites.uel.br\/prograd\/wp-content\/uploads\/documentos\/deliberacoes\/2017\/deliberacao_14_17.pdf\" target=\"_blank\" rel=\"noreferrer noopener\">Delibera\u00e7\u00e3o da C\u00e2mara de Gradua\u00e7\u00e3o n\u00ba 14\/2017<\/a><\/strong><br>Altera o pr\u00e9-requisito da atividade acad\u00eamica 2ELE046 &#8211; Eletr\u00f4nica de Pot\u00eancia, do Curso de Gradua\u00e7\u00e3o em Engenharia &#8211; Habilita\u00e7\u00e3o: Engenharia El\u00e9trica<\/p>\n\n\n\n<p><strong><a href=\"https:\/\/sites.uel.br\/prograd\/wp-content\/uploads\/documentos\/deliberacoes\/2017\/deliberacao_13_17.pdf\" target=\"_blank\" rel=\"noreferrer noopener\">Delibera\u00e7\u00e3o da C\u00e2mara de Gradua\u00e7\u00e3o n\u00ba 13\/2017<\/a><\/strong><br>Estabelece adequa\u00e7\u00f5es curriculares no curso de Gradua\u00e7\u00e3o em Educa\u00e7\u00e3o F\u00edsica &#8211; Habilita\u00e7\u00e3o: Bacharelado, curr\u00edculo 2016<\/p>\n\n\n\n<p><strong><a href=\"https:\/\/sites.uel.br\/prograd\/wp-content\/uploads\/documentos\/deliberacoes\/2017\/deliberacao_12_17.pdf\" target=\"_blank\" rel=\"noreferrer noopener\">Delibera\u00e7\u00e3o da C\u00e2mara de Gradua\u00e7\u00e3o n\u00ba 12\/2017<\/a><\/strong><br>Aprova o regulamento do N\u00facleo Docente Estruturante (NDE) do Curso de Ci\u00eancias Biol\u00f3gicas<\/p>\n\n\n\n<p><strong><a href=\"https:\/\/sites.uel.br\/prograd\/wp-content\/uploads\/documentos\/deliberacoes\/2017\/deliberacao_11_17.pdf\" target=\"_blank\" rel=\"noreferrer noopener\">Delibera\u00e7\u00e3o da C\u00e2mara de Gradua\u00e7\u00e3o n\u00ba 11\/2017<\/a><\/strong><br>Altera o Artigo 28, da Resolu\u00e7\u00e3o CEPE\/CA n\u00ba 0280\/2009, referente ao Sistema de Promo\u00e7\u00e3o do Curso de Gradua\u00e7\u00e3o em Fisioterapia<\/p>\n\n\n\n<p><strong><a href=\"https:\/\/sites.uel.br\/prograd\/wp-content\/uploads\/documentos\/deliberacoes\/2017\/deliberacao_10_17.pdf\" target=\"_blank\" rel=\"noreferrer noopener\">Delibera\u00e7\u00e3o da C\u00e2mara de Gradua\u00e7\u00e3o n\u00ba 10\/2017<\/a><\/strong><br>Altera a composi\u00e7\u00e3o do Colegiado do Curso de Biomedicina<\/p>\n\n\n\n<p><strong><a href=\"https:\/\/sites.uel.br\/prograd\/wp-content\/uploads\/documentos\/deliberacoes\/2017\/deliberacao_09_17.pdf\" target=\"_blank\" rel=\"noreferrer noopener\">Delibera\u00e7\u00e3o da C\u00e2mara de Gradua\u00e7\u00e3o n\u00ba 09\/2017<\/a><\/strong><br>Aprova o Regulamento de Est\u00e1gio Curricular Obrigat\u00f3rio do Curso de Ci\u00eancias Biol\u00f3gicas, Habilita\u00e7\u00e3o Bacharelado<\/p>\n\n\n\n<p><strong><a href=\"https:\/\/sites.uel.br\/prograd\/wp-content\/uploads\/documentos\/deliberacoes\/2017\/deliberacao_08_17.pdf\" target=\"_blank\" rel=\"noreferrer noopener\">Delibera\u00e7\u00e3o da C\u00e2mara de Gradua\u00e7\u00e3o n\u00ba 08\/2017<\/a><\/strong><br>Aprova o Regulamento Geral dos Est\u00e1gio Curriculares Obrigat\u00f3rios do Curso de Biomedicina<\/p>\n\n\n\n<p><strong><a href=\"https:\/\/sites.uel.br\/prograd\/wp-content\/uploads\/documentos\/deliberacoes\/2017\/deliberacao_07_17.pdf\" target=\"_blank\" rel=\"noreferrer noopener\">Delibera\u00e7\u00e3o da C\u00e2mara de Gradua\u00e7\u00e3o n\u00ba 07\/2017<\/a><\/strong><br>Aprova o Regulamento do Trabalho de Conclus\u00e3o do Curso de Biomedicina &#8211; Habilita\u00e7\u00e3o Bacharelado<\/p>\n\n\n\n<p><strong><a href=\"https:\/\/sites.uel.br\/prograd\/wp-content\/uploads\/documentos\/deliberacoes\/2017\/deliberacao_06_17.pdf\" target=\"_blank\" rel=\"noreferrer noopener\">Delibera\u00e7\u00e3o da C\u00e2mara de Gradua\u00e7\u00e3o n\u00ba 06\/2017<\/a><\/strong><br>Estabelece adequa\u00e7\u00f5es curriculares no curso de Gradua\u00e7\u00e3o em Educa\u00e7\u00e3o F\u00edsica, habilita\u00e7\u00e3o Licenciatura, curr\u00edculo 2015<\/p>\n\n\n\n<p><strong><a href=\"https:\/\/sites.uel.br\/prograd\/wp-content\/uploads\/documentos\/deliberacoes\/2017\/deliberacao_05_17.pdf\" target=\"_blank\" rel=\"noreferrer noopener\">Delibera\u00e7\u00e3o da C\u00e2mara de Gradua\u00e7\u00e3o n\u00ba 05\/2017<\/a><\/strong><br>Aprova o Regulamento do Trabalho de Conclus\u00e3o de Curso de Ci\u00eancias Biol\u00f3gicas &#8211; Habilita\u00e7\u00e3o Bacharelado<\/p>\n\n\n\n<p><strong><a href=\"https:\/\/sites.uel.br\/prograd\/wp-content\/uploads\/documentos\/deliberacoes\/2017\/deliberacao_04_17.pdf\" target=\"_blank\" rel=\"noreferrer noopener\">Delibera\u00e7\u00e3o da C\u00e2mara de Gradua\u00e7\u00e3o n\u00ba 04\/2017<\/a><\/strong><br>Altera a s\u00e9rie de oferta das atividades acad\u00eamicas 5GEO036 &#8211; Geoprocessamento, 5CIV045 &#8211; Mec\u00e2nica dos Solos e Funda\u00e7\u00f5es, 5ARQ098 &#8211; Avalia\u00e7\u00e3o P\u00f3s-ocupa\u00e7\u00e3o das Edifica\u00e7\u00f5es e 5ARQ101 &#8211; Planejamento Urbano e Regional III A, do Curso de Gradua\u00e7\u00e3o em Arquitetura e Urbanismo, curr\u00edculo 2010<\/p>\n\n\n\n<p><strong><a href=\"https:\/\/sites.uel.br\/prograd\/wp-content\/uploads\/documentos\/deliberacoes\/2017\/deliberacao_03_17.pdf\" target=\"_blank\" rel=\"noreferrer noopener\">Delibera\u00e7\u00e3o da C\u00e2mara de Gradua\u00e7\u00e3o n\u00ba 03\/2017<\/a><\/strong><br>Estabelece adequa\u00e7\u00f5es curriculares no curso de Gradua\u00e7\u00e3o em Design Gr\u00e1fico, curr\u00edculo 2016<\/p>\n\n\n\n<p><strong><a href=\"https:\/\/sites.uel.br\/prograd\/wp-content\/uploads\/documentos\/deliberacoes\/2017\/deliberacao_02_17.pdf\" target=\"_blank\" rel=\"noreferrer noopener\">Delibera\u00e7\u00e3o da C\u00e2mara de Gradua\u00e7\u00e3o n\u00ba 02\/2017<\/a><\/strong><br>Estabelece adequa\u00e7\u00f5es curriculares no curso de gradua\u00e7\u00e3o em Psicologia, curr\u00edculo 2014<\/p>\n\n\n\n<p><strong><a href=\"https:\/\/sites.uel.br\/prograd\/wp-content\/uploads\/documentos\/deliberacoes\/2017\/deliberacao_01_17.pdf\" target=\"_blank\" rel=\"noreferrer noopener\">Delibera\u00e7\u00e3o da C\u00e2mara de Gradua\u00e7\u00e3o n\u00ba 01\/2017<\/a><\/strong><br>Estabelece adequa\u00e7\u00f5es curriculares no curso de gradua\u00e7\u00e3o em Engenharia &#8211; Habilita\u00e7\u00e3o: Engenharia El\u00e9trica, curr\u00edculo 2010<\/p>\n","protected":false},"excerpt":{"rendered":"<p>2017 Delibera\u00e7\u00e3o da C\u00e2mara de Gradua\u00e7\u00e3o n\u00ba 35\/2017Aprova o Regulamento do Trabalho de Conclus\u00e3o do Curso de Arquivologia Delibera\u00e7\u00e3o da C\u00e2mara de Gradua\u00e7\u00e3o n\u00ba 34\/2017Aprova o Regulamento Geral do Est\u00e1gio Curricular Obrigat\u00f3rio e n\u00e3o Obrigat\u00f3rio do Curso de Gradua\u00e7\u00e3o em Arquivologia Delibera\u00e7\u00e3o da C\u00e2mara de Gradua\u00e7\u00e3o n\u00ba 33\/2017Aprova o Regulamento Geral do Est\u00e1gio Curricular N\u00e3o [&hellip;]<\/p>\n","protected":false},"author":8,"featured_media":0,"parent":0,"menu_order":0,"comment_status":"closed","ping_status":"closed","template":"","meta":{"_acf_changed":false,"_themeisle_gutenberg_block_has_review":false,"footnotes":""},"class_list":["post-1899","page","type-page","status-publish","hentry"],"acf":[],"_links":{"self":[{"href":"https:\/\/sites.uel.br\/prograd\/wp-json\/wp\/v2\/pages\/1899","targetHints":{"allow":["GET"]}}],"collection":[{"href":"https:\/\/sites.uel.br\/prograd\/wp-json\/wp\/v2\/pages"}],"about":[{"href":"https:\/\/sites.uel.br\/prograd\/wp-json\/wp\/v2\/types\/page"}],"author":[{"embeddable":true,"href":"https:\/\/sites.uel.br\/prograd\/wp-json\/wp\/v2\/users\/8"}],"replies":[{"embeddable":true,"href":"https:\/\/sites.uel.br\/prograd\/wp-json\/wp\/v2\/comments?post=1899"}],"version-history":[{"count":14,"href":"https:\/\/sites.uel.br\/prograd\/wp-json\/wp\/v2\/pages\/1899\/revisions"}],"predecessor-version":[{"id":20235,"href":"https:\/\/sites.uel.br\/prograd\/wp-json\/wp\/v2\/pages\/1899\/revisions\/20235"}],"wp:attachment":[{"href":"https:\/\/sites.uel.br\/prograd\/wp-json\/wp\/v2\/media?parent=1899"}],"curies":[{"name":"wp","href":"https:\/\/api.w.org\/{rel}","templated":true}]}}