{"id":1897,"date":"2023-03-30T16:31:38","date_gmt":"2023-03-30T19:31:38","guid":{"rendered":"https:\/\/sites.uel.br\/prograd\/?page_id=1897"},"modified":"2024-02-02T16:12:00","modified_gmt":"2024-02-02T19:12:00","slug":"deliberacoes-camara-de-graduacao-2018","status":"publish","type":"page","link":"https:\/\/sites.uel.br\/prograd\/deliberacoes-camara-de-graduacao-2018\/","title":{"rendered":"Delibera\u00e7\u00f5es (C\u00e2mara de Gradua\u00e7\u00e3o)"},"content":{"rendered":"\n<hr class=\"wp-block-separator has-alpha-channel-opacity is-style-wide\"\/>\n\n\n\n<h3 class=\"wp-block-heading\">2018<\/h3>\n\n\n\n<div style=\"height:20px\" aria-hidden=\"true\" class=\"wp-block-spacer\"><\/div>\n\n\n\n<p><strong><a href=\"https:\/\/sites.uel.br\/prograd\/wp-content\/uploads\/documentos\/deliberacoes\/2018\/deliberacao_36_18.pdf\" target=\"_blank\" rel=\"noreferrer noopener\">Delibera\u00e7\u00e3o da C\u00e2mara de Gradua\u00e7\u00e3o n\u00ba 36\/2018<\/a><\/strong><br>Aprova o Regulamento do Trabalho de Conclus\u00e3o do Curso &#8211; TCC, do curso de Jornalismo<\/p>\n\n\n\n<p><strong><a href=\"https:\/\/sites.uel.br\/prograd\/wp-content\/uploads\/documentos\/deliberacoes\/2018\/deliberacao_35_18.pdf\" target=\"_blank\" rel=\"noreferrer noopener\">Delibera\u00e7\u00e3o da C\u00e2mara de Gradua\u00e7\u00e3o n\u00ba 35\/2018<\/a><\/strong><br>Estabelece altera\u00e7\u00f5es na Delibera\u00e7\u00e3o C\u00e2mara de Gradua\u00e7\u00e3o n\u00ba 28\/2018, que estabelece adequa\u00e7\u00f5es curriculares no curso de Gradua\u00e7\u00e3o em Design Gr\u00e1fico<\/p>\n\n\n\n<p><strong><a href=\"https:\/\/sites.uel.br\/prograd\/wp-content\/uploads\/documentos\/deliberacoes\/2018\/deliberacao_34_18.pdf\" target=\"_blank\" rel=\"noreferrer noopener\">Delibera\u00e7\u00e3o da C\u00e2mara de Gradua\u00e7\u00e3o n\u00ba 34\/2018<\/a><\/strong><br>Estabelece adequa\u00e7\u00f5es curriculares no curso de Gradua\u00e7\u00e3o em Letras Portugu\u00eas &#8211; Licenciatura em L\u00edngua Portuguesa e Respectivas Literaturas<\/p>\n\n\n\n<p><strong><a href=\"https:\/\/sites.uel.br\/prograd\/wp-content\/uploads\/documentos\/deliberacoes\/2018\/deliberacao_33_18.pdf\" target=\"_blank\" rel=\"noreferrer noopener\">Delibera\u00e7\u00e3o da C\u00e2mara de Gradua\u00e7\u00e3o n\u00ba 33\/2018<\/a><\/strong><br>Aprova o Regulamento Geral do Est\u00e1gio Curricular Obrigat\u00f3rio do Curso de Psicologia<\/p>\n\n\n\n<p><strong><a href=\"https:\/\/sites.uel.br\/prograd\/wp-content\/uploads\/documentos\/deliberacoes\/2018\/deliberacao_32_18.pdf\" target=\"_blank\" rel=\"noreferrer noopener\">Delibera\u00e7\u00e3o da C\u00e2mara de Gradua\u00e7\u00e3o n\u00ba 32\/2018<\/a><\/strong><br>Altera a composi\u00e7\u00e3o do Colegiado do Curso de M\u00fasica<\/p>\n\n\n\n<p><strong><a href=\"https:\/\/sites.uel.br\/prograd\/wp-content\/uploads\/documentos\/deliberacoes\/2018\/deliberacao_31_18.pdf\" target=\"_blank\" rel=\"noreferrer noopener\">Delibera\u00e7\u00e3o da C\u00e2mara de Gradua\u00e7\u00e3o n\u00ba 31\/2018<\/a><\/strong><br>Altera o sistema de promo\u00e7\u00e3o do curso de Administra\u00e7\u00e3o, curr\u00edculo 2010, a vigorar a partir do ano letivo de 2019<\/p>\n\n\n\n<p><strong><a href=\"https:\/\/sites.uel.br\/prograd\/wp-content\/uploads\/documentos\/deliberacoes\/2018\/deliberacao_30_18.pdf\" target=\"_blank\" rel=\"noreferrer noopener\">Delibera\u00e7\u00e3o da C\u00e2mara de Gradua\u00e7\u00e3o n\u00ba 30\/2018<\/a><\/strong><br>Altera a composi\u00e7\u00e3o do Colegiado do Curso de M\u00fasica<\/p>\n\n\n\n<p><strong><a href=\"https:\/\/sites.uel.br\/prograd\/wp-content\/uploads\/documentos\/deliberacoes\/2018\/deliberacao_29_18.pdf\" target=\"_blank\" rel=\"noreferrer noopener\">Delibera\u00e7\u00e3o da C\u00e2mara de Gradua\u00e7\u00e3o n\u00ba 29\/2018<\/a><\/strong><br>Altera a distribui\u00e7\u00e3o da carga hor\u00e1ria, da 1\u00aa \u00e0 4\u00aa s\u00e9rie, do Curso de Gradua\u00e7\u00e3o em Medicina<\/p>\n\n\n\n<p><strong><a href=\"https:\/\/sites.uel.br\/prograd\/wp-content\/uploads\/documentos\/deliberacoes\/2018\/deliberacao_28_18.pdf\" target=\"_blank\" rel=\"noreferrer noopener\">Delibera\u00e7\u00e3o da C\u00e2mara de Gradua\u00e7\u00e3o n\u00ba 28\/2018<\/a><\/strong><br>Estabelece adequa\u00e7\u00f5es curriculares no curso de Gradua\u00e7\u00e3o em Design Gr\u00e1fico<\/p>\n\n\n\n<p><strong><a href=\"https:\/\/sites.uel.br\/prograd\/wp-content\/uploads\/documentos\/deliberacoes\/2018\/deliberacao_27_18.pdf\" target=\"_blank\" rel=\"noreferrer noopener\">Delibera\u00e7\u00e3o da C\u00e2mara de Gradua\u00e7\u00e3o n\u00ba 27\/2018<\/a><\/strong><br>Estabelece adequa\u00e7\u00f5es curriculares no curso de gradua\u00e7\u00e3o em Fisioterapia, curr\u00edculo 2016, a vigorar a partir do ano letivo de 2019<\/p>\n\n\n\n<p><strong><a href=\"https:\/\/sites.uel.br\/prograd\/wp-content\/uploads\/documentos\/deliberacoes\/2018\/deliberacao_26_18.pdf\" target=\"_blank\" rel=\"noreferrer noopener\">Delibera\u00e7\u00e3o da C\u00e2mara de Gradua\u00e7\u00e3o n\u00ba 26\/2018<\/a><\/strong><br>Aprova o Regulamento do NDE &#8211; N\u00facleo Docente Estruturante, do Curso de Odontologia<\/p>\n\n\n\n<p><strong><a href=\"https:\/\/sites.uel.br\/prograd\/wp-content\/uploads\/documentos\/deliberacoes\/2018\/deliberacao_25_18.pdf\" target=\"_blank\" rel=\"noreferrer noopener\">Delibera\u00e7\u00e3o da C\u00e2mara de Gradua\u00e7\u00e3o n\u00ba 25\/2018<\/a><\/strong><br>Estabelece adequa\u00e7\u00f5es curriculares no curso de Letras Franc\u00eas &#8211; Modalidade Bacharelado, Habilita\u00e7\u00e3o em L\u00edngua e Cultura Francesas<\/p>\n\n\n\n<p><strong><a href=\"https:\/\/sites.uel.br\/prograd\/wp-content\/uploads\/documentos\/deliberacoes\/2018\/deliberacao_24_18.pdf\" target=\"_blank\" rel=\"noreferrer noopener\">Delibera\u00e7\u00e3o da C\u00e2mara de Gradua\u00e7\u00e3o n\u00ba 24\/2018<\/a><\/strong><br>Altera a vincula\u00e7\u00e3o departamental da atividade acad\u00eamica 1LET095 &#8211; L\u00edngua Brasileira de Sinais &#8211; Libras, do curso de Gradua\u00e7\u00e3o em Ci\u00eancias Sociais &#8211; Licenciatura &#8211; curr\u00edculo 2010<\/p>\n\n\n\n<p><strong><a href=\"https:\/\/sites.uel.br\/prograd\/wp-content\/uploads\/documentos\/deliberacoes\/2018\/deliberacao_23_18.pdf\" target=\"_blank\" rel=\"noreferrer noopener\">Delibera\u00e7\u00e3o da C\u00e2mara de Gradua\u00e7\u00e3o n\u00ba 23\/2018<\/a><\/strong><br>Altera o sistema de promo\u00e7\u00e3o do curso de Administra\u00e7\u00e3o, curr\u00edculo 2010, a vigorar a partir do ano letivo de 2019<\/p>\n\n\n\n<p><strong><a href=\"https:\/\/sites.uel.br\/prograd\/wp-content\/uploads\/documentos\/deliberacoes\/2018\/deliberacao_22_18.pdf\" target=\"_blank\" rel=\"noreferrer noopener\">Delibera\u00e7\u00e3o da C\u00e2mara de Gradua\u00e7\u00e3o n\u00ba 22\/2018<\/a><\/strong><br>Aprova o Regulamento do Est\u00e1gio Curricular Obrigat\u00f3rio do Curso de Rela\u00e7\u00f5es P\u00fablicas<\/p>\n\n\n\n<p><strong><a href=\"https:\/\/sites.uel.br\/prograd\/wp-content\/uploads\/documentos\/deliberacoes\/2018\/deliberacao_21_18.pdf\" target=\"_blank\" rel=\"noreferrer noopener\">Delibera\u00e7\u00e3o da C\u00e2mara de Gradua\u00e7\u00e3o n\u00ba 21\/2018<\/a><\/strong><br>Altera a vincula\u00e7\u00e3o departamental da Atividade Acad\u00eamica 2CIN151 &#8211; Produ\u00e7\u00e3o e Express\u00e3o Textual, locada no 1\u00ba ano do curso de Biblioteconomia, curr\u00edculo 2018<\/p>\n\n\n\n<p><strong><a href=\"https:\/\/sites.uel.br\/prograd\/wp-content\/uploads\/documentos\/deliberacoes\/2018\/deliberacao_20_18.pdf\" target=\"_blank\" rel=\"noreferrer noopener\">Delibera\u00e7\u00e3o da C\u00e2mara de Gradua\u00e7\u00e3o n\u00ba 20\/2018<\/a><\/strong><br>Cancela os pr\u00e9-requisitos exigidos para as atividades acad\u00eamicas do Curso de Licenciatura em Computa\u00e7\u00e3o, na modalidade a dist\u00e2ncia<\/p>\n\n\n\n<p><strong><a href=\"https:\/\/sites.uel.br\/prograd\/wp-content\/uploads\/documentos\/deliberacoes\/2018\/deliberacao_19_18.pdf\" target=\"_blank\" rel=\"noreferrer noopener\">Delibera\u00e7\u00e3o da C\u00e2mara de Gradua\u00e7\u00e3o n\u00ba 19\/2018<\/a><\/strong><br>Estabelece adequa\u00e7\u00f5es no Projeto Pedag\u00f3gico do Curso de Administra\u00e7\u00e3o a vigorar para os estudantes ingressantes nos anos letivos de 2017, 2018 e 2019<\/p>\n\n\n\n<p><strong><a href=\"https:\/\/sites.uel.br\/prograd\/wp-content\/uploads\/documentos\/deliberacoes\/2018\/deliberacao_18_18.pdf\" target=\"_blank\" rel=\"noreferrer noopener\">Delibera\u00e7\u00e3o da C\u00e2mara de Gradua\u00e7\u00e3o n\u00ba 18\/2018<\/a><\/strong><br>Altera a vincula\u00e7\u00e3o departamental da atividade acad\u00eamica 2LET005 &#8211; LIBRAS &#8211; L\u00edngua Brasileira de Sinais, do curso de Gradua\u00e7\u00e3o em Matem\u00e1tica, curr\u00edculo 2014<\/p>\n\n\n\n<p><strong><a href=\"https:\/\/sites.uel.br\/prograd\/wp-content\/uploads\/documentos\/deliberacoes\/2018\/deliberacao_17_18.pdf\" target=\"_blank\" rel=\"noreferrer noopener\">Delibera\u00e7\u00e3o da C\u00e2mara de Gradua\u00e7\u00e3o n\u00ba 17\/2018<\/a><\/strong><br>Altera a vincula\u00e7\u00e3o departamental da atividade acad\u00eamica 6LET096 &#8211; L\u00edngua Brasileira de Sinais &#8211; LIBRAS, do curso de Gradua\u00e7\u00e3o em Filosofia, curr\u00edculo 2010<\/p>\n\n\n\n<p><strong><a href=\"https:\/\/sites.uel.br\/prograd\/wp-content\/uploads\/documentos\/deliberacoes\/2018\/deliberacao_16_18.pdf\" target=\"_blank\" rel=\"noreferrer noopener\">Delibera\u00e7\u00e3o da C\u00e2mara de Gradua\u00e7\u00e3o n\u00ba 16\/2018<\/a><\/strong><br>Altera a vincula\u00e7\u00e3o departamental da atividade acad\u00eamica 1LET093 &#8211; L\u00edngua Brasileira de Sinais &#8211; LIBRAS, do curso de Gradua\u00e7\u00e3o em Hist\u00f3ria, curr\u00edculo 2010<\/p>\n\n\n\n<p><strong><a href=\"https:\/\/sites.uel.br\/prograd\/wp-content\/uploads\/documentos\/deliberacoes\/2018\/deliberacao_15_18.pdf\" target=\"_blank\" rel=\"noreferrer noopener\">Delibera\u00e7\u00e3o da C\u00e2mara de Gradua\u00e7\u00e3o n\u00ba 15\/2018<\/a><\/strong><br>Aprova o Regulamento de Est\u00e1gio Curricular n\u00e3o Obrigat\u00f3rio do Curso de Educa\u00e7\u00e3o F\u00edsica &#8211; Habilita\u00e7\u00e3o Bacharelado<\/p>\n\n\n\n<p><strong><a href=\"https:\/\/sites.uel.br\/prograd\/wp-content\/uploads\/documentos\/deliberacoes\/2018\/deliberacao_14_18.pdf\" target=\"_blank\" rel=\"noreferrer noopener\">Delibera\u00e7\u00e3o da C\u00e2mara de Gradua\u00e7\u00e3o n\u00ba 14\/2018<\/a><\/strong><br>Altera o Cap\u00edtulo VII, da Resolu\u00e7\u00e3o CEPE\/CA n\u00ba 020\/2015, do Projeto Pedag\u00f3gico do Curso de Gradua\u00e7\u00e3o em Educa\u00e7\u00e3o F\u00edsica &#8211; Habilita\u00e7\u00e3o: Bacharelado<\/p>\n\n\n\n<p><strong><a href=\"https:\/\/sites.uel.br\/prograd\/wp-content\/uploads\/documentos\/deliberacoes\/2018\/deliberacao_13_18.pdf\" target=\"_blank\" rel=\"noreferrer noopener\">Delibera\u00e7\u00e3o da C\u00e2mara de Gradua\u00e7\u00e3o n\u00ba 13\/2018<\/a><\/strong><br>Aprova o Regulamento do Trabalho de Conclus\u00e3o do Curso &#8211; TCC, do Curso de Fisioterapia, a vigorar a partir do ano letivo de 2018<\/p>\n\n\n\n<p><strong><a href=\"https:\/\/sites.uel.br\/prograd\/wp-content\/uploads\/documentos\/deliberacoes\/2018\/deliberacao_12_18.pdf\" target=\"_blank\" rel=\"noreferrer noopener\">Delibera\u00e7\u00e3o da C\u00e2mara de Gradua\u00e7\u00e3o n\u00ba 12\/2018<\/a><\/strong><br>Altera a ementa das Atividades Acad\u00eamicas 6DEF090 &#8211; Atividade F\u00edsica e Sa\u00fade P\u00fablica I, 6DEF098 &#8211; Atividade F\u00edsica e Sa\u00fade P\u00fablica II e 6DEF105 &#8211; Aprofundamento em Atividades F\u00edsica e Sa\u00fade P\u00fablica, do Curso de Gradua\u00e7\u00e3o em Educa\u00e7\u00e3o F\u00edsica bacharelado, curr\u00edculo 2016<\/p>\n\n\n\n<p><strong><a href=\"https:\/\/sites.uel.br\/prograd\/wp-content\/uploads\/documentos\/deliberacoes\/2018\/deliberacao_11_18.pdf\" target=\"_blank\" rel=\"noreferrer noopener\">Delibera\u00e7\u00e3o da C\u00e2mara de Gradua\u00e7\u00e3o n\u00ba 11\/2018<\/a><\/strong><br>Aprova o Regulamento Geral do Est\u00e1gio Curricular Obrigat\u00f3rio do Curso de Psicologia<\/p>\n\n\n\n<p><strong><a href=\"https:\/\/sites.uel.br\/prograd\/wp-content\/uploads\/documentos\/deliberacoes\/2018\/deliberacao_10_18.pdf\" target=\"_blank\" rel=\"noreferrer noopener\">Delibera\u00e7\u00e3o da C\u00e2mara de Gradua\u00e7\u00e3o n\u00ba 10\/2018<\/a><\/strong><br>Altera a distribui\u00e7\u00e3o da carga hor\u00e1ria da atividade acad\u00eamica 2CIN110 &#8211; Introdu\u00e7\u00e3o aos Metadados, locada no 1\u00ba ano do curso de gradua\u00e7\u00e3o em Arquivologia, curr\u00edculo 2018<\/p>\n\n\n\n<p><strong><a href=\"https:\/\/sites.uel.br\/prograd\/wp-content\/uploads\/documentos\/deliberacoes\/2018\/deliberacao_09_18.pdf\" target=\"_blank\" rel=\"noreferrer noopener\">Delibera\u00e7\u00e3o da C\u00e2mara de Gradua\u00e7\u00e3o n\u00ba 09\/2018<\/a><\/strong><br>Altera o per\u00edodo de oferta das atividades acad\u00eamicas 6EDU095 &#8211; Psicologia da Aprendizagem B e 6EDU100 &#8211; Educa\u00e7\u00e3o Especial A, do curso de gradua\u00e7\u00e3o em Pedagogia, curr\u00edculo 2010<\/p>\n\n\n\n<p><strong><a href=\"https:\/\/sites.uel.br\/prograd\/wp-content\/uploads\/documentos\/deliberacoes\/2018\/deliberacao_08_18.pdf\" target=\"_blank\" rel=\"noreferrer noopener\">Delibera\u00e7\u00e3o da C\u00e2mara de Gradua\u00e7\u00e3o n\u00ba 08\/2018<\/a><\/strong><br>Altera o per\u00edodo de oferta das atividades acad\u00eamicas 6VET012 &#8211; Anestesiologia Animal e 6VET015 &#8211; T\u00e9cnica Cir\u00fargica, locadas na 3\u00aa s\u00e9rie do curso de gradua\u00e7\u00e3o em Medicina Veterin\u00e1ria<\/p>\n\n\n\n<p><strong><a href=\"https:\/\/sites.uel.br\/prograd\/wp-content\/uploads\/documentos\/deliberacoes\/2018\/deliberacao_07_18.pdf\" target=\"_blank\" rel=\"noreferrer noopener\">Delibera\u00e7\u00e3o da C\u00e2mara de Gradua\u00e7\u00e3o n\u00ba 07\/2018<\/a><\/strong><br>Altera a ementa das atividades acad\u00eamicas 1ELE703 &#8211; Eletricidade B\u00e1sica, 1ELE705 &#8211; Algoritmos e Estrutura de Dados e 1ELE709 &#8211; An\u00e1lise de Circuitos CC, locadas, respectivamente, nos 1\u00ba, 2\u00ba e 3\u00ba semestres do Curso de Gradua\u00e7\u00e3o em Engenharia &#8211; Habilita\u00e7\u00e3o: Engenharia El\u00e9trica, curr\u00edculo 2018<\/p>\n\n\n\n<p><strong><a href=\"https:\/\/sites.uel.br\/prograd\/wp-content\/uploads\/documentos\/deliberacoes\/2018\/deliberacao_06_18.pdf\" target=\"_blank\" rel=\"noreferrer noopener\">Delibera\u00e7\u00e3o da C\u00e2mara de Gradua\u00e7\u00e3o n\u00ba 06\/2018<\/a><\/strong><br>Altera a vincula\u00e7\u00e3o departamental e redistribui a carga hor\u00e1ria da Atividade Acad\u00eamica 6CIV\/EDU\/TRU031 &#8211; Oficina de Comunica\u00e7\u00e3o e Express\u00e3o para Engenharia Civil, locada na 1\u00aa s\u00e9rie do Curso de Gradua\u00e7\u00e3o em Engenharia &#8211; Habilita\u00e7\u00e3o: Engenharia Civil, curr\u00edculo 2010<\/p>\n\n\n\n<p><strong><a href=\"https:\/\/sites.uel.br\/prograd\/wp-content\/uploads\/documentos\/deliberacoes\/2018\/deliberacao_05_18.pdf\" target=\"_blank\" rel=\"noreferrer noopener\">Delibera\u00e7\u00e3o da C\u00e2mara de Gradua\u00e7\u00e3o n\u00ba 05\/2018<\/a><\/strong><br>Aprova o Regulamento de Est\u00e1gio Curricular Obrigat\u00f3rio do Curso de Geografia &#8211; HABILITA\u00c7\u00c3O BACHARELADO e o Regulamento de Est\u00e1gio Curricular Obrigat\u00f3rio do Curso de Geografia &#8211; Licenciatura<\/p>\n\n\n\n<p><strong><a href=\"https:\/\/sites.uel.br\/prograd\/wp-content\/uploads\/documentos\/deliberacoes\/2018\/deliberacao_04_18.pdf\" target=\"_blank\" rel=\"noreferrer noopener\">Delibera\u00e7\u00e3o da C\u00e2mara de Gradua\u00e7\u00e3o n\u00ba 04\/2018<\/a><\/strong><br>Aprova o Regulamento de Est\u00e1gio Curricular Obrigat\u00f3rio e n\u00e3o Obrigat\u00f3rio do Curso de Gradua\u00e7\u00e3o em Artes Visuais, habilita\u00e7\u00e3o: Licenciatura<\/p>\n\n\n\n<p><strong><a href=\"https:\/\/sites.uel.br\/prograd\/wp-content\/uploads\/documentos\/deliberacoes\/2018\/deliberacao_03_18.pdf\" target=\"_blank\" rel=\"noreferrer noopener\">Delibera\u00e7\u00e3o da C\u00e2mara de Gradua\u00e7\u00e3o n\u00ba 03\/2018<\/a><\/strong><br>Aprova o Regulamento do Trabalho de Conclus\u00e3o do Curso &#8211; TCC, do Curso de Gradua\u00e7\u00e3o em Artes Visuais, Habilita\u00e7\u00e3o: Licenciatura, a vigorar a partir do ano letivo de 2018<\/p>\n\n\n\n<p><strong><a href=\"https:\/\/sites.uel.br\/prograd\/wp-content\/uploads\/documentos\/deliberacoes\/2018\/deliberacao_02_18.pdf\" target=\"_blank\" rel=\"noreferrer noopener\">Delibera\u00e7\u00e3o da C\u00e2mara de Gradua\u00e7\u00e3o n\u00ba 02\/2018<\/a><\/strong><br>Altera a modalidade e carga hor\u00e1ria m\u00e1xima de aproveitamento em Atividade Acad\u00eamica Complementar (AAC) no curso de Arquivologia<\/p>\n\n\n\n<p><strong><a href=\"https:\/\/sites.uel.br\/prograd\/wp-content\/uploads\/documentos\/deliberacoes\/2018\/deliberacao_01_18.pdf\" target=\"_blank\" rel=\"noreferrer noopener\">Delibera\u00e7\u00e3o da C\u00e2mara de Gradua\u00e7\u00e3o n\u00ba 01\/2018<\/a><\/strong><br>Altera a modalidade e carga hor\u00e1ria m\u00e1xima de aproveitamento em Atividade Acad\u00eamica Complementar (AAC) no curso de Biblioteconomia<\/p>\n\n","protected":false},"excerpt":{"rendered":"<p>2018 Delibera\u00e7\u00e3o da C\u00e2mara de Gradua\u00e7\u00e3o n\u00ba 36\/2018Aprova o Regulamento do Trabalho de Conclus\u00e3o do Curso &#8211; TCC, do curso de Jornalismo Delibera\u00e7\u00e3o da C\u00e2mara de Gradua\u00e7\u00e3o n\u00ba 35\/2018Estabelece altera\u00e7\u00f5es na Delibera\u00e7\u00e3o C\u00e2mara de Gradua\u00e7\u00e3o n\u00ba 28\/2018, que estabelece adequa\u00e7\u00f5es curriculares no curso de Gradua\u00e7\u00e3o em Design Gr\u00e1fico Delibera\u00e7\u00e3o da C\u00e2mara de Gradua\u00e7\u00e3o n\u00ba 34\/2018Estabelece [&hellip;]<\/p>\n","protected":false},"author":8,"featured_media":0,"parent":0,"menu_order":0,"comment_status":"closed","ping_status":"closed","template":"","meta":{"_acf_changed":false,"_themeisle_gutenberg_block_has_review":false,"footnotes":""},"class_list":["post-1897","page","type-page","status-publish","hentry"],"acf":[],"_links":{"self":[{"href":"https:\/\/sites.uel.br\/prograd\/wp-json\/wp\/v2\/pages\/1897","targetHints":{"allow":["GET"]}}],"collection":[{"href":"https:\/\/sites.uel.br\/prograd\/wp-json\/wp\/v2\/pages"}],"about":[{"href":"https:\/\/sites.uel.br\/prograd\/wp-json\/wp\/v2\/types\/page"}],"author":[{"embeddable":true,"href":"https:\/\/sites.uel.br\/prograd\/wp-json\/wp\/v2\/users\/8"}],"replies":[{"embeddable":true,"href":"https:\/\/sites.uel.br\/prograd\/wp-json\/wp\/v2\/comments?post=1897"}],"version-history":[{"count":10,"href":"https:\/\/sites.uel.br\/prograd\/wp-json\/wp\/v2\/pages\/1897\/revisions"}],"predecessor-version":[{"id":20232,"href":"https:\/\/sites.uel.br\/prograd\/wp-json\/wp\/v2\/pages\/1897\/revisions\/20232"}],"wp:attachment":[{"href":"https:\/\/sites.uel.br\/prograd\/wp-json\/wp\/v2\/media?parent=1897"}],"curies":[{"name":"wp","href":"https:\/\/api.w.org\/{rel}","templated":true}]}}