{"id":1895,"date":"2023-03-30T16:31:06","date_gmt":"2023-03-30T19:31:06","guid":{"rendered":"https:\/\/sites.uel.br\/prograd\/?page_id=1895"},"modified":"2024-04-25T09:01:01","modified_gmt":"2024-04-25T12:01:01","slug":"deliberacoes-camara-de-graduacao-2019","status":"publish","type":"page","link":"https:\/\/sites.uel.br\/prograd\/deliberacoes-camara-de-graduacao-2019\/","title":{"rendered":"Delibera\u00e7\u00f5es (C\u00e2mara de Gradua\u00e7\u00e3o)"},"content":{"rendered":"\n<hr class=\"wp-block-separator has-alpha-channel-opacity is-style-wide\"\/>\n\n\n\n<h3 class=\"wp-block-heading\">2019<\/h3>\n\n\n\n<div style=\"height:20px\" aria-hidden=\"true\" class=\"wp-block-spacer\"><\/div>\n\n\n\n<p><strong><a href=\"https:\/\/sites.uel.br\/prograd\/wp-content\/uploads\/documentos\/deliberacoes\/2019\/deliberacao_29_19.pdf\" target=\"_blank\" rel=\"noreferrer noopener\">Delibera\u00e7\u00e3o da C\u00e2mara de Gradua\u00e7\u00e3o n\u00ba 29\/2019<\/a><\/strong><br>Aprova o Regulamento do Trabalho de Conclus\u00e3o de Curso &#8211; TCC, do Curso de Licenciatura em Computa\u00e7\u00e3o, modalidade Ead, a vigorar a partir do ano letivo de 2020<\/p>\n\n\n\n<p><strong><a href=\"https:\/\/sites.uel.br\/prograd\/wp-content\/uploads\/documentos\/deliberacoes\/2019\/deliberacao_28_19.pdf\" target=\"_blank\" rel=\"noreferrer noopener\">Delibera\u00e7\u00e3o da C\u00e2mara de Gradua\u00e7\u00e3o n\u00ba 28\/2019<\/a><\/strong><br>Extingue os pr\u00e9-requisitos exigidos na matriz curricular do Curso de Gradua\u00e7\u00e3o em Pedagogia, curr\u00edculo implantado a partir do ano letivo de 2019, constantes da Resolu\u00e7\u00e3o CEPE\/CA n\u00ba 118\/2018<\/p>\n\n\n\n<p><strong><a href=\"https:\/\/sites.uel.br\/prograd\/wp-content\/uploads\/documentos\/deliberacoes\/2019\/deliberacao_27_19.pdf\" target=\"_blank\" rel=\"noreferrer noopener\">Delibera\u00e7\u00e3o da C\u00e2mara de Gradua\u00e7\u00e3o n\u00ba 27\/2019<\/a><\/strong><br>Altera o sistema de promo\u00e7\u00e3o do Curso de Letras Franc\u00eas &#8211; Modalidade: Bacharelado, Habilita\u00e7\u00e3o: L\u00edngua e Cultura Francesas<\/p>\n\n\n\n<p><strong><a href=\"https:\/\/sites.uel.br\/prograd\/wp-content\/uploads\/documentos\/deliberacoes\/2019\/deliberacao_26_19.pdf\" target=\"_blank\" rel=\"noreferrer noopener\">Delibera\u00e7\u00e3o da C\u00e2mara de Gradua\u00e7\u00e3o n\u00ba 26\/2019<\/a><\/strong><br>Estabelece adequa\u00e7\u00f5es no Projeto Pedag\u00f3gico do curso de Gradua\u00e7\u00e3o em Nutri\u00e7\u00e3o<\/p>\n\n\n\n<p><strong><a href=\"https:\/\/sites.uel.br\/prograd\/wp-content\/uploads\/documentos\/deliberacoes\/2019\/deliberacao_25_19.pdf\" target=\"_blank\" rel=\"noreferrer noopener\">Delibera\u00e7\u00e3o da C\u00e2mara de Gradua\u00e7\u00e3o n\u00ba 25\/2019<\/a><\/strong><br>Altera a composi\u00e7\u00e3o do Colegiado do Curso de Arquivologia<\/p>\n\n\n\n<p><strong><a href=\"https:\/\/sites.uel.br\/prograd\/wp-content\/uploads\/documentos\/deliberacoes\/2019\/deliberacao_24_19.pdf\" target=\"_blank\" rel=\"noreferrer noopener\">Delibera\u00e7\u00e3o da C\u00e2mara de Gradua\u00e7\u00e3o n\u00ba 24\/2019<\/a><\/strong><br>Altera a vincula\u00e7\u00e3o departamental da atividade acad\u00eamica 1BIO701 &#8211; Ci\u00eancias do Ambiente, do curso de Gradua\u00e7\u00e3o em Engenharia El\u00e9trica<\/p>\n\n\n\n<p><strong><a href=\"https:\/\/sites.uel.br\/prograd\/wp-content\/uploads\/documentos\/deliberacoes\/2019\/deliberacao_23_19.pdf\" target=\"_blank\" rel=\"noreferrer noopener\">Delibera\u00e7\u00e3o da C\u00e2mara de Gradua\u00e7\u00e3o n\u00ba 23\/2019<\/a><\/strong><br>Estabele adequa\u00e7\u00f5es curriculares no curso de Gradua\u00e7\u00e3o em Enfermagem<\/p>\n\n\n\n<p><strong><a href=\"https:\/\/sites.uel.br\/prograd\/wp-content\/uploads\/documentos\/deliberacoes\/2019\/deliberacao_22_19.pdf\" target=\"_blank\" rel=\"noreferrer noopener\">Delibera\u00e7\u00e3o da C\u00e2mara de Gradua\u00e7\u00e3o n\u00ba 22\/2019<\/a><\/strong><br>Estabelece adequa\u00e7\u00f5es curriculares no Curso de Gradua\u00e7\u00e3o em Odontologia<\/p>\n\n\n\n<p><strong><a href=\"https:\/\/sites.uel.br\/prograd\/wp-content\/uploads\/documentos\/deliberacoes\/2019\/deliberacao_21_19.pdf\" target=\"_blank\" rel=\"noreferrer noopener\">Delibera\u00e7\u00e3o da C\u00e2mara de Gradua\u00e7\u00e3o n\u00ba 21\/2019<\/a><\/strong><br>Altera a ementa da atividade acad\u00eamica 6LEM133 &#8211; Literaturas de L\u00edngua Inglesa III do Curso de Gradua\u00e7\u00e3o em Letras Ingl\u00eas, Licenciatura em L\u00edngua Inglesa e Literaturas em L\u00edngua Inglesa<\/p>\n\n\n\n<p><strong><a href=\"https:\/\/sites.uel.br\/prograd\/wp-content\/uploads\/documentos\/deliberacoes\/2019\/deliberacao_20_19.pdf\" target=\"_blank\" rel=\"noreferrer noopener\">Delibera\u00e7\u00e3o da C\u00e2mara de Gradua\u00e7\u00e3o n\u00ba 20\/2019<\/a><\/strong><br>Estabelece adequa\u00e7\u00f5es curriculares no Curso de Gradua\u00e7\u00e3o em Fisioterapia<\/p>\n\n\n\n<p><strong><a href=\"https:\/\/sites.uel.br\/prograd\/wp-content\/uploads\/documentos\/deliberacoes\/2019\/deliberacao_19_19.pdf\" target=\"_blank\" rel=\"noreferrer noopener\">Delibera\u00e7\u00e3o da C\u00e2mara de Gradua\u00e7\u00e3o n\u00ba 19\/2019<\/a><\/strong><br>Estabelece adequa\u00e7\u00f5es curriculares no curso de Gradua\u00e7\u00e3o em Ci\u00eancias Biol\u00f3gicas &#8211; Licenciatura e Bacharelado<\/p>\n\n\n\n<p><strong><a href=\"https:\/\/sites.uel.br\/prograd\/wp-content\/uploads\/documentos\/deliberacoes\/2019\/deliberacao_18_19.pdf\" target=\"_blank\" rel=\"noreferrer noopener\">Delibera\u00e7\u00e3o da C\u00e2mara de Gradua\u00e7\u00e3o n\u00ba 18\/2019<\/a><\/strong><br>Estabelece adequa\u00e7\u00f5es curriculares no curso de Gradua\u00e7\u00e3o em Biotecnologia &#8211; Bacharelado<\/p>\n\n\n\n<p><strong><a href=\"https:\/\/sites.uel.br\/prograd\/wp-content\/uploads\/documentos\/deliberacoes\/2019\/deliberacao_17_19.pdf\" target=\"_blank\" rel=\"noreferrer noopener\">Delibera\u00e7\u00e3o da C\u00e2mara de Gradua\u00e7\u00e3o n\u00ba 17\/2019<\/a><\/strong><br>Estabelece adequa\u00e7\u00f5es curriculares no curso de Gradua\u00e7\u00e3o em Agronomia<\/p>\n\n\n\n<p><strong><a href=\"https:\/\/sites.uel.br\/prograd\/wp-content\/uploads\/documentos\/deliberacoes\/2019\/deliberacao_16_19.pdf\" target=\"_blank\" rel=\"noreferrer noopener\">Delibera\u00e7\u00e3o da C\u00e2mara de Gradua\u00e7\u00e3o n\u00ba 16\/2019<\/a><\/strong><br>Aprova o Regulamento de Est\u00e1gio Curricular Obrigat\u00f3rio do Curso de LICENCIATURA EM COMPUTA\u00c7\u00c3O &#8211; MODALIDADE: EAD<\/p>\n\n\n\n<p><strong><a href=\"https:\/\/sites.uel.br\/prograd\/wp-content\/uploads\/documentos\/deliberacoes\/2019\/deliberacao_15_19.pdf\" target=\"_blank\" rel=\"noreferrer noopener\">Delibera\u00e7\u00e3o da C\u00e2mara de Gradua\u00e7\u00e3o n\u00ba 15\/2019<\/a><\/strong><br>Aprova o Regulamento do Trabalho de Conclus\u00e3o de Curso &#8211; TCC, do Curso de Rela\u00e7\u00f5es P\u00fablicas, a vigorar a partir do ano letivo de 2019<\/p>\n\n\n\n<p><strong><a href=\"https:\/\/sites.uel.br\/prograd\/wp-content\/uploads\/documentos\/deliberacoes\/2019\/deliberacao_14_19.pdf\" target=\"_blank\" rel=\"noreferrer noopener\">Delibera\u00e7\u00e3o da C\u00e2mara de Gradua\u00e7\u00e3o n\u00ba 14\/2019<\/a><\/strong><br>Altera o per\u00edodo de oferta das atividades acad\u00eamicas 1EDU052 &#8211; Did\u00e1tica da L\u00edngua Portuguesa para os Anos Iniciais do Ensino Fundamental e 1EDU061 &#8211; Did\u00e1tica da Geografia para os Anos Iniciais do Ensino Fundamental, do Curso de Gradua\u00e7\u00e3o em Pedagogia<\/p>\n\n\n\n<p><strong><a href=\"https:\/\/sites.uel.br\/prograd\/wp-content\/uploads\/documentos\/deliberacoes\/2019\/deliberacao_13_19.pdf\" target=\"_blank\" rel=\"noreferrer noopener\">Delibera\u00e7\u00e3o da C\u00e2mara de Gradua\u00e7\u00e3o n\u00ba 13\/2019<\/a><\/strong><br>Altera a ementa das atividades acad\u00eamicas 6DEF096 Atividade F\u00edsica ao Longo da Vida e 6DEF102 Atividade F\u00edsica e Sa\u00fade ao Longo da Vida, locadas respectivamente, nas 3\u00aa e 4\u00aa s\u00e9ries, do Curso de Gradua\u00e7\u00e3o em Educa\u00e7\u00e3o F\u00edsica &#8211; Bacharelado<\/p>\n\n\n\n<p><strong><a href=\"https:\/\/sites.uel.br\/prograd\/wp-content\/uploads\/documentos\/deliberacoes\/2019\/deliberacao_12_19.pdf\" target=\"_blank\" rel=\"noreferrer noopener\">Delibera\u00e7\u00e3o da C\u00e2mara de Gradua\u00e7\u00e3o n\u00ba 12\/2019<\/a><\/strong><br>Altera o nome das atividades acad\u00eamicas 6MOD123 &#8211; Gest\u00e3o de Servi\u00e7os P\u00fablicos de Odontologia I e 6MOD124 &#8211; Gest\u00e3o de Servi\u00e7os P\u00fablicos de Odontologia II do Curso de Gradua\u00e7\u00e3o em Odontologia<\/p>\n\n\n\n<p><strong><a href=\"https:\/\/sites.uel.br\/prograd\/wp-content\/uploads\/documentos\/deliberacoes\/2019\/deliberacao_11_19.pdf\" target=\"_blank\" rel=\"noreferrer noopener\">Delibera\u00e7\u00e3o da C\u00e2mara de Gradua\u00e7\u00e3o n\u00ba 11\/2019<\/a><\/strong><br>Aprova o Regulamento de Est\u00e1gio Curricular Obrigat\u00f3rio e Est\u00e1gio Curricular n\u00e3o Obrigat\u00f3rio do Curso de Pedagogia<\/p>\n\n\n\n<p><strong><a href=\"https:\/\/sites.uel.br\/prograd\/wp-content\/uploads\/documentos\/deliberacoes\/2019\/deliberacao_10_19.pdf\" target=\"_blank\" rel=\"noreferrer noopener\">Delibera\u00e7\u00e3o da C\u00e2mara de Gradua\u00e7\u00e3o n\u00ba 10\/2019<\/a><\/strong><br>Aprova o Regulamento do NDE &#8211; N\u00facleo Docente Estruturante, do Curso de Biblioteconomia<\/p>\n\n\n\n<p><strong><a href=\"https:\/\/sites.uel.br\/prograd\/wp-content\/uploads\/documentos\/deliberacoes\/2019\/deliberacao_09_19.pdf\" target=\"_blank\" rel=\"noreferrer noopener\">Delibera\u00e7\u00e3o da C\u00e2mara de Gradua\u00e7\u00e3o n\u00ba 09\/2019<\/a><\/strong><br>Aprova o Regulamento do NDE &#8211; N\u00facleo Docente Estruturante, do Curso de Arquivologia<\/p>\n\n\n\n<p><strong><a href=\"https:\/\/sites.uel.br\/prograd\/wp-content\/uploads\/documentos\/deliberacoes\/2019\/deliberacao_09_19.pdf\" target=\"_blank\" rel=\"noreferrer noopener\">Delibera\u00e7\u00e3o da C\u00e2mara de Gradua\u00e7\u00e3o n\u00ba 08\/2019<\/a><\/strong><br>Aprova o Regulamento de Est\u00e1gio Curricular n\u00e3o Obrigat\u00f3rio do Curso de Ci\u00eancias Econ\u00f4micas<\/p>\n\n\n\n<p><strong><a href=\"https:\/\/sites.uel.br\/prograd\/wp-content\/uploads\/documentos\/deliberacoes\/2019\/deliberacao_07_19.pdf\" target=\"_blank\" rel=\"noreferrer noopener\">Delibera\u00e7\u00e3o da C\u00e2mara de Gradua\u00e7\u00e3o n\u00ba 07\/2019<\/a><\/strong><br>Cancela o pr\u00e9-requisito exigido para a atividade acad\u00eamica 2QUI103 &#8211; F\u00edsico-Qu\u00edmica Experimental do Curso de Gradua\u00e7\u00e3o em Qu\u00edmica &#8211; Bacharelado<\/p>\n\n\n\n<p><strong><a href=\"https:\/\/sites.uel.br\/prograd\/wp-content\/uploads\/documentos\/deliberacoes\/2019\/deliberacao_06_19.pdf\" target=\"_blank\" rel=\"noreferrer noopener\">Delibera\u00e7\u00e3o da C\u00e2mara de Gradua\u00e7\u00e3o n\u00ba 06\/2019<\/a><\/strong><br>Altera a forma de cumprimento da depend\u00eancia do Curso de Geografia, Bacharelado e Licenciatura<\/p>\n\n\n\n<p><strong><a href=\"https:\/\/sites.uel.br\/prograd\/wp-content\/uploads\/documentos\/deliberacoes\/2019\/deliberacao_05_19.pdf\" target=\"_blank\" rel=\"noreferrer noopener\">Delibera\u00e7\u00e3o da C\u00e2mara de Gradua\u00e7\u00e3o n\u00ba 05\/2019<\/a><\/strong><br>Estabelece adequa\u00e7\u00f5es curriculares no Curso de Gradua\u00e7\u00e3o em Letras Franc\u00eas, L\u00edngua e Cultura Francesas<\/p>\n\n\n\n<p><strong><a href=\"https:\/\/sites.uel.br\/prograd\/wp-content\/uploads\/documentos\/deliberacoes\/2019\/deliberacao_04_19.pdf\" target=\"_blank\" rel=\"noreferrer noopener\">Delibera\u00e7\u00e3o da C\u00e2mara de Gradua\u00e7\u00e3o n\u00ba 04\/2019<\/a><\/strong><br>Estabelece adequa\u00e7\u00f5es curriculares no Curso de Gradua\u00e7\u00e3o em Odontologia<\/p>\n\n\n\n<p><strong><a href=\"https:\/\/sites.uel.br\/prograd\/wp-content\/uploads\/documentos\/deliberacoes\/2019\/deliberacao_03_19.pdf\" target=\"_blank\" rel=\"noreferrer noopener\">Delibera\u00e7\u00e3o da C\u00e2mara de Gradua\u00e7\u00e3o n\u00ba 03\/2019<\/a><\/strong><br>D\u00e1 nova reda\u00e7\u00e3o ao artigo 1\u00ba da Delibera\u00e7\u00e3o &#8211; C\u00e2mara de Gradua\u00e7\u00e3o n\u00ba 019\/2018, que estabelece adequa\u00e7\u00f5es no Projeto Pedag\u00f3gico do Curso de Administra\u00e7\u00e3o<\/p>\n\n\n\n<p><strong><a href=\"https:\/\/sites.uel.br\/prograd\/wp-content\/uploads\/documentos\/deliberacoes\/2019\/deliberacao_02_19.pdf\" target=\"_blank\" rel=\"noreferrer noopener\">Delibera\u00e7\u00e3o da C\u00e2mara de Gradua\u00e7\u00e3o n\u00ba 02\/2019<\/a><\/strong><br>Estabelece adequa\u00e7\u00f5es curriculares no curso de Gradua\u00e7\u00e3o em Letras Portugu\u00eas &#8211; Licenciatura em L\u00edngua Portuguesa e Respectivas Literaturas<\/p>\n\n\n\n<p><strong><a href=\"https:\/\/sites.uel.br\/prograd\/wp-content\/uploads\/documentos\/deliberacoes\/2019\/deliberacao_01_19.pdf\" target=\"_blank\" rel=\"noreferrer noopener\">Delibera\u00e7\u00e3o da C\u00e2mara de Gradua\u00e7\u00e3o n\u00ba 01\/2019<\/a><\/strong><br>D\u00e1 nova reda\u00e7\u00e3o aos artigos 4\u00ba e 5\u00ba da Delibera\u00e7\u00e3o &#8211; C\u00e2mara de Gradua\u00e7\u00e3o n\u00ba 012\/2017, que aprova o regulamento do N\u00facleo Docente Estruturante (NDE) do Curso de Ci\u00eancias Biol\u00f3gicas<\/p>\n","protected":false},"excerpt":{"rendered":"<p>2019 Delibera\u00e7\u00e3o da C\u00e2mara de Gradua\u00e7\u00e3o n\u00ba 29\/2019Aprova o Regulamento do Trabalho de Conclus\u00e3o de Curso &#8211; TCC, do Curso de Licenciatura em Computa\u00e7\u00e3o, modalidade Ead, a vigorar a partir do ano letivo de 2020 Delibera\u00e7\u00e3o da C\u00e2mara de Gradua\u00e7\u00e3o n\u00ba 28\/2019Extingue os pr\u00e9-requisitos exigidos na matriz curricular do Curso de Gradua\u00e7\u00e3o em Pedagogia, curr\u00edculo [&hellip;]<\/p>\n","protected":false},"author":8,"featured_media":0,"parent":0,"menu_order":0,"comment_status":"closed","ping_status":"closed","template":"","meta":{"_acf_changed":false,"_themeisle_gutenberg_block_has_review":false,"footnotes":""},"class_list":["post-1895","page","type-page","status-publish","hentry"],"acf":[],"_links":{"self":[{"href":"https:\/\/sites.uel.br\/prograd\/wp-json\/wp\/v2\/pages\/1895","targetHints":{"allow":["GET"]}}],"collection":[{"href":"https:\/\/sites.uel.br\/prograd\/wp-json\/wp\/v2\/pages"}],"about":[{"href":"https:\/\/sites.uel.br\/prograd\/wp-json\/wp\/v2\/types\/page"}],"author":[{"embeddable":true,"href":"https:\/\/sites.uel.br\/prograd\/wp-json\/wp\/v2\/users\/8"}],"replies":[{"embeddable":true,"href":"https:\/\/sites.uel.br\/prograd\/wp-json\/wp\/v2\/comments?post=1895"}],"version-history":[{"count":11,"href":"https:\/\/sites.uel.br\/prograd\/wp-json\/wp\/v2\/pages\/1895\/revisions"}],"predecessor-version":[{"id":28451,"href":"https:\/\/sites.uel.br\/prograd\/wp-json\/wp\/v2\/pages\/1895\/revisions\/28451"}],"wp:attachment":[{"href":"https:\/\/sites.uel.br\/prograd\/wp-json\/wp\/v2\/media?parent=1895"}],"curies":[{"name":"wp","href":"https:\/\/api.w.org\/{rel}","templated":true}]}}