{"id":1820,"date":"2023-03-15T09:08:26","date_gmt":"2023-03-15T12:08:26","guid":{"rendered":"https:\/\/sites.uel.br\/prograd\/?page_id=1820"},"modified":"2026-01-07T15:25:01","modified_gmt":"2026-01-07T18:25:01","slug":"canais-de-atendimento","status":"publish","type":"page","link":"https:\/\/sites.uel.br\/prograd\/canais-de-atendimento\/","title":{"rendered":"Canais de Atendimento"},"content":{"rendered":"\n<hr class=\"wp-block-separator has-alpha-channel-opacity is-style-wide\"\/>\n\n\n\n<h2 class=\"wp-block-heading\">Atendimento Presencial<\/h2>\n\n\n\n<div class=\"wp-block-columns is-layout-flex wp-container-core-columns-is-layout-9d6595d7 wp-block-columns-is-layout-flex\">\n<div class=\"wp-block-column is-layout-flow wp-block-column-is-layout-flow\" style=\"flex-basis:350px\">\n<p><strong>Dias da semana: <\/strong><br>Segunda \u00e0 Sexta <\/p>\n\n\n\n<p><strong>Hor\u00e1rios:<\/strong><br><strong> <\/strong>8h \u00e0s 11h30<br>14h00 \u00e0s 17h00<\/p>\n\n\n\n<p><strong>Local:<\/strong><br>Pr\u00f3-Reitoria de Gradua\u00e7\u00e3o (PROGRAD)<\/p>\n\n\n\n<div style=\"height:10px\" aria-hidden=\"true\" class=\"wp-block-spacer\"><\/div>\n<\/div>\n\n\n\n<div class=\"wp-block-column is-layout-flow wp-block-column-is-layout-flow\">\n<iframe src=\"https:\/\/www.google.com\/maps\/embed?pb=!1m14!1m8!1m3!1d14654.706137785422!2d-51.1953084!3d-23.3274921!3m2!1i1024!2i768!4f13.1!3m3!1m2!1s0x94eb5ca3f8b1a821%3A0xd12cc6bac8644058!2sPROGRAD%20-%20Pr%C3%B3-Reitoria%20de%20Gradua%C3%A7%C3%A3o!5e0!3m2!1spt-BR!2sbr!4v1676378039424!5m2!1spt-BR!2sbr\" style=\"border:0;\" allowfullscreen=\"\" loading=\"lazy\" referrerpolicy=\"no-referrer-when-downgrade\" width=\"100%\" height=\"400\"><\/iframe>\n<\/div>\n<\/div>\n\n\n\n<h2 class=\"wp-block-heading\">Atendimento Remoto<\/h2>\n\n\n\n<p><strong>On-line:<\/strong><br><a href=\"https:\/\/docs.google.com\/forms\/d\/e\/1FAIpQLScBOuw_ex5XfEWBXr7WxkM_k_BN8Ce8ZCznyT9uFO3Vm-Gcgg\/viewform\" target=\"_blank\" rel=\"noreferrer noopener\">Formul\u00e1rio de Atendimento<\/a><\/p>\n\n\n\n<p><strong>E-mail:<\/strong> <br><a href=\"mailto:prograd.atendimento@uel.br\">prograd.atendimento@uel.br<\/a><\/p>\n\n\n\n<p><strong>Telefone: <\/strong><br>3371\u20134333<\/p>\n\n\n\n<div style=\"height:10px\" aria-hidden=\"true\" class=\"wp-block-spacer\"><\/div>\n\n\n\n<h2 class=\"wp-block-heading\">Atendimento Especializado Por Assunto<\/h2>\n\n\n\n<h3 class=\"wp-block-heading\">Secretaria Executiva<\/h3>\n\n\n\n<p>(43) 3371-4746<\/p>\n\n\n\n<div style=\"height:30px\" aria-hidden=\"true\" class=\"wp-block-spacer\"><\/div>\n\n\n\n<h3 class=\"wp-block-heading\">Diretoria de Apoio \u00c0 A\u00e7\u00e3o Pedag\u00f3gica<\/h3>\n\n\n\n<div style=\"height:20px\" aria-hidden=\"true\" class=\"wp-block-spacer\"><\/div>\n\n\n\n<div class=\"wp-block-columns is-layout-flex wp-container-core-columns-is-layout-9d6595d7 wp-block-columns-is-layout-flex\">\n<div class=\"wp-block-column is-layout-flow wp-block-column-is-layout-flow\">\n<h4 class=\"wp-block-heading\">Acessibilidade<\/h4>\n\n\n\n<p class=\"sem-margem\"><a href=\"mailto:nac@uel.br\">nac@uel.br<\/a><\/p>\n\n\n\n<p><a href=\"https:\/\/api.whatsapp.com\/send?phone=554333714148\">(43) 3371-4148 <i class=\"fab fa-whatsapp\"><\/i><\/a><br>(43) 3371-4325<br><a href=\"https:\/\/api.whatsapp.com\/send?phone=554333714703\">(43) 3371-4703 <i class=\"fab fa-whatsapp\"><\/i><\/a> (libras)<\/p>\n<\/div>\n\n\n\n<div class=\"wp-block-column is-layout-flow wp-block-column-is-layout-flow\">\n<h4 class=\"wp-block-heading\">Colegiados de Cursos e Curr\u00edculos<\/h4>\n\n\n\n<p class=\"sem-margem\"><a href=\"mailto:prograddcc@uel.br\">prograddcc@uel.br<\/a><\/p>\n\n\n\n<p class=\"sem-margem\">(43) 3371-4403<\/p>\n\n\n\n<p>(43) 3371-4473<\/p>\n<\/div>\n\n\n\n<div class=\"wp-block-column is-layout-flow wp-block-column-is-layout-flow\">\n<h4 class=\"wp-block-heading\">Est\u00e1gios e Interc\u00e2mbios<\/h4>\n\n\n\n<p class=\"sem-margem\"><a href=\"mailto:estagios@uel.br\">estagios@uel.br<\/a><\/p>\n\n\n\n<p class=\"sem-margem\">(43) 3371-4900<\/p>\n\n\n\n<p>(43) 3371-4373<\/p>\n<\/div>\n<\/div>\n\n\n\n<div class=\"wp-block-columns is-layout-flex wp-container-core-columns-is-layout-9d6595d7 wp-block-columns-is-layout-flex\">\n<div class=\"wp-block-column is-layout-flow wp-block-column-is-layout-flow\">\n<h4 class=\"wp-block-heading\">Mobilidade Acad\u00eamica<\/h4>\n\n\n\n<p class=\"sem-margem\"><a href=\"mailto:mobilidade@uel.br\">mobilidade@uel.br<\/a><\/p>\n\n\n\n<p class=\"sem-margem\">(43) 3371-5897 (ARI\/UEL)<\/p>\n\n\n\n<p><\/p>\n<\/div>\n\n\n\n<div class=\"wp-block-column is-layout-flow wp-block-column-is-layout-flow\">\n<h4 class=\"wp-block-heading\">Pol\u00edticas de Gradua\u00e7\u00e3o<\/h4>\n\n\n\n<p class=\"sem-margem\"><a href=\"mailto:prograddpg@uel.br\">prograddpg@uel.br<\/a><\/p>\n\n\n\n<p class=\"sem-margem\"><\/p>\n\n\n\n<p>(43) 3371-4363<\/p>\n<\/div>\n\n\n\n<div class=\"wp-block-column is-layout-flow wp-block-column-is-layout-flow\">\n<h4 class=\"wp-block-heading\"><\/h4>\n\n\n\n<div style=\"height:20px\" aria-hidden=\"true\" class=\"wp-block-spacer\"><\/div>\n<\/div>\n<\/div>\n\n\n\n<div style=\"height:30px\" aria-hidden=\"true\" class=\"wp-block-spacer\"><\/div>\n\n\n\n<h3 class=\"wp-block-heading\">Diretoria de Assuntos Acad\u00eamicos<\/h3>\n\n\n\n<div style=\"height:20px\" aria-hidden=\"true\" class=\"wp-block-spacer\"><\/div>\n\n\n\n<div class=\"wp-block-columns is-layout-flex wp-container-core-columns-is-layout-9d6595d7 wp-block-columns-is-layout-flex\">\n<div class=\"wp-block-column is-layout-flow wp-block-column-is-layout-flow\">\n<h4 class=\"wp-block-heading\">Apoio Administrativo<\/h4>\n\n\n\n<p class=\"sem-margem\"><a href=\"mailto:pgr@uel.br\">pgr@uel.br<\/a><\/p>\n\n\n\n<p class=\"sem-margem\">3371-4187<\/p>\n\n\n\n<p><em>Obs: Pauta Eletr\u00f4nica \u2013 Divis\u00e3o de Registro<\/em> (3371-4453\/4433)<\/p>\n<\/div>\n\n\n\n<div class=\"wp-block-column is-layout-flow wp-block-column-is-layout-flow\">\n<h4 class=\"wp-block-heading\">Apoio T\u00e9cnico<\/h4>\n\n\n\n<p class=\"sem-margem\"><a href=\"mailto:prograddat@uel.br\">prograddat@uel.br<\/a><\/p>\n\n\n\n<p class=\"sem-margem\">3371-4423<\/p>\n\n\n\n<p>3371-4303<\/p>\n<\/div>\n\n\n\n<div class=\"wp-block-column is-layout-flow wp-block-column-is-layout-flow\">\n<h4 class=\"wp-block-heading\">Arquivo Geral<\/h4>\n\n\n\n<p class=\"sem-margem\"><a href=\"mailto:prodag@uel.br\">prodag@uel.br<\/a><\/p>\n\n\n\n<p class=\"sem-margem\">3371-4343<\/p>\n\n\n\n<p><\/p>\n<\/div>\n<\/div>\n\n\n\n<div class=\"wp-block-columns is-layout-flex wp-container-core-columns-is-layout-9d6595d7 wp-block-columns-is-layout-flex\">\n<div class=\"wp-block-column is-layout-flow wp-block-column-is-layout-flow\">\n<h4 class=\"wp-block-heading\">Diplomas<\/h4>\n\n\n\n<p class=\"sem-margem\"><a href=\"mailto:diplomas@uel.br\">diplomas@uel.br<\/a><\/p>\n\n\n\n<p class=\"sem-margem\"><a href=\"https:\/\/api.whatsapp.com\/send?phone=554333714383\">3371-4383 <i class=\"fab fa-whatsapp\"><\/i><\/a><\/p>\n\n\n\n<p>3371-4443<\/p>\n\n\n\n<div style=\"height:20px\" aria-hidden=\"true\" class=\"wp-block-spacer\"><\/div>\n<\/div>\n\n\n\n<div class=\"wp-block-column is-layout-flow wp-block-column-is-layout-flow\">\n<h4 class=\"wp-block-heading\">Matr\u00edcula e Documenta\u00e7\u00e3o<\/h4>\n\n\n\n<p class=\"sem-margem\"><a href=\"mailto:matricula@uel.br\">matricula@uel.br<\/a><\/p>\n\n\n\n<p class=\"sem-margem\">3371-4413<\/p>\n\n\n\n<p>3371-4716<\/p>\n<\/div>\n\n\n\n<div class=\"wp-block-column is-layout-flow wp-block-column-is-layout-flow\">\n<h4 class=\"wp-block-heading\">Registro<\/h4>\n\n\n\n<p class=\"sem-margem\"><a href=\"mailto:prodr@uel.br\">prodr@uel.br<\/a><\/p>\n\n\n\n<p class=\"sem-margem\">3371-4453<\/p>\n\n\n\n<p>3371-4433<\/p>\n<\/div>\n<\/div>\n\n\n\n<hr class=\"wp-block-separator has-text-color has-cinza-color has-css-opacity has-cinza-background-color has-background is-style-wide\"\/>\n\n\n\n<p>N\u00e3o encontrou o que procurava? <a href=\"https:\/\/sites.uel.br\/prograd\/canais-de-atendimento-telefones\/\">Acesse nossos telefones<\/a> ou a <a href=\"https:\/\/sites.uel.br\/proplan\/lista-telefonica-da-uel\/\" target=\"_blank\" rel=\"noreferrer noopener\">Lista Telef\u00f4nica da UEL<\/a>.<\/p>\n","protected":false},"excerpt":{"rendered":"<p>Atendimento Presencial Dias da semana: Segunda \u00e0 Sexta Hor\u00e1rios: 8h \u00e0s 11h3014h00 \u00e0s 17h00 Local:Pr\u00f3-Reitoria de Gradua\u00e7\u00e3o (PROGRAD) Atendimento Remoto On-line:Formul\u00e1rio de Atendimento E-mail: prograd.atendimento@uel.br Telefone: 3371\u20134333 Atendimento Especializado Por Assunto Secretaria Executiva (43) 3371-4746 Diretoria de Apoio \u00c0 A\u00e7\u00e3o Pedag\u00f3gica Acessibilidade nac@uel.br (43) 3371-4148 (43) 3371-4325(43) 3371-4703 (libras) Colegiados de Cursos e Curr\u00edculos prograddcc@uel.br [&hellip;]<\/p>\n","protected":false},"author":2,"featured_media":0,"parent":0,"menu_order":0,"comment_status":"closed","ping_status":"closed","template":"","meta":{"_acf_changed":false,"_themeisle_gutenberg_block_has_review":false,"footnotes":""},"class_list":["post-1820","page","type-page","status-publish","hentry"],"acf":[],"_links":{"self":[{"href":"https:\/\/sites.uel.br\/prograd\/wp-json\/wp\/v2\/pages\/1820","targetHints":{"allow":["GET"]}}],"collection":[{"href":"https:\/\/sites.uel.br\/prograd\/wp-json\/wp\/v2\/pages"}],"about":[{"href":"https:\/\/sites.uel.br\/prograd\/wp-json\/wp\/v2\/types\/page"}],"author":[{"embeddable":true,"href":"https:\/\/sites.uel.br\/prograd\/wp-json\/wp\/v2\/users\/2"}],"replies":[{"embeddable":true,"href":"https:\/\/sites.uel.br\/prograd\/wp-json\/wp\/v2\/comments?post=1820"}],"version-history":[{"count":123,"href":"https:\/\/sites.uel.br\/prograd\/wp-json\/wp\/v2\/pages\/1820\/revisions"}],"predecessor-version":[{"id":36540,"href":"https:\/\/sites.uel.br\/prograd\/wp-json\/wp\/v2\/pages\/1820\/revisions\/36540"}],"wp:attachment":[{"href":"https:\/\/sites.uel.br\/prograd\/wp-json\/wp\/v2\/media?parent=1820"}],"curies":[{"name":"wp","href":"https:\/\/api.w.org\/{rel}","templated":true}]}}