{"id":1766,"date":"2023-02-17T15:09:08","date_gmt":"2023-02-17T18:09:08","guid":{"rendered":"https:\/\/sites.uel.br\/prograd\/?page_id=1766"},"modified":"2024-06-13T15:01:23","modified_gmt":"2024-06-13T18:01:23","slug":"guia-academico-localize-se","status":"publish","type":"page","link":"https:\/\/sites.uel.br\/prograd\/guia-academico-localize-se\/","title":{"rendered":"Guia Acad\u00eamico"},"content":{"rendered":"\n<hr class=\"wp-block-separator has-alpha-channel-opacity is-style-wide\"\/>\n\n\n<div class=\"wp-block-image\">\n<figure class=\"aligncenter size-full\"><a href=\"https:\/\/sites.uel.br\/prograd\/guia-academico\/\"><img loading=\"lazy\" decoding=\"async\" width=\"557\" height=\"154\" src=\"https:\/\/sites.uel.br\/prograd\/wp-content\/uploads\/2023\/02\/cab_guia_academico-1.jpg\" alt=\"\" class=\"wp-image-1635\" srcset=\"https:\/\/sites.uel.br\/prograd\/wp-content\/uploads\/2023\/02\/cab_guia_academico-1.jpg 557w, https:\/\/sites.uel.br\/prograd\/wp-content\/uploads\/2023\/02\/cab_guia_academico-1-300x83.jpg 300w\" sizes=\"auto, (max-width: 557px) 100vw, 557px\" \/><\/a><\/figure>\n<\/div>\n\n\n<h2 class=\"wp-block-heading\"><strong>Onde Estamos (PROGRAD)<\/strong><\/h2>\n\n\n\n<iframe src=\"https:\/\/www.google.com\/maps\/embed?pb=!1m14!1m8!1m3!1d14654.706137785422!2d-51.1953084!3d-23.3274921!3m2!1i1024!2i768!4f13.1!3m3!1m2!1s0x94eb5ca3f8b1a821%3A0xd12cc6bac8644058!2sPROGRAD%20-%20Pr%C3%B3-Reitoria%20de%20Gradua%C3%A7%C3%A3o!5e0!3m2!1spt-BR!2sbr!4v1676378039424!5m2!1spt-BR!2sbr\" style=\"border:0;\" allowfullscreen=\"\" loading=\"lazy\" referrerpolicy=\"no-referrer-when-downgrade\" width=\"100%\" height=\"400\"><\/iframe>\n\n\n\n<div style=\"height:30px\" aria-hidden=\"true\" class=\"wp-block-spacer\"><\/div>\n\n\n\n<h3 class=\"wp-block-heading\"><strong>SALAS DE AULA<\/strong><\/h3>\n\n\n\n<p><a href=\"https:\/\/sites.uel.br\/prograd\/salas-de-aulas\/\">Acesse aqui.<\/a><\/p>\n\n\n\n<div style=\"height:30px\" aria-hidden=\"true\" class=\"wp-block-spacer\"><\/div>\n\n\n\n<h3 class=\"wp-block-heading is-style-default\"><strong>\u00d3RG\u00c3OS LOCALIZADOS FORA DO CAMPUS<\/strong><\/h3>\n\n\n\n<p>Col\u00e9gio de Aplica\u00e7\u00e3o Prof. Jos\u00e9 Alu\u00edsio Arag\u00e3o<br>Ensino Fundamental, M\u00e9dio e Profissional<br>Rua Piau\u00ed, 720 &#8211; Centro<br>Tel.: 3371-6785<\/p>\n\n\n\n<p>Escrit\u00f3rio de Aplica\u00e7\u00e3o de Assuntos Jur\u00eddicos<br>Rua Brasil, 742 &#8211; Centro<br>Tel.: 3371-5188<\/p>\n\n\n\n<p>Casa de Cultura<br>Av. Celso Garcia Cid, 205 &#8211; Vila Siam<br>Tel.: 3322-1030<\/p>\n\n\n\n<p>Museu Hist\u00f3rico Padre Carlos Weiss<br>Rua Benjamin Constant, 900 &#8211; Centro<br>Tel.: 3371-1975<\/p>\n\n\n\n<p>Cine Teatro Universit\u00e1rio Ouro Verde<br>Rua Maranh\u00e3o, 85 &#8211; Centro<br>Tel.: 3322-6381<\/p>\n\n\n\n<p>Cine Com-Tour\/UEL<br>R. Ol\u00edmpia, 222 &#8211; Jardim Alvorada<br>Tel.: 3029-0432<\/p>\n\n\n\n<p>Hospital Universit\u00e1rio Regional Norte do Paran\u00e1<br>Centro de Ci\u00eancias da Sa\u00fade<br>Av. Robert Kock, 60 &#8211; Vila Oper\u00e1ria<br>Tel.: 3371-2000<\/p>\n\n\n\n<p>Laborat\u00f3rio de Produ\u00e7\u00e3o de Medicamentos<br>Av. Tiradentes, 6565 (pr\u00f3ximo ao Parque de Exposi\u00e7\u00f5es Ney Braga)<br>Tel.: 3338-5779<\/p>\n","protected":false},"excerpt":{"rendered":"<p>Onde Estamos (PROGRAD) SALAS DE AULA Acesse aqui. \u00d3RG\u00c3OS LOCALIZADOS FORA DO CAMPUS Col\u00e9gio de Aplica\u00e7\u00e3o Prof. Jos\u00e9 Alu\u00edsio Arag\u00e3oEnsino Fundamental, M\u00e9dio e ProfissionalRua Piau\u00ed, 720 &#8211; CentroTel.: 3371-6785 Escrit\u00f3rio de Aplica\u00e7\u00e3o de Assuntos Jur\u00eddicosRua Brasil, 742 &#8211; CentroTel.: 3371-5188 Casa de CulturaAv. Celso Garcia Cid, 205 &#8211; Vila SiamTel.: 3322-1030 Museu Hist\u00f3rico Padre Carlos [&hellip;]<\/p>\n","protected":false},"author":8,"featured_media":0,"parent":0,"menu_order":0,"comment_status":"closed","ping_status":"closed","template":"","meta":{"_acf_changed":false,"_themeisle_gutenberg_block_has_review":false,"footnotes":""},"class_list":["post-1766","page","type-page","status-publish","hentry"],"acf":[],"_links":{"self":[{"href":"https:\/\/sites.uel.br\/prograd\/wp-json\/wp\/v2\/pages\/1766","targetHints":{"allow":["GET"]}}],"collection":[{"href":"https:\/\/sites.uel.br\/prograd\/wp-json\/wp\/v2\/pages"}],"about":[{"href":"https:\/\/sites.uel.br\/prograd\/wp-json\/wp\/v2\/types\/page"}],"author":[{"embeddable":true,"href":"https:\/\/sites.uel.br\/prograd\/wp-json\/wp\/v2\/users\/8"}],"replies":[{"embeddable":true,"href":"https:\/\/sites.uel.br\/prograd\/wp-json\/wp\/v2\/comments?post=1766"}],"version-history":[{"count":55,"href":"https:\/\/sites.uel.br\/prograd\/wp-json\/wp\/v2\/pages\/1766\/revisions"}],"predecessor-version":[{"id":30589,"href":"https:\/\/sites.uel.br\/prograd\/wp-json\/wp\/v2\/pages\/1766\/revisions\/30589"}],"wp:attachment":[{"href":"https:\/\/sites.uel.br\/prograd\/wp-json\/wp\/v2\/media?parent=1766"}],"curies":[{"name":"wp","href":"https:\/\/api.w.org\/{rel}","templated":true}]}}