{"id":176,"date":"2022-12-14T13:35:42","date_gmt":"2022-12-14T16:35:42","guid":{"rendered":"https:\/\/sites.uel.br\/prograd\/?page_id=176"},"modified":"2025-12-11T08:46:05","modified_gmt":"2025-12-11T11:46:05","slug":"transferencia-externa","status":"publish","type":"page","link":"https:\/\/sites.uel.br\/prograd\/graduacao\/transferencia-externa\/","title":{"rendered":"Transfer\u00eancia Externa"},"content":{"rendered":"\n<hr class=\"wp-block-separator has-alpha-channel-opacity is-style-wide\"\/>\n\n\n\n<p class=\"has-text-align-center has-verde-claro-background-color has-background\"><strong>ATEN\u00c7\u00c3O:<\/strong><br><a href=\"https:\/\/www.cops.uel.br\/v2\/Selecao\/DetalharSelecao\/Selecao\/390\" target=\"_blank\" rel=\"noreferrer noopener\"><a href=\"https:\/\/www.cops.uel.br\/v2\/Selecao\/DetalharSelecao\/Selecao\/390\" target=\"_blank\" rel=\"noreferrer noopener\">EDITAL DAS VAGAS PARA TRANSFER\u00caNCIA EXTERNA PARA 2026 (COPS)<\/a><\/a><\/p>\n\n\n\n<p class=\"has-text-align-center has-background\" style=\"background-color:#fcffd4\"><a href=\"https:\/\/sites.uel.br\/prograd\/wp-content\/uploads\/transferencia_externa\/2025\/documentos\/edital_prograd_cops_39_2025_anexo_ii.docx\" target=\"_blank\" rel=\"noreferrer noopener\"><strong><strong>ANEXO II DO EDITAL PROGRAD\/COPS N\u00ba 039\/2025<\/strong><\/strong><br>DECLARA\u00c7\u00c3O ACAD\u00caMICA DE CONCLUS\u00c3O DE ETAPAS E HABILITA\u00c7\u00c3O \u00c0 TRANSFER\u00caNCIA EXTERNA<\/a><\/p>\n\n\n\n<hr class=\"wp-block-separator has-text-color has-cinza-color has-css-opacity has-cinza-background-color has-background is-style-wide\"\/>\n\n\n\n<p>A Transfer\u00eancia Externa permite que estudantes matriculados em cursos de gradua\u00e7\u00e3o de outras institui\u00e7\u00f5es de ensino superior solicitem o ingresso na UEL para prosseguimento de seus estudos.<\/p>\n\n\n\n<div style=\"height:20px\" aria-hidden=\"true\" class=\"wp-block-spacer\"><\/div>\n\n\n\n<p>\ud83c\udfaf <strong>Quem pode participar<\/strong><\/p>\n\n\n\n<p>\u2022 Estudantes de cursos presenciais autorizados;<br>\u2022 Candidatos que estejam regularmente matriculados no momento da inscri\u00e7\u00e3o;<br>\u2022 Cursos afins ao pretendido na UEL.<\/p>\n\n\n\n<p>Obs: Ser\u00e3o aceitas transfer\u00eancias externas de candidatos havendo disponibilidade de vagas e desde que o candidato esteja frequentando ou tenha trancado matr\u00edcula na Institui\u00e7\u00e3o de Ensino Superior de origem, em curso de gradua\u00e7\u00e3o com denomina\u00e7\u00e3o e habilita\u00e7\u00e3o an\u00e1logas aos ofertados pela UEL, e que estejam regularmente autorizados.<\/p>\n\n\n\n<div style=\"height:20px\" aria-hidden=\"true\" class=\"wp-block-spacer\"><\/div>\n\n\n\n<p>\ud83d\udccc <strong>Como funciona<\/strong><\/p>\n\n\n\n<p>\u2022 A UEL divulga edital com vagas dispon\u00edveis por curso e s\u00e9rie;<br>\u2022 O processo seletivo \u00e9 composto por an\u00e1lise do hist\u00f3rico escolar e, quando necess\u00e1rio, prova de sele\u00e7\u00e3o.<\/p>\n\n\n\n<div style=\"height:20px\" aria-hidden=\"true\" class=\"wp-block-spacer\"><\/div>\n\n\n\n<p>\ud83d\udcc4 <strong>Documentos necess\u00e1rios<\/strong><\/p>\n\n\n\n<ul class=\"wp-block-list\">\n<li>Hist\u00f3rico escolar atualizado;<\/li>\n\n\n\n<li>Atestado de matr\u00edcula;<\/li>\n\n\n\n<li>Documentos pessoais;<\/li>\n\n\n\n<li>Outros documentos previstos em edital.<\/li>\n<\/ul>\n\n\n\n<div style=\"height:20px\" aria-hidden=\"true\" class=\"wp-block-spacer\"><\/div>\n\n\n\n<p><strong>\ud83d\udd17 Links \u00fateis<\/strong><\/p>\n\n\n\n<ul class=\"wp-block-list\">\n<li><a href=\"https:\/\/sites.uel.br\/prograd\/formas-de-ingresso\/\">Formas de Ingresso na UEL<\/a><\/li>\n\n\n\n<li><a href=\"https:\/\/sites.uel.br\/prograd\/\">P\u00e1gina da Pr\u00f3-Reitoria de Gradua\u00e7\u00e3o (Prograd)<\/a><\/li>\n\n\n\n<li><a href=\"https:\/\/www.cops.uel.br\/v2\/Selecao\/DetalharSelecao\/Selecao\/385\" target=\"_blank\" rel=\"noreferrer noopener\">P\u00e1gina da Coordenadoria de Processos Seletivos (Cops)<\/a><\/li>\n\n\n\n<li><a href=\"https:\/\/sistemas.uel.br\/portaldoestudante\/index\" target=\"_blank\" rel=\"noreferrer noopener\">Portal do Estudante de Gradua\u00e7\u00e3o da UEL<\/a><\/li>\n<\/ul>\n\n\n\n<div style=\"height:20px\" aria-hidden=\"true\" class=\"wp-block-spacer\"><\/div>\n\n\n\n<p>\ud83d\udcd6 <a href=\"https:\/\/sites.uel.br\/prograd\/graduacao\/catalogo-dos-cursos-de-graduacao\/\"><strong>Cat\u00e1logo dos Cursos de Gradua\u00e7\u00e3o<\/strong><\/a><br>Informa\u00e7\u00f5es dos Cursos, Organiza\u00e7\u00e3o Curricular, Ementas, Corpo Docente, Estrutura e Recursos<\/p>\n\n\n\n<p><\/p>\n","protected":false},"excerpt":{"rendered":"<p>ATEN\u00c7\u00c3O:EDITAL DAS VAGAS PARA TRANSFER\u00caNCIA EXTERNA PARA 2026 (COPS) ANEXO II DO EDITAL PROGRAD\/COPS N\u00ba 039\/2025DECLARA\u00c7\u00c3O ACAD\u00caMICA DE CONCLUS\u00c3O DE ETAPAS E HABILITA\u00c7\u00c3O \u00c0 TRANSFER\u00caNCIA EXTERNA A Transfer\u00eancia Externa permite que estudantes matriculados em cursos de gradua\u00e7\u00e3o de outras institui\u00e7\u00f5es de ensino superior solicitem o ingresso na UEL para prosseguimento de seus estudos. \ud83c\udfaf Quem [&hellip;]<\/p>\n","protected":false},"author":2,"featured_media":0,"parent":12,"menu_order":0,"comment_status":"closed","ping_status":"closed","template":"","meta":{"_acf_changed":false,"_themeisle_gutenberg_block_has_review":false,"footnotes":""},"class_list":["post-176","page","type-page","status-publish","hentry"],"acf":[],"_links":{"self":[{"href":"https:\/\/sites.uel.br\/prograd\/wp-json\/wp\/v2\/pages\/176","targetHints":{"allow":["GET"]}}],"collection":[{"href":"https:\/\/sites.uel.br\/prograd\/wp-json\/wp\/v2\/pages"}],"about":[{"href":"https:\/\/sites.uel.br\/prograd\/wp-json\/wp\/v2\/types\/page"}],"author":[{"embeddable":true,"href":"https:\/\/sites.uel.br\/prograd\/wp-json\/wp\/v2\/users\/2"}],"replies":[{"embeddable":true,"href":"https:\/\/sites.uel.br\/prograd\/wp-json\/wp\/v2\/comments?post=176"}],"version-history":[{"count":53,"href":"https:\/\/sites.uel.br\/prograd\/wp-json\/wp\/v2\/pages\/176\/revisions"}],"predecessor-version":[{"id":36147,"href":"https:\/\/sites.uel.br\/prograd\/wp-json\/wp\/v2\/pages\/176\/revisions\/36147"}],"up":[{"embeddable":true,"href":"https:\/\/sites.uel.br\/prograd\/wp-json\/wp\/v2\/pages\/12"}],"wp:attachment":[{"href":"https:\/\/sites.uel.br\/prograd\/wp-json\/wp\/v2\/media?parent=176"}],"curies":[{"name":"wp","href":"https:\/\/api.w.org\/{rel}","templated":true}]}}