{"id":1758,"date":"2023-02-17T15:07:16","date_gmt":"2023-02-17T18:07:16","guid":{"rendered":"https:\/\/sites.uel.br\/prograd\/?page_id=1758"},"modified":"2024-06-18T11:23:19","modified_gmt":"2024-06-18T14:23:19","slug":"guia-academico-projetos-pedagogicos","status":"publish","type":"page","link":"https:\/\/sites.uel.br\/prograd\/guia-academico-projetos-pedagogicos\/","title":{"rendered":"Guia Acad\u00eamico"},"content":{"rendered":"\n<hr class=\"wp-block-separator has-alpha-channel-opacity is-style-wide\"\/>\n\n\n<div class=\"wp-block-image\">\n<figure class=\"aligncenter size-full\"><a href=\"https:\/\/sites.uel.br\/prograd\/guia-academico\/\"><img loading=\"lazy\" decoding=\"async\" width=\"557\" height=\"154\" src=\"https:\/\/sites.uel.br\/prograd\/wp-content\/uploads\/2023\/02\/cab_guia_academico-1.jpg\" alt=\"\" class=\"wp-image-1635\" srcset=\"https:\/\/sites.uel.br\/prograd\/wp-content\/uploads\/2023\/02\/cab_guia_academico-1.jpg 557w, https:\/\/sites.uel.br\/prograd\/wp-content\/uploads\/2023\/02\/cab_guia_academico-1-300x83.jpg 300w\" sizes=\"auto, (max-width: 557px) 100vw, 557px\" \/><\/a><\/figure>\n<\/div>\n\n\n<h2 class=\"wp-block-heading\">Projetos Pedag\u00f3gicos<\/h2>\n\n\n\n<p>A UEL tem por objetivo formar profissionais nas diferentes \u00e1reas do conhecimento. Para tanto, propicia uma gest\u00e3o democr\u00e1tica e colegiada e o pluralismo de ideias e de concep\u00e7\u00f5es pedag\u00f3gicas. Assim, a UEL possui 3 sistemas acad\u00eamicos: seriado anual, cr\u00e9dito anual e cr\u00e9dito semestral. A partir de 2023 ser\u00e3o dois sistemas acad\u00eamicos: sistema de matr\u00edcula por atividade acad\u00e9mica e o sistema de matr\u00edcula por s\u00e9rie, conforme a\u00a0<a href=\"https:\/\/sites.uel.br\/prograd\/wp-content\/uploads\/documentos\/resolucoes\/2021\/resolucao_71_21.pdf\" target=\"_blank\" rel=\"noreferrer noopener\">Resolu\u00e7\u00e3o CEPE n\u00ba 071\/2021<\/a>.<br><br>Cada curso de gradua\u00e7\u00e3o, por meio de seu Projeto Pedag\u00f3gico, oferece uma matriz curricular composta pelo conjunto de atividades acad\u00eamicas desenvolvidas pelo estudante, como disciplinas, est\u00e1gios, Trabalho de Conclus\u00e3o de Curso (TCC) e atividades complementares.<br><br>Encontram-se dispon\u00edveis no site da Prograd\/UEL a visualiza\u00e7\u00e3o de todos os Projetos Pedag\u00f3gicos dos cursos da Gradua\u00e7\u00e3o no seguinte site: <a href=\"https:\/\/sites.uel.br\/prograd\/graduacao\/projetos-pedagogicos\/\">https:\/\/sites.uel.br\/prograd\/graduacao\/projetos-pedagogicos<\/a>.<br><br>A Institui\u00e7\u00e3o acredita que s\u00f3 a educa\u00e7\u00e3o de qualidade \u00e9 capaz de mudar o pa\u00eds, contribuindo para o aprimoramento \u00e9tico-moral da na\u00e7\u00e3o, bem como na busca de um pa\u00eds mais justo e igualit\u00e1rio.<br><br>Os cursos da UEL t\u00eam sistemas de matr\u00edculas, de promo\u00e7\u00e3o e de avalia\u00e7\u00e3o, de acordo com seus Projetos Pedag\u00f3gicos.<\/p>\n","protected":false},"excerpt":{"rendered":"<p>Projetos Pedag\u00f3gicos A UEL tem por objetivo formar profissionais nas diferentes \u00e1reas do conhecimento. Para tanto, propicia uma gest\u00e3o democr\u00e1tica e colegiada e o pluralismo de ideias e de concep\u00e7\u00f5es pedag\u00f3gicas. Assim, a UEL possui 3 sistemas acad\u00eamicos: seriado anual, cr\u00e9dito anual e cr\u00e9dito semestral. A partir de 2023 ser\u00e3o dois sistemas acad\u00eamicos: sistema de [&hellip;]<\/p>\n","protected":false},"author":8,"featured_media":0,"parent":0,"menu_order":0,"comment_status":"closed","ping_status":"closed","template":"","meta":{"_acf_changed":false,"_themeisle_gutenberg_block_has_review":false,"footnotes":""},"class_list":["post-1758","page","type-page","status-publish","hentry"],"acf":[],"_links":{"self":[{"href":"https:\/\/sites.uel.br\/prograd\/wp-json\/wp\/v2\/pages\/1758","targetHints":{"allow":["GET"]}}],"collection":[{"href":"https:\/\/sites.uel.br\/prograd\/wp-json\/wp\/v2\/pages"}],"about":[{"href":"https:\/\/sites.uel.br\/prograd\/wp-json\/wp\/v2\/types\/page"}],"author":[{"embeddable":true,"href":"https:\/\/sites.uel.br\/prograd\/wp-json\/wp\/v2\/users\/8"}],"replies":[{"embeddable":true,"href":"https:\/\/sites.uel.br\/prograd\/wp-json\/wp\/v2\/comments?post=1758"}],"version-history":[{"count":12,"href":"https:\/\/sites.uel.br\/prograd\/wp-json\/wp\/v2\/pages\/1758\/revisions"}],"predecessor-version":[{"id":30766,"href":"https:\/\/sites.uel.br\/prograd\/wp-json\/wp\/v2\/pages\/1758\/revisions\/30766"}],"wp:attachment":[{"href":"https:\/\/sites.uel.br\/prograd\/wp-json\/wp\/v2\/media?parent=1758"}],"curies":[{"name":"wp","href":"https:\/\/api.w.org\/{rel}","templated":true}]}}