{"id":1752,"date":"2023-02-17T15:06:18","date_gmt":"2023-02-17T18:06:18","guid":{"rendered":"https:\/\/sites.uel.br\/prograd\/?page_id=1752"},"modified":"2024-05-07T12:36:48","modified_gmt":"2024-05-07T15:36:48","slug":"guia-academico-participacao-em-atividade-academica-complementar-aac","status":"publish","type":"page","link":"https:\/\/sites.uel.br\/prograd\/guia-academico-participacao-em-atividade-academica-complementar-aac\/","title":{"rendered":"Guia Acad\u00eamico"},"content":{"rendered":"\n<hr class=\"wp-block-separator has-alpha-channel-opacity is-style-wide\"\/>\n\n\n<div class=\"wp-block-image\">\n<figure class=\"aligncenter size-full\"><a href=\"https:\/\/sites.uel.br\/prograd\/guia-academico\/\"><img loading=\"lazy\" decoding=\"async\" width=\"557\" height=\"154\" src=\"https:\/\/sites.uel.br\/prograd\/wp-content\/uploads\/2023\/02\/cab_guia_academico-1.jpg\" alt=\"\" class=\"wp-image-1635\" srcset=\"https:\/\/sites.uel.br\/prograd\/wp-content\/uploads\/2023\/02\/cab_guia_academico-1.jpg 557w, https:\/\/sites.uel.br\/prograd\/wp-content\/uploads\/2023\/02\/cab_guia_academico-1-300x83.jpg 300w\" sizes=\"auto, (max-width: 557px) 100vw, 557px\" \/><\/a><\/figure>\n<\/div>\n\n\n<h2 class=\"wp-block-heading\"><strong>Participa\u00e7\u00e3o em Atividade Acad\u00eamica Complementar (AAC)<\/strong><\/h2>\n\n\n\n<p>Em todos os cursos h\u00e1 atividades acad\u00eamicas obrigat\u00f3rias e complementares que dever\u00e3o ser cumpridas pelos estudantes. As Atividades Acad\u00eamicas Complementares correspondem \u00e0 participa\u00e7\u00e3o dos estudantes em:<\/p>\n\n\n\n<div style=\"height:20px\" aria-hidden=\"true\" class=\"wp-block-spacer\"><\/div>\n\n\n\n<p><strong><a><\/a>Cursos de Extens\u00e3o e Eventos<\/strong><\/p>\n\n\n\n<p>Compete ao Colegiado de cada curso decidir sobre a aceita\u00e7\u00e3o de AAC realizada por meio de cursos de extens\u00e3o, eventos. Procure o Coordenador do Colegiado de curso para obter informa\u00e7\u00f5es.<\/p>\n\n\n\n<div style=\"height:20px\" aria-hidden=\"true\" class=\"wp-block-spacer\"><\/div>\n\n\n\n<p><strong>Disciplinas<\/strong>&nbsp;<strong>Eletivas<\/strong><\/p>\n\n\n\n<p>S\u00e3o disciplinas ofertadas regularmente em outros cursos e ou habilita\u00e7\u00f5es, de livre escolha do estudante. O elenco de tais disciplinas \u00e9 definido pelos Departamentos e \u00e9 divulgado pela Prograd, na primeira semana de aulas.<\/p>\n\n\n\n<div style=\"height:20px\" aria-hidden=\"true\" class=\"wp-block-spacer\"><\/div>\n\n\n\n<p><strong><a><\/a>Disciplinas Especiais<\/strong><\/p>\n\n\n\n<p>T\u00eam conte\u00fado relativo e complementar para cada curso e s\u00e3o programadas em hor\u00e1rios que n\u00e3o coincidem com os das disciplinas obrigat\u00f3rias. Essas disciplinas podem ser oferecidas tamb\u00e9m aos s\u00e1bados ou em turnos diferentes do hor\u00e1rio normal de aulas do curso. Caso opte por cumprir AAC por meio desta atividade, a matr\u00edcula poder\u00e1 ser feita no in\u00edcio do ano letivo ou no segundo semestre, caso haja nova oferta de disciplinas. Para mais informa\u00e7\u00f5es, consulte o calend\u00e1rio e procure o Coordenador do Curso.<\/p>\n\n\n\n<p><a href=\"https:\/\/sites.uel.br\/prograd\/disciplinas-especiais\/\">Clique aqui para maiores informa\u00e7\u00f5es<\/a>.<\/p>\n\n\n\n<div style=\"height:20px\" aria-hidden=\"true\" class=\"wp-block-spacer\"><\/div>\n\n\n\n<p><strong><a><\/a>Est\u00e1gio Curricular n\u00e3o Obrigat\u00f3rio<\/strong><\/p>\n\n\n\n<p>Por meio do relat\u00f3rio de atividade e do relat\u00f3rio final, o Colegiado de curso poder\u00e1 deferir ou n\u00e3o a carga hor\u00e1ria para AAC.<\/p>\n\n\n\n<p>Maiores informa\u00e7\u00f5es sobre Est\u00e1gio na UEL, consulte o Manual do Estagi\u00e1rio,&nbsp;<a href=\"https:\/\/sites.uel.br\/prograd\/estudante\/estagios-e-intercambios\/estagios-e-intercambios-manual-do-estagiario\/\">clique aqui<\/a>.<\/p>\n\n\n\n<div style=\"height:20px\" aria-hidden=\"true\" class=\"wp-block-spacer\"><\/div>\n\n\n\n<p><strong><a><\/a>Monitoria Acad\u00eamica<\/strong><\/p>\n\n\n\n<p>A atividade de Monitoria Acad\u00eamica tem o objetivo de estimular a forma\u00e7\u00e3o de futuros docentes, mediante coopera\u00e7\u00e3o do estudante com o docente, em atividade de ensino. Para exercer a monitoria o estudante dever\u00e1 ter sido aprovado na atividade pretendida ou equivalente. O termo de compromisso de monitoria est\u00e1 dispon\u00edvel no Portal do Estudante.<\/p>\n\n\n\n<p><a href=\"https:\/\/sites.uel.br\/prograd\/estudante\/monitoria-academica\/\">Clique aqui para maiores informa\u00e7\u00f5es<\/a>.<\/p>\n\n\n\n<div style=\"height:20px\" aria-hidden=\"true\" class=\"wp-block-spacer\"><\/div>\n\n\n\n<p><strong><a><\/a>Projetos de Pesquisa em Ensino, Pesquisa, Extens\u00e3o e Integrados<\/strong><\/p>\n\n\n\n<p>O estudante pode participar em projeto(s) proposto(s) por professor(es), para isso, deve procurar o professor respons\u00e1vel pelo projeto para inscrever-se. A participa\u00e7\u00e3o em projetos constitui uma das mais ricas experi\u00eancias da vida de um estudante universit\u00e1rio.<\/p>\n\n\n\n<p><\/p>\n\n\n\n<div style=\"height:20px\" aria-hidden=\"true\" class=\"wp-block-spacer\"><\/div>\n\n\n\n<p><strong><a><\/a>Programa de Forma\u00e7\u00e3o Complementar<\/strong><\/p>\n\n\n\n<p>Programa de Forma\u00e7\u00e3o Complementar \u00e9 um conjunto de a\u00e7\u00f5es de natureza acad\u00eamica, social ou cultural que proporcionem a participa\u00e7\u00e3o dos estudantes regularmente matriculados em cursos de gradua\u00e7\u00e3o da Universidade, por meio de estudos e pr\u00e1ticas complementares \u00e0 forma\u00e7\u00e3o curricular.<\/p>\n\n\n\n<p><a href=\"https:\/\/sites.uel.br\/prograd\/wp-content\/uploads\/documentos\/resolucoes\/2012\/resolucao_142_12.pdf\" target=\"_blank\" rel=\"noreferrer noopener\">Resolu\u00e7\u00e3o CEPE n\u00ba 142\/2012<\/a><br>D\u00e1 nova regulamenta\u00e7\u00e3o ao Programa de Forma\u00e7\u00e3o Complementar no Ensino de Gradua\u00e7\u00e3o da Universidade Estadual de Londrina<\/p>\n\n\n\n<div style=\"height:20px\" aria-hidden=\"true\" class=\"wp-block-spacer\"><\/div>\n\n\n\n<hr class=\"wp-block-separator has-text-color has-cinza-color has-css-opacity has-cinza-background-color has-background is-style-wide\"\/>\n\n\n\n<p><strong>VEJA TAMB\u00c9M:<\/strong><\/p>\n\n\n\n<p><strong><a><\/a>Calend\u00e1rio da Gradua\u00e7\u00e3o<\/strong><\/p>\n\n\n\n<p>\u00c9 um documento oficial com a organiza\u00e7\u00e3o temporal das atividades de ensino dos cursos de gradua\u00e7\u00e3o da UEL, aprovado pelo Conselho de Ensino, Pesquisa e Extens\u00e3o \u2013 CEPE.<\/p>\n\n\n\n<p>Fique atendo as datas e prazos estabelecidos no calend\u00e1rio!<\/p>\n\n\n\n<p>Acesse o <a href=\"https:\/\/sites.uel.br\/prograd\/estudante\/calendario\/\">calend\u00e1rio da gradua\u00e7\u00e3o<\/a>.<\/p>\n","protected":false},"excerpt":{"rendered":"<p>Participa\u00e7\u00e3o em Atividade Acad\u00eamica Complementar (AAC) Em todos os cursos h\u00e1 atividades acad\u00eamicas obrigat\u00f3rias e complementares que dever\u00e3o ser cumpridas pelos estudantes. As Atividades Acad\u00eamicas Complementares correspondem \u00e0 participa\u00e7\u00e3o dos estudantes em: Cursos de Extens\u00e3o e Eventos Compete ao Colegiado de cada curso decidir sobre a aceita\u00e7\u00e3o de AAC realizada por meio de cursos de [&hellip;]<\/p>\n","protected":false},"author":8,"featured_media":0,"parent":0,"menu_order":0,"comment_status":"closed","ping_status":"closed","template":"","meta":{"_acf_changed":false,"_themeisle_gutenberg_block_has_review":false,"footnotes":""},"class_list":["post-1752","page","type-page","status-publish","hentry"],"acf":[],"_links":{"self":[{"href":"https:\/\/sites.uel.br\/prograd\/wp-json\/wp\/v2\/pages\/1752","targetHints":{"allow":["GET"]}}],"collection":[{"href":"https:\/\/sites.uel.br\/prograd\/wp-json\/wp\/v2\/pages"}],"about":[{"href":"https:\/\/sites.uel.br\/prograd\/wp-json\/wp\/v2\/types\/page"}],"author":[{"embeddable":true,"href":"https:\/\/sites.uel.br\/prograd\/wp-json\/wp\/v2\/users\/8"}],"replies":[{"embeddable":true,"href":"https:\/\/sites.uel.br\/prograd\/wp-json\/wp\/v2\/comments?post=1752"}],"version-history":[{"count":31,"href":"https:\/\/sites.uel.br\/prograd\/wp-json\/wp\/v2\/pages\/1752\/revisions"}],"predecessor-version":[{"id":29383,"href":"https:\/\/sites.uel.br\/prograd\/wp-json\/wp\/v2\/pages\/1752\/revisions\/29383"}],"wp:attachment":[{"href":"https:\/\/sites.uel.br\/prograd\/wp-json\/wp\/v2\/media?parent=1752"}],"curies":[{"name":"wp","href":"https:\/\/api.w.org\/{rel}","templated":true}]}}