{"id":1748,"date":"2023-02-17T15:05:09","date_gmt":"2023-02-17T18:05:09","guid":{"rendered":"https:\/\/sites.uel.br\/prograd\/?page_id=1748"},"modified":"2024-06-21T08:16:54","modified_gmt":"2024-06-21T11:16:54","slug":"guia-academico-servicos-de-apoio","status":"publish","type":"page","link":"https:\/\/sites.uel.br\/prograd\/guia-academico-servicos-de-apoio\/","title":{"rendered":"Guia Acad\u00eamico"},"content":{"rendered":"\n<hr class=\"wp-block-separator has-alpha-channel-opacity is-style-wide\"\/>\n\n\n<div class=\"wp-block-image\">\n<figure class=\"aligncenter size-full\"><a href=\"https:\/\/sites.uel.br\/prograd\/guia-academico\/\"><img loading=\"lazy\" decoding=\"async\" width=\"557\" height=\"154\" src=\"https:\/\/sites.uel.br\/prograd\/wp-content\/uploads\/2023\/02\/cab_guia_academico-1.jpg\" alt=\"\" class=\"wp-image-1635\" srcset=\"https:\/\/sites.uel.br\/prograd\/wp-content\/uploads\/2023\/02\/cab_guia_academico-1.jpg 557w, https:\/\/sites.uel.br\/prograd\/wp-content\/uploads\/2023\/02\/cab_guia_academico-1-300x83.jpg 300w\" sizes=\"auto, (max-width: 557px) 100vw, 557px\" \/><\/a><\/figure>\n<\/div>\n\n\n<h2 class=\"wp-block-heading\">Servi\u00e7os de Apoio<\/h2>\n\n\n\n<h3 class=\"wp-block-heading\">SERVI\u00c7OS DA \u00c1REA DA SA\u00daDE<\/h3>\n\n\n\n<div id=\"wp-block-themeisle-blocks-accordion-5f780b35\" class=\"wp-block-themeisle-blocks-accordion exclusive\">\n<details class=\"wp-block-themeisle-blocks-accordion-item\"><summary class=\"wp-block-themeisle-blocks-accordion-item__title\"><div><strong>Cl\u00ednica Odontol\u00f3gica Universit\u00e1ria &#8211; COU<\/strong><\/div><\/summary><div class=\"wp-block-themeisle-blocks-accordion-item__content\">\n<p>A Cl\u00ednica Odontol\u00f3gica Universit\u00e1ria tem por finalidade proporcionar estrutura f\u00edsica, humana e log\u00edstica ao Curso de Odontologia, para as atividades do ensino, da pesquisa, da extens\u00e3o e da presta\u00e7\u00e3o de servi\u00e7os, de forma integral e humanizada, interdisciplinar e multiprofissional, contribuindo para o atendimento e melhoria da qualidade de vida dos cidad\u00e3os.<\/p>\n\n\n\n<p>Outras informa\u00e7\u00f5es de interesse poder\u00e3o ser obtidas por meio do&nbsp;site: <a href=\"http:\/\/www.uel.br\/orgaos-suplementares\/cou\/portal\/\" target=\"_blank\" rel=\"noreferrer noopener\">http:\/\/www.uel.br\/orgaos-suplementares\/cou\/portal<\/a>.<\/p>\n<\/div><\/details>\n\n\n\n<details class=\"wp-block-themeisle-blocks-accordion-item\"><summary class=\"wp-block-themeisle-blocks-accordion-item__title\"><div><strong>Farm\u00e1cia Escola<\/strong><\/div><\/summary><div class=\"wp-block-themeisle-blocks-accordion-item__content\">\n<p>Ligada administrativamente ao Laborat\u00f3rio de Medicamentos, a proposta da Farm\u00e1cia Escola \u00e9 oferecer um atendimento diferenciado.<\/p>\n\n\n\n<p>Para o acad\u00eamico \u00e9 a oportunidade de pr\u00e1tica profissional para estudantes do curso de Farm\u00e1cia. J\u00e1 a popula\u00e7\u00e3o tem acesso a informa\u00e7\u00f5es detalhadas, inclusive com servi\u00e7os como aplica\u00e7\u00e3o de injet\u00e1veis, aferi\u00e7\u00e3o de press\u00e3o arterial, teste de glicemia capilar e temperatura corporal.<\/p>\n\n\n\n<p>Al\u00e9m do fornecimento de medicamentos de acordo com as prescri\u00e7\u00f5es e legisla\u00e7\u00f5es, a Farm\u00e1cia Escola tem como proposta oferecer aten\u00e7\u00e3o farmac\u00eautica, com o objetivo de prevenir, detectar e resolver problemas relacionados a medicamentos.<\/p>\n\n\n\n<p>A Farm\u00e1cia Escola est\u00e1 localizada no Campus Universit\u00e1rio, atr\u00e1s do Ambulat\u00f3rio de Especialidades do Hospital Universit\u00e1rio (AEHU) e funciona de segunda a sexta das 8 \u00e0s 18 horas.<\/p>\n\n\n\n<p>Outras informa\u00e7\u00f5es de interesse poder\u00e3o ser obtidas por meio do&nbsp;site: <a href=\"https:\/\/sites.uel.br\/farmaciauniversitaria\/\" target=\"_blank\" rel=\"noreferrer noopener\">https:\/\/sites.uel.br\/farmaciauniversitaria<\/a>.<\/p>\n<\/div><\/details>\n\n\n\n<details class=\"wp-block-themeisle-blocks-accordion-item\"><summary class=\"wp-block-themeisle-blocks-accordion-item__title\"><div><strong>Divis\u00e3o de Assist\u00eancia \u00e0 Sa\u00fade da Comunidade (DASC)<\/strong><\/div><\/summary><div class=\"wp-block-themeisle-blocks-accordion-item__content\">\n<p>A DASC tem como atribui\u00e7\u00e3o a presta\u00e7\u00e3o de servi\u00e7os de aten\u00e7\u00e3o prim\u00e1ria em sa\u00fade para a comunidade universit\u00e1ria, operacionalizados por meio de atendimentos eletivos ambulatorial, nas \u00e1reas de cl\u00ednica m\u00e9dica, ginecologia, enfermagem e odontologia.<\/p>\n\n\n\n<p>A DASC \u00e9 respons\u00e1vel tamb\u00e9m pelo planejamento e execu\u00e7\u00e3o de programas de preven\u00e7\u00e3o de doen\u00e7as e promo\u00e7\u00e3o da sa\u00fade direcionados \u00e0 comunidade da UEL.<\/p>\n\n\n\n<p>Outras informa\u00e7\u00f5es de interesse poder\u00e3o ser obtidas por meio do&nbsp;site: <a href=\"http:\/\/www.uel.br\/hu\/dasc\/\" target=\"_blank\" rel=\"noreferrer noopener\">http:\/\/www.uel.br\/hu\/dasc<\/a>.<\/p>\n<\/div><\/details>\n\n\n\n<details class=\"wp-block-themeisle-blocks-accordion-item\"><summary class=\"wp-block-themeisle-blocks-accordion-item__title\"><div><strong>Hospital Universit\u00e1rio<\/strong><\/div><\/summary><div class=\"wp-block-themeisle-blocks-accordion-item__content\">\n<p>O HU \u00e9 o maior \u00f3rg\u00e3o suplementar da Universidade Estadual de Londrina. Est\u00e1 ligado academicamente ao CCS (Centro de Ci\u00eancias da Sa\u00fade). Tem por objetivo desenvolver o ensino, a pesquisa e a extens\u00e3o de servi\u00e7os \u00e0 comunidade. Foi ativado em 1\u00ba de agosto de 1971 e \u00e9 o \u00fanico hospital p\u00fablico de grande porte no norte do Paran\u00e1. Hospital estrat\u00e9gico e tradicional centro de refer\u00eancia para o SUS (Sistema \u00danico de Sa\u00fade). Atende pacientes de cerca de 250 munic\u00edpios do Paran\u00e1 e de mais de 100 cidades de outros estados, de v\u00e1rias regi\u00f5es do Pa\u00eds, principalmente S\u00e3o Paulo, Mato Grosso, Mato Grosso do Sul e Rond\u00f4nia.<\/p>\n\n\n\n<p>Outras informa\u00e7\u00f5es de interesse poder\u00e3o ser obtidas por meio do&nbsp;site: <a href=\"http:\/\/www.uel.br\/hu\/portal\/\" target=\"_blank\" rel=\"noreferrer noopener\">http:\/\/www.uel.br\/hu\/portal<\/a>.<\/p>\n<\/div><\/details>\n<\/div>\n\n\n\n<div style=\"height:40px\" aria-hidden=\"true\" class=\"wp-block-spacer\"><\/div>\n\n\n\n<h3 class=\"wp-block-heading\"><strong>SERVI\u00c7O DE BEM-ESTAR DA COMUNIDADE &#8211; SEBEC<\/strong><\/h3>\n\n\n\n<p>O SEBEC \u2013 Servi\u00e7o de Bem-Estar \u00e0 Comunidade da UEL tem como finalidade promover o bem-estar da comunidade universit\u00e1ria por meio da operacionaliza\u00e7\u00e3o de servi\u00e7os e programas relacionados \u00e0s \u00e1reas de seguran\u00e7a e sa\u00fade do trabalhador, alimenta\u00e7\u00e3o e nutri\u00e7\u00e3o, servi\u00e7o social, perman\u00eancia estudantil e sa\u00fade mental. Localiza-se no Campus, pr\u00f3ximo \u00e0 Biblioteca Central, e no HU \u2013 Hospital Universit\u00e1rio no pr\u00e9dio administrativo do \u00f3rg\u00e3o. Oferece os seguintes servi\u00e7os \u00e0 comunidade universit\u00e1ria:<\/p>\n\n\n\n<div id=\"wp-block-themeisle-blocks-accordion-785bcc7d\" class=\"wp-block-themeisle-blocks-accordion exclusive\">\n<details class=\"wp-block-themeisle-blocks-accordion-item\"><summary class=\"wp-block-themeisle-blocks-accordion-item__title\"><div><strong>Restaurante Universit\u00e1rio \u2013 RU<\/strong><\/div><\/summary><div class=\"wp-block-themeisle-blocks-accordion-item__content\">\n<p>Tem capacidade para fornecer at\u00e9 5.000 refei\u00e7\u00f5es di\u00e1rias aos servidores docentes e agentes universit\u00e1rios, estudantes regularmente matriculados na UEL e visitantes. Atende das 11h \u00e0s 14h e das 17h30 \u00e0s 19h30, de segunda a sexta-feira. Para ter acesso \u00e0s refei\u00e7\u00f5es, os usu\u00e1rios dever\u00e3o comprar cr\u00e9ditos de refei\u00e7\u00e3o no Portal do Estudante da UEL ou dirigir-se aos terminais de autoatendimento dispon\u00edveis na entrada do Restaurante. Para a aquisi\u00e7\u00e3o de cr\u00e9ditos \u00e9 necess\u00e1rio estar de posse da carteira de identifica\u00e7\u00e3o estudantil e o cart\u00e3o banc\u00e1rio de cr\u00e9dito ou d\u00e9bito. O acesso ao Restaurante se d\u00e1 \u00fanica e exclusivamente por meio da apresenta\u00e7\u00e3o da carteira de identifica\u00e7\u00e3o estudantil.<\/p>\n\n\n\n<p>Outras informa\u00e7\u00f5es de interesse poder\u00e3o ser obtidas por meio do site:&nbsp;<a href=\"https:\/\/sites.uel.br\/sebec\/restaurante-universitario\/\" target=\"_blank\" rel=\"noreferrer noopener\">https:\/\/sites.uel.br\/sebec\/restaurante-universitario<\/a>.<\/p>\n<\/div><\/details>\n\n\n\n<details class=\"wp-block-themeisle-blocks-accordion-item\"><summary class=\"wp-block-themeisle-blocks-accordion-item__title\"><div><strong>Conv\u00eanios com profissionais da \u00e1rea de sa\u00fade e laborat\u00f3rios<\/strong><\/div><\/summary><div class=\"wp-block-themeisle-blocks-accordion-item__content\">\n<p>O SEBEC disp\u00f5e de conv\u00eanios com m\u00e9dicos especialistas, psic\u00f3logos, dentistas, fonoaudi\u00f3logos, fisioterapeutas, laborat\u00f3rios e cl\u00ednicas de exames de diagn\u00f3sticos, pelos quais os estudantes e seus dependentes obt\u00e9m desconto nos servi\u00e7os conveniados. \u00c9 necess\u00e1rio primeiro o agendamento com a cl\u00ednica e na sequ\u00eancia solicitar a guia de encaminhamento presencialmente ou por WhatsApp no (43)3371-4452, informando o n\u00famero de matr\u00edcula e o profissional escolhido. O valor \u00e9 pago diretamente na cl\u00ednica.<\/p>\n<\/div><\/details>\n\n\n\n<details class=\"wp-block-themeisle-blocks-accordion-item\"><summary class=\"wp-block-themeisle-blocks-accordion-item__title\"><div><strong>Moradia Estudantil<\/strong><\/div><\/summary><div class=\"wp-block-themeisle-blocks-accordion-item__content\">\n<p>\u00c9 administrada pelo SEBEC e situa-se no Campus Universit\u00e1rio, pr\u00f3ximo \u00e0 PROGRAD. Tem capacidade de atender at\u00e9 80 estudantes que s\u00e3o selecionados anualmente por processo de sele\u00e7\u00e3o socioecon\u00f4mica realizada no in\u00edcio do calend\u00e1rio acad\u00eamico pela equipe de Servi\u00e7o Social do SEBEC.<\/p>\n\n\n\n<p>Outras informa\u00e7\u00f5es de interesse poder\u00e3o ser obtidas por meio do&nbsp;site:&nbsp;<a href=\"https:\/\/sites.uel.br\/sebec\/moradia-estudantil\/\" target=\"_blank\" rel=\"noreferrer noopener\">https:\/\/sites.uel.br\/sebec\/moradia-estudantil<\/a>.<\/p>\n<\/div><\/details>\n\n\n\n<details class=\"wp-block-themeisle-blocks-accordion-item\"><summary class=\"wp-block-themeisle-blocks-accordion-item__title\"><div><strong>Bolsa Perman\u00eancia<\/strong><\/div><\/summary><div class=\"wp-block-themeisle-blocks-accordion-item__content\">\n<p>O SEBEC disp\u00f5e de bolsas com intuito de atuar na perspectiva de aux\u00edlio para perman\u00eancia estudantil. Para isso o estudante pode concorrer por meio de processo seletivo que ocorre sempre no in\u00edcio de cada ano letivo. O processo visa selecionar os estudantes com maior vulnerabilidade socioecon\u00f4mica e \u00e9 realizado pela equipe de Servi\u00e7o Social do SEBEC.<\/p>\n<\/div><\/details>\n\n\n\n<details class=\"wp-block-themeisle-blocks-accordion-item\"><summary class=\"wp-block-themeisle-blocks-accordion-item__title\"><div><strong>Subs\u00eddio ampliado do Restaurante Universit\u00e1rio<\/strong><\/div><\/summary><div class=\"wp-block-themeisle-blocks-accordion-item__content\">\n<p>A equipe do Servi\u00e7o Social do SEBEC, por meio de edital p\u00fablico, atende estudantes em situa\u00e7\u00e3o de vulnerabilidade socioecon\u00f4mica, a fim de garantir o acesso \u00e0 alimenta\u00e7\u00e3o com um valor reduzido. A sele\u00e7\u00e3o ocorre no in\u00edcio do ano letivo.<\/p>\n<\/div><\/details>\n\n\n\n<details class=\"wp-block-themeisle-blocks-accordion-item\"><summary class=\"wp-block-themeisle-blocks-accordion-item__title\"><div><strong>Apoio S\u00f3cio-familiar<\/strong><\/div><\/summary><div class=\"wp-block-themeisle-blocks-accordion-item__content\">\n<p>O SEBEC oferece atendimento especializado nas \u00e1reas de servi\u00e7o social e psicologia, com objetivo de dar apoio \u00e0s necessidades do estudante, no per\u00edodo em que permanecer regularmente matriculado na UEL, com agendamento pr\u00e9vio no pr\u00f3prio SEBEC ou pelo telefone (43) 3371-4452.<\/p>\n<\/div><\/details>\n\n\n\n<details class=\"wp-block-themeisle-blocks-accordion-item\"><summary class=\"wp-block-themeisle-blocks-accordion-item__title\"><div><strong>Aten\u00e7\u00e3o, Educa\u00e7\u00e3o e Preven\u00e7\u00e3o em Sa\u00fade<\/strong><\/div><\/summary><div class=\"wp-block-themeisle-blocks-accordion-item__content\">\n<p>O SEBEC desenvolve a\u00e7\u00f5es integradas em equipes multidisciplinares, em parceria com projetos de ensino, pesquisa e extens\u00e3o, visando a promo\u00e7\u00e3o da sa\u00fade.<\/p>\n<\/div><\/details>\n\n\n\n<details class=\"wp-block-themeisle-blocks-accordion-item\"><summary class=\"wp-block-themeisle-blocks-accordion-item__title\"><div><strong>Nutricionista<\/strong><\/div><\/summary><div class=\"wp-block-themeisle-blocks-accordion-item__content\">\n<p>O SEBEC disponibiliza aos\/\u00e0s estudantes da UEL consulta e acompanhamento com nutricionista.<\/p>\n\n\n\n<p>Obs. Agendamento somente com encaminhamento m\u00e9dico.<\/p>\n\n\n\n<p>Atendimento no Campus pelo (43)3371-4391 e no HU pelo (43)3371-2774.<\/p>\n<\/div><\/details>\n<\/div>\n\n\n\n<div style=\"height:40px\" aria-hidden=\"true\" class=\"wp-block-spacer\"><\/div>\n\n\n\n<h3 class=\"wp-block-heading\">GERAIS<\/h3>\n\n\n\n<div id=\"wp-block-themeisle-blocks-accordion-15d69d9d\" class=\"wp-block-themeisle-blocks-accordion exclusive\">\n<details class=\"wp-block-themeisle-blocks-accordion-item\"><summary class=\"wp-block-themeisle-blocks-accordion-item__title\"><div><strong>Seguran\u00e7a<\/strong><\/div><\/summary><div class=\"wp-block-themeisle-blocks-accordion-item__content\">\n<p id=\"block-a424c8f5-2fa1-4f8a-8af5-eb2701042a52\">A Prefeitura do Campus Universit\u00e1rio (PCU) \u00e9 o \u00f3rg\u00e3o respons\u00e1vel pela fiscaliza\u00e7\u00e3o das obras, pela conserva\u00e7\u00e3o e manuten\u00e7\u00e3o da estrutura f\u00edsica da Universidade, incluindo a programa\u00e7\u00e3o e administra\u00e7\u00e3o das \u00e1reas p\u00fablicas, assim como de todos os equipamentos do Campus Universit\u00e1rio.<br><br>A Prefeitura do Campus administra ainda os servi\u00e7os de seguran\u00e7a, com Vigias e Rondas nos centros de estudos e conta com um sofisticado sistema de monitoramento por meio de c\u00e2meras de v\u00eddeo. Em caso de necessidade ou ocorr\u00eancia de acidente de tr\u00e2nsito, furto, estacionamento em local proibido, procure o vigia mais pr\u00f3ximo ou a Central de Seguran\u00e7a pelo telefone: 0800-400-4474.<\/p>\n\n\n\n<p id=\"block-1f9473e9-0094-4cde-814f-98e39503cf0c\">Outras informa\u00e7\u00f5es de interesse poder\u00e3o ser obtidas por meio do&nbsp;site: <a href=\"https:\/\/sites.uel.br\/pcu\/\" target=\"_blank\" rel=\"noreferrer noopener\">https:\/\/sites.uel.br\/pcu<\/a>.<\/p>\n<\/div><\/details>\n\n\n\n<details class=\"wp-block-themeisle-blocks-accordion-item\"><summary class=\"wp-block-themeisle-blocks-accordion-item__title\"><div><strong>Fotoc\u00f3pias<\/strong><\/div><\/summary><div class=\"wp-block-themeisle-blocks-accordion-item__content\">\n<p>Centrais de c\u00f3pias xerogr\u00e1ficas est\u00e3o espalhadas pela UEL. As centroc\u00f3pias da Reitoria e CCA\/CTU atendem em hor\u00e1rio comercial.<br><br>As centrais da Biblioteca Central, CCE, CESA, CECA, CEF, CLCH, HU, DCE, DCE do centro, CA de Psicologia no CCB, Escrit\u00f3rio de Aplica\u00e7\u00e3o e Cl\u00ednica Odontol\u00f3gica atendem de manh\u00e3, \u00e0 tarde e \u00e0 noite. <\/p>\n<\/div><\/details>\n\n\n\n<details class=\"wp-block-themeisle-blocks-accordion-item\"><summary class=\"wp-block-themeisle-blocks-accordion-item__title\"><div><strong>Cantinas<\/strong><\/div><\/summary><div class=\"wp-block-themeisle-blocks-accordion-item__content\">\n<p>Atualmente existem no Campus cinco pontos de alimenta\u00e7\u00e3o, al\u00e9m do Restaurante Universit\u00e1rio. S\u00e3o duas cantinas, sendo uma no CESA e outra na pra\u00e7a pr\u00f3xima ao CCB, e dois &#8220;trailers&#8221;, um no CEFE e outro no CTU.<\/p>\n<\/div><\/details>\n\n\n\n<details class=\"wp-block-themeisle-blocks-accordion-item\"><summary class=\"wp-block-themeisle-blocks-accordion-item__title\"><div><strong>Capela Ecum\u00eanica da UEL<\/strong><\/div><\/summary><div class=\"wp-block-themeisle-blocks-accordion-item__content\">\n<p>A Capela Ecum\u00eanica da UEL \u00e9 uma r\u00e9plica da primeira capela erguida em Londrina, em 1934, onde hoje est\u00e1 a Catedral da cidade. A Capela da UEL, al\u00e9m de ser um resgate hist\u00f3rico e arquitet\u00f4nico, tem a import\u00e2ncia de ser um espa\u00e7o para a medita\u00e7\u00e3o e recolhimento espiritual. A capela est\u00e1 localizada entre o CCE e o CESA.<\/p>\n<\/div><\/details>\n\n\n\n<details class=\"wp-block-themeisle-blocks-accordion-item\"><summary class=\"wp-block-themeisle-blocks-accordion-item__title\"><div><strong>Casa do Pioneiro<\/strong><\/div><\/summary><div class=\"wp-block-themeisle-blocks-accordion-item__content\">\n<p>A casa do Pioneiro \u00e9 uma resid\u00eancia de 1946 da fam\u00edlia Gomes e registra a marca da vida cotidiana dos primeiros londrinenses.<\/p>\n<\/div><\/details>\n\n\n\n<details class=\"wp-block-themeisle-blocks-accordion-item\"><summary class=\"wp-block-themeisle-blocks-accordion-item__title\"><div><strong>Casa do Pioneiro Japon\u00eas<\/strong><\/div><\/summary><div class=\"wp-block-themeisle-blocks-accordion-item__content\">\n<p>Foi inaugurada em 2010, da fam\u00edlia Massako Hiragawa que foi constru\u00edda em 1956 no centro de Londrina. Est\u00e1 localizada ao lado do CTU e ir\u00e1 abrigar o laborat\u00f3rio de paisagem desse centro.<\/p>\n<\/div><\/details>\n<\/div>\n\n\n\n<div style=\"height:40px\" aria-hidden=\"true\" class=\"wp-block-spacer\"><\/div>\n\n\n\n<h3 class=\"wp-block-heading\" id=\"block-a424c8f5-2fa1-4f8a-8af5-eb2701042a52\">SERVI\u00c7OS EXTERNOS<\/h3>\n\n\n\n<div id=\"wp-block-themeisle-blocks-accordion-1414aa1e\" class=\"wp-block-themeisle-blocks-accordion exclusive\">\n<details class=\"wp-block-themeisle-blocks-accordion-item\"><summary class=\"wp-block-themeisle-blocks-accordion-item__title\"><div><strong>Cr\u00e9ditos de Transporte<\/strong><\/div><\/summary><div class=\"wp-block-themeisle-blocks-accordion-item__content\">\n<p>Em parceria com o SEBEC, no in\u00edcio do ano letivo, visando facilitar o acesso aos\/\u00e0s estudantes para a confec\u00e7\u00e3o e renova\u00e7\u00e3o do cart\u00e3o transporte, a TCGL, empresa que atua no transporte coletivo do munic\u00edpio, utiliza uma sala no SEBEC para atendimento ao\/\u00e0 estudante.<\/p>\n\n\n\n<p>Estudantes da UEL podem obter desconto de 50% no pre\u00e7o da passagem de \u00f4nibus urbano ou metropolitano. Para tanto, \u00e9 necess\u00e1rio agendar o atendimento e preencher formul\u00e1rio pr\u00f3prio, dispon\u00edvel no site <a href=\"https:\/\/estudantes.grandelondrina.com.br\/sicade\" target=\"_blank\" rel=\"noreferrer noopener\">https:\/\/estudantes.grandelondrina.com.br\/sicade<\/a>.<\/p>\n\n\n\n<p>Outras informa\u00e7\u00f5es de interesse poder\u00e3o ser obtidas por meio do&nbsp;site:&nbsp;<a href=\"https:\/\/cmtu.londrina.pr.gov.br\/index.php\/component\/content\/article\/8-assuntos\/395-passe-livre.html\" target=\"_blank\" rel=\"noreferrer noopener\">https:\/\/cmtu.londrina.pr.gov.br\/index.php\/component\/content\/article\/8-assuntos\/395-passe-livre.html<\/a>.<\/p>\n<\/div><\/details>\n\n\n\n<details class=\"wp-block-themeisle-blocks-accordion-item\"><summary class=\"wp-block-themeisle-blocks-accordion-item__title\"><div><strong>Linhas de \u00d4nibus<\/strong><\/div><\/summary><div class=\"wp-block-themeisle-blocks-accordion-item__content\">\n<p>A Empresa de Transporte Coletivo Grande Londrina possui quatro linhas de \u00f4nibus que atendem o Campus. As linhas 304, 305 e 307, com sa\u00edda do Terminal Urbano, ligam o centro da cidade ao Campus. A linha 904 que faz o trajeto Conjunto S\u00e3o louren\u00e7o\/Jardim Sabar\u00e1 (interbairros Zona Sul), passa pelo Campus. Existe ainda a linha Camb\u00e9\/Shopping Catua\u00ed que sai do centro de Camb\u00e9, passa pelo Campus, com ponto final no Shopping Catua\u00ed.<\/p>\n\n\n\n<p>Outras informa\u00e7\u00f5es de interesse poder\u00e3o ser obtidas por meio do&nbsp;site: <a href=\"https:\/\/www.tcgrandelondrina.com.br\/\" target=\"_blank\" rel=\"noreferrer noopener\">https:\/\/www.tcgrandelondrina.com.br<\/a>.<\/p>\n<\/div><\/details>\n<\/div>\n\n\n\n<p><\/p>\n","protected":false},"excerpt":{"rendered":"<p>Servi\u00e7os de Apoio SERVI\u00c7OS DA \u00c1REA DA SA\u00daDE SERVI\u00c7O DE BEM-ESTAR DA COMUNIDADE &#8211; SEBEC O SEBEC \u2013 Servi\u00e7o de Bem-Estar \u00e0 Comunidade da UEL tem como finalidade promover o bem-estar da comunidade universit\u00e1ria por meio da operacionaliza\u00e7\u00e3o de servi\u00e7os e programas relacionados \u00e0s \u00e1reas de seguran\u00e7a e sa\u00fade do trabalhador, alimenta\u00e7\u00e3o e nutri\u00e7\u00e3o, servi\u00e7o [&hellip;]<\/p>\n","protected":false},"author":8,"featured_media":0,"parent":0,"menu_order":0,"comment_status":"closed","ping_status":"closed","template":"","meta":{"_acf_changed":false,"_themeisle_gutenberg_block_has_review":false,"footnotes":""},"class_list":["post-1748","page","type-page","status-publish","hentry"],"acf":[],"_links":{"self":[{"href":"https:\/\/sites.uel.br\/prograd\/wp-json\/wp\/v2\/pages\/1748","targetHints":{"allow":["GET"]}}],"collection":[{"href":"https:\/\/sites.uel.br\/prograd\/wp-json\/wp\/v2\/pages"}],"about":[{"href":"https:\/\/sites.uel.br\/prograd\/wp-json\/wp\/v2\/types\/page"}],"author":[{"embeddable":true,"href":"https:\/\/sites.uel.br\/prograd\/wp-json\/wp\/v2\/users\/8"}],"replies":[{"embeddable":true,"href":"https:\/\/sites.uel.br\/prograd\/wp-json\/wp\/v2\/comments?post=1748"}],"version-history":[{"count":58,"href":"https:\/\/sites.uel.br\/prograd\/wp-json\/wp\/v2\/pages\/1748\/revisions"}],"predecessor-version":[{"id":30833,"href":"https:\/\/sites.uel.br\/prograd\/wp-json\/wp\/v2\/pages\/1748\/revisions\/30833"}],"wp:attachment":[{"href":"https:\/\/sites.uel.br\/prograd\/wp-json\/wp\/v2\/media?parent=1748"}],"curies":[{"name":"wp","href":"https:\/\/api.w.org\/{rel}","templated":true}]}}