{"id":174,"date":"2022-12-14T13:35:32","date_gmt":"2022-12-14T16:35:32","guid":{"rendered":"https:\/\/sites.uel.br\/prograd\/?page_id=174"},"modified":"2025-12-09T10:54:44","modified_gmt":"2025-12-09T13:54:44","slug":"projetos-pedagogicos","status":"publish","type":"page","link":"https:\/\/sites.uel.br\/prograd\/graduacao\/projetos-pedagogicos\/","title":{"rendered":"Projetos Pedag\u00f3gicos"},"content":{"rendered":"\n<hr class=\"wp-block-separator has-alpha-channel-opacity is-style-wide\"\/>\n\n\n\n<h2 class=\"wp-block-heading\">Cursos Ofertados<\/h2>\n\n\n\n<p class=\"has-text-align-center\"><a href=\"https:\/\/sites.uel.br\/prograd\/graduacao\/projetos-pedagogicos\/projetos-pedagogicos-administracao\/\"><strong>Administra\u00e7\u00e3o<\/strong><\/a><\/p>\n\n\n\n<p class=\"has-text-align-center\"><a href=\"https:\/\/sites.uel.br\/prograd\/graduacao\/projetos-pedagogicos\/projetos-pedagogicos-agronomia\/\"><strong>Agronomia<\/strong><\/a><\/p>\n\n\n\n<p class=\"has-text-align-center\"><a href=\"https:\/\/sites.uel.br\/prograd\/graduacao\/projetos-pedagogicos\/projetos-pedagogicos-arquitetura-e-urbanismo\/\"><strong>Arquitetura e Urbanismo<\/strong><\/a><\/p>\n\n\n\n<p class=\"has-text-align-center\"><a href=\"https:\/\/sites.uel.br\/prograd\/graduacao\/projetos-pedagogicos\/projetos-pedagogicos-arquivologia\/\"><strong>Arquivologia<\/strong><\/a><\/p>\n\n\n\n<p class=\"has-text-align-center\"><a href=\"https:\/\/sites.uel.br\/prograd\/graduacao\/projetos-pedagogicos\/projetos-pedagogicos-artes-cenicas\/\"><strong>Artes C\u00eanicas<\/strong><\/a><\/p>\n\n\n\n<p class=\"has-text-align-center\"><a href=\"https:\/\/sites.uel.br\/prograd\/graduacao\/projetos-pedagogicos\/projetos-pedagogicos-artes-visuais\/\"><strong>Artes Visuais<\/strong><\/a><\/p>\n\n\n\n<p class=\"has-text-align-center\"><a href=\"https:\/\/sites.uel.br\/prograd\/graduacao\/projetos-pedagogicos\/projetos-pedagogicos-biblioteconomia\/\"><strong>Biblioteconomia<\/strong><\/a><\/p>\n\n\n\n<p class=\"has-text-align-center\"><a href=\"https:\/\/sites.uel.br\/prograd\/graduacao\/projetos-pedagogicos\/projetos-pedagogicos-biomedicina\/\"><strong>Biomedicina<\/strong><\/a><\/p>\n\n\n\n<p class=\"has-text-align-center\"><a href=\"https:\/\/sites.uel.br\/prograd\/graduacao\/projetos-pedagogicos\/projetos-pedagogicos-biotecnologia\/\"><strong>Biotecnologia<\/strong><\/a><\/p>\n\n\n\n<p class=\"has-text-align-center\"><a href=\"https:\/\/sites.uel.br\/prograd\/graduacao\/projetos-pedagogicos\/projetos-pedagogicos-ciencia-da-computacao\/\"><strong>Ci\u00eancia da Computa\u00e7\u00e3o<\/strong><\/a><\/p>\n\n\n\n<p class=\"has-text-align-center\"><a href=\"https:\/\/sites.uel.br\/prograd\/graduacao\/projetos-pedagogicos\/projetos-pedagogicos-ciencia-de-dados-e-inteligencia-artificial\/\"><strong>Ci\u00eancia de Dados e Intelig\u00eancia Artificial<\/strong><\/a><\/p>\n\n\n\n<p class=\"has-text-align-center\"><a href=\"https:\/\/sites.uel.br\/prograd\/graduacao\/projetos-pedagogicos\/projetos-pedagogicos-ciencias-biologicas-bacharelado\/\"><strong>Ci\u00eancias Biol\u00f3gicas \u2013 Bacharelado<\/strong><\/a><\/p>\n\n\n\n<p class=\"has-text-align-center\"><a href=\"https:\/\/sites.uel.br\/prograd\/graduacao\/projetos-pedagogicos\/projetos-pedagogicos-ciencias-biologicas-licenciatura\/\"><strong>Ci\u00eancias Biol\u00f3gicas \u2013 Licenciatura<\/strong><\/a><\/p>\n\n\n\n<p class=\"has-text-align-center\"><a href=\"https:\/\/sites.uel.br\/prograd\/graduacao\/projetos-pedagogicos\/projetos-pedagogicos-ciencias-contabeis\/\"><strong>Ci\u00eancias Cont\u00e1beis<\/strong><\/a><\/p>\n\n\n\n<p class=\"has-text-align-center\"><a href=\"https:\/\/sites.uel.br\/prograd\/graduacao\/projetos-pedagogicos\/projetos-pedagogicos-ciencias-economicas\/\"><strong>Ci\u00eancias Econ\u00f4micas<\/strong><\/a><\/p>\n\n\n\n<p class=\"has-text-align-center\"><a href=\"https:\/\/sites.uel.br\/prograd\/graduacao\/projetos-pedagogicos\/projetos-pedagogicos-ciencias-sociais-bacharelado\/\"><strong>Ci\u00eancias Sociais \u2013 Bacharelado<\/strong><\/a><\/p>\n\n\n\n<p class=\"has-text-align-center\"><a href=\"https:\/\/sites.uel.br\/prograd\/graduacao\/projetos-pedagogicos\/projetos-pedagogicos-ciencias-sociais-licenciatura\/\"><strong>Ci\u00eancias Sociais \u2013 Licenciatura<\/strong><\/a><\/p>\n\n\n\n<p class=\"has-text-align-center\"><a href=\"https:\/\/sites.uel.br\/prograd\/graduacao\/projetos-pedagogicos\/projetos-pedagogicos-computacao-modalidade-licenciatura-ead\/\"><strong>Computa\u00e7\u00e3o \u2013 Modalidade Licenciatura \/ EAD<\/strong><\/a><\/p>\n\n\n\n<p class=\"has-text-align-center\"><a href=\"https:\/\/sites.uel.br\/prograd\/graduacao\/projetos-pedagogicos\/projetos-pedagogicos-design-de-moda\/\"><strong>Design de Moda<\/strong><\/a><\/p>\n\n\n\n<p class=\"has-text-align-center\"><a href=\"https:\/\/sites.uel.br\/prograd\/graduacao\/projetos-pedagogicos\/projetos-pedagogicos-design-grafico\/\"><strong>Design Gr\u00e1fico<\/strong><\/a><\/p>\n\n\n\n<p class=\"has-text-align-center\"><a href=\"https:\/\/sites.uel.br\/prograd\/graduacao\/projetos-pedagogicos\/projetos-pedagogicos-direito\/\"><strong>Direito<\/strong><\/a><\/p>\n\n\n\n<p class=\"has-text-align-center\"><a href=\"https:\/\/sites.uel.br\/prograd\/graduacao\/projetos-pedagogicos\/projetos-pedagogicos-educacao-fisica\/\"><strong>Educa\u00e7\u00e3o F\u00edsica<\/strong><\/a><\/p>\n\n\n\n<p class=\"has-text-align-center\"><a href=\"https:\/\/sites.uel.br\/prograd\/graduacao\/projetos-pedagogicos\/projetos-pedagogicos-educacao-fisica-bacharelado\/\"><strong>Educa\u00e7\u00e3o F\u00edsica \u2013 Bacharelado<\/strong><\/a><\/p>\n\n\n\n<p class=\"has-text-align-center\"><a href=\"https:\/\/sites.uel.br\/prograd\/graduacao\/projetos-pedagogicos\/projetos-pedagogicos-educacao-fisica-licenciatura\/\"><strong>Educa\u00e7\u00e3o F\u00edsica \u2013 Licenciatura<\/strong><\/a><\/p>\n\n\n\n<p class=\"has-text-align-center\"><a href=\"https:\/\/sites.uel.br\/prograd\/graduacao\/projetos-pedagogicos\/projetos-pedagogicos-enfermagem\/\"><strong>Enfermagem<\/strong><\/a><\/p>\n\n\n\n<p class=\"has-text-align-center\"><a href=\"https:\/\/sites.uel.br\/prograd\/graduacao\/projetos-pedagogicos\/projetos-pedagogicos-engenharia-civil\/\"><strong>Engenharia Civil<\/strong><\/a><\/p>\n\n\n\n<p class=\"has-text-align-center\"><a href=\"https:\/\/sites.uel.br\/prograd\/graduacao\/projetos-pedagogicos\/projetos-pedagogicos-engenharia-eletrica\/\"><strong>Engenharia El\u00e9trica<\/strong><\/a><\/p>\n\n\n\n<p class=\"has-text-align-center\"><a href=\"https:\/\/sites.uel.br\/prograd\/graduacao\/projetos-pedagogicos\/projetos-pedagogicos-farmacia\/\"><strong>Farm\u00e1cia<\/strong><\/a><\/p>\n\n\n\n<p class=\"has-text-align-center\"><a href=\"https:\/\/sites.uel.br\/prograd\/graduacao\/projetos-pedagogicos\/projetos-pedagogicos-filosofia\/\"><strong>Filosofia<\/strong><\/a><\/p>\n\n\n\n<p class=\"has-text-align-center\"><a href=\"https:\/\/sites.uel.br\/prograd\/graduacao\/projetos-pedagogicos\/projetos-pedagogicos-fisica-bacharelado\/\"><strong>F\u00edsica \u2013 Bacharelado<\/strong><\/a><\/p>\n\n\n\n<p class=\"has-text-align-center\"><a href=\"https:\/\/sites.uel.br\/prograd\/graduacao\/projetos-pedagogicos\/projetos-pedagogicos-fisica-licenciatura\/\"><strong>F\u00edsica \u2013 Licenciatura<\/strong><\/a><\/p>\n\n\n\n<p class=\"has-text-align-center\"><a href=\"https:\/\/sites.uel.br\/prograd\/graduacao\/projetos-pedagogicos\/projetos-pedagogicos-fisioterapia\/\"><strong>Fisioterapia<\/strong><\/a><\/p>\n\n\n\n<p class=\"has-text-align-center\"><a href=\"https:\/\/sites.uel.br\/prograd\/graduacao\/projetos-pedagogicos\/projetos-pedagogicos-geografia-bacharelado\/\"><strong>Geografia \u2013 Bacharelado<\/strong><\/a><\/p>\n\n\n\n<p class=\"has-text-align-center\"><a href=\"https:\/\/sites.uel.br\/prograd\/graduacao\/projetos-pedagogicos\/projetos-pedagogicos-geografia-licenciatura\/\"><strong>Geografia \u2013 Licenciatura<\/strong><\/a><\/p>\n\n\n\n<p class=\"has-text-align-center\"><a href=\"https:\/\/sites.uel.br\/prograd\/projetos-pedagogicos-geologia\/\"><strong>Geologia<\/strong><\/a><\/p>\n\n\n\n<p class=\"has-text-align-center\"><a href=\"https:\/\/sites.uel.br\/prograd\/graduacao\/projetos-pedagogicos\/projetos-pedagogicos-historia\/\"><strong>Hist\u00f3ria<\/strong><\/a><\/p>\n\n\n\n<p class=\"has-text-align-center\"><a href=\"https:\/\/sites.uel.br\/prograd\/graduacao\/projetos-pedagogicos\/projetos-pedagogicos-jornalismo\/\"><strong>Jornalismo<\/strong><\/a><\/p>\n\n\n\n<p class=\"has-text-align-center\"><a href=\"https:\/\/sites.uel.br\/prograd\/graduacao\/projetos-pedagogicos\/projetos-pedagogicos-letras-espanhol\/\"><strong>Letras Espanhol<\/strong><\/a><\/p>\n\n\n\n<p class=\"has-text-align-center\"><a href=\"https:\/\/sites.uel.br\/prograd\/graduacao\/projetos-pedagogicos\/projetos-pedagogicos-letras-frances\/\"><strong>Letras Franc\u00eas<\/strong><\/a><\/p>\n\n\n\n<p class=\"has-text-align-center\"><a href=\"https:\/\/sites.uel.br\/prograd\/graduacao\/projetos-pedagogicos\/projetos-pedagogicos-letras-ingles\/\"><strong>Letras Ingl\u00eas<\/strong><\/a><\/p>\n\n\n\n<p class=\"has-text-align-center\"><a href=\"https:\/\/sites.uel.br\/prograd\/graduacao\/projetos-pedagogicos\/projetos-pedagogicos-letras-portugues\/\"><strong>Letras Portugu\u00eas<\/strong><\/a><\/p>\n\n\n\n<p class=\"has-text-align-center\"><a href=\"https:\/\/sites.uel.br\/prograd\/graduacao\/projetos-pedagogicos\/projetos-pedagogicos-matematica-bacharelado\/\"><strong>Matem\u00e1tica \u2013 Bacharelado<\/strong><\/a><\/p>\n\n\n\n<p class=\"has-text-align-center\"><a href=\"https:\/\/sites.uel.br\/prograd\/graduacao\/projetos-pedagogicos\/projetos-pedagogicos-matematica-licenciatura\/\"><strong>Matem\u00e1tica \u2013 Licenciatura<\/strong><\/a><\/p>\n\n\n\n<p class=\"has-text-align-center\"><a href=\"https:\/\/sites.uel.br\/prograd\/graduacao\/projetos-pedagogicos\/projetos-pedagogicos-medicina\/\"><strong>Medicina<\/strong><\/a><\/p>\n\n\n\n<p class=\"has-text-align-center\"><a href=\"https:\/\/sites.uel.br\/prograd\/graduacao\/projetos-pedagogicos\/projetos-pedagogicos-medicina-veterinaria\/\"><strong>Medicina Veterin\u00e1ria<\/strong><\/a><\/p>\n\n\n\n<p class=\"has-text-align-center\"><a href=\"https:\/\/sites.uel.br\/prograd\/graduacao\/projetos-pedagogicos\/projetos-pedagogicos-musica\/\"><strong>M\u00fasica<\/strong><\/a><\/p>\n\n\n\n<p class=\"has-text-align-center\"><a href=\"https:\/\/sites.uel.br\/prograd\/graduacao\/projetos-pedagogicos\/projetos-pedagogicos-nutricao\/\"><strong>Nutri\u00e7\u00e3o<\/strong><\/a><\/p>\n\n\n\n<p class=\"has-text-align-center\"><a href=\"https:\/\/sites.uel.br\/prograd\/graduacao\/projetos-pedagogicos\/projetos-pedagogicos-odontologia\/\"><strong>Odontologia<\/strong><\/a><\/p>\n\n\n\n<p class=\"has-text-align-center\"><a href=\"https:\/\/sites.uel.br\/prograd\/graduacao\/projetos-pedagogicos\/projetos-pedagogicos-pedagogia\/\"><strong>Pedagogia<\/strong><\/a><\/p>\n\n\n\n<p class=\"has-text-align-center\"><a href=\"https:\/\/sites.uel.br\/prograd\/graduacao\/projetos-pedagogicos\/projetos-pedagogicos-psicologia-formacao-de-psicologo\/\"><strong>Psicologia \u2013 Forma\u00e7\u00e3o de Psic\u00f3logo<\/strong><\/a><\/p>\n\n\n\n<p class=\"has-text-align-center\"><a href=\"https:\/\/sites.uel.br\/prograd\/graduacao\/projetos-pedagogicos\/projetos-pedagogicos-quimica-bacharelado\/\"><strong>Qu\u00edmica \u2013 Bacharelado<\/strong><\/a><\/p>\n\n\n\n<p class=\"has-text-align-center\"><a href=\"https:\/\/sites.uel.br\/prograd\/graduacao\/projetos-pedagogicos\/projetos-pedagogicos-quimica-licenciatura\/\"><strong>Qu\u00edmica \u2013 Licenciatura<\/strong><\/a><\/p>\n\n\n\n<p class=\"has-text-align-center\"><a href=\"https:\/\/sites.uel.br\/prograd\/graduacao\/projetos-pedagogicos\/projetos-pedagogicos-relacoes-publicas\/\"><strong>Rela\u00e7\u00f5es P\u00fablicas<\/strong><\/a><\/p>\n\n\n\n<p class=\"has-text-align-center\"><a href=\"https:\/\/sites.uel.br\/prograd\/graduacao\/projetos-pedagogicos\/projetos-pedagogicos-secretariado-executivo\/\"><strong>Secretariado Executivo<\/strong><\/a><\/p>\n\n\n\n<p class=\"has-text-align-center\"><a href=\"https:\/\/sites.uel.br\/prograd\/graduacao\/projetos-pedagogicos\/projetos-pedagogicos-servico-social\/\"><strong>Servi\u00e7o Social<\/strong><\/a><\/p>\n\n\n\n<p class=\"has-text-align-center\"><a href=\"https:\/\/sites.uel.br\/prograd\/graduacao\/projetos-pedagogicos\/projetos-pedagogicos-tecnologia-em-gestao-publica-modalidade-a-distancia\/\"><strong>Tecnologia em Gest\u00e3o P\u00fablica (modalidade a dist\u00e2ncia)<\/strong><\/a><\/p>\n\n\n\n<p class=\"has-text-align-center\"><a href=\"https:\/\/sites.uel.br\/prograd\/graduacao\/projetos-pedagogicos\/projetos-pedagogicos-zootecnia\/\"><strong>Zootecnia<\/strong><\/a><\/p>\n\n\n\n<div style=\"height:20px\" aria-hidden=\"true\" class=\"wp-block-spacer\"><\/div>\n\n\n\n<h2 class=\"wp-block-heading has-text-align-center\">Cursos Desativados<\/h2>\n\n\n\n<p class=\"has-text-align-center\"><a href=\"https:\/\/sites.uel.br\/prograd\/graduacao\/projetos-pedagogicos\/projetos-pedagogicos-comunicacao-social-jornalismo\/\"><strong>Comunica\u00e7\u00e3o Social \u2013 Jornalismo<\/strong><\/a><br><em>Obs: ver \u201cJornalismo\u201d em \u201cCursos Ofertados\u201d<\/em><\/p>\n\n\n\n<p class=\"has-text-align-center\"><a href=\"https:\/\/sites.uel.br\/prograd\/graduacao\/projetos-pedagogicos\/projetos-pedagogicos-comunicacao-social-relacoes-publicas\/\"><strong>Comunica\u00e7\u00e3o Social \u2013 Rela\u00e7\u00f5es P\u00fablicas<\/strong><\/a><br><em>Obs: ver \u201cRela\u00e7\u00f5es P\u00fablicas\u201d em \u201cCursos Ofertados\u201d<\/em><\/p>\n\n\n\n<p class=\"has-text-align-center\"><a href=\"https:\/\/sites.uel.br\/prograd\/graduacao\/projetos-pedagogicos\/projetos-pedagogicos-esporte\/\"><strong>Esporte<\/strong><\/a><br><em>Obs: ver \u201cEduca\u00e7\u00e3o F\u00edsica\u201d em \u201cCursos Ofertados\u201d<\/em><\/p>\n\n\n\n<p class=\"has-text-align-center\"><a href=\"https:\/\/sites.uel.br\/prograd\/graduacao\/projetos-pedagogicos\/projetos-pedagogicos-letras-bacharelado-estudos-literarios-e-estudos-da-linguagem\/\"><strong>Letras Bacharelado \u2013 Estudos Liter\u00e1rios e Estudos da Linguagem<\/strong><\/a><br><em>Obs: ver \u201cLetras Portugu\u00eas\u201d em \u201cCursos Ofertados\u201d<\/em><\/p>\n\n\n\n<p class=\"has-text-align-center\"><a href=\"https:\/\/sites.uel.br\/prograd\/graduacao\/projetos-pedagogicos\/projetos-pedagogicos-licenciatura-em-computacao-modalidade-a-distancia\/\"><strong>Licenciatura em Computa\u00e7\u00e3o: modalidade a dist\u00e2ncia<\/strong><\/a><br><em>Obs: ver \u201cComputa\u00e7\u00e3o \u2013 Modalidade Licenciatura \/ EAD em \u201cCursos Ofertados\u201d<\/em><\/p>\n\n\n\n<p class=\"has-text-align-center\"><a href=\"https:\/\/sites.uel.br\/prograd\/graduacao\/projetos-pedagogicos\/projetos-pedagogicos-matematica-empresarial\/\"><strong>Matem\u00e1tica \u2013 Empresarial<\/strong><\/a><br><em>Obs: ver \u201cMatem\u00e1tica \u2013 Bacharelado\u201d ou \u201cMatem\u00e1tica \u2013 Licenciatura\u201d em \u201cCursos Ofertados\u201d<\/em><\/p>\n\n\n\n<p class=\"has-text-align-center\"><a href=\"https:\/\/sites.uel.br\/prograd\/graduacao\/projetos-pedagogicos\/projetos-pedagogicos-psicologia-bacharelado\/\"><strong>Psicologia \u2013 Bacharelado<\/strong><\/a><br><em>Obs: ver \u201cPsicologia \u2013 Forma\u00e7\u00e3o de Psic\u00f3logo\u201d em \u201cCursos Ofertados\u201d<\/em><\/p>\n\n\n\n<div style=\"height:20px\" aria-hidden=\"true\" class=\"wp-block-spacer\"><\/div>\n\n\n\n<hr class=\"wp-block-separator has-text-color has-alpha-channel-opacity has-background is-style-wide\" style=\"background-color:#bdbdbd;color:#bdbdbd\"\/>\n\n\n\n<p><strong>Veja tamb\u00e9m:<\/strong><\/p>\n\n\n\n<p><a href=\"https:\/\/sites.uel.br\/prograd\/graduacao\/catalogo-dos-cursos-de-graduacao-indice\/\">Cat\u00e1logo dos Curso de Gradua\u00e7\u00e3o (Organiza\u00e7\u00e3o Curricular, Ementas, Corpo Docente)<\/a><\/p>\n\n\n\n<p><a href=\"https:\/\/sites.uel.br\/prograd\/regulamentos-tcc-e-estagio\/\">Regulamentos TCC e Est\u00e1gios<\/a><\/p>\n","protected":false},"excerpt":{"rendered":"<p>Cursos Ofertados Administra\u00e7\u00e3o Agronomia Arquitetura e Urbanismo Arquivologia Artes C\u00eanicas Artes Visuais Biblioteconomia Biomedicina Biotecnologia Ci\u00eancia da Computa\u00e7\u00e3o Ci\u00eancia de Dados e Intelig\u00eancia Artificial Ci\u00eancias Biol\u00f3gicas \u2013 Bacharelado Ci\u00eancias Biol\u00f3gicas \u2013 Licenciatura Ci\u00eancias Cont\u00e1beis Ci\u00eancias Econ\u00f4micas Ci\u00eancias Sociais \u2013 Bacharelado Ci\u00eancias Sociais \u2013 Licenciatura Computa\u00e7\u00e3o \u2013 Modalidade Licenciatura \/ EAD Design de Moda Design Gr\u00e1fico [&hellip;]<\/p>\n","protected":false},"author":2,"featured_media":0,"parent":12,"menu_order":0,"comment_status":"closed","ping_status":"closed","template":"","meta":{"_acf_changed":false,"_themeisle_gutenberg_block_has_review":false,"footnotes":""},"class_list":["post-174","page","type-page","status-publish","hentry"],"acf":[],"_links":{"self":[{"href":"https:\/\/sites.uel.br\/prograd\/wp-json\/wp\/v2\/pages\/174","targetHints":{"allow":["GET"]}}],"collection":[{"href":"https:\/\/sites.uel.br\/prograd\/wp-json\/wp\/v2\/pages"}],"about":[{"href":"https:\/\/sites.uel.br\/prograd\/wp-json\/wp\/v2\/types\/page"}],"author":[{"embeddable":true,"href":"https:\/\/sites.uel.br\/prograd\/wp-json\/wp\/v2\/users\/2"}],"replies":[{"embeddable":true,"href":"https:\/\/sites.uel.br\/prograd\/wp-json\/wp\/v2\/comments?post=174"}],"version-history":[{"count":91,"href":"https:\/\/sites.uel.br\/prograd\/wp-json\/wp\/v2\/pages\/174\/revisions"}],"predecessor-version":[{"id":35961,"href":"https:\/\/sites.uel.br\/prograd\/wp-json\/wp\/v2\/pages\/174\/revisions\/35961"}],"up":[{"embeddable":true,"href":"https:\/\/sites.uel.br\/prograd\/wp-json\/wp\/v2\/pages\/12"}],"wp:attachment":[{"href":"https:\/\/sites.uel.br\/prograd\/wp-json\/wp\/v2\/media?parent=174"}],"curies":[{"name":"wp","href":"https:\/\/api.w.org\/{rel}","templated":true}]}}