{"id":170,"date":"2022-12-14T13:34:52","date_gmt":"2022-12-14T16:34:52","guid":{"rendered":"https:\/\/sites.uel.br\/prograd\/?page_id=170"},"modified":"2023-11-08T10:51:00","modified_gmt":"2023-11-08T13:51:00","slug":"horario-geral-de-aulas","status":"publish","type":"page","link":"https:\/\/sites.uel.br\/prograd\/horario-geral-de-aulas\/","title":{"rendered":"Hor\u00e1rio Geral de Aulas"},"content":{"rendered":"\n<hr class=\"wp-block-separator has-alpha-channel-opacity is-style-wide\"\/>\n\n\n\n<figure class=\"wp-block-table is-style-stripes\"><table class=\"has-cinza-claro-background-color has-background\"><tbody><tr><td class=\"has-text-align-center\" data-align=\"center\">Dispon\u00edvel no <a rel=\"noreferrer noopener\" href=\"http:\/\/www.uel.br\/portaldoestudante\" target=\"_blank\">Portal do Estudante de Gradua\u00e7\u00e3o<\/a>, op\u00e7\u00e3o &#8220;Registro de Matr\u00edcula&#8221;<\/td><\/tr><\/tbody><\/table><\/figure>\n\n\n\n<p class=\"has-text-align-center\"><\/p>\n","protected":false},"excerpt":{"rendered":"<p>Dispon\u00edvel no Portal do Estudante de Gradua\u00e7\u00e3o, op\u00e7\u00e3o &#8220;Registro de Matr\u00edcula&#8221;<\/p>\n","protected":false},"author":2,"featured_media":0,"parent":0,"menu_order":0,"comment_status":"closed","ping_status":"closed","template":"","meta":{"_acf_changed":false,"_themeisle_gutenberg_block_has_review":false,"footnotes":""},"class_list":["post-170","page","type-page","status-publish","hentry"],"acf":[],"_links":{"self":[{"href":"https:\/\/sites.uel.br\/prograd\/wp-json\/wp\/v2\/pages\/170","targetHints":{"allow":["GET"]}}],"collection":[{"href":"https:\/\/sites.uel.br\/prograd\/wp-json\/wp\/v2\/pages"}],"about":[{"href":"https:\/\/sites.uel.br\/prograd\/wp-json\/wp\/v2\/types\/page"}],"author":[{"embeddable":true,"href":"https:\/\/sites.uel.br\/prograd\/wp-json\/wp\/v2\/users\/2"}],"replies":[{"embeddable":true,"href":"https:\/\/sites.uel.br\/prograd\/wp-json\/wp\/v2\/comments?post=170"}],"version-history":[{"count":46,"href":"https:\/\/sites.uel.br\/prograd\/wp-json\/wp\/v2\/pages\/170\/revisions"}],"predecessor-version":[{"id":15210,"href":"https:\/\/sites.uel.br\/prograd\/wp-json\/wp\/v2\/pages\/170\/revisions\/15210"}],"wp:attachment":[{"href":"https:\/\/sites.uel.br\/prograd\/wp-json\/wp\/v2\/media?parent=170"}],"curies":[{"name":"wp","href":"https:\/\/api.w.org\/{rel}","templated":true}]}}