{"id":16870,"date":"2024-01-25T14:55:57","date_gmt":"2024-01-25T17:55:57","guid":{"rendered":"https:\/\/sites.uel.br\/prograd\/?page_id=16870"},"modified":"2024-05-06T14:13:05","modified_gmt":"2024-05-06T17:13:05","slug":"monitoria-academica","status":"publish","type":"page","link":"https:\/\/sites.uel.br\/prograd\/estudante\/monitoria-academica\/","title":{"rendered":"Monitoria Acad\u00eamica"},"content":{"rendered":"\n<hr class=\"wp-block-separator has-alpha-channel-opacity is-style-wide\"\/>\n\n\n\n<p><a href=\"https:\/\/sites.uel.br\/prograd\/wp-content\/uploads\/documentos\/resolucoes\/2016\/resolucao_106_16.pdf\" target=\"_blank\" rel=\"noreferrer noopener\"><strong>Resolu\u00e7\u00e3o CEPE N\u00ba 106\/2016<\/strong><\/a><br>D\u00e1 nova regulamenta\u00e7\u00e3o a atividade de Monitoria Acad\u00eamica para os Cursos de Gradua\u00e7\u00e3o da Universidade Estadual de Londrina<\/p>\n","protected":false},"excerpt":{"rendered":"<p>Resolu\u00e7\u00e3o CEPE N\u00ba 106\/2016D\u00e1 nova regulamenta\u00e7\u00e3o a atividade de Monitoria Acad\u00eamica para os Cursos de Gradua\u00e7\u00e3o da Universidade Estadual de Londrina<\/p>\n","protected":false},"author":8,"featured_media":0,"parent":15,"menu_order":0,"comment_status":"closed","ping_status":"closed","template":"","meta":{"_acf_changed":false,"_themeisle_gutenberg_block_has_review":false,"footnotes":""},"class_list":["post-16870","page","type-page","status-publish","hentry"],"acf":[],"_links":{"self":[{"href":"https:\/\/sites.uel.br\/prograd\/wp-json\/wp\/v2\/pages\/16870","targetHints":{"allow":["GET"]}}],"collection":[{"href":"https:\/\/sites.uel.br\/prograd\/wp-json\/wp\/v2\/pages"}],"about":[{"href":"https:\/\/sites.uel.br\/prograd\/wp-json\/wp\/v2\/types\/page"}],"author":[{"embeddable":true,"href":"https:\/\/sites.uel.br\/prograd\/wp-json\/wp\/v2\/users\/8"}],"replies":[{"embeddable":true,"href":"https:\/\/sites.uel.br\/prograd\/wp-json\/wp\/v2\/comments?post=16870"}],"version-history":[{"count":4,"href":"https:\/\/sites.uel.br\/prograd\/wp-json\/wp\/v2\/pages\/16870\/revisions"}],"predecessor-version":[{"id":29357,"href":"https:\/\/sites.uel.br\/prograd\/wp-json\/wp\/v2\/pages\/16870\/revisions\/29357"}],"up":[{"embeddable":true,"href":"https:\/\/sites.uel.br\/prograd\/wp-json\/wp\/v2\/pages\/15"}],"wp:attachment":[{"href":"https:\/\/sites.uel.br\/prograd\/wp-json\/wp\/v2\/media?parent=16870"}],"curies":[{"name":"wp","href":"https:\/\/api.w.org\/{rel}","templated":true}]}}