{"id":168,"date":"2022-12-14T13:34:41","date_gmt":"2022-12-14T16:34:41","guid":{"rendered":"https:\/\/sites.uel.br\/prograd\/?page_id=168"},"modified":"2026-02-26T15:45:36","modified_gmt":"2026-02-26T18:45:36","slug":"formularios","status":"publish","type":"page","link":"https:\/\/sites.uel.br\/prograd\/estudante\/formularios\/","title":{"rendered":"Formul\u00e1rios"},"content":{"rendered":"\n<hr class=\"wp-block-separator has-alpha-channel-opacity is-style-wide\" \/>\n\n\n\n<div id=\"wp-block-themeisle-blocks-accordion-c53cb1e6\" class=\"wp-block-themeisle-blocks-accordion exclusive\">\n<details class=\"wp-block-themeisle-blocks-accordion-item\"><summary class=\"wp-block-themeisle-blocks-accordion-item__title\"><div><strong>Atendimento aos Estudantes<\/strong>\u00a0(Requerimentos)<\/div><\/summary><div class=\"wp-block-themeisle-blocks-accordion-item__content\">\n<p><a href=\"https:\/\/sites.uel.br\/prograd\/wp-content\/uploads\/formularios\/atendimento_estudantes\/requerimento_geral.doc\">Requerimento Geral<\/a><br>Requerimento de Equival\u00eancia de Disciplina&nbsp;(encaminhar mensagem para Divis\u00e3o de Colegiados de Cursos de Curr\u00edculos \u2013&nbsp;<a href=\"mailto:prograddcc@uel.br\">prograddcc@uel.br<\/a>)<\/p>\n<\/div><\/details>\n\n\n\n<details class=\"wp-block-themeisle-blocks-accordion-item\"><summary class=\"wp-block-themeisle-blocks-accordion-item__title\"><div><strong>Bolsa Ensino<\/strong><\/div><\/summary><div class=\"wp-block-themeisle-blocks-accordion-item__content\">\n<p><a href=\"https:\/\/sites.uel.br\/prograd\/wp-content\/uploads\/formularios\/bolsa_ensino\/cancelamento_estudante_bolsista.doc\">Formul\u00e1rio para Cancelamento de Estudante Bolsista da Prograd<\/a><\/p>\n\n\n\n<p><a href=\"https:\/\/sites.uel.br\/prograd\/bolsa-ensino\/2025\/05\/16\/inscricoes-de-coordenadores-de-projetos-de-pesquisa-em-ensino-ou-de-programas-de-formacao-complementar-para-concessao-de-bolsas-ensino-por-meio-do-pab-uel\/\">Inscri\u00e7\u00f5es de Coordenadores de Projetos de Pesquisa em Ensino ou de Programas de Forma\u00e7\u00e3o Complementar para concess\u00e3o de bolsas Ensino, por meio do PAB \u2013 UEL<\/a><\/p>\n<\/div><\/details>\n\n\n\n<details class=\"wp-block-themeisle-blocks-accordion-item\"><summary class=\"wp-block-themeisle-blocks-accordion-item__title\"><div><strong>Disciplinas<\/strong><\/div><\/summary><div class=\"wp-block-themeisle-blocks-accordion-item__content\">\n<p><a href=\"https:\/\/sites.uel.br\/prograd\/wp-content\/uploads\/formularios\/disciplinas\/formulario_disciplina_optativa.doc\">Formul\u00e1rio de Disciplina Optativa<\/a><br><a href=\"https:\/\/sites.uel.br\/prograd\/wp-content\/uploads\/formularios\/disciplinas\/formularios-disciplinas-especiais.doc\">Formul\u00e1rio para Disciplina Especial<\/a><br><em><strong>Obs:<\/strong>&nbsp;Veja a Delibera\u00e7\u00e3o \u2013 C\u00e2mara de Gradua\u00e7\u00e3o n\u00ba 04\/2010 e Resolu\u00e7\u00e3o CEPE N\u00ba 139\/2005.<\/em><\/p>\n\n\n\n<p><a href=\"https:\/\/sites.uel.br\/prograd\/wp-content\/uploads\/formularios\/disciplinas\/formularios-disciplinas-especiais-programadas.doc\">Formul\u00e1rio para Disciplina Especial Programada<\/a><br><strong><em>Obs:<\/em><\/strong><em>&nbsp;Este formul\u00e1rio \u00e9 espec\u00edfico para os cursos que tem previs\u00e3o de oferta de Disciplinas Especiais&nbsp;<strong><u>Programadas<\/u><\/strong>&nbsp;no Projeto Pedag\u00f3gico do Curso (ex. Letras e F\u00edsica)<\/em><\/p>\n\n\n\n<p><a href=\"https:\/\/sites.uel.br\/prograd\/wp-content\/uploads\/dcc\/lista_alunos_disc.doc\">Lista de Estudantes para Disciplina Especial<\/a><br><em><strong>Obs:<\/strong>&nbsp;Esta listagem deve acompanhar as ofertas de Disciplina Especial para o segundo semestre letivo (preenchimento obrigat\u00f3rio somente para propostas a partir do 2\u00ba semestre).<\/em><\/p>\n<\/div><\/details>\n\n\n\n<details class=\"wp-block-themeisle-blocks-accordion-item\"><summary class=\"wp-block-themeisle-blocks-accordion-item__title\"><div><strong>Est\u00e1gio \u2013 Contrata\u00e7\u00e3o de seguros de vida e de acidentes pessoais<\/strong> (exclusivo para docente e supervisor de est\u00e1gio)<\/div><\/summary><div class=\"wp-block-themeisle-blocks-accordion-item__content\">\n<p><a href=\"https:\/\/sites.uel.br\/prograd\/wp-content\/uploads\/formularios\/estagios\/contratacao_seguros\/requerimento_seguro.doc\">Requerimento de Seguro de Supervisor de Est\u00e1gio<\/a><\/p>\n\n\n\n<p>Ver tamb\u00e9m:&nbsp;<strong><a href=\"https:\/\/sites.uel.br\/prograd\/wp-content\/uploads\/documentos\/instrucoes_servico\/2013\/instrucao_servico_02_13.pdf\" target=\"_blank\" rel=\"noreferrer noopener\">Instru\u00e7\u00e3o de Servi\u00e7o 02\/2013<\/a><\/strong><br>Estabelece os procedimentos referentes \u00e0 contrata\u00e7\u00e3o de seguros de vida e de acidentes pessoais aos docentes e estudantes da UEL e de outras institui\u00e7\u00f5es que realizam est\u00e1gio nesta Institui\u00e7\u00e3o<\/p>\n<\/div><\/details>\n\n\n\n<details class=\"wp-block-themeisle-blocks-accordion-item\"><summary class=\"wp-block-themeisle-blocks-accordion-item__title\"><div><strong><strong>Est\u00e1gio Curricular n\u00e3o Obrigat\u00f3rio<\/strong><\/strong> (Estudantes da UEL)<\/div><\/summary><div class=\"wp-block-themeisle-blocks-accordion-item__content\">\n<p><a href=\"https:\/\/sites.uel.br\/prograd\/wp-content\/uploads\/formularios\/estagios\/curricular_nao_obrigatorio\/relatorio_anual_complementar_administracao.doc\" target=\"_blank\" rel=\"noreferrer noopener\">Relat\u00f3rio Anual Complementar do Est\u00e1gio Curricular N\u00e3o Obrigat\u00f3rio &#8211; Administra\u00e7\u00e3o<\/a><br><a href=\"https:\/\/sites.uel.br\/prograd\/wp-content\/uploads\/formularios\/estagios\/curricular_nao_obrigatorio\/plano_estagio.doc\" target=\"_blank\" rel=\"noreferrer noopener\">Plano de Est\u00e1gio<\/a><br><a href=\"https:\/\/sites.uel.br\/prograd\/estagios-e-intercambios-estagio-curricular-nao-obrigatorio-aviso\/\">Termo de Compromisso de Est\u00e1gio &#8211; Modelo<\/a><br><a href=\"https:\/\/sites.uel.br\/prograd\/estagios-e-intercambios-estagio-curricular-nao-obrigatorio-aviso-relatorio-de-estagio\/\">Relat\u00f3rio de Atividades de Est\u00e1gio<\/a><br><a href=\"https:\/\/sites.uel.br\/prograd\/wp-content\/uploads\/formularios\/estagios\/curricular_nao_obrigatorio\/relatorio_estagio_curricular_nao_obrigatorio.doc\" target=\"_blank\" rel=\"noreferrer noopener\">Relat\u00f3rio Final de Est\u00e1gio<\/a><br><a href=\"https:\/\/sites.uel.br\/prograd\/wp-content\/uploads\/formularios\/estagios\/curricular_nao_obrigatorio\/plano_de_estagio_aditivo.doc\" target=\"_blank\" rel=\"noreferrer noopener\">Plano de Est\u00e1gio Aditivo<\/a><br><a href=\"https:\/\/sites.uel.br\/prograd\/wp-content\/uploads\/formularios\/estagios\/curricular_nao_obrigatorio\/termo_estagio_aditivo.doc\" target=\"_blank\" rel=\"noreferrer noopener\">Termo de Est\u00e1gio Aditivo &#8211; Modelo<\/a><br><a href=\"https:\/\/sites.uel.br\/prograd\/wp-content\/uploads\/formularios\/estagios\/curricular_nao_obrigatorio\/modelo_carta_cancelamento-1.doc\" target=\"_blank\" rel=\"noreferrer noopener\">Termo de Rescis\u00e3o\/Cancelamento do Est\u00e1gio<\/a><br><a href=\"https:\/\/sites.uel.br\/prograd\/wp-content\/uploads\/formularios\/estagios\/curricular_nao_obrigatorio\/carta_dispensa.doc\" target=\"_blank\" rel=\"noreferrer noopener\">Carta de Dispensa<\/a><\/p>\n<\/div><\/details>\n\n\n\n<details class=\"wp-block-themeisle-blocks-accordion-item\"><summary class=\"wp-block-themeisle-blocks-accordion-item__title\"><div><strong><strong>Est\u00e1gio Curricular Obrigat\u00f3rio<\/strong><\/strong> (Estudantes da UEL)<\/div><\/summary><div class=\"wp-block-themeisle-blocks-accordion-item__content\">\n<p><strong>Est\u00e1gio Curricular Obrigat\u00f3rio&nbsp;<\/strong>(Estudantes da UEL)<\/p>\n\n\n\n<p><a href=\"https:\/\/sites.uel.br\/prograd\/estagios-e-intercambios-curricular-obrigatorio-uel-aviso-com-bolsa\/\">Termo de Compromisso de Est\u00e1gios &#8211; Com Bolsa &#8211; Modelo<\/a><br><a href=\"https:\/\/sites.uel.br\/prograd\/wp-content\/uploads\/formularios\/estagios\/curricular_obrigatorio\/modelo_termo_obrigatorio_com_bolsa_b_profissional_liberal-1.doc\" target=\"_blank\" rel=\"noreferrer noopener\">Termo de Compromisso de Est\u00e1gios &#8211; Com Bolsa &#8211; Profissional Liberal<\/a><br><a href=\"https:\/\/sites.uel.br\/prograd\/wp-content\/uploads\/formularios\/estagios\/curricular_obrigatorio\/modelo_termo_obrigatorio_sem_bolsa_b_profissional_liberal-1.doc\" target=\"_blank\" rel=\"noreferrer noopener\">Termo de Compromisso de Est\u00e1gios &#8211; Sem Bolsa &#8211; Profissional Liberal<\/a><br><a href=\"https:\/\/sites.uel.br\/prograd\/wp-content\/uploads\/formularios\/estagios\/curricular_obrigatorio\/modelo_termo_obrigatorio_sem_bolsa_b-1.doc\" target=\"_blank\" rel=\"noreferrer noopener\">Termo de Compromisso de Est\u00e1gios &#8211; Sem Bolsa &#8211; Modelo<\/a><br><a href=\"https:\/\/sites.uel.br\/prograd\/wp-content\/uploads\/formularios\/estagios\/curricular_obrigatorio\/modelo_carta_apresentacao.doc\" target=\"_blank\" rel=\"noreferrer noopener\">Modelo de Carta de Apresenta\u00e7\u00e3o<\/a><br><a href=\"https:\/\/sites.uel.br\/prograd\/wp-content\/uploads\/formularios\/estagios\/curricular_obrigatorio\/modelo_termo_obrigatorio_sem_bolsa_escolas_estaduais.docx\" target=\"_blank\" rel=\"noreferrer noopener\">Termo de Compromisso de Est\u00e1gios &#8211; Sem Bolsa &#8211; Escolas Estaduais<\/a><\/p>\n<\/div><\/details>\n\n\n\n<details class=\"wp-block-themeisle-blocks-accordion-item\"><summary class=\"wp-block-themeisle-blocks-accordion-item__title\"><div><strong><strong>Est\u00e1gio Curricular Obrigat\u00f3rio  <\/strong><\/strong>(Escolas do Munic\u00edpio de Londrina)<\/div><\/summary><div class=\"wp-block-themeisle-blocks-accordion-item__content\">\n<p><a href=\"https:\/\/sites.uel.br\/prograd\/wp-content\/uploads\/formularios\/estagios\/curricular_obrigatorio\/escolas_municipio_londrina\/modelo_carta_apresentacao.doc\" target=\"_blank\" rel=\"noreferrer noopener\">Modelo de Carta de Apresenta\u00e7\u00e3o<\/a><br><a href=\"https:\/\/sites.uel.br\/prograd\/wp-content\/uploads\/formularios\/estagios\/curricular_obrigatorio\/escolas_municipio_londrina\/solicitacao_estagio_obrigatorio_pml.doc\" target=\"_blank\" rel=\"noreferrer noopener\">Formul\u00e1rio de Solicita\u00e7\u00e3o<\/a><br><a href=\"https:\/\/sites.uel.br\/prograd\/wp-content\/uploads\/formularios\/estagios\/curricular_obrigatorio\/escolas_municipio_londrina\/plano_estagio_pml.doc\" target=\"_blank\" rel=\"noreferrer noopener\">Plano de Est\u00e1gio<\/a><br><a href=\"https:\/\/sites.uel.br\/prograd\/wp-content\/uploads\/formularios\/estagios\/curricular_obrigatorio\/escolas_municipio_londrina\/modelo_termo_obrigatorio_pml-1.doc\" target=\"_blank\" rel=\"noreferrer noopener\">Termo de Compromisso<\/a><br>Orienta\u00e7\u00f5es Para a Realiza\u00e7\u00e3o do Est\u00e1gio Obrigat\u00f3rio Tempos de COVID-19<br>(<a href=\"https:\/\/sites.uel.br\/prograd\/estagios-e-intercambios-curricular-obrigatorio-uel-ciente-orientacao-estagio-obrigatorio-pml\/\">clique aqui para acessar<\/a>)<\/p>\n<\/div><\/details>\n\n\n\n<details class=\"wp-block-themeisle-blocks-accordion-item\"><summary class=\"wp-block-themeisle-blocks-accordion-item__title\"><div><strong>Est\u00e1gio Curricular outras IES<\/strong><\/div><\/summary><div class=\"wp-block-themeisle-blocks-accordion-item__content\">\n<p>Formul\u00e1rios Iniciais &#8211; Est\u00e1gio Curricular N\u00e3o Obrigat\u00f3rio<br>Formul\u00e1rios Iniciais &#8211; Est\u00e1gio Curricular Obrigat\u00f3rio<br>Plano Aditivo &#8211; Est\u00e1gio Curricular N\u00e3o Obrigat\u00f3rio<br>Plano Aditivo &#8211; Est\u00e1gio Curricular Obrigat\u00f3rio<br>Carta de Encerramento (Cancelamento)<br>Relat\u00f3rio de atividades de est\u00e1gio e relat\u00f3rio final<br>(<a href=\"https:\/\/sites.uel.br\/prograd\/estudante\/estagios\/estagios-e-intercambios-outras-ies-formularios\/\">clique aqui para acessar<\/a>)<\/p>\n<\/div><\/details>\n\n\n\n<details class=\"wp-block-themeisle-blocks-accordion-item\"><summary class=\"wp-block-themeisle-blocks-accordion-item__title\"><div><strong>Est\u00e1gio no Exterior<\/strong><\/div><\/summary><div class=\"wp-block-themeisle-blocks-accordion-item__content\">\n<p><a href=\"https:\/\/sites.uel.br\/prograd\/wp-content\/uploads\/formularios\/estagios\/exterior\/plano_estagio.doc\">Plano de Est\u00e1gio<\/a><\/p>\n<\/div><\/details>\n\n\n\n<details class=\"wp-block-themeisle-blocks-accordion-item\"><summary class=\"wp-block-themeisle-blocks-accordion-item__title\"><div><strong><strong>Est\u00e1gio \u2013 Requerimento de Certificado<\/strong><\/strong><\/div><\/summary><div class=\"wp-block-themeisle-blocks-accordion-item__content\">\n<p><a href=\"https:\/\/sites.uel.br\/prograd\/wp-content\/uploads\/formularios\/estagios\/requerimento_certificado\/requerimento_certificado_orientador_estagio_servidores_uel.pdf\" target=\"_blank\" rel=\"noreferrer noopener\">Requerimento de Certificado \u2013 Orientador de Est\u00e1gio \u2013 Servidores da UEL<\/a><br><a href=\"https:\/\/sites.uel.br\/prograd\/wp-content\/uploads\/formularios\/estagios\/requerimento_certificado\/requerimento_certificado_orientador_estagio_unidade_externa.pdf\" target=\"_blank\" rel=\"noreferrer noopener\">Requerimento de Certificado \u2013 Orientador de Est\u00e1gio \u2013 Unidades externas a UEL<\/a><\/p>\n\n\n\n<p>Ver tamb\u00e9m:&nbsp;<strong><a href=\"https:\/\/sites.uel.br\/prograd\/wp-content\/uploads\/documentos\/instrucoes_servico\/2008\/instrucao_servico_03_08.pdf\" target=\"_blank\" rel=\"noreferrer noopener\">Instru\u00e7\u00e3o de Servi\u00e7o 03\/2008<\/a><\/strong><br>Estabelece procedimentos quanto \u00e0 emiss\u00e3o&nbsp; de Certificados para Orientadores de Campo&nbsp; de Est\u00e1gio Curricular Obrigat\u00f3rio e n\u00e3o Obrigat\u00f3rio<\/p>\n<\/div><\/details>\n\n\n\n<details class=\"wp-block-themeisle-blocks-accordion-item\"><summary class=\"wp-block-themeisle-blocks-accordion-item__title\"><div><strong><strong>Mobilidade Acad\u00eamica e Interc\u00e2mbio<\/strong><\/strong><\/div><\/summary><div class=\"wp-block-themeisle-blocks-accordion-item__content\">\n<p><a href=\"https:\/\/tinyurl.com\/mvkmjb4n\" target=\"_blank\" rel=\"noreferrer noopener\">Formul\u00e1rio de Candidatura&nbsp;(Estudante da UEL)<\/a><br><a href=\"https:\/\/sites.uel.br\/prograd\/wp-content\/uploads\/formularios\/mobilidade_academica_intercambio\/est_uel_altera.doc\">Altera\u00e7\u00e3o de contrato de estudos&nbsp;(Estudante da UEL)<\/a><br><a href=\"https:\/\/sites.uel.br\/prograd\/wp-content\/uploads\/formularios\/mobilidade_academica_intercambio\/application_form_uel.docx\">Application Form (English)<\/a><br><a href=\"https:\/\/sites.uel.br\/prograd\/wp-content\/uploads\/formularios\/mobilidade_academica_intercambio\/formulario_de_aplicacion_uel.docx\">Formulario de Aplicaci\u00f3n (Estudiante internacional)<\/a><\/p>\n<\/div><\/details>\n\n\n\n<details class=\"wp-block-themeisle-blocks-accordion-item\"><summary class=\"wp-block-themeisle-blocks-accordion-item__title\"><div><strong><strong>N\u00facleo de Acessibilidade<\/strong><\/strong><\/div><\/summary><div class=\"wp-block-themeisle-blocks-accordion-item__content\">\n<p><a rel=\"noreferrer noopener\" href=\"https:\/\/www.uel.br\/nac\/pages\/requerimentos.php\" target=\"_blank\">Requerimento de Educa\u00e7\u00e3o Especial<\/a><\/p>\n<\/div><\/details>\n\n\n\n<details class=\"wp-block-themeisle-blocks-accordion-item\"><summary class=\"wp-block-themeisle-blocks-accordion-item__title\"><div><strong><strong>Passe Escolar<\/strong><\/strong><\/div><\/summary><div class=\"wp-block-themeisle-blocks-accordion-item__content\">\n<p><a href=\"https:\/\/sites.uel.br\/prograd\/wp-content\/uploads\/formularios\/passe_escolar\/formulario_cmtu_ampliacao_passes_escolares_em_branco.docx\">Amplia\u00e7\u00e3o do Hor\u00e1rio do Passe para Atividades Curriculares em Turno Diverso ao de Matr\u00edcula<\/a><br><strong>ATEN\u00c7\u00c3O: leia atentamente as instru\u00e7\u00f5es do formul\u00e1rio no preenchimento<\/strong><\/p>\n<\/div><\/details>\n\n\n\n<details class=\"wp-block-themeisle-blocks-accordion-item\"><summary class=\"wp-block-themeisle-blocks-accordion-item__title\"><div><strong><strong>Pr\u00e1tica dos Componentes Curriculares<\/strong><\/strong><\/div><\/summary><div class=\"wp-block-themeisle-blocks-accordion-item__content\">\n<p><a href=\"https:\/\/sites.uel.br\/prograd\/wp-content\/uploads\/formularios\/carta_apresentacao_licenciando\/carta_apresentacao_licenciando.doc\" target=\"_blank\" rel=\"noreferrer noopener\">Carta de Apresenta\u00e7\u00e3o do Licenciando para Atividade Pr\u00e1tica dos Componentes Curriculares (PCC)<\/a><\/p>\n<\/div><\/details>\n\n\n\n<details class=\"wp-block-themeisle-blocks-accordion-item\"><summary class=\"wp-block-themeisle-blocks-accordion-item__title\"><div><strong><strong>Programa de Forma\u00e7\u00e3o Complementar<\/strong><\/strong><\/div><\/summary><div class=\"wp-block-themeisle-blocks-accordion-item__content\">\n<p><a href=\"https:\/\/sites.uel.br\/prograd\/wp-content\/uploads\/formularios\/programa_formacao_complementar\/relatorio_final_colaboradores_externos.doc\">Relat\u00f3rio Final de Participa\u00e7\u00e3o de Colaboradores Externos<\/a><br><a href=\"https:\/\/sites.uel.br\/prograd\/wp-content\/uploads\/formularios\/programa_formacao_complementar\/form_colaborador_externo.doc\">Formul\u00e1rio de Inscri\u00e7\u00e3o de Colaborador Externo Projeto\/Programa<\/a><br><a href=\"https:\/\/sites.uel.br\/prograd\/wp-content\/uploads\/formularios\/programa_formacao_complementar\/inclusao_docentes_pfc.doc\">Inclus\u00e3o de Docente em Programa de Forma\u00e7\u00e3o Complementar<\/a><br><a href=\"https:\/\/sites.uel.br\/prograd\/wp-content\/uploads\/formularios\/programa_formacao_complementar\/substituicao_docente.doc\">Substitui\u00e7\u00e3o de Docentes em Programa de Forma\u00e7\u00e3o Complementar no Ensino de Gradua\u00e7\u00e3o<\/a><\/p>\n<\/div><\/details>\n\n\n\n<details class=\"wp-block-themeisle-blocks-accordion-item\"><summary class=\"wp-block-themeisle-blocks-accordion-item__title\"><div><strong><strong>Projeto Pedag\u00f3gico para os Cursos de Gradua\u00e7\u00e3o<\/strong><\/strong><\/div><\/summary><div class=\"wp-block-themeisle-blocks-accordion-item__content\">\n<p><a href=\"https:\/\/sites.uel.br\/prograd\/wp-content\/uploads\/formularios\/projeto_pedagogico\/formulario_unico_reformulacao_curricular.docx\">Formul\u00e1rio \u00danico para Reformula\u00e7\u00e3o Curricular<\/a><br><em><br><\/em><strong>Veja tamb\u00e9m:<\/strong><br><a href=\"https:\/\/sistemas.uel.br\/portaldodocente\/linksPP\" target=\"_blank\" rel=\"noreferrer noopener\">Legisla\u00e7\u00e3o \u2013 Links b\u00e1sicos para reformula\u00e7\u00e3o ou proposta de novos projetos pedag\u00f3gicos<\/a><\/p>\n<\/div><\/details>\n\n\n\n<details class=\"wp-block-themeisle-blocks-accordion-item\"><summary class=\"wp-block-themeisle-blocks-accordion-item__title\"><div><strong><strong>Projetos de Pesquisa em Ensino<\/strong><\/strong><\/div><\/summary><div class=\"wp-block-themeisle-blocks-accordion-item__content\">\n<p><a href=\"https:\/\/sites.uel.br\/prograd\/wp-content\/uploads\/formularios\/programa_formacao_complementar\/relatorio_final_colaboradores_externos.doc\" target=\"_blank\" rel=\"noreferrer noopener\">Relat\u00f3rio Final de Participa\u00e7\u00e3o de Colaboradores Externos<\/a><br><a href=\"https:\/\/sites.uel.br\/prograd\/wp-content\/uploads\/formularios\/programa_formacao_complementar\/form_colaborador_externo.doc\" target=\"_blank\" rel=\"noreferrer noopener\">Formul\u00e1rio de Inscri\u00e7\u00e3o de Colaborador Externo Projeto\/Programa<\/a><br><a href=\"https:\/\/sites.uel.br\/prograd\/wp-content\/uploads\/formularios\/prorrogacao_de_projeto\/prorrogacao_de_projeto.doc\" target=\"_blank\" rel=\"noreferrer noopener\">Prorroga\u00e7\u00e3o de Projetos de Pesquisa em Ensino<\/a><br><a href=\"https:\/\/sites.uel.br\/prograd\/wp-content\/uploads\/formularios\/inclusao_docentes_ppe\/inclusao_docentes_ppe.doc\" target=\"_blank\" rel=\"noreferrer noopener\">Inclus\u00e3o de Docentes em Projetos de Pesquisa em Ensino<\/a><br><a href=\"https:\/\/sites.uel.br\/prograd\/wp-content\/uploads\/formularios\/substituicao_docentes.doc\" target=\"_blank\" rel=\"noreferrer noopener\">Substitui\u00e7\u00e3o de Docentes em Projetos de Pesquisa em Ensino<\/a><\/p>\n<\/div><\/details>\n\n\n\n<details class=\"wp-block-themeisle-blocks-accordion-item\"><summary class=\"wp-block-themeisle-blocks-accordion-item__title\"><div><strong>Solicita\u00e7\u00e3o de Diploma (2\u00aa via)<\/strong><\/div><\/summary><div class=\"wp-block-themeisle-blocks-accordion-item__content\">\n<p><a href=\"https:\/\/sites.uel.br\/prograd\/wp-content\/uploads\/formularios\/solicitacao_diplomas\/declaracao_2_via.doc\">Declara\u00e7\u00e3o de Extravio\/Danifica\u00e7\u00e3o de Diploma<\/a><br><a href=\"https:\/\/sites.uel.br\/prograd\/wp-content\/uploads\/formularios\/solicitacao_diplomas\/procuracao.doc\">Procura\u00e7\u00e3o<\/a><\/p>\n<\/div><\/details>\n<\/div>\n\n\n\n<p><\/p>\n\n\n\n<p><\/p>\n\n\n\n<p><\/p>\n\n\n\n<p><\/p>\n\n\n\n<p><\/p>\n","protected":false},"excerpt":{"rendered":"","protected":false},"author":2,"featured_media":0,"parent":15,"menu_order":0,"comment_status":"closed","ping_status":"closed","template":"","meta":{"_acf_changed":false,"_themeisle_gutenberg_block_has_review":false,"footnotes":""},"class_list":["post-168","page","type-page","status-publish","hentry"],"acf":[],"_links":{"self":[{"href":"https:\/\/sites.uel.br\/prograd\/wp-json\/wp\/v2\/pages\/168","targetHints":{"allow":["GET"]}}],"collection":[{"href":"https:\/\/sites.uel.br\/prograd\/wp-json\/wp\/v2\/pages"}],"about":[{"href":"https:\/\/sites.uel.br\/prograd\/wp-json\/wp\/v2\/types\/page"}],"author":[{"embeddable":true,"href":"https:\/\/sites.uel.br\/prograd\/wp-json\/wp\/v2\/users\/2"}],"replies":[{"embeddable":true,"href":"https:\/\/sites.uel.br\/prograd\/wp-json\/wp\/v2\/comments?post=168"}],"version-history":[{"count":119,"href":"https:\/\/sites.uel.br\/prograd\/wp-json\/wp\/v2\/pages\/168\/revisions"}],"predecessor-version":[{"id":36905,"href":"https:\/\/sites.uel.br\/prograd\/wp-json\/wp\/v2\/pages\/168\/revisions\/36905"}],"up":[{"embeddable":true,"href":"https:\/\/sites.uel.br\/prograd\/wp-json\/wp\/v2\/pages\/15"}],"wp:attachment":[{"href":"https:\/\/sites.uel.br\/prograd\/wp-json\/wp\/v2\/media?parent=168"}],"curies":[{"name":"wp","href":"https:\/\/api.w.org\/{rel}","templated":true}]}}