{"id":1650,"date":"2023-02-17T10:58:10","date_gmt":"2023-02-17T13:58:10","guid":{"rendered":"https:\/\/sites.uel.br\/prograd\/?page_id=1650"},"modified":"2024-06-19T14:47:41","modified_gmt":"2024-06-19T17:47:41","slug":"guia-academico-conheca-londrina","status":"publish","type":"page","link":"https:\/\/sites.uel.br\/prograd\/guia-academico-conheca-londrina\/","title":{"rendered":"Guia Acad\u00eamico"},"content":{"rendered":"\n<hr class=\"wp-block-separator has-alpha-channel-opacity is-style-wide\"\/>\n\n\n<div class=\"wp-block-image\">\n<figure class=\"aligncenter size-full\"><a href=\"https:\/\/sites.uel.br\/prograd\/guia-academico\/\"><img loading=\"lazy\" decoding=\"async\" width=\"557\" height=\"154\" src=\"https:\/\/sites.uel.br\/prograd\/wp-content\/uploads\/2023\/02\/cab_guia_academico-1.jpg\" alt=\"\" class=\"wp-image-1635\" srcset=\"https:\/\/sites.uel.br\/prograd\/wp-content\/uploads\/2023\/02\/cab_guia_academico-1.jpg 557w, https:\/\/sites.uel.br\/prograd\/wp-content\/uploads\/2023\/02\/cab_guia_academico-1-300x83.jpg 300w\" sizes=\"auto, (max-width: 557px) 100vw, 557px\" \/><\/a><\/figure>\n<\/div>\n\n\n<h2 class=\"wp-block-heading\">Conhe\u00e7a Londrina<\/h2>\n\n\n\n<p>Londrina cresce aceleradamente. Constitui-se em um p\u00f3lo regional como a quarta maior cidade do sul do pa\u00eds, depois de Curitiba (PR), Porto Alegre (RS) e Joinville (SC). Com 89 anos de idade, possui 555. 937 habitantes (fonte: site do IBGE), influenciando e dando suporte e apoio para mais de 200 munic\u00edpios e 4.500.000 pessoas. Deve-se enaltecer o esp\u00edrito hospitaleiro do londrinense, que \u00e9 acolhedor.<br><br>Sua riqueza est\u00e1 no solo, chamado de \u201cterra roxa\u201d, rico em nutrientes, produzindo soja, milho, trigo, caf\u00e9, algod\u00e3o, entre outros. Temperatura m\u00e9dia \u00e9 de 21 graus. Clima subtropical \u00famido. A agropecu\u00e1ria \u00e9 outro ponto forte. Grandes rebanhos bovinos projetam Londrina no cen\u00e1rio nacional com gado premiado em leil\u00f5es e exposi\u00e7\u00f5es. A Exposi\u00e7\u00e3o Agropecu\u00e1ria e Industrial de Londrina, realizada na Sociedade Rural do Paran\u00e1 no m\u00eas de abril movimenta milhares de d\u00f3lares todos os anos em agroneg\u00f3cios.<\/p>\n\n\n\n<div style=\"height:20px\" aria-hidden=\"true\" class=\"wp-block-spacer\"><\/div>\n\n\n<div class=\"wp-block-image\">\n<figure class=\"aligncenter size-full\"><img loading=\"lazy\" decoding=\"async\" width=\"250\" height=\"150\" src=\"https:\/\/sites.uel.br\/prograd\/wp-content\/uploads\/2023\/02\/logo_mata_godoy.jpg\" alt=\"\" class=\"wp-image-1694\"\/><figcaption class=\"wp-element-caption\">Imagem: site Prefeitura de Londrina<\/figcaption><\/figure>\n<\/div>\n\n\n<p class=\"has-text-align-left\"><strong>Parque Estadual Mata dos Godoy<\/strong><br>Rodovia M\u00e1rio Gon\u00e7alves<br>(sa\u00edda para o Distrito de S\u00e3o Luiz)<\/p>\n\n\n\n<p>\u00c9 uma das \u00faltimas reservas naturais de mata nativa do norte do Paran\u00e1. Foi transformada em Parque Estadual. Possui 790 hectares e localiza-se no Patrim\u00f4nio Regina a 15 km de Londrina. A \u00e1rea abriga esp\u00e9cies animais e vegetais em extin\u00e7\u00e3o como, por exemplo, a peroba, o cedro, o pau marfim e diversas esp\u00e9cies de canelas. A Universidade Estadual de Londrina constatou a presen\u00e7a de 288 esp\u00e9cies s\u00f3 de aves, o que caracteriza a Mata dos Godoy como floresta tropical \/ subtropical.<br><br>De segunda a sexta-feira, das 9h00 \u00e0s 17h00, o parque abre para grupos organizados (institui\u00e7\u00f5es) e ao p\u00fablico, mediante autoriza\u00e7\u00e3o pr\u00e9via no Instituto Ambiental do Paran\u00e1 (IAP), sendo realizado um trabalho de educa\u00e7\u00e3o ambiental com monitores. Maiores informa\u00e7\u00f5es sobre visitas no local, entrar em contato com o IAP, Rua Brasil, 1115 &#8211; telefone: (43) 3373-8720. (Mais informa\u00e7\u00f5es: <a href=\"https:\/\/www.iat.pr.gov.br\/Pagina\/Parque-Estadual-Mata-dos-Godoy-PEMG\" target=\"_blank\" rel=\"noreferrer noopener\">https:\/\/www.iat.pr.gov.br\/Pagina\/Parque-Estadual-Mata-dos-Godoy-PEMG<\/a> )<\/p>\n\n\n\n<div style=\"height:20px\" aria-hidden=\"true\" class=\"wp-block-spacer\"><\/div>\n\n\n<div class=\"wp-block-image\">\n<figure class=\"aligncenter size-full\"><img loading=\"lazy\" decoding=\"async\" width=\"200\" height=\"184\" src=\"https:\/\/sites.uel.br\/prograd\/wp-content\/uploads\/2023\/02\/logo_parque_arthur_thomas.jpg\" alt=\"\" class=\"wp-image-1698\"\/><figcaption class=\"wp-element-caption\">Imagem: site Prefeitura de Londrina<\/figcaption><\/figure>\n<\/div>\n\n\n<p class=\"has-text-align-left\"><strong>Parque Municipal Arthur Thomas<\/strong><br><br>Rua da Natureza, 135 &#8211; Jardim Piza Telefone: (43) 3372-4750<br><br>O Parque localiza-se numa \u00e1rea de 85,47 ha, doada \u00e0 Prefeitura Municipal pela Companhia de Terras Norte do Paran\u00e1. Em 1988, passou por um processo de revitaliza\u00e7\u00e3o e conta hoje com atrativos como um lago, uma usina (que fornecia energia el\u00e9trica para Londrina na d\u00e9cada de 1930), uma bel\u00edssima queda d&#8217;\u00e1gua e uma grande \u00e1rea de mata com trilhas para passeio, que existia na regi\u00e3o. O parque \u00e9 administrado pela Autarquia Municipal do Ambiente (AMA). (Mais informa\u00e7\u00f5es:&nbsp;<a href=\"https:\/\/portal.londrina.pr.gov.br\/unidades-de-conservacao\/parque-municipal-arthur-thomas\" target=\"_blank\" rel=\"noreferrer noopener\">https:\/\/portal.londrina.pr.gov.br\/unidades-de-conservacao\/parque-municipal-arthur-thomas<\/a>)<\/p>\n\n\n\n<div style=\"height:20px\" aria-hidden=\"true\" class=\"wp-block-spacer\"><\/div>\n\n\n<div class=\"wp-block-image\">\n<figure class=\"aligncenter size-full\"><img loading=\"lazy\" decoding=\"async\" width=\"569\" height=\"379\" src=\"https:\/\/sites.uel.br\/prograd\/wp-content\/uploads\/2023\/02\/lago_igapo2-1.jpg\" alt=\"\" class=\"wp-image-1701\" srcset=\"https:\/\/sites.uel.br\/prograd\/wp-content\/uploads\/2023\/02\/lago_igapo2-1.jpg 569w, https:\/\/sites.uel.br\/prograd\/wp-content\/uploads\/2023\/02\/lago_igapo2-1-300x200.jpg 300w\" sizes=\"auto, (max-width: 569px) 100vw, 569px\" \/><figcaption class=\"wp-element-caption\">Imagem: site Prefeitura de Londrina<\/figcaption><\/figure>\n<\/div>\n\n\n<p class=\"has-text-align-left\"><strong>Lago Igap\u00f3 I<\/strong><br>Pr\u00f3ximo \u00e0 Prefeitura Municipal<\/p>\n\n\n\n<p class=\"has-text-align-left\"><strong>Lago Igap\u00f3 II<\/strong><br>Separado do Igap\u00f3 I pela Avenida Higien\u00f3polis, na altura do n\u00ba 2000<\/p>\n\n\n\n<p class=\"has-text-align-left\"><strong>Lago Igap\u00f3 III<\/strong><br>Ao lado da Rua Prefeito Faria Lima, caminho da UEL.<br><br>Uma das mais belas \u00e1reas de lazer que os londrinenses e demais pessoas que passam por Londrina podem desfrutar \u00e9 o Lago Igap\u00f3, cujo nome, na l\u00edngua tupi, significa transvazamento de rios.<\/p>\n\n\n\n<p>O Lago foi projetado em 1957, na gest\u00e3o de Ant\u00f4nio F. Sobrinho e inaugurado em 10 de dezembro de 1959, dia do Jubileu de Prata de Londrina. \u00c9 um local de lazer, que al\u00e9m da represa, propicia a pr\u00e1tica de esportes n\u00e1uticos. Possui uma vasta \u00e1rea urbanizada com piscinas, pistas de aeromodelismo e foto clube. Em 1996, o lago teve suas margens revitalizadas, ganhando a ciclovia, o Teatro do Lago, jardins e chafariz. (Mais informa\u00e7\u00f5es:&nbsp;<a href=\"https:\/\/www.tripadvisor.com.br\/Attraction_Review-g303451-d2411578-Reviews-Igapo_Lake-Londrina_State_of_Parana.html\" target=\"_blank\" rel=\"noreferrer noopener\">https:\/\/www.tripadvisor.com.br\/Attraction_Review-g303451-d2411578-Reviews-Igapo_Lake-Londrina_State_of_Parana.html<\/a>)<\/p>\n\n\n\n<div style=\"height:20px\" aria-hidden=\"true\" class=\"wp-block-spacer\"><\/div>\n\n\n<div class=\"wp-block-image\">\n<figure class=\"aligncenter size-full\"><img loading=\"lazy\" decoding=\"async\" width=\"569\" height=\"378\" src=\"https:\/\/sites.uel.br\/prograd\/wp-content\/uploads\/2023\/02\/biblioteca_ext.jpg\" alt=\"\" class=\"wp-image-1704\" srcset=\"https:\/\/sites.uel.br\/prograd\/wp-content\/uploads\/2023\/02\/biblioteca_ext.jpg 569w, https:\/\/sites.uel.br\/prograd\/wp-content\/uploads\/2023\/02\/biblioteca_ext-300x199.jpg 300w\" sizes=\"auto, (max-width: 569px) 100vw, 569px\" \/><figcaption class=\"wp-element-caption\">Foto: site Prefeitura de Londrina<\/figcaption><\/figure>\n<\/div>\n\n\n<p class=\"has-text-align-left\"><strong>Biblioteca P\u00fablica Municipal &#8220;Prof. Pedro Viriato Parigot de Souza&#8221;<\/strong><br><br>Avenida Rio de Janeiro, 413 &#8211; Centro<br>Telefone: (43) 3371-6500<br>E-mail:&nbsp;<a href=\"mailto:biblioteca@londrina.pr.gov.br\">biblioteca@londrina.pr.gov.br<\/a><br>Funcionamento: segunda a sexta-feira das 7h30 \u00e0s 18h<br>Visite o site oficial:&nbsp;<a href=\"https:\/\/portal.londrina.pr.gov.br\/bibliotecas\/biblioteca-publica-municipal-prof-pedro-viriato-parigot-de-souza?showall=1\" target=\"_blank\" rel=\"noreferrer noopener\">clique aqui<\/a>.<\/p>\n\n\n\n<p>A Biblioteca P\u00fablica Municipal de Londrina (BPML) foi inaugurada em 04 de setembro de 1951. Recebeu o nome de Biblioteca P\u00fablica &#8220;Prof. Pedro Viriato Parigot de Souza&#8221;. A Biblioteca P\u00fablica possui atualmente um acervo variado destinado \u00e0 consulta do p\u00fablico em geral. Entre os servi\u00e7os prestados destacam-se o empr\u00e9stimo domiciliar, o Setor de Difus\u00e3o Cultural respons\u00e1vel pela promo\u00e7\u00e3o de eventos; a Sala Londrina &#8211; Paran\u00e1 cole\u00e7\u00e3o sobre a hist\u00f3ria local, e a Biblioteca Infantil que reune uma cole\u00e7\u00e3o voltada ao atendimento de crian\u00e7as em suas pesquisas escolares e literatura (livros e gibis), que propicia a cria\u00e7\u00e3o do h\u00e1bito de leitura e quanto ao uso de bibliotecas. As Bibliotecas Sucursais s\u00e3o em n\u00famero de 42 e localizam-se em escolas municipais tanto na zona rural quanto urbana e o atendimento \u00e9 aberto \u00e0 comunidade.<\/p>\n\n\n\n<div style=\"height:20px\" aria-hidden=\"true\" class=\"wp-block-spacer\"><\/div>\n\n\n<div class=\"wp-block-image\">\n<figure class=\"aligncenter size-full\"><img loading=\"lazy\" decoding=\"async\" width=\"569\" height=\"427\" src=\"https:\/\/sites.uel.br\/prograd\/wp-content\/uploads\/2023\/02\/zerao.jpg\" alt=\"\" class=\"wp-image-1706\" srcset=\"https:\/\/sites.uel.br\/prograd\/wp-content\/uploads\/2023\/02\/zerao.jpg 569w, https:\/\/sites.uel.br\/prograd\/wp-content\/uploads\/2023\/02\/zerao-300x225.jpg 300w\" sizes=\"auto, (max-width: 569px) 100vw, 569px\" \/><figcaption class=\"wp-element-caption\">Foto: Marcos Guerra (Wikipedia)<\/figcaption><\/figure>\n<\/div>\n\n\n<p class=\"has-text-align-left\"><strong>Zer\u00e3o &#8211; \u00c1rea de Lazer Luigi Borghesi<\/strong><br><br>Localizado \u00e0 Rua Gomes Carneiro (pr\u00f3ximo ao Gin\u00e1sio de Esportes Moring\u00e3o)<br><br>A \u00e1rea de Lazer Luigi Borghesi \u00e9 mais comumente conhecida por Zer\u00e3o, em fun\u00e7\u00e3o de seu formato parecer um grande zero. Possui uma pista de cooper de 1050 m. No Zer\u00e3o s\u00e3o realizadas manifesta\u00e7\u00f5es art\u00edsticas, culturais e esportivas da comunidade como o Projeto Brisa, apresenta\u00e7\u00f5es do Festival de M\u00fasica de Londrina e diversos campeonatos de gin\u00e1stica aer\u00f3bica.<\/p>\n\n\n\n<div style=\"height:20px\" aria-hidden=\"true\" class=\"wp-block-spacer\"><\/div>\n\n\n<div class=\"wp-block-image\">\n<figure class=\"aligncenter size-full\"><img loading=\"lazy\" decoding=\"async\" width=\"569\" height=\"320\" src=\"https:\/\/sites.uel.br\/prograd\/wp-content\/uploads\/2023\/02\/cine_teatro_ouro_verde.jpg\" alt=\"\" class=\"wp-image-1708\" srcset=\"https:\/\/sites.uel.br\/prograd\/wp-content\/uploads\/2023\/02\/cine_teatro_ouro_verde.jpg 569w, https:\/\/sites.uel.br\/prograd\/wp-content\/uploads\/2023\/02\/cine_teatro_ouro_verde-300x169.jpg 300w\" sizes=\"auto, (max-width: 569px) 100vw, 569px\" \/><figcaption class=\"wp-element-caption\">Foto: Facebook &#8211; Cine Teatro Ouro Verde<\/figcaption><\/figure>\n<\/div>\n\n\n<p class=\"has-text-align-left\"><strong>Cine Teatro Ouro Verde<\/strong><br><br>O Cine Ouro Verde foi inaugurado em 24 de dezembro de 1952, com os seus 1500 lugares (1100 no audit\u00f3rio e 400 no balc\u00e3o). O projeto foi feito pelo arquiteto Vilanova Artigas. A iniciativa do empreendimento foi de dois pioneiros de Londrina o Sr. Celso Garcia Cid, Jord\u00e3o Santoro e o Sr. \u00c2ngelo Pesarini. Em 1978, o Cine Ouro Verde foi comprado pela UEL, com recursos do Governo do Estado e do Minist\u00e9rio da Educa\u00e7\u00e3o. Depois de algumas reformas que incrementaram o Ouro Verde dando-lhe um palco, a UEL mudou o nome adequando-o \u00e0 sua nova finalidade. Nascia ent\u00e3o o Cine Teatro Universit\u00e1rio Ouro Verde. Em 2012, devido a um inc\u00eandio, este espa\u00e7o foi totalmente reconstru\u00eddo. Site: <a href=\"https:\/\/teatroouroverde.wordpress.com\/\" target=\"_blank\" rel=\"noreferrer noopener\">https:\/\/teatroouroverde.wordpress.com<\/a>.<\/p>\n\n\n\n<div style=\"height:20px\" aria-hidden=\"true\" class=\"wp-block-spacer\"><\/div>\n\n\n<div class=\"wp-block-image\">\n<figure class=\"aligncenter size-full\"><img loading=\"lazy\" decoding=\"async\" width=\"433\" height=\"307\" src=\"https:\/\/sites.uel.br\/prograd\/wp-content\/uploads\/2023\/02\/moringao.jpg\" alt=\"\" class=\"wp-image-1710\" srcset=\"https:\/\/sites.uel.br\/prograd\/wp-content\/uploads\/2023\/02\/moringao.jpg 433w, https:\/\/sites.uel.br\/prograd\/wp-content\/uploads\/2023\/02\/moringao-300x213.jpg 300w\" sizes=\"auto, (max-width: 433px) 100vw, 433px\" \/><figcaption class=\"wp-element-caption\">Foto: site Prefeitura de Londrina<\/figcaption><\/figure>\n<\/div>\n\n\n<p class=\"has-text-align-left\"><strong>Gin\u00e1sio de Esportes Moring\u00e3o<\/strong><br><br>Rua Gomes Carneiro, 315 (pr\u00f3ximo ao Zer\u00e3o)<br><br>O Gin\u00e1sio de Esportes Prof. Darci Cortez foi inaugurado no dia 1\u00ba de outubro de 1972. \u00c9 comumente conhecido como Moring\u00e3o, em homenagem ao Prefeito Dalton Fonseca Paranagu\u00e1, em cuja gest\u00e3o o gin\u00e1sio foi constru\u00eddo. Possui capacidade para 13 mil pessoas (sentadas). Na parte dos fundos, h\u00e1 um pr\u00e9dio de 3 andares onde funcionam a Administra\u00e7\u00e3o do Gin\u00e1sio, os alojamentos e os vesti\u00e1rios. \u00c9 um importante espa\u00e7o esportivo e cultural de Londrina, no qual acontecem apresenta\u00e7\u00f5es de shows, disputas esportivas e cerim\u00f4nias de formaturas.<\/p>\n\n\n\n<div style=\"height:20px\" aria-hidden=\"true\" class=\"wp-block-spacer\"><\/div>\n\n\n<div class=\"wp-block-image\">\n<figure class=\"aligncenter size-medium\"><img loading=\"lazy\" decoding=\"async\" width=\"300\" height=\"200\" src=\"https:\/\/sites.uel.br\/prograd\/wp-content\/uploads\/2024\/06\/museu_de_arte_londrina-300x200.jpg\" alt=\"\" class=\"wp-image-30635\" srcset=\"https:\/\/sites.uel.br\/prograd\/wp-content\/uploads\/2024\/06\/museu_de_arte_londrina-300x200.jpg 300w, https:\/\/sites.uel.br\/prograd\/wp-content\/uploads\/2024\/06\/museu_de_arte_londrina-768x511.jpg 768w, https:\/\/sites.uel.br\/prograd\/wp-content\/uploads\/2024\/06\/museu_de_arte_londrina.jpg 1000w\" sizes=\"auto, (max-width: 300px) 100vw, 300px\" \/><figcaption class=\"wp-element-caption\">Foto: site Prefeitura de Londrina<\/figcaption><\/figure>\n<\/div>\n\n\n<p class=\"has-text-align-left\"><strong>Museu de Arte de Londrina<\/strong><br><br>Rua Sergipe, 640 &#8211; Centro Telefone: (43) 3337-6238<br>Funcionamento: de ter\u00e7a a sexta-feira, das 9h \u00e0s 17h; aos s\u00e1bados das 8h \u00e0s 13h; aos domingos das 10h \u00e0s 15h.<br>Site: <a href=\"https:\/\/londrinacultura.londrina.pr.gov.br\/espaco\/1\/\" target=\"_blank\" rel=\"noreferrer noopener\">https:\/\/londrinacultura.londrina.pr.gov.br\/espaco\/1\/<\/a>.<br><br>O Pr\u00e9dio, constru\u00eddo em 1952, como terminal rodovi\u00e1rio, teve suas instala\u00e7\u00f5es tombadas pelo Departamento do Patrim\u00f4nio Hist\u00f3rico e Art\u00edstico, como primeiro pr\u00e9dio da arquitetura moderna do Estado do Paran\u00e1. Sua constru\u00e7\u00e3o teve in\u00edcio na gest\u00e3o do Prefeito Hugo Cabral, mas foi conclu\u00edda na gest\u00e3o do Prefeito Milton Ribeiro de Meneses em 1952. Desativado em 1988, passou por uma grande reforma e atualmente abriga o Museu de Arte de Londrina. A inaugura\u00e7\u00e3o do Museu aconteceu em 13 de maio de 1993 e teve como principal atra\u00e7\u00e3o a escultura &#8220;A Eterna Primavera&#8221;, de Auguste Rodin. O pr\u00e9dio onde funciona o Museu foi projetado pelo arquiteto Vilanova Artigas.<br><br>Procura tornar vis\u00edvel a trajet\u00f3ria hist\u00f3rica de sua sociedade; dar suporte ao ensino, pesquisa e extens\u00e3o e promover a reflex\u00e3o cr\u00edtica da realidade hist\u00f3rica, contribuindo para a renova\u00e7\u00e3o e melhoria da qualidade de vida e da dimens\u00e3o cultural da popula\u00e7\u00e3o.<\/p>\n\n\n\n<div style=\"height:20px\" aria-hidden=\"true\" class=\"wp-block-spacer\"><\/div>\n\n\n\n<p class=\"has-text-align-center has-verde-claro-background-color has-background\"><strong><a href=\"https:\/\/www.tripadvisor.com.br\/Attractions-g303451-Activities-Londrina_State_of_Parana.html\" target=\"_blank\" rel=\"noreferrer noopener\">Mais sobre Londrina<\/a><\/strong><\/p>\n","protected":false},"excerpt":{"rendered":"<p>Conhe\u00e7a Londrina Londrina cresce aceleradamente. Constitui-se em um p\u00f3lo regional como a quarta maior cidade do sul do pa\u00eds, depois de Curitiba (PR), Porto Alegre (RS) e Joinville (SC). Com 89 anos de idade, possui 555. 937 habitantes (fonte: site do IBGE), influenciando e dando suporte e apoio para mais de 200 munic\u00edpios e 4.500.000 [&hellip;]<\/p>\n","protected":false},"author":8,"featured_media":0,"parent":0,"menu_order":0,"comment_status":"closed","ping_status":"closed","template":"","meta":{"_acf_changed":false,"_themeisle_gutenberg_block_has_review":false,"footnotes":""},"class_list":["post-1650","page","type-page","status-publish","hentry"],"acf":[],"_links":{"self":[{"href":"https:\/\/sites.uel.br\/prograd\/wp-json\/wp\/v2\/pages\/1650","targetHints":{"allow":["GET"]}}],"collection":[{"href":"https:\/\/sites.uel.br\/prograd\/wp-json\/wp\/v2\/pages"}],"about":[{"href":"https:\/\/sites.uel.br\/prograd\/wp-json\/wp\/v2\/types\/page"}],"author":[{"embeddable":true,"href":"https:\/\/sites.uel.br\/prograd\/wp-json\/wp\/v2\/users\/8"}],"replies":[{"embeddable":true,"href":"https:\/\/sites.uel.br\/prograd\/wp-json\/wp\/v2\/comments?post=1650"}],"version-history":[{"count":99,"href":"https:\/\/sites.uel.br\/prograd\/wp-json\/wp\/v2\/pages\/1650\/revisions"}],"predecessor-version":[{"id":30784,"href":"https:\/\/sites.uel.br\/prograd\/wp-json\/wp\/v2\/pages\/1650\/revisions\/30784"}],"wp:attachment":[{"href":"https:\/\/sites.uel.br\/prograd\/wp-json\/wp\/v2\/media?parent=1650"}],"curies":[{"name":"wp","href":"https:\/\/api.w.org\/{rel}","templated":true}]}}