{"id":164,"date":"2022-12-14T13:33:57","date_gmt":"2022-12-14T16:33:57","guid":{"rendered":"https:\/\/sites.uel.br\/prograd\/?page_id=164"},"modified":"2024-07-23T14:22:57","modified_gmt":"2024-07-23T17:22:57","slug":"acoes-afirmativas","status":"publish","type":"page","link":"https:\/\/sites.uel.br\/prograd\/graduacao\/acoes-afirmativas\/","title":{"rendered":"A\u00e7\u00f5es Afirmativas"},"content":{"rendered":"\n<hr class=\"wp-block-separator has-alpha-channel-opacity is-style-wide\"\/>\n\n\n\n<figure class=\"wp-block-table is-style-stripes\"><table class=\"has-cinza-claro-background-color has-background\"><tbody><tr><td class=\"has-text-align-center\" data-align=\"center\"><a rel=\"noreferrer noopener\" href=\"http:\/\/www.uel.br\/nac\/\" target=\"_blank\"><strong>Educa\u00e7\u00e3o Especial (NAC)<\/strong><\/a><\/td><\/tr><\/tbody><\/table><\/figure>\n\n\n\n<figure class=\"wp-block-table is-style-stripes\"><table class=\"has-cinza-claro-background-color has-background\"><tbody><tr><td class=\"has-text-align-center\" data-align=\"center\"><strong><a href=\"https:\/\/sites.uel.br\/prograd\/wp-content\/uploads\/publicacoes\/guia_tecnico_estudantes_privados_liberdades.pdf\" target=\"_blank\" rel=\"noreferrer noopener\">Estudantes com Priva\u00e7\u00e3o de Liberdade (Guia T\u00e9cnico)<\/a><\/strong><\/td><\/tr><\/tbody><\/table><\/figure>\n\n\n\n<figure class=\"wp-block-table is-style-stripes\"><table class=\"has-cinza-claro-background-color has-background\"><tbody><tr><td class=\"has-text-align-center\" data-align=\"center\"><strong><a href=\"https:\/\/sites.uel.br\/sebec\/\" target=\"_blank\" rel=\"noreferrer noopener\">SEBEC &#8211; RU, Moradia, Bolsas<\/a><\/strong><\/td><\/tr><\/tbody><\/table><\/figure>\n\n\n\n<figure class=\"wp-block-table is-style-stripes\"><table class=\"has-cinza-claro-background-color has-background\"><tbody><tr><td class=\"has-text-align-center\" data-align=\"center\"><strong><a href=\"https:\/\/sites.uel.br\/contraoracismo\/\" target=\"_blank\" rel=\"noreferrer noopener\">GT UEL&nbsp;&#8211; Enfrentamento ao racismo<\/a><\/strong><\/td><\/tr><\/tbody><\/table><\/figure>\n\n\n\n<figure class=\"wp-block-table is-style-stripes\"><table class=\"has-cinza-claro-background-color has-background\"><tbody><tr><td class=\"has-text-align-center\" data-align=\"center\"><a href=\"https:\/\/www.facebook.com\/igualdaderaciallondrina\" target=\"_blank\" rel=\"noreferrer noopener\"><strong>Conselho Municipal de Promo\u00e7\u00e3o da Igualdade Racial (CMPIR) &#8211; Londrina<\/strong><\/a><\/td><\/tr><\/tbody><\/table><\/figure>\n\n\n\n<figure class=\"wp-block-table is-style-stripes\"><table class=\"has-cinza-claro-background-color has-background\"><tbody><tr><td class=\"has-text-align-center\" data-align=\"center\"><a href=\"https:\/\/sites.uel.br\/prograd\/graduacao\/acoes-afirmativas\/cuia-comissao-universidade-para-os-indigenas\/\"><strong>Ind\u00edgenas<\/strong><\/a><\/td><\/tr><\/tbody><\/table><\/figure>\n\n\n\n<figure class=\"wp-block-table is-style-stripes\"><table class=\"has-cinza-claro-background-color has-background\"><tbody><tr><td class=\"has-text-align-center\" data-align=\"center\"><a href=\"https:\/\/sites.uel.br\/prograd\/graduacao\/acoes-afirmativas\/politicas-de-cotas-da-uel\/\"><strong>Pol\u00edtica de Cotas da UEL<\/strong><\/a><\/td><\/tr><\/tbody><\/table><\/figure>\n\n\n\n<figure class=\"wp-block-table is-style-stripes\"><table class=\"has-cinza-claro-background-color has-background\"><tbody><tr><td class=\"has-text-align-center\" data-align=\"center\"><a href=\"https:\/\/sites.uel.br\/neab\/\" target=\"_blank\" rel=\"noreferrer noopener\"><strong>NEAB &#8211; N\u00facleo de Estudos Afro-Brasileiros<\/strong><\/a><\/td><\/tr><\/tbody><\/table><\/figure>\n\n\n\n<figure class=\"wp-block-table is-style-stripes\"><table class=\"has-cinza-claro-background-color has-background\"><tbody><tr><td class=\"has-text-align-center\" data-align=\"center\"><a href=\"https:\/\/www.uel.br\/programas\/prope\/\" target=\"_blank\" rel=\"noreferrer noopener\"><strong>PROPE &#8211; Acesso e Perman\u00eancia<\/strong><\/a><\/td><\/tr><\/tbody><\/table><\/figure>\n\n\n\n<p class=\"has-text-align-center\"><\/p>\n\n\n\n<p class=\"has-text-align-center\"><\/p>\n\n\n\n<p class=\"has-text-align-center\"><\/p>\n","protected":false},"excerpt":{"rendered":"<p>Educa\u00e7\u00e3o Especial (NAC) Estudantes com Priva\u00e7\u00e3o de Liberdade (Guia T\u00e9cnico) SEBEC &#8211; RU, Moradia, Bolsas GT UEL&nbsp;&#8211; Enfrentamento ao racismo Conselho Municipal de Promo\u00e7\u00e3o da Igualdade Racial (CMPIR) &#8211; Londrina Ind\u00edgenas Pol\u00edtica de Cotas da UEL NEAB &#8211; N\u00facleo de Estudos Afro-Brasileiros PROPE &#8211; Acesso e Perman\u00eancia<\/p>\n","protected":false},"author":2,"featured_media":0,"parent":12,"menu_order":0,"comment_status":"closed","ping_status":"closed","template":"","meta":{"_acf_changed":false,"_themeisle_gutenberg_block_has_review":false,"footnotes":""},"class_list":["post-164","page","type-page","status-publish","hentry"],"acf":[],"_links":{"self":[{"href":"https:\/\/sites.uel.br\/prograd\/wp-json\/wp\/v2\/pages\/164","targetHints":{"allow":["GET"]}}],"collection":[{"href":"https:\/\/sites.uel.br\/prograd\/wp-json\/wp\/v2\/pages"}],"about":[{"href":"https:\/\/sites.uel.br\/prograd\/wp-json\/wp\/v2\/types\/page"}],"author":[{"embeddable":true,"href":"https:\/\/sites.uel.br\/prograd\/wp-json\/wp\/v2\/users\/2"}],"replies":[{"embeddable":true,"href":"https:\/\/sites.uel.br\/prograd\/wp-json\/wp\/v2\/comments?post=164"}],"version-history":[{"count":35,"href":"https:\/\/sites.uel.br\/prograd\/wp-json\/wp\/v2\/pages\/164\/revisions"}],"predecessor-version":[{"id":31584,"href":"https:\/\/sites.uel.br\/prograd\/wp-json\/wp\/v2\/pages\/164\/revisions\/31584"}],"up":[{"embeddable":true,"href":"https:\/\/sites.uel.br\/prograd\/wp-json\/wp\/v2\/pages\/12"}],"wp:attachment":[{"href":"https:\/\/sites.uel.br\/prograd\/wp-json\/wp\/v2\/media?parent=164"}],"curies":[{"name":"wp","href":"https:\/\/api.w.org\/{rel}","templated":true}]}}