{"id":1569,"date":"2023-02-16T11:29:30","date_gmt":"2023-02-16T14:29:30","guid":{"rendered":"https:\/\/sites.uel.br\/prograd\/?page_id=1569"},"modified":"2026-02-10T08:28:34","modified_gmt":"2026-02-10T11:28:34","slug":"guia-academico","status":"publish","type":"page","link":"https:\/\/sites.uel.br\/prograd\/guia-academico\/","title":{"rendered":"Guia Acad\u00eamico"},"content":{"rendered":"\n<hr class=\"wp-block-separator has-alpha-channel-opacity is-style-wide\"\/>\n\n\n<div class=\"wp-block-image\">\n<figure class=\"aligncenter size-full\"><img loading=\"lazy\" decoding=\"async\" width=\"1200\" height=\"764\" src=\"https:\/\/sites.uel.br\/prograd\/wp-content\/uploads\/2024\/06\/guia_academico_uel_site.jpg\" alt=\"\" class=\"wp-image-30848\" srcset=\"https:\/\/sites.uel.br\/prograd\/wp-content\/uploads\/2024\/06\/guia_academico_uel_site.jpg 1200w, https:\/\/sites.uel.br\/prograd\/wp-content\/uploads\/2024\/06\/guia_academico_uel_site-300x191.jpg 300w, https:\/\/sites.uel.br\/prograd\/wp-content\/uploads\/2024\/06\/guia_academico_uel_site-1024x652.jpg 1024w, https:\/\/sites.uel.br\/prograd\/wp-content\/uploads\/2024\/06\/guia_academico_uel_site-768x489.jpg 768w\" sizes=\"auto, (max-width: 1200px) 100vw, 1200px\" \/><\/figure>\n<\/div>\n\n\n<hr class=\"wp-block-separator has-text-color has-cinza-color has-css-opacity has-cinza-background-color has-background is-style-wide\"\/>\n\n\n\n<div style=\"height:20px\" aria-hidden=\"true\" class=\"wp-block-spacer\"><\/div>\n\n\n\n<div class=\"wp-block-columns is-layout-flex wp-container-core-columns-is-layout-9d6595d7 wp-block-columns-is-layout-flex\">\n<div class=\"wp-block-column is-layout-flow wp-block-column-is-layout-flow\"><div class=\"wp-block-image is-style-default\">\n<figure class=\"aligncenter size-medium\"><img loading=\"lazy\" decoding=\"async\" width=\"200\" height=\"300\" src=\"https:\/\/sites.uel.br\/prograd\/wp-content\/uploads\/2024\/06\/guia_academico_foto_ana_marcia-200x300.jpg\" alt=\"\" class=\"wp-image-30446\" srcset=\"https:\/\/sites.uel.br\/prograd\/wp-content\/uploads\/2024\/06\/guia_academico_foto_ana_marcia-200x300.jpg 200w, https:\/\/sites.uel.br\/prograd\/wp-content\/uploads\/2024\/06\/guia_academico_foto_ana_marcia-683x1024.jpg 683w, https:\/\/sites.uel.br\/prograd\/wp-content\/uploads\/2024\/06\/guia_academico_foto_ana_marcia-768x1152.jpg 768w, https:\/\/sites.uel.br\/prograd\/wp-content\/uploads\/2024\/06\/guia_academico_foto_ana_marcia-1024x1536.jpg 1024w, https:\/\/sites.uel.br\/prograd\/wp-content\/uploads\/2024\/06\/guia_academico_foto_ana_marcia-1365x2048.jpg 1365w, https:\/\/sites.uel.br\/prograd\/wp-content\/uploads\/2024\/06\/guia_academico_foto_ana_marcia-scaled.jpg 1707w\" sizes=\"auto, (max-width: 200px) 100vw, 200px\" \/><\/figure>\n<\/div><\/div>\n\n\n\n<div class=\"wp-block-column is-vertically-aligned-center is-layout-flow wp-block-column-is-layout-flow\">\n<p class=\"has-text-align-center\"><strong>Palavra da Pr\u00f3-Reitora de Gradua\u00e7\u00e3o<\/strong><\/p>\n\n\n\n<p class=\"has-text-align-center\">Profa. Dra. Ana M\u00e1rcia Fernandes Tucci de Carvalho<br><br><\/p>\n\n\n\n<p class=\"has-text-align-center\"><strong>SER UEL<\/strong><\/p>\n<\/div>\n<\/div>\n\n\n\n<p>Seja bem-vindo(a) \u00e0 Universidade Estadual de Londrina! Iniciar um percurso formativo em um curso superior lhe trar\u00e1 muitos desafios e muitas conquistas. Voc\u00ea, estudante ingressante em 2026, poder\u00e1 SER UEL.<\/p>\n\n\n\n<p>O que isso significa? Significa estar em uma das melhores universidades do pa\u00eds, significa ter a seu alcance conhecimento t\u00e9cnico cient\u00edfico de excel\u00eancia e ainda disfrutar da oportunidade de viv\u00eancias acad\u00eamicas diversificadas, que poder\u00e3o extrapolar os espa\u00e7os da sala de aula, dos laborat\u00f3rios e do campus universit\u00e1rio. Esse conjunto de atividades o habilitar\u00e1 para o pleno exerc\u00edcio profissional de maneira t\u00e9cnica e, desejamos, tamb\u00e9m pautado em princ\u00edpios de \u00e9tica, voltados para a valoriza\u00e7\u00e3o dos ideais de justi\u00e7a e paz e respeito \u00e0 pluralidade de ideias<\/p>\n\n\n\n<p>Voc\u00ea encontrar\u00e1 na UEL muitos atores para que sua forma\u00e7\u00e3o aconte\u00e7a com sucesso: professores, t\u00e9cnicos administrativos, t\u00e9cnicos operacionais, membros da comunidade externa e aqueles que s\u00e3o a raz\u00e3o para a universidade existir, os estudantes. Nesse grande coletivo, todos fazem parte da universidade e necessitam fazer o que lhes competem. Assim, para orient\u00e1-lo no planejamento efetivo deste percurso, esse Guia foi elaborado.<\/p>\n\n\n\n<p>O Guia Acad\u00eamico apresenta informa\u00e7\u00f5es sobre as normas que regulam sua vida acad\u00eamica, como prazos e procedimentos, apresenta o Projeto Pedag\u00f3gico do seu curso, os servi\u00e7os de apoio prestados pela Institui\u00e7\u00e3o, a organiza\u00e7\u00e3o administrativa e a localiza\u00e7\u00e3o dos centros e espa\u00e7os acad\u00eamicos, informa\u00e7\u00f5es estas que ser\u00e3o de utilidade durante seu percurso na UEL. Trata-se de documento que poder\u00e1 ser constantemente revisitado.<\/p>\n\n\n\n<p>Temos certeza de que voc\u00ea, estudante ingressante, encontrar\u00e1 na UEL muitas possibilidades para o crescimento pessoal e profissional.<\/p>\n\n\n\n<p>Seja UEL e viva UEL com responsabilidade e sucesso!<\/p>\n\n\n\n<p>A Equipe da Pr\u00f3-Reitoria de Gradua\u00e7\u00e3o (Prograd) lhe d\u00e1 boas-vindas!<\/p>\n\n\n\n<div style=\"height:20px\" aria-hidden=\"true\" class=\"wp-block-spacer\"><\/div>\n\n\n\n<hr class=\"wp-block-separator has-text-color has-cinza-color has-css-opacity has-cinza-background-color has-background is-style-wide\"\/>\n\n\n\n<h2 class=\"wp-block-heading\">A UEL<\/h2>\n\n\n\n<div class=\"wp-block-columns is-layout-flex wp-container-core-columns-is-layout-9d6595d7 wp-block-columns-is-layout-flex\">\n<div class=\"wp-block-column is-layout-flow wp-block-column-is-layout-flow\">\n<div class=\"wp-block-buttons is-layout-flex wp-block-buttons-is-layout-flex\">\n<div class=\"wp-block-button has-custom-width wp-block-button__width-100 is-style-outline is-style-outline--1\"><a class=\"wp-block-button__link has-white-color has-verde-background-color has-text-color has-background has-medium-font-size has-custom-font-size wp-element-button\" href=\"https:\/\/sites.uel.br\/prograd\/guia-academico-conheca-londrina\/\" style=\"border-radius:0px\">CONHE\u00c7A LONDRINA<\/a><\/div>\n<\/div>\n<\/div>\n\n\n\n<div class=\"wp-block-column is-layout-flow wp-block-column-is-layout-flow\">\n<div class=\"wp-block-buttons is-layout-flex wp-block-buttons-is-layout-flex\">\n<div class=\"wp-block-button has-custom-width wp-block-button__width-100 is-style-outline is-style-outline--2\"><a class=\"wp-block-button__link has-white-color has-verde-background-color has-text-color has-background has-medium-font-size has-custom-font-size wp-element-button\" href=\"https:\/\/sites.uel.br\/prograd\/guia-academico-conheca-a-uel\/\" style=\"border-radius:0px\">CONHE\u00c7A A SUA UNIVERSIDADE<\/a><\/div>\n<\/div>\n<\/div>\n\n\n\n<div class=\"wp-block-column is-layout-flow wp-block-column-is-layout-flow\">\n<div class=\"wp-block-buttons is-layout-flex wp-block-buttons-is-layout-flex\">\n<div class=\"wp-block-button has-custom-width wp-block-button__width-100 is-style-outline is-style-outline--3\"><a class=\"wp-block-button__link has-white-color has-verde-background-color has-text-color has-background has-medium-font-size has-custom-font-size wp-element-button\" href=\"https:\/\/sites.uel.br\/prograd\/guia-academico-recursos-academicos\/\" style=\"border-radius:0px\">RECURSOS ACAD\u00caMICOS<\/a><\/div>\n<\/div>\n<\/div>\n\n\n\n<div class=\"wp-block-column is-layout-flow wp-block-column-is-layout-flow\">\n<div class=\"wp-block-buttons is-layout-flex wp-block-buttons-is-layout-flex\">\n<div class=\"wp-block-button has-custom-width wp-block-button__width-100 is-style-outline is-style-outline--4\"><a class=\"wp-block-button__link has-white-color has-verde-background-color has-text-color has-background has-medium-font-size has-custom-font-size wp-element-button\" href=\"https:\/\/sites.uel.br\/prograd\/guia-academico-servicos-de-apoio\/\" style=\"border-radius:0px\">SERVI\u00c7OS DE APOIO<\/a><\/div>\n<\/div>\n<\/div>\n<\/div>\n\n\n\n<div class=\"wp-block-columns is-layout-flex wp-container-core-columns-is-layout-9d6595d7 wp-block-columns-is-layout-flex\">\n<div class=\"wp-block-column is-layout-flow wp-block-column-is-layout-flow\">\n<div class=\"wp-block-buttons is-layout-flex wp-block-buttons-is-layout-flex\">\n<div class=\"wp-block-button has-custom-width wp-block-button__width-100 is-style-outline is-style-outline--5\"><a class=\"wp-block-button__link has-white-color has-verde-background-color has-text-color has-background has-medium-font-size has-custom-font-size wp-element-button\" href=\"https:\/\/sites.uel.br\/prograd\/guia-academico-localize-se\/\" style=\"border-radius:0px\">ONDE ESTAMOS (PROGRAD)<\/a><\/div>\n<\/div>\n<\/div>\n\n\n\n<div class=\"wp-block-column is-layout-flow wp-block-column-is-layout-flow\">\n<div class=\"wp-block-buttons is-layout-flex wp-block-buttons-is-layout-flex\">\n<div class=\"wp-block-button has-custom-width wp-block-button__width-100 is-style-outline is-style-outline--6\"><a class=\"wp-block-button__link has-white-color has-verde-background-color has-text-color has-background has-medium-font-size has-custom-font-size wp-element-button\" href=\"https:\/\/sites.uel.br\/prograd\/guia-academico-conecte-se\/\" style=\"border-radius:0px\">CONECTE-SE EM NOSSAS REDES<\/a><\/div>\n<\/div>\n<\/div>\n\n\n\n<div class=\"wp-block-column is-layout-flow wp-block-column-is-layout-flow\">\n<div class=\"wp-block-buttons is-layout-flex wp-block-buttons-is-layout-flex\">\n<div class=\"wp-block-button has-custom-width wp-block-button__width-100 is-style-outline is-style-outline--7\"><a class=\"wp-block-button__link has-white-color has-verde-background-color has-text-color has-background has-medium-font-size has-custom-font-size wp-element-button\" href=\"https:\/\/sites.uel.br\/prograd\/guia-academico-ser\/\" style=\"border-radius:0px\">SER UEL (RECEP\u00c7\u00c3O)<\/a><\/div>\n<\/div>\n<\/div>\n\n\n\n<div class=\"wp-block-column is-layout-flow wp-block-column-is-layout-flow\">\n<div class=\"wp-block-buttons is-layout-flex wp-block-buttons-is-layout-flex\">\n<div class=\"wp-block-button has-custom-width wp-block-button__width-100 is-style-outline is-style-outline--8\"><a class=\"wp-block-button__link has-white-color has-verde-background-color has-text-color has-background has-medium-font-size has-custom-font-size wp-element-button\" href=\"https:\/\/sites.uel.br\/prograd\/guia-academico-glossario\/\" style=\"border-radius:0px\">GLOSS\u00c1RIO (VOCABUL\u00c1RIO)<\/a><\/div>\n<\/div>\n<\/div>\n<\/div>\n\n\n\n<div style=\"height:20px\" aria-hidden=\"true\" class=\"wp-block-spacer\"><\/div>\n\n\n\n<h2 class=\"wp-block-heading\">Vida Acad\u00eamica<\/h2>\n\n\n\n<div class=\"wp-block-columns is-layout-flex wp-container-core-columns-is-layout-9d6595d7 wp-block-columns-is-layout-flex\">\n<div class=\"wp-block-column is-layout-flow wp-block-column-is-layout-flow\">\n<div class=\"wp-block-buttons is-layout-flex wp-block-buttons-is-layout-flex\">\n<div class=\"wp-block-button has-custom-width wp-block-button__width-100 is-style-outline is-style-outline--9\"><a class=\"wp-block-button__link has-white-color has-verde-background-color has-text-color has-background has-medium-font-size has-custom-font-size wp-element-button\" href=\"https:\/\/sites.uel.br\/prograd\/guia-academico-processos-da-vida-academica\/\" style=\"border-radius:0px\">PROCESSOS DA VIDA ACAD\u00caMICA<\/a><\/div>\n<\/div>\n<\/div>\n\n\n\n<div class=\"wp-block-column is-layout-flow wp-block-column-is-layout-flow\">\n<div class=\"wp-block-buttons is-layout-flex wp-block-buttons-is-layout-flex\">\n<div class=\"wp-block-button has-custom-width wp-block-button__width-100 is-style-outline is-style-outline--10\"><a class=\"wp-block-button__link has-white-color has-verde-background-color has-text-color has-background has-medium-font-size has-custom-font-size wp-element-button\" href=\"https:\/\/sites.uel.br\/prograd\/guia-academico-participacao-em-atividade-academica-complementar-aac\/\" style=\"border-radius:0px\">PARTICIPA\u00c7\u00c3O EM AAC<\/a><\/div>\n<\/div>\n<\/div>\n\n\n\n<div class=\"wp-block-column is-layout-flow wp-block-column-is-layout-flow\">\n<div class=\"wp-block-buttons is-layout-flex wp-block-buttons-is-layout-flex\">\n<div class=\"wp-block-button has-custom-width wp-block-button__width-100 is-style-outline is-style-outline--11\"><a class=\"wp-block-button__link has-white-color has-verde-background-color has-text-color has-background has-medium-font-size has-custom-font-size wp-element-button\" href=\"https:\/\/sites.uel.br\/prograd\/guia-academico-amparos\/\" style=\"border-radius:0px\">AMPAROS (DISPENSAS)<\/a><\/div>\n<\/div>\n<\/div>\n\n\n\n<div class=\"wp-block-column is-layout-flow wp-block-column-is-layout-flow\">\n<div class=\"wp-block-buttons is-layout-flex wp-block-buttons-is-layout-flex\">\n<div class=\"wp-block-button has-custom-width wp-block-button__width-100 is-style-outline is-style-outline--12\"><a class=\"wp-block-button__link has-white-color has-verde-background-color has-text-color has-background has-medium-font-size has-custom-font-size wp-element-button\" href=\"https:\/\/sites.uel.br\/prograd\/guia-academico-manual-do-estagiario\/\" style=\"border-radius:0px\">MANUAL DO ESTAGI\u00c1RIO<\/a><\/div>\n<\/div>\n<\/div>\n<\/div>\n\n\n\n<div class=\"wp-block-columns is-layout-flex wp-container-core-columns-is-layout-9d6595d7 wp-block-columns-is-layout-flex\">\n<div class=\"wp-block-column is-layout-flow wp-block-column-is-layout-flow\">\n<div class=\"wp-block-buttons is-layout-flex wp-block-buttons-is-layout-flex\">\n<div class=\"wp-block-button has-custom-width wp-block-button__width-100 is-style-outline is-style-outline--13\"><a class=\"wp-block-button__link has-white-color has-verde-background-color has-text-color has-background has-medium-font-size has-custom-font-size wp-element-button\" href=\"https:\/\/sites.uel.br\/prograd\/guia-academico-projetos-pedagogicos\/\" style=\"border-radius:0px\">PROJETOS PEDAG\u00d3GICOS<\/a><\/div>\n<\/div>\n<\/div>\n\n\n\n<div class=\"wp-block-column is-layout-flow wp-block-column-is-layout-flow\">\n<div class=\"wp-block-buttons is-layout-flex wp-block-buttons-is-layout-flex\">\n<div class=\"wp-block-button has-custom-width wp-block-button__width-100 is-style-outline is-style-outline--14\"><a class=\"wp-block-button__link has-white-color has-verde-background-color has-text-color has-background has-medium-font-size has-custom-font-size wp-element-button\" href=\"https:\/\/sites.uel.br\/prograd\/guia-academico-representacao-politica-dos-estudantes\/\" style=\"border-radius:0px\">REPRESENTA\u00c7\u00c3O DOS ESTUDANTES<\/a><\/div>\n<\/div>\n<\/div>\n\n\n\n<div class=\"wp-block-column is-layout-flow wp-block-column-is-layout-flow\">\n<div class=\"wp-block-buttons is-layout-flex wp-block-buttons-is-layout-flex\">\n<div class=\"wp-block-button has-custom-width wp-block-button__width-100 is-style-outline is-style-outline--15\"><a class=\"wp-block-button__link has-white-color has-verde-background-color has-text-color has-background has-medium-font-size has-custom-font-size wp-element-button\" href=\"https:\/\/sites.uel.br\/prograd\/guia-academico-calendario-academico\/\" style=\"border-radius:0px\">CALEND\u00c1RIO ACAD\u00caMICO<\/a><\/div>\n<\/div>\n<\/div>\n\n\n\n<div class=\"wp-block-column is-layout-flow wp-block-column-is-layout-flow\">\n<div class=\"wp-block-buttons is-layout-flex wp-block-buttons-is-layout-flex\">\n<div class=\"wp-block-button has-custom-width wp-block-button__width-100 is-style-outline is-style-outline--16\"><a class=\"wp-block-button__link has-white-color has-verde-background-color has-text-color has-background has-medium-font-size has-custom-font-size wp-element-button\" href=\"https:\/\/sites.uel.br\/prograd\/guia-academico-tutoriais-portal-do-estudante\/\" style=\"border-radius:0px\">TUTORAIS PARA O ESTUDANTE<\/a><\/div>\n<\/div>\n<\/div>\n<\/div>\n\n\n\n<div class=\"wp-block-columns is-layout-flex wp-container-core-columns-is-layout-9d6595d7 wp-block-columns-is-layout-flex\">\n<div class=\"wp-block-column is-layout-flow wp-block-column-is-layout-flow\">\n<div class=\"wp-block-buttons is-layout-flex wp-block-buttons-is-layout-flex\">\n<div class=\"wp-block-button has-custom-width wp-block-button__width-100 is-style-outline is-style-outline--17\"><a class=\"wp-block-button__link has-white-color has-verde-background-color has-text-color has-background has-medium-font-size has-custom-font-size wp-element-button\" href=\"https:\/\/sites.uel.br\/prograd\/guia-academico-associacoes-atleticas\/\" style=\"border-radius:0px\">ASSOCIA\u00c7\u00d5ES ATL\u00c9TICAS<\/a><\/div>\n<\/div>\n<\/div>\n\n\n\n<div class=\"wp-block-column is-layout-flow wp-block-column-is-layout-flow\">\n<div class=\"wp-block-buttons is-layout-flex wp-block-buttons-is-layout-flex\">\n<div class=\"wp-block-button has-custom-width wp-block-button__width-100 is-style-outline is-style-outline--18\"><a class=\"wp-block-button__link has-white-color has-verde-background-color has-text-color has-background has-medium-font-size has-custom-font-size wp-element-button\" href=\"https:\/\/sites.uel.br\/prograd\/estudante\/empresas-juniores\/\" style=\"border-radius:0px\">EMPRESAS JUNIORES<\/a><\/div>\n<\/div>\n<\/div>\n\n\n\n<div class=\"wp-block-column is-layout-flow wp-block-column-is-layout-flow\">\n<div class=\"wp-block-buttons is-layout-flex wp-block-buttons-is-layout-flex\">\n<div class=\"wp-block-button has-custom-width wp-block-button__width-100 is-style-outline is-style-outline--19\"><a class=\"wp-block-button__link has-white-color has-verde-background-color has-text-color has-background has-medium-font-size has-custom-font-size wp-element-button\" href=\"https:\/\/sites.uel.br\/prograd\/guia-academico-ligas-academicas\/\" style=\"border-radius:0px\">LIGAS ACAD\u00caMICAS<\/a><\/div>\n<\/div>\n<\/div>\n\n\n\n<div class=\"wp-block-column is-layout-flow wp-block-column-is-layout-flow\">\n<div class=\"wp-block-buttons is-layout-flex wp-block-buttons-is-layout-flex\"><\/div>\n<\/div>\n<\/div>\n\n\n\n<hr class=\"wp-block-separator has-text-color has-cinza-color has-css-opacity has-cinza-background-color has-background is-style-wide\"\/>\n","protected":false},"excerpt":{"rendered":"<p>Palavra da Pr\u00f3-Reitora de Gradua\u00e7\u00e3o Profa. Dra. Ana M\u00e1rcia Fernandes Tucci de Carvalho SER UEL Seja bem-vindo(a) \u00e0 Universidade Estadual de Londrina! Iniciar um percurso formativo em um curso superior lhe trar\u00e1 muitos desafios e muitas conquistas. Voc\u00ea, estudante ingressante em 2026, poder\u00e1 SER UEL. O que isso significa? Significa estar em uma das melhores [&hellip;]<\/p>\n","protected":false},"author":8,"featured_media":0,"parent":0,"menu_order":0,"comment_status":"closed","ping_status":"closed","template":"","meta":{"_acf_changed":false,"_themeisle_gutenberg_block_has_review":false,"footnotes":""},"class_list":["post-1569","page","type-page","status-publish","hentry"],"acf":[],"_links":{"self":[{"href":"https:\/\/sites.uel.br\/prograd\/wp-json\/wp\/v2\/pages\/1569","targetHints":{"allow":["GET"]}}],"collection":[{"href":"https:\/\/sites.uel.br\/prograd\/wp-json\/wp\/v2\/pages"}],"about":[{"href":"https:\/\/sites.uel.br\/prograd\/wp-json\/wp\/v2\/types\/page"}],"author":[{"embeddable":true,"href":"https:\/\/sites.uel.br\/prograd\/wp-json\/wp\/v2\/users\/8"}],"replies":[{"embeddable":true,"href":"https:\/\/sites.uel.br\/prograd\/wp-json\/wp\/v2\/comments?post=1569"}],"version-history":[{"count":114,"href":"https:\/\/sites.uel.br\/prograd\/wp-json\/wp\/v2\/pages\/1569\/revisions"}],"predecessor-version":[{"id":36771,"href":"https:\/\/sites.uel.br\/prograd\/wp-json\/wp\/v2\/pages\/1569\/revisions\/36771"}],"wp:attachment":[{"href":"https:\/\/sites.uel.br\/prograd\/wp-json\/wp\/v2\/media?parent=1569"}],"curies":[{"name":"wp","href":"https:\/\/api.w.org\/{rel}","templated":true}]}}