{"id":15358,"date":"2023-11-17T15:38:43","date_gmt":"2023-11-17T18:38:43","guid":{"rendered":"https:\/\/sites.uel.br\/prograd\/?page_id=15358"},"modified":"2026-02-27T13:52:35","modified_gmt":"2026-02-27T16:52:35","slug":"estagios-e-intercambios-outras-ies-formularios","status":"publish","type":"page","link":"https:\/\/sites.uel.br\/prograd\/estudante\/estagios\/estagios-e-intercambios-outras-ies-formularios\/","title":{"rendered":"Est\u00e1gios e Interc\u00e2mbios"},"content":{"rendered":"\n<hr class=\"wp-block-separator has-alpha-channel-opacity is-style-wide\" \/>\n\n\n\n<h3 class=\"wp-block-heading\">Outras IES &#8211; Formul\u00e1rios<\/h3>\n\n\n\n<div style=\"height:20px\" aria-hidden=\"true\" class=\"wp-block-spacer\"><\/div>\n\n\n\n<p><strong>FORMUL\u00c1RIOS INICIAIS &#8211; EST\u00c1GIO CURRICULAR N\u00c3O OBRIGAT\u00d3RIO<\/strong><\/p>\n\n\n\n<p>&#8211; REQUERIMENTO PARA EST\u00c1GIO CURRICULAR N\u00c3O OBRIGAT\u00d3RIO DE ESTUDANTES DE OUTRAS IES<br>&#8211; MODELO DE CARTA DE ENCAMINHAMENTO (PAPEL TIMBRADO DA IES DO ESTUDANTE)<br>&#8211; TERMO DE COMPROMISSO DE EST\u00c1GIO CURRICULAR N\u00c3O OBRIGAT\u00d3RIO PARA ESTUDANTES DE OUTRAS IES &#8211; DE ACORDO COM A RESOLU\u00c7\u00c3O N\u00ba 001\/2009 DA UEL<\/p>\n\n\n\n<p>(<a href=\"https:\/\/sites.uel.br\/prograd\/wp-content\/uploads\/formularios\/estagios\/curricular_outras_ies\/formularios_iniciais_nao_obrigatorio_outras_ies-1.doc\" target=\"_blank\" rel=\"noreferrer noopener\">baixar todos<\/a>)<\/p>\n\n\n\n<div style=\"height:20px\" aria-hidden=\"true\" class=\"wp-block-spacer\"><\/div>\n\n\n\n<p><strong>FORMUL\u00c1RIOS INICIAIS &#8211; EST\u00c1GIO CURRICULAR OBRIGAT\u00d3RIO<\/strong><\/p>\n\n\n\n<p>&#8211; REQUERIMENTO PARA EST\u00c1GIO CURRICULAR OBRIGAT\u00d3RIO DE ESTUDANTES DE OUTRAS IES<br>&#8211; MODELO DE CARTA DE ENCAMINHAMENTO (PAPEL TIMBRADO DA IES DO ESTUDANTE)<br>&#8211; TERMO DE COMPROMISSO DE EST\u00c1GIO CURRICULAR OBRIGAT\u00d3RIO PARA ESTUDANTES DE OUTRAS IES &#8211; DE ACORDO COM A RESOLU\u00c7\u00c3O N\u00ba 001\/2009 DA UEL<\/p>\n\n\n\n<p>(<a href=\"https:\/\/sites.uel.br\/prograd\/wp-content\/uploads\/formularios\/estagios\/curricular_outras_ies\/formularios_iniciais_obrigatorio_outras_ies-1.doc\" target=\"_blank\" rel=\"noreferrer noopener\">baixar todos<\/a>)<\/p>\n\n\n\n<div style=\"height:20px\" aria-hidden=\"true\" class=\"wp-block-spacer\"><\/div>\n\n\n\n<p><strong>PLANO ADITIVO &#8211; EST\u00c1GIO CURRICULAR N\u00c3O OBRIGAT\u00d3RIO<\/strong><\/p>\n\n\n\n<p>&#8211; PLANO ADITIVO DE EST\u00c1GIO CURRICULAR N\u00c3O OBRIGAT\u00d3RIO<br>&#8211; TERMO ADITIVO EST\u00c1GIO CURRICULAR N\u00c3O OBRIGAT\u00d3RIO &#8211;&nbsp;ESTUDANTE DE OUTRAS IES<\/p>\n\n\n\n<p>(<a href=\"https:\/\/sites.uel.br\/prograd\/wp-content\/uploads\/formularios\/estagios\/curricular_outras_ies\/plano_termo_nao_obrigatorio_outras_ies.doc\">baixar todos<\/a>)<\/p>\n\n\n\n<div style=\"height:20px\" aria-hidden=\"true\" class=\"wp-block-spacer\"><\/div>\n\n\n\n<p><strong>PLANO ADITIVO &#8211; EST\u00c1GIO CURRICULAR OBRIGAT\u00d3RIO<\/strong><\/p>\n\n\n\n<p>&#8211; PLANO ADITIVO DE EST\u00c1GIO CURRICULAR OBRIGAT\u00d3RIO<br>&#8211; TERMO ADITIVO EST\u00c1GIO CURRICULAR OBRIGAT\u00d3RIO &#8211;&nbsp;ESTUDANTE DE OUTRAS IES<\/p>\n\n\n\n<p>(<a href=\"https:\/\/sites.uel.br\/prograd\/wp-content\/uploads\/formularios\/estagios\/curricular_outras_ies\/plano_termo_obrigatorio_outras_ies.doc\">baixar todos<\/a>)<\/p>\n\n\n\n<div style=\"height:20px\" aria-hidden=\"true\" class=\"wp-block-spacer\"><\/div>\n\n\n\n<p><strong>CARTA DE ENCERRAMENTO (CANCELAMENTO)<\/strong><\/p>\n\n\n\n<p>(<a href=\"https:\/\/sites.uel.br\/prograd\/wp-content\/uploads\/formularios\/estagios\/curricular_outras_ies\/carta_encerramento_outras_ies.doc\">baixar<\/a>)<\/p>\n\n\n\n<div style=\"height:20px\" aria-hidden=\"true\" class=\"wp-block-spacer\"><\/div>\n\n\n\n<p><strong>RELAT\u00d3RIO DE ATIVIDADES DE EST\u00c1GIO E RELAT\u00d3RIO FINAL<\/strong><\/p>\n\n\n\n<p>(<a href=\"https:\/\/sites.uel.br\/prograd\/wp-content\/uploads\/formularios\/estagios\/curricular_outras_ies\/relatorio_atividades_estagio.doc\">baixar<\/a>)<\/p>\n","protected":false},"excerpt":{"rendered":"<p>Outras IES &#8211; Formul\u00e1rios FORMUL\u00c1RIOS INICIAIS &#8211; EST\u00c1GIO CURRICULAR N\u00c3O OBRIGAT\u00d3RIO &#8211; REQUERIMENTO PARA EST\u00c1GIO CURRICULAR N\u00c3O OBRIGAT\u00d3RIO DE ESTUDANTES DE OUTRAS IES&#8211; MODELO DE CARTA DE ENCAMINHAMENTO (PAPEL TIMBRADO DA IES DO ESTUDANTE)&#8211; TERMO DE COMPROMISSO DE EST\u00c1GIO CURRICULAR N\u00c3O OBRIGAT\u00d3RIO PARA ESTUDANTES DE OUTRAS IES &#8211; DE ACORDO COM A RESOLU\u00c7\u00c3O N\u00ba 001\/2009 [&hellip;]<\/p>\n","protected":false},"author":8,"featured_media":0,"parent":15328,"menu_order":0,"comment_status":"closed","ping_status":"closed","template":"","meta":{"_acf_changed":false,"_themeisle_gutenberg_block_has_review":false,"footnotes":""},"class_list":["post-15358","page","type-page","status-publish","hentry"],"acf":[],"_links":{"self":[{"href":"https:\/\/sites.uel.br\/prograd\/wp-json\/wp\/v2\/pages\/15358","targetHints":{"allow":["GET"]}}],"collection":[{"href":"https:\/\/sites.uel.br\/prograd\/wp-json\/wp\/v2\/pages"}],"about":[{"href":"https:\/\/sites.uel.br\/prograd\/wp-json\/wp\/v2\/types\/page"}],"author":[{"embeddable":true,"href":"https:\/\/sites.uel.br\/prograd\/wp-json\/wp\/v2\/users\/8"}],"replies":[{"embeddable":true,"href":"https:\/\/sites.uel.br\/prograd\/wp-json\/wp\/v2\/comments?post=15358"}],"version-history":[{"count":11,"href":"https:\/\/sites.uel.br\/prograd\/wp-json\/wp\/v2\/pages\/15358\/revisions"}],"predecessor-version":[{"id":36908,"href":"https:\/\/sites.uel.br\/prograd\/wp-json\/wp\/v2\/pages\/15358\/revisions\/36908"}],"up":[{"embeddable":true,"href":"https:\/\/sites.uel.br\/prograd\/wp-json\/wp\/v2\/pages\/15328"}],"wp:attachment":[{"href":"https:\/\/sites.uel.br\/prograd\/wp-json\/wp\/v2\/media?parent=15358"}],"curies":[{"name":"wp","href":"https:\/\/api.w.org\/{rel}","templated":true}]}}