{"id":15244,"date":"2023-11-14T08:33:38","date_gmt":"2023-11-14T11:33:38","guid":{"rendered":"https:\/\/sites.uel.br\/prograd\/?page_id=15244"},"modified":"2024-07-01T11:51:12","modified_gmt":"2024-07-01T14:51:12","slug":"estagios-e-intercambios-estagios-no-exterior","status":"publish","type":"page","link":"https:\/\/sites.uel.br\/prograd\/estudante\/estagios-e-intercambios\/estagios-e-intercambios-estagios-no-exterior\/","title":{"rendered":"Est\u00e1gios e Interc\u00e2mbios"},"content":{"rendered":"\n<hr class=\"wp-block-separator has-alpha-channel-opacity is-style-wide\"\/>\n\n\n\n<h2 class=\"wp-block-heading\">Est\u00e1gios no Exterior<\/h2>\n\n\n\n<div style=\"height:20px\" aria-hidden=\"true\" class=\"wp-block-spacer\"><\/div>\n\n\n\n<p><a href=\"https:\/\/sites.uel.br\/prograd\/wp-content\/uploads\/documentos\/resolucoes\/2007\/resolucao_59_07.pdf\" target=\"_blank\" rel=\"noreferrer noopener\">Resolu\u00e7\u00e3o CEPE N\u00ba 059\/2007<\/a><br>Regulamenta o est\u00e1gio&nbsp;dos Cursos de Gradua\u00e7\u00e3o da UEL a ser realizado no exterior<\/p>\n\n\n\n<div style=\"height:20px\" aria-hidden=\"true\" class=\"wp-block-spacer\"><\/div>\n\n\n\n<p><strong>Formul\u00e1rio:<\/strong><br><a href=\"https:\/\/sites.uel.br\/prograd\/wp-content\/uploads\/formularios\/estagios\/exterior\/plano_estagio.doc\" target=\"_blank\" rel=\"noreferrer noopener\">Plano de Est\u00e1gio<\/a><\/p>\n","protected":false},"excerpt":{"rendered":"<p>Est\u00e1gios no Exterior Resolu\u00e7\u00e3o CEPE N\u00ba 059\/2007Regulamenta o est\u00e1gio&nbsp;dos Cursos de Gradua\u00e7\u00e3o da UEL a ser realizado no exterior Formul\u00e1rio:Plano de Est\u00e1gio<\/p>\n","protected":false},"author":8,"featured_media":0,"parent":122,"menu_order":0,"comment_status":"closed","ping_status":"closed","template":"","meta":{"_acf_changed":false,"_themeisle_gutenberg_block_has_review":false,"footnotes":""},"class_list":["post-15244","page","type-page","status-publish","hentry"],"acf":[],"_links":{"self":[{"href":"https:\/\/sites.uel.br\/prograd\/wp-json\/wp\/v2\/pages\/15244","targetHints":{"allow":["GET"]}}],"collection":[{"href":"https:\/\/sites.uel.br\/prograd\/wp-json\/wp\/v2\/pages"}],"about":[{"href":"https:\/\/sites.uel.br\/prograd\/wp-json\/wp\/v2\/types\/page"}],"author":[{"embeddable":true,"href":"https:\/\/sites.uel.br\/prograd\/wp-json\/wp\/v2\/users\/8"}],"replies":[{"embeddable":true,"href":"https:\/\/sites.uel.br\/prograd\/wp-json\/wp\/v2\/comments?post=15244"}],"version-history":[{"count":9,"href":"https:\/\/sites.uel.br\/prograd\/wp-json\/wp\/v2\/pages\/15244\/revisions"}],"predecessor-version":[{"id":30968,"href":"https:\/\/sites.uel.br\/prograd\/wp-json\/wp\/v2\/pages\/15244\/revisions\/30968"}],"up":[{"embeddable":true,"href":"https:\/\/sites.uel.br\/prograd\/wp-json\/wp\/v2\/pages\/122"}],"wp:attachment":[{"href":"https:\/\/sites.uel.br\/prograd\/wp-json\/wp\/v2\/media?parent=15244"}],"curies":[{"name":"wp","href":"https:\/\/api.w.org\/{rel}","templated":true}]}}