{"id":15008,"date":"2023-10-27T15:11:18","date_gmt":"2023-10-27T18:11:18","guid":{"rendered":"https:\/\/sites.uel.br\/prograd\/?page_id=15008"},"modified":"2024-06-04T15:41:54","modified_gmt":"2024-06-04T18:41:54","slug":"disciplinas-especiais","status":"publish","type":"page","link":"https:\/\/sites.uel.br\/prograd\/disciplinas-especiais\/","title":{"rendered":"Disciplinas Especiais"},"content":{"rendered":"\n<hr class=\"wp-block-separator has-alpha-channel-opacity is-style-wide\"\/>\n\n\n\n<p>As disciplinas especiais s\u00e3o categorizadas como Atividades Acad\u00eamicas Complementares e dever\u00e3o ter conte\u00fado relativo ao curso ao qual s\u00e3o oferecidas, tendo ou n\u00e3o car\u00e1ter multidisciplinar, vedada a repeti\u00e7\u00e3o de conte\u00fados espec\u00edficos das disciplinas obrigat\u00f3rias.<\/p>\n\n\n\n<div style=\"height:20px\" aria-hidden=\"true\" class=\"wp-block-spacer\"><\/div>\n\n\n\n<p><strong>FORMUL\u00c1RIOS<\/strong><\/p>\n\n\n\n<p><a href=\"https:\/\/sites.uel.br\/prograd\/wp-content\/uploads\/formularios\/disciplinas\/formularios-disciplinas-especiais.doc\" target=\"_blank\" rel=\"noreferrer noopener\">Formul\u00e1rio para Disciplina Especial<\/a><\/p>\n\n\n\n<p><a href=\"https:\/\/sites.uel.br\/prograd\/wp-content\/uploads\/dcc\/lista_alunos_disc.doc\" target=\"_blank\" rel=\"noreferrer noopener\">Lista de Estudantes para Disciplina Especial<\/a><br><em><strong>Obs:<\/strong>\u00a0Esta listagem deve acompanhar as ofertas de Disciplina Especial para o segundo semestre letivo (preenchimento obrigat\u00f3rio somente para propostas a partir do 2\u00ba semestre).<\/em><\/p>\n\n\n\n<div style=\"height:20px\" aria-hidden=\"true\" class=\"wp-block-spacer\"><\/div>\n\n\n\n<p><strong>LEGISLA\u00c7\u00c3O<\/strong><\/p>\n\n\n\n<p><a href=\"https:\/\/sites.uel.br\/prograd\/wp-content\/uploads\/documentos\/deliberacoes\/2010\/deliberacao_04_10.pdf\" target=\"_blank\" rel=\"noreferrer noopener\">Delibera\u00e7\u00e3o da C\u00e2mara de Gradua\u00e7\u00e3o n\u00ba 04\/2010<br><\/a>Estabelece procedimentos para a oferta de disciplinas especiais, especiais programadas e optativas<\/p>\n\n\n\n<p><a href=\"https:\/\/sites.uel.br\/prograd\/wp-content\/uploads\/documentos\/resolucoes\/2005\/resolucao_139_05.pdf\" target=\"_blank\" rel=\"noreferrer noopener\">Resolu\u00e7\u00e3o CEPE n\u00ba 139\/2005<\/a><br>Estabelece normas e procedimentos para a oferta de disciplinas especiais para os Cursos de Gradua\u00e7\u00e3o da Universidade Estadual de Londrina<\/p>\n\n\n\n<p><a href=\"https:\/\/sites.uel.br\/prograd\/wp-content\/uploads\/documentos\/resolucoes\/2013\/resolucao_130_13.pdf\" target=\"_blank\" rel=\"noreferrer noopener\">Resolu\u00e7\u00e3o CEPE n\u00ba 130\/2013<\/a><br>Altera a Resolu\u00e7\u00e3o CEPE 139\/2005, que estabelece normas e procedimentos para a oferta de disciplina especial, acrescendo o \u00a7 4\u00ba no Art. 2\u00ba, referente \u00e0 oferta da disciplina L\u00edngua Brasileira de Sinais (Libras)<\/p>\n","protected":false},"excerpt":{"rendered":"<p>As disciplinas especiais s\u00e3o categorizadas como Atividades Acad\u00eamicas Complementares e dever\u00e3o ter conte\u00fado relativo ao curso ao qual s\u00e3o oferecidas, tendo ou n\u00e3o car\u00e1ter multidisciplinar, vedada a repeti\u00e7\u00e3o de conte\u00fados espec\u00edficos das disciplinas obrigat\u00f3rias. FORMUL\u00c1RIOS Formul\u00e1rio para Disciplina Especial Lista de Estudantes para Disciplina EspecialObs:\u00a0Esta listagem deve acompanhar as ofertas de Disciplina Especial para o [&hellip;]<\/p>\n","protected":false},"author":8,"featured_media":0,"parent":0,"menu_order":0,"comment_status":"closed","ping_status":"closed","template":"","meta":{"_acf_changed":false,"_themeisle_gutenberg_block_has_review":false,"footnotes":""},"class_list":["post-15008","page","type-page","status-publish","hentry"],"acf":[],"_links":{"self":[{"href":"https:\/\/sites.uel.br\/prograd\/wp-json\/wp\/v2\/pages\/15008","targetHints":{"allow":["GET"]}}],"collection":[{"href":"https:\/\/sites.uel.br\/prograd\/wp-json\/wp\/v2\/pages"}],"about":[{"href":"https:\/\/sites.uel.br\/prograd\/wp-json\/wp\/v2\/types\/page"}],"author":[{"embeddable":true,"href":"https:\/\/sites.uel.br\/prograd\/wp-json\/wp\/v2\/users\/8"}],"replies":[{"embeddable":true,"href":"https:\/\/sites.uel.br\/prograd\/wp-json\/wp\/v2\/comments?post=15008"}],"version-history":[{"count":7,"href":"https:\/\/sites.uel.br\/prograd\/wp-json\/wp\/v2\/pages\/15008\/revisions"}],"predecessor-version":[{"id":30465,"href":"https:\/\/sites.uel.br\/prograd\/wp-json\/wp\/v2\/pages\/15008\/revisions\/30465"}],"wp:attachment":[{"href":"https:\/\/sites.uel.br\/prograd\/wp-json\/wp\/v2\/media?parent=15008"}],"curies":[{"name":"wp","href":"https:\/\/api.w.org\/{rel}","templated":true}]}}