{"id":150,"date":"2022-12-14T13:31:15","date_gmt":"2022-12-14T16:31:15","guid":{"rendered":"https:\/\/sites.uel.br\/prograd\/?page_id=150"},"modified":"2026-01-19T11:09:57","modified_gmt":"2026-01-19T14:09:57","slug":"instrucoes-de-servico-prograd","status":"publish","type":"page","link":"https:\/\/sites.uel.br\/prograd\/instrucoes-de-servico-prograd\/","title":{"rendered":"Instru\u00e7\u00f5es de Servi\u00e7o"},"content":{"rendered":"\n<hr class=\"wp-block-separator has-alpha-channel-opacity is-style-wide\"\/>\n\n\n\n<h2 class=\"wp-block-heading\">PROGRAD<\/h2>\n\n\n\n<figure class=\"wp-block-table is-style-stripes\"><table class=\"has-cinza-claro-background-color has-background\"><tbody><tr><td class=\"has-text-align-center\" data-align=\"center\"><a href=\"http:\/\/www.uel.br\/prograd\/?content=documentos\/resolucoes\/2023\/resolucoes.html\"><\/a><strong><a href=\"https:\/\/sites.uel.br\/prograd\/instrucoes-de-servico-2026\/\">2026<\/a><\/strong><\/td><\/tr><\/tbody><\/table><\/figure>\n\n\n\n<figure class=\"wp-block-table is-style-stripes\"><table class=\"has-cinza-claro-background-color has-background\"><tbody><tr><td class=\"has-text-align-center\" data-align=\"center\"><a href=\"http:\/\/www.uel.br\/prograd\/?content=documentos\/resolucoes\/2023\/resolucoes.html\"><\/a><strong><a href=\"https:\/\/sites.uel.br\/prograd\/instrucoes-de-servico-2025\/\">2025<\/a><\/strong><\/td><\/tr><\/tbody><\/table><\/figure>\n\n\n\n<figure class=\"wp-block-table is-style-stripes\"><table class=\"has-cinza-claro-background-color has-background\"><tbody><tr><td class=\"has-text-align-center\" data-align=\"center\"><a href=\"http:\/\/www.uel.br\/prograd\/?content=documentos\/resolucoes\/2023\/resolucoes.html\"><\/a><strong><a href=\"https:\/\/sites.uel.br\/prograd\/instrucoes-de-servico-2024\/\">2024<\/a><\/strong><\/td><\/tr><\/tbody><\/table><\/figure>\n\n\n\n<figure class=\"wp-block-table is-style-stripes\"><table class=\"has-cinza-claro-background-color has-background\"><tbody><tr><td class=\"has-text-align-center\" data-align=\"center\"><a href=\"http:\/\/www.uel.br\/prograd\/?content=documentos\/resolucoes\/2023\/resolucoes.html\"><\/a><strong><a href=\"https:\/\/sites.uel.br\/prograd\/instrucoes-de-servico-2023\/\">2023<\/a><\/strong><\/td><\/tr><\/tbody><\/table><\/figure>\n\n\n\n<figure class=\"wp-block-table is-style-stripes\"><table class=\"has-cinza-claro-background-color has-background\"><tbody><tr><td class=\"has-text-align-center\" data-align=\"center\"><a href=\"http:\/\/www.uel.br\/prograd\/?content=documentos\/resolucoes\/2023\/resolucoes.html\"><\/a><strong><a href=\"https:\/\/sites.uel.br\/prograd\/instrucoes-de-servico-2022\/\">2022<\/a><\/strong><\/td><\/tr><\/tbody><\/table><\/figure>\n\n\n\n<figure class=\"wp-block-table is-style-stripes\"><table class=\"has-cinza-claro-background-color has-background\"><tbody><tr><td class=\"has-text-align-center\" data-align=\"center\"><a href=\"http:\/\/www.uel.br\/prograd\/?content=documentos\/resolucoes\/2023\/resolucoes.html\"><\/a><strong><a href=\"https:\/\/sites.uel.br\/prograd\/instrucoes-de-servico-2021\/\">2021<\/a><\/strong><\/td><\/tr><\/tbody><\/table><\/figure>\n\n\n\n<figure class=\"wp-block-table is-style-stripes\"><table class=\"has-cinza-claro-background-color has-background\"><tbody><tr><td class=\"has-text-align-center\" data-align=\"center\"><a href=\"http:\/\/www.uel.br\/prograd\/?content=documentos\/resolucoes\/2023\/resolucoes.html\"><\/a><strong><strong><a href=\"https:\/\/sites.uel.br\/prograd\/instrucoes-de-servico-2020\/\">2020<\/a><\/strong><\/strong><\/td><\/tr><\/tbody><\/table><\/figure>\n\n\n\n<figure class=\"wp-block-table is-style-stripes\"><table class=\"has-cinza-claro-background-color has-background\"><tbody><tr><td class=\"has-text-align-center\" data-align=\"center\"><a href=\"http:\/\/www.uel.br\/prograd\/?content=documentos\/resolucoes\/2023\/resolucoes.html\"><\/a><strong><strong><a href=\"https:\/\/sites.uel.br\/prograd\/instrucoes-de-servico-2019\/\">2019<\/a><\/strong><\/strong><\/td><\/tr><\/tbody><\/table><\/figure>\n\n\n\n<figure class=\"wp-block-table is-style-stripes\"><table class=\"has-cinza-claro-background-color has-background\"><tbody><tr><td class=\"has-text-align-center\" data-align=\"center\"><a href=\"http:\/\/www.uel.br\/prograd\/?content=documentos\/resolucoes\/2023\/resolucoes.html\"><\/a><strong><strong><a href=\"https:\/\/sites.uel.br\/prograd\/instrucoes-de-servico-2018\/\">2018<\/a><\/strong><\/strong><\/td><\/tr><\/tbody><\/table><\/figure>\n\n\n\n<figure class=\"wp-block-table is-style-stripes\"><table class=\"has-cinza-claro-background-color has-background\"><tbody><tr><td class=\"has-text-align-center\" data-align=\"center\"><a href=\"http:\/\/www.uel.br\/prograd\/?content=documentos\/resolucoes\/2023\/resolucoes.html\"><\/a><strong><strong><a href=\"https:\/\/sites.uel.br\/prograd\/instrucoes-de-servico-2017\/\">2017<\/a><\/strong><\/strong><\/td><\/tr><\/tbody><\/table><\/figure>\n\n\n\n<figure class=\"wp-block-table is-style-stripes\"><table class=\"has-cinza-claro-background-color has-background\"><tbody><tr><td class=\"has-text-align-center\" data-align=\"center\"><a href=\"http:\/\/www.uel.br\/prograd\/?content=documentos\/resolucoes\/2023\/resolucoes.html\"><\/a><strong><strong><a href=\"https:\/\/sites.uel.br\/prograd\/instrucoes-de-servico-2016\/\">2016<\/a><\/strong><\/strong><\/td><\/tr><\/tbody><\/table><\/figure>\n\n\n\n<figure class=\"wp-block-table is-style-stripes\"><table class=\"has-cinza-claro-background-color has-background\"><tbody><tr><td class=\"has-text-align-center\" data-align=\"center\"><a href=\"http:\/\/www.uel.br\/prograd\/?content=documentos\/resolucoes\/2023\/resolucoes.html\"><\/a><strong><strong><a href=\"https:\/\/sites.uel.br\/prograd\/instrucoes-de-servico-2015\/\">2015<\/a><\/strong><\/strong><\/td><\/tr><\/tbody><\/table><\/figure>\n\n\n\n<figure class=\"wp-block-table is-style-stripes\"><table class=\"has-cinza-claro-background-color has-background\"><tbody><tr><td class=\"has-text-align-center\" data-align=\"center\"><a href=\"http:\/\/www.uel.br\/prograd\/?content=documentos\/resolucoes\/2023\/resolucoes.html\"><\/a><strong><strong><a href=\"https:\/\/sites.uel.br\/prograd\/instrucoes-de-servico-2014\/\">2014<\/a><\/strong><\/strong><\/td><\/tr><\/tbody><\/table><\/figure>\n\n\n\n<figure class=\"wp-block-table is-style-stripes\"><table class=\"has-cinza-claro-background-color has-background\"><tbody><tr><td class=\"has-text-align-center\" data-align=\"center\"><a href=\"http:\/\/www.uel.br\/prograd\/?content=documentos\/resolucoes\/2023\/resolucoes.html\"><\/a><strong><strong><a href=\"https:\/\/sites.uel.br\/prograd\/instrucoes-de-servico-2013\/\">2013<\/a><\/strong><\/strong><\/td><\/tr><\/tbody><\/table><\/figure>\n\n\n\n<figure class=\"wp-block-table is-style-stripes\"><table class=\"has-cinza-claro-background-color has-background\"><tbody><tr><td class=\"has-text-align-center\" data-align=\"center\"><a href=\"http:\/\/www.uel.br\/prograd\/?content=documentos\/resolucoes\/2023\/resolucoes.html\"><\/a><strong><strong><a href=\"https:\/\/sites.uel.br\/prograd\/instrucoes-de-servico-2012\/\">2012<\/a><\/strong><\/strong><\/td><\/tr><\/tbody><\/table><\/figure>\n\n\n\n<figure class=\"wp-block-table is-style-stripes\"><table class=\"has-cinza-claro-background-color has-background\"><tbody><tr><td class=\"has-text-align-center\" data-align=\"center\"><a href=\"http:\/\/www.uel.br\/prograd\/?content=documentos\/resolucoes\/2023\/resolucoes.html\"><\/a><strong><strong><a href=\"https:\/\/sites.uel.br\/prograd\/instrucoes-de-servico-2011\/\">2011<\/a><\/strong><\/strong><\/td><\/tr><\/tbody><\/table><\/figure>\n\n\n\n<figure class=\"wp-block-table is-style-stripes\"><table class=\"has-cinza-claro-background-color has-background\"><tbody><tr><td class=\"has-text-align-center\" data-align=\"center\"><a href=\"http:\/\/www.uel.br\/prograd\/?content=documentos\/resolucoes\/2023\/resolucoes.html\"><\/a><strong><strong><a href=\"https:\/\/sites.uel.br\/prograd\/instrucoes-de-servico-2010\/\">2010<\/a><\/strong><\/strong><\/td><\/tr><\/tbody><\/table><\/figure>\n\n\n\n<figure class=\"wp-block-table is-style-stripes\"><table class=\"has-cinza-claro-background-color has-background\"><tbody><tr><td class=\"has-text-align-center\" data-align=\"center\"><a href=\"http:\/\/www.uel.br\/prograd\/?content=documentos\/resolucoes\/2023\/resolucoes.html\"><\/a><strong><strong><a href=\"https:\/\/sites.uel.br\/prograd\/instrucoes-de-servico-2009\/\">2009<\/a><\/strong><\/strong><\/td><\/tr><\/tbody><\/table><\/figure>\n\n\n\n<figure class=\"wp-block-table is-style-stripes\"><table class=\"has-cinza-claro-background-color has-background\"><tbody><tr><td class=\"has-text-align-center\" data-align=\"center\"><a href=\"http:\/\/www.uel.br\/prograd\/?content=documentos\/resolucoes\/2023\/resolucoes.html\"><\/a><strong><strong><a href=\"https:\/\/sites.uel.br\/prograd\/instrucoes-de-servico-2008\/\">2008<\/a><\/strong><\/strong><\/td><\/tr><\/tbody><\/table><\/figure>\n\n\n\n<figure class=\"wp-block-table is-style-stripes\"><table class=\"has-cinza-claro-background-color has-background\"><tbody><tr><td class=\"has-text-align-center\" data-align=\"center\"><a href=\"http:\/\/www.uel.br\/prograd\/?content=documentos\/resolucoes\/2023\/resolucoes.html\"><\/a><strong><strong><a href=\"https:\/\/sites.uel.br\/prograd\/instrucoes-de-servico-2007\/\">2007<\/a><\/strong><\/strong><\/td><\/tr><\/tbody><\/table><\/figure>\n\n\n\n<figure class=\"wp-block-table is-style-stripes\"><table class=\"has-cinza-claro-background-color has-background\"><tbody><tr><td class=\"has-text-align-center\" data-align=\"center\"><strong><a href=\"https:\/\/sites.uel.br\/prograd\/instrucoes-de-servico-2006\/\">2006<\/a><\/strong><\/td><\/tr><\/tbody><\/table><\/figure>\n","protected":false},"excerpt":{"rendered":"<p>PROGRAD 2026 2025 2024 2023 2022 2021 2020 2019 2018 2017 2016 2015 2014 2013 2012 2011 2010 2009 2008 2007 2006<\/p>\n","protected":false},"author":2,"featured_media":0,"parent":0,"menu_order":0,"comment_status":"closed","ping_status":"closed","template":"","meta":{"_acf_changed":false,"_themeisle_gutenberg_block_has_review":false,"footnotes":""},"class_list":["post-150","page","type-page","status-publish","hentry"],"acf":[],"_links":{"self":[{"href":"https:\/\/sites.uel.br\/prograd\/wp-json\/wp\/v2\/pages\/150","targetHints":{"allow":["GET"]}}],"collection":[{"href":"https:\/\/sites.uel.br\/prograd\/wp-json\/wp\/v2\/pages"}],"about":[{"href":"https:\/\/sites.uel.br\/prograd\/wp-json\/wp\/v2\/types\/page"}],"author":[{"embeddable":true,"href":"https:\/\/sites.uel.br\/prograd\/wp-json\/wp\/v2\/users\/2"}],"replies":[{"embeddable":true,"href":"https:\/\/sites.uel.br\/prograd\/wp-json\/wp\/v2\/comments?post=150"}],"version-history":[{"count":11,"href":"https:\/\/sites.uel.br\/prograd\/wp-json\/wp\/v2\/pages\/150\/revisions"}],"predecessor-version":[{"id":36620,"href":"https:\/\/sites.uel.br\/prograd\/wp-json\/wp\/v2\/pages\/150\/revisions\/36620"}],"wp:attachment":[{"href":"https:\/\/sites.uel.br\/prograd\/wp-json\/wp\/v2\/media?parent=150"}],"curies":[{"name":"wp","href":"https:\/\/api.w.org\/{rel}","templated":true}]}}