{"id":146,"date":"2022-12-14T13:30:26","date_gmt":"2022-12-14T16:30:26","guid":{"rendered":"https:\/\/sites.uel.br\/prograd\/?page_id=146"},"modified":"2026-02-25T11:43:20","modified_gmt":"2026-02-25T14:43:20","slug":"deliberacoes_camara-de-graduacao","status":"publish","type":"page","link":"https:\/\/sites.uel.br\/prograd\/deliberacoes_camara-de-graduacao\/","title":{"rendered":"Delibera\u00e7\u00f5es (C\u00e2mara de Gradua\u00e7\u00e3o)"},"content":{"rendered":"\n<hr class=\"wp-block-separator has-alpha-channel-opacity is-style-wide\" \/>\n\n\n\n<p class=\"has-text-align-center\"><a href=\"https:\/\/sites.uel.br\/prograd\/deliberacoes-camara-de-graduacao\/\"><strong>2026<\/strong><\/a><\/p>\n\n\n\n<figure class=\"wp-block-table is-style-stripes\"><table class=\"has-cinza-claro-background-color has-background\"><tbody><tr><td class=\"has-text-align-center\" data-align=\"center\"><a href=\"http:\/\/www.uel.br\/prograd\/?content=documentos\/resolucoes\/2023\/resolucoes.html\"><\/a><strong><strong><a href=\"https:\/\/sites.uel.br\/prograd\/deliberacoes-camara-de-graduacao-2025\/\">2025<\/a><\/strong><\/strong><\/td><\/tr><\/tbody><\/table><\/figure>\n\n\n\n<figure class=\"wp-block-table is-style-stripes\"><table class=\"has-cinza-claro-background-color has-background\"><tbody><tr><td class=\"has-text-align-center\" data-align=\"center\"><a href=\"http:\/\/www.uel.br\/prograd\/?content=documentos\/resolucoes\/2023\/resolucoes.html\"><\/a><strong><strong><a href=\"https:\/\/sites.uel.br\/prograd\/deliberacoes-camara-de-graduacao-2024\/\">2024<\/a><\/strong><\/strong><\/td><\/tr><\/tbody><\/table><\/figure>\n\n\n\n<figure class=\"wp-block-table is-style-stripes\"><table class=\"has-cinza-claro-background-color has-background\"><tbody><tr><td class=\"has-text-align-center\" data-align=\"center\"><a href=\"http:\/\/www.uel.br\/prograd\/?content=documentos\/resolucoes\/2023\/resolucoes.html\"><\/a><strong><strong><a href=\"https:\/\/sites.uel.br\/prograd\/deliberacoes-camara-de-graduacao-2023\/\">2023<\/a><\/strong><\/strong><\/td><\/tr><\/tbody><\/table><\/figure>\n\n\n\n<figure class=\"wp-block-table is-style-stripes\"><table class=\"has-cinza-claro-background-color has-background\"><tbody><tr><td class=\"has-text-align-center\" data-align=\"center\"><a href=\"http:\/\/www.uel.br\/prograd\/?content=documentos\/resolucoes\/2023\/resolucoes.html\"><\/a><strong><strong><a href=\"https:\/\/sites.uel.br\/prograd\/deliberacoes-camara-de-graduacao-2022\/\">2022<\/a><\/strong><\/strong><\/td><\/tr><\/tbody><\/table><\/figure>\n\n\n\n<figure class=\"wp-block-table is-style-stripes\"><table class=\"has-cinza-claro-background-color has-background\"><tbody><tr><td class=\"has-text-align-center\" data-align=\"center\"><a href=\"http:\/\/www.uel.br\/prograd\/?content=documentos\/resolucoes\/2023\/resolucoes.html\"><\/a><strong><strong><a href=\"https:\/\/sites.uel.br\/prograd\/deliberacoes-camara-de-graduacao-2021\/\">2021<\/a><\/strong><\/strong><\/td><\/tr><\/tbody><\/table><\/figure>\n\n\n\n<figure class=\"wp-block-table is-style-stripes\"><table class=\"has-cinza-claro-background-color has-background\"><tbody><tr><td class=\"has-text-align-center\" data-align=\"center\"><a href=\"http:\/\/www.uel.br\/prograd\/?content=documentos\/resolucoes\/2023\/resolucoes.html\"><\/a><strong><strong><a href=\"https:\/\/sites.uel.br\/prograd\/deliberacoes-camara-de-graduacao-2020\/\">2020<\/a><\/strong><\/strong><\/td><\/tr><\/tbody><\/table><\/figure>\n\n\n\n<figure class=\"wp-block-table is-style-stripes\"><table class=\"has-cinza-claro-background-color has-background\"><tbody><tr><td class=\"has-text-align-center\" data-align=\"center\"><a href=\"http:\/\/www.uel.br\/prograd\/?content=documentos\/resolucoes\/2023\/resolucoes.html\"><\/a><strong><strong><a href=\"https:\/\/sites.uel.br\/prograd\/deliberacoes-camara-de-graduacao-2019\/\">2019<\/a><\/strong><\/strong><\/td><\/tr><\/tbody><\/table><\/figure>\n\n\n\n<figure class=\"wp-block-table is-style-stripes\"><table class=\"has-cinza-claro-background-color has-background\"><tbody><tr><td class=\"has-text-align-center\" data-align=\"center\"><a href=\"http:\/\/www.uel.br\/prograd\/?content=documentos\/resolucoes\/2023\/resolucoes.html\"><\/a><strong><strong><a href=\"https:\/\/sites.uel.br\/prograd\/deliberacoes-camara-de-graduacao-2018\/\">2018<\/a><\/strong><\/strong><\/td><\/tr><\/tbody><\/table><\/figure>\n\n\n\n<figure class=\"wp-block-table is-style-stripes\"><table class=\"has-cinza-claro-background-color has-background\"><tbody><tr><td class=\"has-text-align-center\" data-align=\"center\"><a href=\"http:\/\/www.uel.br\/prograd\/?content=documentos\/resolucoes\/2023\/resolucoes.html\"><\/a><strong><strong><a href=\"https:\/\/sites.uel.br\/prograd\/deliberacoes-camara-de-graduacao-2017\/\">2017<\/a><\/strong><\/strong><\/td><\/tr><\/tbody><\/table><\/figure>\n\n\n\n<figure class=\"wp-block-table is-style-stripes\"><table class=\"has-cinza-claro-background-color has-background\"><tbody><tr><td class=\"has-text-align-center\" data-align=\"center\"><a href=\"http:\/\/www.uel.br\/prograd\/?content=documentos\/resolucoes\/2023\/resolucoes.html\"><\/a><strong><strong><a href=\"https:\/\/sites.uel.br\/prograd\/deliberacoes-camara-de-graduacao-2016\/\">2016<\/a><\/strong><\/strong><\/td><\/tr><\/tbody><\/table><\/figure>\n\n\n\n<figure class=\"wp-block-table is-style-stripes\"><table class=\"has-cinza-claro-background-color has-background\"><tbody><tr><td class=\"has-text-align-center\" data-align=\"center\"><a href=\"http:\/\/www.uel.br\/prograd\/?content=documentos\/resolucoes\/2023\/resolucoes.html\"><\/a><strong><strong><a href=\"https:\/\/sites.uel.br\/prograd\/deliberacoes-camara-de-graduacao-2015\/\">2015<\/a><\/strong><\/strong><\/td><\/tr><\/tbody><\/table><\/figure>\n\n\n\n<figure class=\"wp-block-table is-style-stripes\"><table class=\"has-cinza-claro-background-color has-background\"><tbody><tr><td class=\"has-text-align-center\" data-align=\"center\"><strong><a href=\"https:\/\/sites.uel.br\/prograd\/deliberacoes-camara-de-graduacao-2014\/\">2014<\/a><\/strong><\/td><\/tr><\/tbody><\/table><\/figure>\n\n\n\n<figure class=\"wp-block-table is-style-stripes\"><table class=\"has-cinza-claro-background-color has-background\"><tbody><tr><td class=\"has-text-align-center\" data-align=\"center\"><a href=\"http:\/\/www.uel.br\/prograd\/?content=documentos\/resolucoes\/2023\/resolucoes.html\"><\/a><strong><strong><a href=\"https:\/\/sites.uel.br\/prograd\/deliberacoes-camara-de-graduacao-2013\/\">2013<\/a><\/strong><\/strong><\/td><\/tr><\/tbody><\/table><\/figure>\n\n\n\n<figure class=\"wp-block-table is-style-stripes\"><table class=\"has-cinza-claro-background-color has-background\"><tbody><tr><td class=\"has-text-align-center\" data-align=\"center\"><a href=\"http:\/\/www.uel.br\/prograd\/?content=documentos\/resolucoes\/2023\/resolucoes.html\"><\/a><strong><strong><a href=\"https:\/\/sites.uel.br\/prograd\/deliberacoes-camara-de-graduacao-2012\/\">2012<\/a><\/strong><\/strong><\/td><\/tr><\/tbody><\/table><\/figure>\n\n\n\n<figure class=\"wp-block-table is-style-stripes\"><table class=\"has-cinza-claro-background-color has-background\"><tbody><tr><td class=\"has-text-align-center\" data-align=\"center\"><strong><a href=\"https:\/\/sites.uel.br\/prograd\/deliberacoes-camara-de-graduacao-2011\/\">2011<\/a><\/strong><\/td><\/tr><\/tbody><\/table><\/figure>\n\n\n\n<figure class=\"wp-block-table is-style-stripes\"><table class=\"has-cinza-claro-background-color has-background\"><tbody><tr><td class=\"has-text-align-center\" data-align=\"center\"><strong><a href=\"https:\/\/sites.uel.br\/prograd\/deliberacoes-camara-de-graduacao-2010\/\">2010<\/a><\/strong><\/td><\/tr><\/tbody><\/table><\/figure>\n\n\n\n<figure class=\"wp-block-table is-style-stripes\"><table class=\"has-cinza-claro-background-color has-background\"><tbody><tr><td class=\"has-text-align-center\" data-align=\"center\"><strong><a href=\"https:\/\/sites.uel.br\/prograd\/deliberacoes-camara-de-graduacao-2009\/\">2009<\/a><\/strong><\/td><\/tr><\/tbody><\/table><\/figure>\n\n\n\n<figure class=\"wp-block-table is-style-stripes\"><table class=\"has-cinza-claro-background-color has-background\"><tbody><tr><td class=\"has-text-align-center\" data-align=\"center\"><strong><a href=\"https:\/\/sites.uel.br\/prograd\/deliberacoes-camara-de-graduacao-2008\/\">2008<\/a><\/strong><\/td><\/tr><\/tbody><\/table><\/figure>\n\n\n\n<figure class=\"wp-block-table is-style-stripes\"><table class=\"has-cinza-claro-background-color has-background\"><tbody><tr><td class=\"has-text-align-center\" data-align=\"center\"><a href=\"http:\/\/www.uel.br\/prograd\/?content=documentos\/resolucoes\/2023\/resolucoes.html\"><\/a><strong><strong><a href=\"https:\/\/sites.uel.br\/prograd\/deliberacoes-camara-de-graduacao-2007\/\">2007<\/a><\/strong><\/strong><\/td><\/tr><\/tbody><\/table><\/figure>\n\n\n\n<figure class=\"wp-block-table is-style-stripes\"><table class=\"has-cinza-claro-background-color has-background\"><tbody><tr><td class=\"has-text-align-center\" data-align=\"center\"><strong><a href=\"https:\/\/sites.uel.br\/prograd\/deliberacoes-camara-de-graduacao-2006\/\">2006<\/a><\/strong><\/td><\/tr><\/tbody><\/table><\/figure>\n\n\n\n<figure class=\"wp-block-table is-style-stripes\"><table class=\"has-cinza-claro-background-color has-background\"><tbody><tr><td class=\"has-text-align-center\" data-align=\"center\"><strong><a href=\"https:\/\/sites.uel.br\/prograd\/deliberacoes-camara-de-graduacao-2005\/\">2005<\/a><\/strong><\/td><\/tr><\/tbody><\/table><\/figure>\n","protected":false},"excerpt":{"rendered":"<p>2026 2025 2024 2023 2022 2021 2020 2019 2018 2017 2016 2015 2014 2013 2012 2011 2010 2009 2008 2007 2006 2005<\/p>\n","protected":false},"author":2,"featured_media":0,"parent":0,"menu_order":0,"comment_status":"closed","ping_status":"closed","template":"","meta":{"_acf_changed":false,"_themeisle_gutenberg_block_has_review":false,"footnotes":""},"class_list":["post-146","page","type-page","status-publish","hentry"],"acf":[],"_links":{"self":[{"href":"https:\/\/sites.uel.br\/prograd\/wp-json\/wp\/v2\/pages\/146","targetHints":{"allow":["GET"]}}],"collection":[{"href":"https:\/\/sites.uel.br\/prograd\/wp-json\/wp\/v2\/pages"}],"about":[{"href":"https:\/\/sites.uel.br\/prograd\/wp-json\/wp\/v2\/types\/page"}],"author":[{"embeddable":true,"href":"https:\/\/sites.uel.br\/prograd\/wp-json\/wp\/v2\/users\/2"}],"replies":[{"embeddable":true,"href":"https:\/\/sites.uel.br\/prograd\/wp-json\/wp\/v2\/comments?post=146"}],"version-history":[{"count":20,"href":"https:\/\/sites.uel.br\/prograd\/wp-json\/wp\/v2\/pages\/146\/revisions"}],"predecessor-version":[{"id":36898,"href":"https:\/\/sites.uel.br\/prograd\/wp-json\/wp\/v2\/pages\/146\/revisions\/36898"}],"wp:attachment":[{"href":"https:\/\/sites.uel.br\/prograd\/wp-json\/wp\/v2\/media?parent=146"}],"curies":[{"name":"wp","href":"https:\/\/api.w.org\/{rel}","templated":true}]}}