{"id":1457,"date":"2023-02-14T14:53:44","date_gmt":"2023-02-14T17:53:44","guid":{"rendered":"https:\/\/sites.uel.br\/prograd\/?page_id=1457"},"modified":"2025-12-15T11:00:42","modified_gmt":"2025-12-15T14:00:42","slug":"regulamentos-trabalho-de-conclusao-de-curso-tcc","status":"publish","type":"page","link":"https:\/\/sites.uel.br\/prograd\/regulamentos-trabalho-de-conclusao-de-curso-tcc\/","title":{"rendered":"Regulamentos"},"content":{"rendered":"\n<hr class=\"wp-block-separator has-alpha-channel-opacity is-style-wide\"\/>\n\n\n\n<h2 class=\"wp-block-heading\" style=\"font-size:25px\">Trabalho de Conclus\u00e3o de Curso (TCC)<\/h2>\n\n\n\n<div style=\"height:22px\" aria-hidden=\"true\" class=\"wp-block-spacer\"><\/div>\n\n\n\n<p><strong><u>ARQUITETURA E URBANISMO<\/u><\/strong><\/p>\n\n\n\n<p><strong>Arquitetura e Urbanismo<\/strong>&nbsp;&#8211;&nbsp;<a href=\"https:\/\/sites.uel.br\/prograd\/wp-content\/uploads\/documentos\/deliberacoes\/2022\/deliberacao_11_22.pdf\" target=\"_blank\" rel=\"noreferrer noopener\">Delibera\u00e7\u00e3o 11\/2022<\/a><\/p>\n\n\n\n<p><strong>Arquitetura e Urbanismo<\/strong>&nbsp;&#8211;&nbsp;<a href=\"https:\/\/sites.uel.br\/prograd\/wp-content\/uploads\/documentos\/deliberacoes\/2013\/deliberacao_45_13.pdf\" target=\"_blank\" rel=\"noreferrer noopener\">Delibera\u00e7\u00e3o 45\/2013<\/a><\/p>\n\n\n\n<p><strong>Arquitetura e Urbanismo<\/strong>&nbsp;&#8211;&nbsp;<a href=\"https:\/\/sites.uel.br\/prograd\/wp-content\/uploads\/documentos\/deliberacoes\/2006\/deliberacao_26_06.pdf\" target=\"_blank\" rel=\"noreferrer noopener\">Delibera\u00e7\u00e3o 26\/2006<\/a><\/p>\n\n\n\n<p><br><strong><u>ARQUIVOLOGIA<\/u><\/strong><\/p>\n\n\n\n<p><strong>Arquivologia<\/strong>&nbsp;&#8211;&nbsp;<a href=\"https:\/\/sites.uel.br\/prograd\/wp-content\/uploads\/documentos\/deliberacoes\/2017\/deliberacao_35_17.pdf\" target=\"_blank\" rel=\"noreferrer noopener\">Delibera\u00e7\u00e3o 35\/2017<\/a><\/p>\n\n\n\n<p><strong>Arquivologia<\/strong>&nbsp;&#8211;&nbsp;<a href=\"https:\/\/sites.uel.br\/prograd\/wp-content\/uploads\/documentos\/deliberacoes\/2012\/deliberacao_06_12.pdf\" target=\"_blank\" rel=\"noreferrer noopener\">Delibera\u00e7\u00e3o 06\/2012<\/a><\/p>\n\n\n\n<p><strong>Arquivologia<\/strong>&nbsp;&#8211;&nbsp;<a href=\"https:\/\/sites.uel.br\/prograd\/wp-content\/uploads\/documentos\/deliberacoes\/2008\/deliberacao_06_08.pdf\" target=\"_blank\" rel=\"noreferrer noopener\">Delibera\u00e7\u00e3o 06\/2008<\/a><\/p>\n\n\n\n<p><br><strong><u>ARTES VISUAIS<\/u><\/strong><\/p>\n\n\n\n<p><strong>Artes Visuais<\/strong>&nbsp;&#8211;&nbsp;<a href=\"https:\/\/sites.uel.br\/prograd\/wp-content\/uploads\/documentos\/deliberacoes\/2025\/deliberacao_24_25.pdf\" target=\"_blank\" rel=\"noreferrer noopener\">Delibera\u00e7\u00e3o 24\/2025<\/a><\/p>\n\n\n\n<p><strong>Artes Visuais<\/strong>&nbsp;&#8211;&nbsp;<a href=\"https:\/\/sites.uel.br\/prograd\/wp-content\/uploads\/documentos\/deliberacoes\/2018\/deliberacao_03_18.pdf\" target=\"_blank\" rel=\"noreferrer noopener\">Delibera\u00e7\u00e3o 03\/2018<\/a><\/p>\n\n\n\n<p><strong>Artes Visuais<\/strong>&nbsp;&#8211;&nbsp;<a href=\"https:\/\/sites.uel.br\/prograd\/wp-content\/uploads\/documentos\/deliberacoes\/2011\/deliberacao_05_11.pdf\" target=\"_blank\" rel=\"noreferrer noopener\">Delibera\u00e7\u00e3o 05\/2011<\/a><\/p>\n\n\n\n<p><br><strong><u>BIBLIOTECONOMIA<\/u><\/strong><\/p>\n\n\n\n<p><strong>Biblioteconomia<\/strong>&nbsp;&#8211;&nbsp;<a href=\"https:\/\/sites.uel.br\/prograd\/wp-content\/uploads\/documentos\/deliberacoes\/2017\/deliberacao_17_17.pdf\" target=\"_blank\" rel=\"noreferrer noopener\">Delibera\u00e7\u00e3o 17\/2017<\/a><\/p>\n\n\n\n<p><strong>Biblioteconomia<\/strong>&nbsp;&#8211;&nbsp;<a href=\"https:\/\/sites.uel.br\/prograd\/wp-content\/uploads\/documentos\/deliberacoes\/2011\/deliberacao_31_11.pdf\" target=\"_blank\" rel=\"noreferrer noopener\">Delibera\u00e7\u00e3o 31\/2011<\/a><\/p>\n\n\n\n<p><strong>Biblioteconomia<\/strong>&nbsp;&#8211;&nbsp;<a href=\"https:\/\/sites.uel.br\/prograd\/wp-content\/uploads\/documentos\/deliberacoes\/2007\/deliberacao_87_07.pdf\" target=\"_blank\" rel=\"noreferrer noopener\">Delibera\u00e7\u00e3o 87\/2007<\/a><\/p>\n\n\n\n<p><br><strong><u>BIOMEDICINA<\/u><\/strong><\/p>\n\n\n\n<p><strong>Biomedicina<\/strong>&nbsp;&#8211;&nbsp;<a href=\"https:\/\/sites.uel.br\/prograd\/wp-content\/uploads\/documentos\/deliberacoes\/2017\/deliberacao_07_17.pdf\" target=\"_blank\" rel=\"noreferrer noopener\">Delibera\u00e7\u00e3o 07\/2017<\/a><\/p>\n\n\n\n<p><br><strong><u>BIOTECNOLOGIA<\/u><\/strong><\/p>\n\n\n\n<p><strong>Biotecnologia<\/strong>&nbsp;&#8211;&nbsp;<a href=\"https:\/\/sites.uel.br\/prograd\/wp-content\/uploads\/documentos\/deliberacoes\/2022\/deliberacao_18_22.pdf\" target=\"_blank\" rel=\"noreferrer noopener\">Delibera\u00e7\u00e3o 18\/2022<\/a><\/p>\n\n\n\n<p><br><strong><u>CI\u00caNCIA DA COMPUTA\u00c7\u00c3O<\/u><\/strong><\/p>\n\n\n\n<p><strong>Ci\u00eancia da Computa\u00e7\u00e3o<\/strong>&nbsp;&#8211;&nbsp;<a rel=\"noreferrer noopener\" href=\"https:\/\/sites.uel.br\/prograd\/wp-content\/uploads\/documentos\/deliberacoes\/2023\/deliberacao_15_23.pdf\" target=\"_blank\">Delibera\u00e7\u00e3o 15\/2023<\/a><\/p>\n\n\n\n<p><strong>Ci\u00eancia da Computa\u00e7\u00e3o<\/strong>&nbsp;&#8211;&nbsp;<a href=\"https:\/\/sites.uel.br\/prograd\/wp-content\/uploads\/documentos\/deliberacoes\/2013\/deliberacao_29_13.pdf\" target=\"_blank\" rel=\"noreferrer noopener\">Delibera\u00e7\u00e3o 29\/2013<\/a><\/p>\n\n\n\n<p><br><strong><u>CI\u00caNCIAS BIOL\u00d3GICAS<\/u><\/strong><\/p>\n\n\n\n<p><strong>Ci\u00eancias Biol\u00f3gicas<\/strong>&nbsp;&#8211;&nbsp;<a href=\"https:\/\/sites.uel.br\/prograd\/wp-content\/uploads\/documentos\/deliberacoes\/2017\/deliberacao_05_17.pdf\" target=\"_blank\" rel=\"noreferrer noopener\">Delibera\u00e7\u00e3o 05\/2017<\/a><\/p>\n\n\n\n<p><strong>Ci\u00eancias Biol\u00f3gicas<\/strong>&nbsp;&#8211;&nbsp;<a href=\"https:\/\/sites.uel.br\/prograd\/wp-content\/uploads\/documentos\/deliberacoes\/2008\/deliberacao_10_08.pdf\" target=\"_blank\" rel=\"noreferrer noopener\">Delibera\u00e7\u00e3o 10\/2008<\/a><\/p>\n\n\n\n<p><br><strong><u>CI\u00caNCIAS CONT\u00c1BEIS<\/u><\/strong><\/p>\n\n\n\n<p><strong>Ci\u00eancias Cont\u00e1beis<\/strong>&nbsp;&#8211;&nbsp;<a href=\"https:\/\/sites.uel.br\/prograd\/wp-content\/uploads\/documentos\/deliberacoes\/2025\/deliberacao_02_25.pdf\" target=\"_blank\" rel=\"noreferrer noopener\">Delibera\u00e7\u00e3o 02\/2025<\/a><\/p>\n\n\n\n<p><br><strong><u>CI\u00caNCIAS SOCIAIS<\/u><\/strong><\/p>\n\n\n\n<p><strong>Ci\u00eancias Sociais<\/strong>&nbsp;&#8211;&nbsp;<a href=\"https:\/\/sites.uel.br\/prograd\/wp-content\/uploads\/documentos\/deliberacoes\/2022\/deliberacao_13_22.pdf\" target=\"_blank\" rel=\"noreferrer noopener\">Bacharelado &#8211; Delibera\u00e7\u00e3o 13\/2022<\/a><\/p>\n\n\n\n<p><strong>Ci\u00eancias Sociais<\/strong>&nbsp;&#8211;&nbsp;<a href=\"https:\/\/sites.uel.br\/prograd\/wp-content\/uploads\/documentos\/deliberacoes\/2022\/deliberacao_14_22.pdf\" target=\"_blank\" rel=\"noreferrer noopener\">Licenciatura &#8211; Delibera\u00e7\u00e3o 14\/2022<\/a><\/p>\n\n\n\n<p><strong>Ci\u00eancias Sociais<\/strong>&nbsp;&#8211;&nbsp;<a href=\"https:\/\/sites.uel.br\/prograd\/wp-content\/uploads\/documentos\/deliberacoes\/2006\/deliberacao_34_06.pdf\" target=\"_blank\" rel=\"noreferrer noopener\">Bacharelado &#8211; Delibera\u00e7\u00e3o 34\/2006<\/a><\/p>\n\n\n\n<p><br><strong><u>COMUNICA\u00c7\u00c3O SOCIAL &#8211; HABILITA\u00c7\u00c3O JORNALISMO<\/u><\/strong><\/p>\n\n\n\n<p><strong>Comunica\u00e7\u00e3o Social &#8211; Habilita\u00e7\u00e3o Jornalismo<\/strong>&nbsp;&#8211;&nbsp;<a href=\"https:\/\/sites.uel.br\/prograd\/wp-content\/uploads\/documentos\/deliberacoes\/2013\/deliberacao_12_13.pdf\" target=\"_blank\" rel=\"noreferrer noopener\">Delibera\u00e7\u00e3o 12\/2013<\/a><\/p>\n\n\n\n<p><strong>Comunica\u00e7\u00e3o Social &#8211; Habilita\u00e7\u00e3o Jornalismo<\/strong>&nbsp;&#8211;&nbsp;<a href=\"https:\/\/sites.uel.br\/prograd\/wp-content\/uploads\/documentos\/deliberacoes\/2009\/deliberacao_15_09.pdf\" target=\"_blank\" rel=\"noreferrer noopener\">Delibera\u00e7\u00e3o 15\/2009<\/a><\/p>\n\n\n\n<p><br><strong><u>COMUNICA\u00c7\u00c3O SOCIAL &#8211; HABILITA\u00c7\u00c3O RELA\u00c7\u00d5ES P\u00daBLICAS<\/u><\/strong><\/p>\n\n\n\n<p><strong>Comunica\u00e7\u00e3o Social &#8211; Habilita\u00e7\u00e3o Rela\u00e7\u00f5es P\u00fablicas&nbsp;<\/strong>&#8211;&nbsp;<a href=\"https:\/\/sites.uel.br\/prograd\/wp-content\/uploads\/documentos\/deliberacoes\/2012\/deliberacao_34_12.pdf\" target=\"_blank\" rel=\"noreferrer noopener\">Delibera\u00e7\u00e3o 34\/2012<\/a><\/p>\n\n\n\n<p><strong>Comunica\u00e7\u00e3o Social &#8211; Habilita\u00e7\u00e3o Rela\u00e7\u00f5es P\u00fablicas&nbsp;<\/strong>&#8211;&nbsp;<a href=\"https:\/\/sites.uel.br\/prograd\/wp-content\/uploads\/documentos\/deliberacoes\/2007\/deliberacao_86_07.pdf\" target=\"_blank\" rel=\"noreferrer noopener\">Delibera\u00e7\u00e3o 86\/2007<\/a><\/p>\n\n\n\n<p><br><strong><u>DESIGN DE MODA<\/u><\/strong><\/p>\n\n\n\n<p><strong>Design de Moda<\/strong>&nbsp;&#8211;&nbsp;<a href=\"https:\/\/sites.uel.br\/prograd\/wp-content\/uploads\/documentos\/deliberacoes\/2013\/deliberacao_02_13.pdf\" target=\"_blank\" rel=\"noreferrer noopener\">Delibera\u00e7\u00e3o 02\/2013<\/a><\/p>\n\n\n\n<p><strong>Design de Moda<\/strong>&nbsp;&#8211;&nbsp;<a href=\"https:\/\/sites.uel.br\/prograd\/wp-content\/uploads\/documentos\/deliberacoes\/2008\/deliberacao_07_08.pdf\" target=\"_blank\" rel=\"noreferrer noopener\">Delibera\u00e7\u00e3o 07\/2008<\/a><\/p>\n\n\n\n<p><br><strong><u>DESIGN GR\u00c1FICO<\/u><\/strong><\/p>\n\n\n\n<p><strong>Design Gr\u00e1fico<\/strong>&nbsp;&#8211;&nbsp;<a href=\"https:\/\/sites.uel.br\/prograd\/wp-content\/uploads\/documentos\/deliberacoes\/2022\/deliberacao_12_22.pdf\" target=\"_blank\" rel=\"noreferrer noopener\">Delibera\u00e7\u00e3o 12\/2022<\/a><\/p>\n\n\n\n<p><strong>Design Gr\u00e1fico<\/strong>&nbsp;&#8211;&nbsp;<a href=\"https:\/\/sites.uel.br\/prograd\/wp-content\/uploads\/documentos\/deliberacoes\/2008\/deliberacao_01_08.pdf\" target=\"_blank\" rel=\"noreferrer noopener\">Delibera\u00e7\u00e3o 01\/2008<\/a><\/p>\n\n\n\n<p><br><strong><u>DIREITO<\/u><\/strong><\/p>\n\n\n\n<p><strong>Direito<\/strong>&nbsp;&#8211;&nbsp;<a href=\"https:\/\/sites.uel.br\/prograd\/wp-content\/uploads\/documentos\/deliberacoes\/2012\/deliberacao_03_12.pdf\" target=\"_blank\" rel=\"noreferrer noopener\">Delibera\u00e7\u00e3o 03\/2012<\/a><\/p>\n\n\n\n<p><br><strong><u>EDUCA\u00c7\u00c3O F\u00cdSICA &#8211; BACHARELADO<\/u><\/strong><\/p>\n\n\n\n<p><strong>Educa\u00e7\u00e3o F\u00edsica<\/strong>&nbsp;&#8211;&nbsp;<a href=\"https:\/\/sites.uel.br\/prograd\/wp-content\/uploads\/documentos\/deliberacoes\/2021\/deliberacao_12_21.pdf\" target=\"_blank\" rel=\"noreferrer noopener\">Delibera\u00e7\u00e3o 12\/2021<\/a><\/p>\n\n\n\n<p><strong>Educa\u00e7\u00e3o F\u00edsica<\/strong>&nbsp;&#8211;&nbsp;<a href=\"https:\/\/sites.uel.br\/prograd\/wp-content\/uploads\/documentos\/deliberacoes\/2012\/deliberacao_12_12.pdf\" target=\"_blank\" rel=\"noreferrer noopener\">Delibera\u00e7\u00e3o 12\/2012<\/a><\/p>\n\n\n\n<p><br><strong><u>ENFERMAGEM<\/u><\/strong><\/p>\n\n\n\n<p><strong>Enfermagem<\/strong>&nbsp;&#8211;&nbsp;<a href=\"https:\/\/sites.uel.br\/prograd\/wp-content\/uploads\/documentos\/deliberacoes\/2006\/deliberacao_30_06.pdf\" target=\"_blank\" rel=\"noreferrer noopener\">Delibera\u00e7\u00e3o 30\/2006<\/a><\/p>\n\n\n\n<p><strong>Enfermagem<\/strong>&nbsp;&#8211;&nbsp;<a href=\"https:\/\/sites.uel.br\/prograd\/wp-content\/uploads\/documentos\/deliberacoes\/deliberacao_06_04.pdf\" target=\"_blank\" rel=\"noreferrer noopener\">Delibera\u00e7\u00e3o 06\/2004<\/a><\/p>\n\n\n\n<p><br><strong><u>ENGENHARIA CIVIL<\/u><\/strong><\/p>\n\n\n\n<p><strong>Engenharia Civil<\/strong>&nbsp;&#8211;&nbsp;<a href=\"https:\/\/sites.uel.br\/prograd\/wp-content\/uploads\/documentos\/deliberacoes\/2025\/deliberacao_39_25.pdf\" target=\"_blank\" rel=\"noreferrer noopener\">Delibera\u00e7\u00e3o 39\/2025<\/a><\/p>\n\n\n\n<p><br><strong><u>ENGENHARIA EL\u00c9TRICA<\/u><\/strong><\/p>\n\n\n\n<p><strong>Engenharia El\u00e9trica<\/strong>&nbsp;&#8211;&nbsp;<a href=\"https:\/\/sites.uel.br\/prograd\/wp-content\/uploads\/documentos\/deliberacoes\/2025\/deliberacao_08_25.pdf\" target=\"_blank\" rel=\"noreferrer noopener\">Delibera\u00e7\u00e3o 08\/2025<\/a><\/p>\n\n\n\n<p><strong>Engenharia El\u00e9trica<\/strong>&nbsp;&#8211;&nbsp;<a href=\"https:\/\/sites.uel.br\/prograd\/wp-content\/uploads\/documentos\/deliberacoes\/2021\/deliberacao_13_21.pdf\" target=\"_blank\" rel=\"noreferrer noopener\">Delibera\u00e7\u00e3o 13\/2021<\/a><\/p>\n\n\n\n<p><strong>Engenharia El\u00e9trica<\/strong>&nbsp;&#8211;&nbsp;<a href=\"https:\/\/sites.uel.br\/prograd\/wp-content\/uploads\/documentos\/deliberacoes\/2010\/deliberacao_12_10.pdf\" target=\"_blank\" rel=\"noreferrer noopener\">Delibera\u00e7\u00e3o 12\/2010<\/a><\/p>\n\n\n\n<p><strong>Engenharia El\u00e9trica<\/strong>&nbsp;&#8211;&nbsp;<a href=\"https:\/\/sites.uel.br\/prograd\/wp-content\/uploads\/documentos\/deliberacoes\/2008\/deliberacao_37_08.pdf\" target=\"_blank\" rel=\"noreferrer noopener\">Delibera\u00e7\u00e3o 37\/2008<\/a><\/p>\n\n\n\n<p><strong>Engenharia El\u00e9trica<\/strong>&nbsp;&#8211;&nbsp;<a href=\"https:\/\/sites.uel.br\/prograd\/wp-content\/uploads\/documentos\/deliberacoes\/2006\/deliberacao_31_06.pdf\" target=\"_blank\" rel=\"noreferrer noopener\">Delibera\u00e7\u00e3o 31\/2006<\/a><\/p>\n\n\n\n<p><br><strong><u>FARM\u00c1CIA<\/u><\/strong><\/p>\n\n\n\n<p><strong>Farm\u00e1cia<\/strong>&nbsp;&#8211;&nbsp;<a href=\"https:\/\/sites.uel.br\/prograd\/wp-content\/uploads\/documentos\/deliberacoes\/2008\/deliberacao_38_08.pdf\" target=\"_blank\" rel=\"noreferrer noopener\">Delibera\u00e7\u00e3o 38\/2008<\/a><\/p>\n\n\n\n<p><br><strong><u>FILOSOFIA<\/u><\/strong><\/p>\n\n\n\n<p><strong>Filosofia<\/strong>&nbsp;&#8211;&nbsp;<a href=\"https:\/\/sites.uel.br\/prograd\/wp-content\/uploads\/documentos\/deliberacoes\/2024\/deliberacao_25_24.pdf\" target=\"_blank\" rel=\"noreferrer noopener\">Delibera\u00e7\u00e3o 25\/2024<\/a><\/p>\n\n\n\n<p><strong>Filosofia<\/strong>&nbsp;&#8211;&nbsp;<a href=\"https:\/\/sites.uel.br\/prograd\/wp-content\/uploads\/documentos\/deliberacoes\/2007\/deliberacao_05_07.pdf\" target=\"_blank\" rel=\"noreferrer noopener\">Delibera\u00e7\u00e3o 05\/2007<\/a><\/p>\n\n\n\n<p><br><strong><u>F\u00cdSICA<\/u><\/strong><\/p>\n\n\n\n<p><strong>F\u00edsica<\/strong>&nbsp;&#8211;&nbsp;<a href=\"https:\/\/sites.uel.br\/prograd\/wp-content\/uploads\/documentos\/deliberacoes\/2024\/deliberacao_26_24.pdf\" target=\"_blank\" rel=\"noreferrer noopener\">Bacharelado &#8211; Delibera\u00e7\u00e3o 26\/2024<\/a><\/p>\n\n\n\n<p><strong>F\u00edsica<\/strong>&nbsp;&#8211;&nbsp;<a href=\"https:\/\/sites.uel.br\/prograd\/wp-content\/uploads\/documentos\/deliberacoes\/2006\/deliberacao_28_06.pdf\" target=\"_blank\" rel=\"noreferrer noopener\">Bacharelado &#8211; Delibera\u00e7\u00e3o 28\/2006<\/a><\/p>\n\n\n\n<p><br><strong><u>FISIOTERAPIA<\/u><\/strong><\/p>\n\n\n\n<p><strong>Fisioterapia<\/strong>&nbsp;&#8211;&nbsp;<a href=\"https:\/\/sites.uel.br\/prograd\/wp-content\/uploads\/documentos\/deliberacoes\/2018\/deliberacao_13_18.pdf\" target=\"_blank\" rel=\"noreferrer noopener\">Delibera\u00e7\u00e3o 13\/2018<\/a><\/p>\n\n\n\n<p><strong>Fisioterapia<\/strong>&nbsp;&#8211;&nbsp;<a href=\"https:\/\/sites.uel.br\/prograd\/wp-content\/uploads\/documentos\/deliberacoes\/2013\/deliberacao_16_13.pdf\" target=\"_blank\" rel=\"noreferrer noopener\">Delibera\u00e7\u00e3o 16\/2013<\/a><\/p>\n\n\n\n<p><br><strong><u>GEOGRAFIA<\/u><\/strong><\/p>\n\n\n\n<p><strong>Geografia<\/strong>&nbsp;&#8211;&nbsp;<a href=\"https:\/\/sites.uel.br\/prograd\/wp-content\/uploads\/documentos\/deliberacoes\/2007\/deliberacao_79_07.pdf\" target=\"_blank\" rel=\"noreferrer noopener\">Bacharelado &#8211; Delibera\u00e7\u00e3o 79\/2007<\/a><\/p>\n\n\n\n<p><br><strong><u>HIST\u00d3RIA<\/u><\/strong><\/p>\n\n\n\n<p><strong>Hist\u00f3ria<\/strong>&nbsp;&#8211;&nbsp;<a href=\"https:\/\/sites.uel.br\/prograd\/wp-content\/uploads\/documentos\/deliberacoes\/2007\/deliberacao_51_07.pdf\" target=\"_blank\" rel=\"noreferrer noopener\">Delibera\u00e7\u00e3o 51\/2007<\/a><\/p>\n\n\n\n<p><br><strong><u>JORNALISMO<\/u><\/strong><\/p>\n\n\n\n<p><strong>Jornalismo&nbsp;<\/strong>&#8211;&nbsp;<a href=\"https:\/\/sites.uel.br\/prograd\/wp-content\/uploads\/documentos\/deliberacoes\/2018\/deliberacao_36_18.pdf\" target=\"_blank\" rel=\"noreferrer noopener\">Delibera\u00e7\u00e3o 36\/2018<\/a><\/p>\n\n\n\n<p><br><strong><u>LETRAS<\/u><\/strong><\/p>\n\n\n\n<p><strong>Letras &#8211; Bacharelado &#8211; Estudos Liter\u00e1rios e Estudos da Linguagem<\/strong>&nbsp;&#8211;&nbsp;<a href=\"https:\/\/sites.uel.br\/prograd\/wp-content\/uploads\/documentos\/deliberacoes\/2009\/deliberacao_06_09.pdf\" target=\"_blank\" rel=\"noreferrer noopener\">Delibera\u00e7\u00e3o 06\/2009<\/a><\/p>\n\n\n\n<p><strong>Letras &#8211; Bacharelado &#8211; L\u00edngua e Cultura Francesas<\/strong>&nbsp;&#8211;&nbsp;<a href=\"https:\/\/sites.uel.br\/prograd\/wp-content\/uploads\/documentos\/deliberacoes\/2011\/deliberacao_24_11.pdf\" target=\"_blank\" rel=\"noreferrer noopener\">Delibera\u00e7\u00e3o 24\/2011<\/a><\/p>\n\n\n\n<p><br><strong><u>LICENCIATURA EM COMPUTA\u00c7\u00c3O: MODALIDADE A DIST\u00c2NCIA<\/u><\/strong><\/p>\n\n\n\n<p><strong>Computa\u00e7\u00e3o EAD<\/strong>&nbsp;&#8211;&nbsp;<a href=\"https:\/\/sites.uel.br\/prograd\/wp-content\/uploads\/documentos\/deliberacoes\/2019\/deliberacao_29_19.pdf\" target=\"_blank\" rel=\"noreferrer noopener\">Delibera\u00e7\u00e3o 29\/2019<\/a><\/p>\n\n\n\n<p><br><strong><u>MATEM\u00c1TICA<\/u><\/strong><\/p>\n\n\n\n<p><strong>Matem\u00e1tica<\/strong>&nbsp;&#8211;&nbsp;<a href=\"https:\/\/sites.uel.br\/prograd\/wp-content\/uploads\/documentos\/deliberacoes\/2016\/deliberacao_15_16.pdf\" target=\"_blank\" rel=\"noreferrer noopener\">Delibera\u00e7\u00e3o 15\/2016<\/a><\/p>\n\n\n\n<p><strong>Matem\u00e1tica<\/strong>&nbsp;&#8211;&nbsp;<a href=\"https:\/\/sites.uel.br\/prograd\/wp-content\/uploads\/documentos\/deliberacoes\/2006\/deliberacao_25_06.pdf\" target=\"_blank\" rel=\"noreferrer noopener\">Delibera\u00e7\u00e3o 25\/2006<\/a><\/p>\n\n\n\n<p><br><strong><u>MEDICINA VETERIN\u00c1RIA<\/u><\/strong><\/p>\n\n\n\n<p><strong>Medicina Veterin\u00e1ria<\/strong>&nbsp;&#8211;&nbsp;<a href=\"https:\/\/sites.uel.br\/prograd\/wp-content\/uploads\/documentos\/deliberacoes\/2010\/deliberacao_13_10.pdf\" target=\"_blank\" rel=\"noreferrer noopener\">Delibera\u00e7\u00e3o 13\/2010<\/a><\/p>\n\n\n\n<p><strong>Medicina Veterin\u00e1ria<\/strong>&nbsp;&#8211;&nbsp;<a href=\"https:\/\/sites.uel.br\/prograd\/wp-content\/uploads\/documentos\/deliberacoes\/2007\/deliberacao_50_07.pdf\" target=\"_blank\" rel=\"noreferrer noopener\">Delibera\u00e7\u00e3o 50\/2007<\/a><\/p>\n\n\n\n<p><br><strong><u>M\u00daSICA<\/u><\/strong><\/p>\n\n\n\n<p><strong>M\u00fasica<\/strong>&nbsp;&#8211;&nbsp;<a href=\"https:\/\/sites.uel.br\/prograd\/wp-content\/uploads\/documentos\/deliberacoes\/2022\/deliberacao_10_22.pdf\" target=\"_blank\" rel=\"noreferrer noopener\">Delibera\u00e7\u00e3o 10\/2022<\/a><\/p>\n\n\n\n<p><br><strong><u>NUTRI\u00c7\u00c3O<\/u><\/strong><\/p>\n\n\n\n<p><strong>Nutri\u00e7\u00e3o<\/strong>&nbsp;&#8211;&nbsp;<a href=\"https:\/\/sites.uel.br\/prograd\/wp-content\/uploads\/documentos\/deliberacoes\/2022\/deliberacao_09_22.pdf\" target=\"_blank\" rel=\"noreferrer noopener\">Delibera\u00e7\u00e3o 09\/2022<\/a><\/p>\n\n\n\n<p><br><strong><u>ODONTOLOGIA<\/u><\/strong><\/p>\n\n\n\n<p><strong>Odontologia<\/strong>&nbsp;&#8211;&nbsp;<a href=\"https:\/\/sites.uel.br\/prograd\/wp-content\/uploads\/documentos\/deliberacoes\/2025\/deliberacao_03_25.pdf\" target=\"_blank\" rel=\"noreferrer noopener\">Delibera\u00e7\u00e3o 03\/2025<\/a><\/p>\n\n\n\n<p><strong>Odontologia<\/strong>&nbsp;&#8211;&nbsp;<a href=\"https:\/\/sites.uel.br\/prograd\/wp-content\/uploads\/documentos\/deliberacoes\/2022\/deliberacao_06_22.pdf\" target=\"_blank\" rel=\"noreferrer noopener\">Delibera\u00e7\u00e3o 06\/2022<\/a><\/p>\n\n\n\n<p><strong>Odontologia<\/strong>&nbsp;&#8211;&nbsp;<a href=\"https:\/\/sites.uel.br\/prograd\/wp-content\/uploads\/documentos\/deliberacoes\/2009\/deliberacao_04_09.pdf\" target=\"_blank\" rel=\"noreferrer noopener\">Delibera\u00e7\u00e3o 04\/2009<\/a><\/p>\n\n\n\n<p><br><strong><u>PEDAGOGIA<\/u><\/strong><\/p>\n\n\n\n<p><strong>Pedagogia<\/strong>&nbsp;&#8211;&nbsp;<a href=\"https:\/\/sites.uel.br\/prograd\/wp-content\/uploads\/documentos\/deliberacoes\/2024\/deliberacao_14_24.pdf\" target=\"_blank\" rel=\"noreferrer noopener\">Delibera\u00e7\u00e3o 14\/2024<\/a><\/p>\n\n\n\n<p><strong>Pedagogia<\/strong>&nbsp;&#8211;&nbsp;<a href=\"https:\/\/sites.uel.br\/prograd\/wp-content\/uploads\/documentos\/deliberacoes\/2021\/deliberacao_06_21.pdf\" target=\"_blank\" rel=\"noreferrer noopener\">Delibera\u00e7\u00e3o 06\/2021<\/a><\/p>\n\n\n\n<p><strong>Pedagogia<\/strong>&nbsp;&#8211;&nbsp;<a href=\"https:\/\/sites.uel.br\/prograd\/wp-content\/uploads\/documentos\/deliberacoes\/2011\/deliberacao_32_11.pdf\" target=\"_blank\" rel=\"noreferrer noopener\">Delibera\u00e7\u00e3o 32\/2011 &#8211; ano de implanta\u00e7\u00e3o 2010<\/a><\/p>\n\n\n\n<p><strong>Pedagogia<\/strong>&nbsp;&#8211;&nbsp;<a href=\"https:\/\/sites.uel.br\/prograd\/wp-content\/uploads\/documentos\/deliberacoes\/2009\/deliberacao_07_09.pdf\" target=\"_blank\" rel=\"noreferrer noopener\">Delibera\u00e7\u00e3o 07\/2009 &#8211; ano de implanta\u00e7\u00e3o 2007<\/a><\/p>\n\n\n\n<p><strong>Pedagogia<\/strong>&nbsp;&#8211;&nbsp;<a href=\"https:\/\/sites.uel.br\/prograd\/wp-content\/uploads\/documentos\/deliberacoes\/2008\/deliberacao_36_08.pdf\" target=\"_blank\" rel=\"noreferrer noopener\">Delibera\u00e7\u00e3o 36\/2008<\/a><\/p>\n\n\n\n<p><strong>Pedagogia<\/strong>&nbsp;&#8211;&nbsp;<a href=\"https:\/\/sites.uel.br\/prograd\/wp-content\/uploads\/documentos\/deliberacoes\/2007\/deliberacao_07_07.pdf\" target=\"_blank\" rel=\"noreferrer noopener\">Delibera\u00e7\u00e3o 07\/2007<\/a><\/p>\n\n\n\n<p><strong>Pedagogia &#8211; Primeira Licenciatura &#8211; PARFOR<\/strong>&nbsp;&#8211;&nbsp;<a href=\"https:\/\/sites.uel.br\/prograd\/wp-content\/uploads\/documentos\/deliberacoes\/2011\/deliberacao_23_11.pdf\" target=\"_blank\" rel=\"noreferrer noopener\">Delibera\u00e7\u00e3o 23\/2011<\/a><\/p>\n\n\n\n<p><strong>Pedagogia &#8211; Modalidade a Dist\u00e2ncia<\/strong>&nbsp;&#8211;&nbsp;<a href=\"https:\/\/sites.uel.br\/prograd\/wp-content\/uploads\/documentos\/deliberacoes\/2012\/deliberacao_22_12.pdf\" target=\"_blank\" rel=\"noreferrer noopener\">Delibera\u00e7\u00e3o 22\/2012<\/a><\/p>\n\n\n\n<p><br><strong><u>RELA\u00c7\u00d5ES P\u00daBLICAS<\/u><\/strong><\/p>\n\n\n\n<p><strong>Rela\u00e7\u00f5es P\u00fablicas<\/strong>&nbsp;&#8211;&nbsp;<a href=\"https:\/\/sites.uel.br\/prograd\/wp-content\/uploads\/documentos\/deliberacoes\/2019\/deliberacao_15_19.pdf\" target=\"_blank\" rel=\"noreferrer noopener\">Delibera\u00e7\u00e3o 15\/2019<\/a><\/p>\n\n\n\n<p><strong>Rela\u00e7\u00f5es P\u00fablicas<\/strong>&nbsp;&#8211;&nbsp;<a href=\"https:\/\/sites.uel.br\/prograd\/wp-content\/uploads\/documentos\/deliberacoes\/2015\/deliberacao_26_15.pdf\" target=\"_blank\" rel=\"noreferrer noopener\">Delibera\u00e7\u00e3o 26\/2015<\/a><\/p>\n\n\n\n<p><br><strong><u>TECNOLOGIA EM GEST\u00c3O P\u00daBLICA<\/u><\/strong><\/p>\n\n\n\n<p><strong>Tecnologia em Gest\u00e3o P\u00fablica<\/strong>&nbsp;&#8211;&nbsp;<a href=\"https:\/\/sites.uel.br\/prograd\/wp-content\/uploads\/documentos\/deliberacoes\/2024\/deliberacao_31_24.pdf\" target=\"_blank\" rel=\"noreferrer noopener\">Delibera\u00e7\u00e3o 31\/2024<\/a><br><\/p>\n\n\n\n<div style=\"height:25px\" aria-hidden=\"true\" class=\"wp-block-spacer\"><\/div>\n\n\n\n<p><strong><u>SERVI\u00c7O SOCIAL<\/u><\/strong><\/p>\n\n\n\n<p><strong>Servi\u00e7o Social<\/strong>&nbsp;&#8211;&nbsp;<a href=\"https:\/\/sites.uel.br\/prograd\/wp-content\/uploads\/documentos\/deliberacoes\/2009\/deliberacao_16_09.pdf\" target=\"_blank\" rel=\"noreferrer noopener\">Delibera\u00e7\u00e3o 16\/2009<\/a><\/p>\n\n\n\n<p><br><strong><u>ZOOTECNIA<\/u><\/strong><\/p>\n\n\n\n<p><strong>Zootecnia&nbsp;&#8211;&nbsp;<\/strong><a href=\"https:\/\/sites.uel.br\/prograd\/wp-content\/uploads\/documentos\/deliberacoes\/2009\/deliberacao_03_09.pdf\" target=\"_blank\" rel=\"noreferrer noopener\">Delibera\u00e7\u00e3o 03\/2009<\/a><\/p>\n\n\n\n<hr class=\"wp-block-separator has-text-color has-cinza-color has-css-opacity has-cinza-background-color has-background is-style-wide\"\/>\n\n\n\n<p><strong>Veja tamb\u00e9m:<\/strong><br><br><a href=\"https:\/\/sites.uel.br\/prograd\/regulamentos-estagio\/\">Regulamentos \u2013 Est\u00e1gio<\/a><\/p>\n\n\n\n<p><a href=\"https:\/\/sites.uel.br\/prograd\/wp-content\/uploads\/documentos\/resolucoes\/2008\/resolucao_96_08.pdf\" target=\"_blank\" rel=\"noreferrer noopener\">Resolu\u00e7\u00e3o CEPE n\u00ba 0096\/2008 &#8211; Aprova o Regulamento Geral de Trabalho de Conclus\u00e3o de Curso de Gradua\u00e7\u00e3o da Universidade Estadual de Londrina<\/a><\/p>\n","protected":false},"excerpt":{"rendered":"<p>Trabalho de Conclus\u00e3o de Curso (TCC) ARQUITETURA E URBANISMO Arquitetura e Urbanismo&nbsp;&#8211;&nbsp;Delibera\u00e7\u00e3o 11\/2022 Arquitetura e Urbanismo&nbsp;&#8211;&nbsp;Delibera\u00e7\u00e3o 45\/2013 Arquitetura e Urbanismo&nbsp;&#8211;&nbsp;Delibera\u00e7\u00e3o 26\/2006 ARQUIVOLOGIA Arquivologia&nbsp;&#8211;&nbsp;Delibera\u00e7\u00e3o 35\/2017 Arquivologia&nbsp;&#8211;&nbsp;Delibera\u00e7\u00e3o 06\/2012 Arquivologia&nbsp;&#8211;&nbsp;Delibera\u00e7\u00e3o 06\/2008 ARTES VISUAIS Artes Visuais&nbsp;&#8211;&nbsp;Delibera\u00e7\u00e3o 24\/2025 Artes Visuais&nbsp;&#8211;&nbsp;Delibera\u00e7\u00e3o 03\/2018 Artes Visuais&nbsp;&#8211;&nbsp;Delibera\u00e7\u00e3o 05\/2011 BIBLIOTECONOMIA Biblioteconomia&nbsp;&#8211;&nbsp;Delibera\u00e7\u00e3o 17\/2017 Biblioteconomia&nbsp;&#8211;&nbsp;Delibera\u00e7\u00e3o 31\/2011 Biblioteconomia&nbsp;&#8211;&nbsp;Delibera\u00e7\u00e3o 87\/2007 BIOMEDICINA Biomedicina&nbsp;&#8211;&nbsp;Delibera\u00e7\u00e3o 07\/2017 BIOTECNOLOGIA Biotecnologia&nbsp;&#8211;&nbsp;Delibera\u00e7\u00e3o 18\/2022 CI\u00caNCIA DA COMPUTA\u00c7\u00c3O [&hellip;]<\/p>\n","protected":false},"author":8,"featured_media":0,"parent":0,"menu_order":0,"comment_status":"closed","ping_status":"closed","template":"","meta":{"_acf_changed":false,"_themeisle_gutenberg_block_has_review":false,"footnotes":""},"class_list":["post-1457","page","type-page","status-publish","hentry"],"acf":[],"_links":{"self":[{"href":"https:\/\/sites.uel.br\/prograd\/wp-json\/wp\/v2\/pages\/1457","targetHints":{"allow":["GET"]}}],"collection":[{"href":"https:\/\/sites.uel.br\/prograd\/wp-json\/wp\/v2\/pages"}],"about":[{"href":"https:\/\/sites.uel.br\/prograd\/wp-json\/wp\/v2\/types\/page"}],"author":[{"embeddable":true,"href":"https:\/\/sites.uel.br\/prograd\/wp-json\/wp\/v2\/users\/8"}],"replies":[{"embeddable":true,"href":"https:\/\/sites.uel.br\/prograd\/wp-json\/wp\/v2\/comments?post=1457"}],"version-history":[{"count":52,"href":"https:\/\/sites.uel.br\/prograd\/wp-json\/wp\/v2\/pages\/1457\/revisions"}],"predecessor-version":[{"id":36481,"href":"https:\/\/sites.uel.br\/prograd\/wp-json\/wp\/v2\/pages\/1457\/revisions\/36481"}],"wp:attachment":[{"href":"https:\/\/sites.uel.br\/prograd\/wp-json\/wp\/v2\/media?parent=1457"}],"curies":[{"name":"wp","href":"https:\/\/api.w.org\/{rel}","templated":true}]}}