{"id":1396,"date":"2023-02-14T09:39:35","date_gmt":"2023-02-14T12:39:35","guid":{"rendered":"https:\/\/sites.uel.br\/prograd\/?page_id=1396"},"modified":"2026-02-06T14:11:29","modified_gmt":"2026-02-06T17:11:29","slug":"estudante-especial","status":"publish","type":"page","link":"https:\/\/sites.uel.br\/prograd\/graduacao\/estudante-especial\/","title":{"rendered":"Estudante Especial"},"content":{"rendered":"\n<hr class=\"wp-block-separator has-alpha-channel-opacity is-style-wide\"\/>\n\n\n\n<figure class=\"wp-block-table\"><table class=\"has-verde-claro-background-color has-background\"><tbody><tr><td class=\"has-text-align-center\" data-align=\"center\"><strong>INSCRI\u00c7\u00d5ES PARA ESTUDANTE ESPECIAL<\/strong><br><br><strong>Objetivo:<br><\/strong>Aprimoramento profissional e a complementa\u00e7\u00e3o de estudos em \u00e1rea de conhecimentos espec\u00edficos<br><br><strong>Per\u00edodo:<\/strong><br>02 e 03 de Fevereiro de 2026<br><br><strong>Local:<\/strong><br>Atendimento da Pr\u00f3-Reitoria de Gradua\u00e7\u00e3o (PROGRAD\/UEL)<br><br><strong>Documentos Necess\u00e1rios:<\/strong><br>I &#8211; c\u00f3pia autenticada do diploma de curso superior;<br>II &#8211; c\u00f3pia autenticada do hist\u00f3rico escolar do curso superior conclu\u00eddo.<br><br><strong>Taxa de inscri\u00e7\u00e3o:<\/strong>\u00a0R$ 17,00<br>(boleto no Atendimento PROGRAD)<br><br><strong>Matr\u00edcula por disciplina (bacharelado):<\/strong>\u00a0R$ 84,00<br><strong>Matr\u00edcula por disciplina (licenciatura):<\/strong>\u00a0R$ 34,00<br><em>Obs: quando deferido o pedido e apto para a matr\u00edcula<\/em><br><br><strong>Aten\u00e7\u00e3o<\/strong>: Fixado em 3(tr\u00eas) o limite m\u00e1ximo de matr\u00edcula em disciplinas dos cursos de gradua\u00e7\u00e3o, excluindo-se as atividades acad\u00eamicas obrigat\u00f3rias que compreendem Est\u00e1gio e Trabalho de Conclus\u00e3o de Curso, podendo os interessados cumpri-las simultaneamente ou em anos letivos distintos.<br><br><strong>Obs<\/strong>: ap\u00f3s o comparecimento ao atendimento PROGRAD, o interessado dever\u00e1 protocolizar requerimento e documentos, na <a href=\"http:\/\/www.eprotocolo.pr.gov.br\" target=\"_blank\" rel=\"noreferrer noopener\">Plataforma do E-protocolo<\/a><br><br><strong>Saiba mais sobre o <a href=\"https:\/\/sites.uel.br\/eprotocolo\/\" target=\"_blank\" rel=\"noreferrer noopener\">Protocolo Digital UEL<\/a><\/strong><br><strong>Saiba mais <a href=\"https:\/\/sites.uel.br\/eprotocolo\/novo-processo-alunos-externo\/\" target=\"_blank\" rel=\"noreferrer noopener\">como Incluir novo processo \u2013 Alunos e comunidade externa<\/a><\/strong><br><strong>Saiba mais <a href=\"https:\/\/sites.uel.br\/eprotocolo\/novo-processo-docentes-agentes\/\" target=\"_blank\" rel=\"noreferrer noopener\">como Incluir novo processo \u2013 Docentes e agentes universit\u00e1rios<\/a><\/strong><br><br><strong>Publica\u00e7\u00e3o do Resultado<\/strong>:<br>25 de Fevereiro de 2026<br><\/td><\/tr><\/tbody><\/table><\/figure>\n\n\n\n<hr class=\"wp-block-separator has-text-color has-cinza-color has-css-opacity has-cinza-background-color has-background is-style-wide\"\/>\n\n\n\n<p><strong><a href=\"https:\/\/sites.uel.br\/prograd\/wp-content\/uploads\/documentos\/resolucoes\/2004\/resolucao_11_04.pdf\" target=\"_blank\" rel=\"noreferrer noopener\">Resolu\u00e7\u00e3o CEPE n\u00ba 11\/04<\/a><\/strong><br>Estabelece normas para a admiss\u00e3o de Estudante Especial em disciplinas dos cursos de gradua\u00e7\u00e3o<\/p>\n\n\n\n<p><strong><a href=\"https:\/\/sites.uel.br\/prograd\/graduacao\/catalogo-dos-cursos-de-graduacao-indice\/\">Cat\u00e1logo dos Cursos de Gradua\u00e7\u00e3o<\/a><\/strong><br>Informa\u00e7\u00f5es dos Cursos, Organiza\u00e7\u00e3o Curricular, Ementas, Corpo Docente, Estrutura e Recursos<\/p>\n","protected":false},"excerpt":{"rendered":"<p>INSCRI\u00c7\u00d5ES PARA ESTUDANTE ESPECIAL Objetivo:Aprimoramento profissional e a complementa\u00e7\u00e3o de estudos em \u00e1rea de conhecimentos espec\u00edficos Per\u00edodo:02 e 03 de Fevereiro de 2026 Local:Atendimento da Pr\u00f3-Reitoria de Gradua\u00e7\u00e3o (PROGRAD\/UEL) Documentos Necess\u00e1rios:I &#8211; c\u00f3pia autenticada do diploma de curso superior;II &#8211; c\u00f3pia autenticada do hist\u00f3rico escolar do curso superior conclu\u00eddo. Taxa de inscri\u00e7\u00e3o:\u00a0R$ 17,00(boleto no Atendimento [&hellip;]<\/p>\n","protected":false},"author":8,"featured_media":0,"parent":12,"menu_order":0,"comment_status":"closed","ping_status":"closed","template":"","meta":{"_acf_changed":false,"_themeisle_gutenberg_block_has_review":false,"footnotes":""},"class_list":["post-1396","page","type-page","status-publish","hentry"],"acf":[],"_links":{"self":[{"href":"https:\/\/sites.uel.br\/prograd\/wp-json\/wp\/v2\/pages\/1396","targetHints":{"allow":["GET"]}}],"collection":[{"href":"https:\/\/sites.uel.br\/prograd\/wp-json\/wp\/v2\/pages"}],"about":[{"href":"https:\/\/sites.uel.br\/prograd\/wp-json\/wp\/v2\/types\/page"}],"author":[{"embeddable":true,"href":"https:\/\/sites.uel.br\/prograd\/wp-json\/wp\/v2\/users\/8"}],"replies":[{"embeddable":true,"href":"https:\/\/sites.uel.br\/prograd\/wp-json\/wp\/v2\/comments?post=1396"}],"version-history":[{"count":33,"href":"https:\/\/sites.uel.br\/prograd\/wp-json\/wp\/v2\/pages\/1396\/revisions"}],"predecessor-version":[{"id":36749,"href":"https:\/\/sites.uel.br\/prograd\/wp-json\/wp\/v2\/pages\/1396\/revisions\/36749"}],"up":[{"embeddable":true,"href":"https:\/\/sites.uel.br\/prograd\/wp-json\/wp\/v2\/pages\/12"}],"wp:attachment":[{"href":"https:\/\/sites.uel.br\/prograd\/wp-json\/wp\/v2\/media?parent=1396"}],"curies":[{"name":"wp","href":"https:\/\/api.w.org\/{rel}","templated":true}]}}