{"id":13876,"date":"2023-10-20T12:48:56","date_gmt":"2023-10-20T15:48:56","guid":{"rendered":"https:\/\/sites.uel.br\/prograd\/?page_id=13876"},"modified":"2024-08-07T15:18:02","modified_gmt":"2024-08-07T18:18:02","slug":"projetos-pedagogicos-ciencia-de-dados-e-inteligencia-artificial","status":"publish","type":"page","link":"https:\/\/sites.uel.br\/prograd\/graduacao\/projetos-pedagogicos\/projetos-pedagogicos-ciencia-de-dados-e-inteligencia-artificial\/","title":{"rendered":"Projetos Pedag\u00f3gicos"},"content":{"rendered":"\n<hr class=\"wp-block-separator has-alpha-channel-opacity is-style-wide\"\/>\n\n\n\n<h2 class=\"wp-block-heading\">Ci\u00eancia de Dados e Intelig\u00eancia Artificial<\/h2>\n\n\n\n<p><a href=\"http:\/\/www.uel.br\/arquivo-prograd\/documentos\/resolucoes\/2022\/resolucao_71_22.pdf\" target=\"_blank\" rel=\"noreferrer noopener\"><\/a><strong><a href=\"https:\/\/sites.uel.br\/prograd\/wp-content\/uploads\/documentos\/deliberacoes\/2024\/deliberacao_01_24.pdf\" target=\"_blank\" rel=\"noreferrer noopener\">Delibera\u00e7\u00e3o da C\u00e2mara de Gradua\u00e7\u00e3o n\u00ba 01\/2024<\/a><\/strong><br>Constitui o Colegiado do Curso de Ci\u00eancia de Dados e Intelig\u00eancia Artificial<\/p>\n\n\n\n<p><strong><a href=\"https:\/\/sites.uel.br\/prograd\/wp-content\/uploads\/documentos\/resolucoes\/2022\/resolucao_60_22.pdf\" target=\"_blank\" rel=\"noreferrer noopener\">Resolu\u00e7\u00e3o CEPE\/CA n\u00ba 60\/2022<\/a><\/strong><br>Cria o curso de Ci\u00eancia de Dados e Intelig\u00eancia Artificial e estabelece seu Projeto Pedag\u00f3gico, a ser implantado a partir do ano letivo de 2024<\/p>\n\n\n\n<hr class=\"wp-block-separator has-text-color has-cinza-color has-css-opacity has-cinza-background-color has-background is-style-wide\"\/>\n\n\n\n<p><strong>Veja tamb\u00e9m:<\/strong><\/p>\n\n\n\n<p><a href=\"https:\/\/sites.uel.br\/prograd\/graduacao\/catalogo-dos-cursos-de-graduacao-indice\/\">Cat\u00e1logo dos Curso de Gradua\u00e7\u00e3o (Organiza\u00e7\u00e3o Curricular, Ementas, Corpo Docente<\/a>)<\/p>\n\n\n\n<p><a href=\"https:\/\/sites.uel.br\/prograd\/regulamentos-tcc-e-estagio\/\">Regulamentos TCC e Est\u00e1gios<\/a><\/p>\n","protected":false},"excerpt":{"rendered":"<p>Ci\u00eancia de Dados e Intelig\u00eancia Artificial Delibera\u00e7\u00e3o da C\u00e2mara de Gradua\u00e7\u00e3o n\u00ba 01\/2024Constitui o Colegiado do Curso de Ci\u00eancia de Dados e Intelig\u00eancia Artificial Resolu\u00e7\u00e3o CEPE\/CA n\u00ba 60\/2022Cria o curso de Ci\u00eancia de Dados e Intelig\u00eancia Artificial e estabelece seu Projeto Pedag\u00f3gico, a ser implantado a partir do ano letivo de 2024 Veja tamb\u00e9m: Cat\u00e1logo [&hellip;]<\/p>\n","protected":false},"author":8,"featured_media":0,"parent":174,"menu_order":0,"comment_status":"closed","ping_status":"closed","template":"","meta":{"_acf_changed":false,"_themeisle_gutenberg_block_has_review":false,"footnotes":""},"class_list":["post-13876","page","type-page","status-publish","hentry"],"acf":[],"_links":{"self":[{"href":"https:\/\/sites.uel.br\/prograd\/wp-json\/wp\/v2\/pages\/13876","targetHints":{"allow":["GET"]}}],"collection":[{"href":"https:\/\/sites.uel.br\/prograd\/wp-json\/wp\/v2\/pages"}],"about":[{"href":"https:\/\/sites.uel.br\/prograd\/wp-json\/wp\/v2\/types\/page"}],"author":[{"embeddable":true,"href":"https:\/\/sites.uel.br\/prograd\/wp-json\/wp\/v2\/users\/8"}],"replies":[{"embeddable":true,"href":"https:\/\/sites.uel.br\/prograd\/wp-json\/wp\/v2\/comments?post=13876"}],"version-history":[{"count":10,"href":"https:\/\/sites.uel.br\/prograd\/wp-json\/wp\/v2\/pages\/13876\/revisions"}],"predecessor-version":[{"id":31762,"href":"https:\/\/sites.uel.br\/prograd\/wp-json\/wp\/v2\/pages\/13876\/revisions\/31762"}],"up":[{"embeddable":true,"href":"https:\/\/sites.uel.br\/prograd\/wp-json\/wp\/v2\/pages\/174"}],"wp:attachment":[{"href":"https:\/\/sites.uel.br\/prograd\/wp-json\/wp\/v2\/media?parent=13876"}],"curies":[{"name":"wp","href":"https:\/\/api.w.org\/{rel}","templated":true}]}}