{"id":13141,"date":"2023-09-28T15:09:29","date_gmt":"2023-09-28T18:09:29","guid":{"rendered":"https:\/\/sites.uel.br\/prograd\/?page_id=13141"},"modified":"2026-03-30T07:04:14","modified_gmt":"2026-03-30T10:04:14","slug":"mobilidade-academica-e-intercambio","status":"publish","type":"page","link":"https:\/\/sites.uel.br\/prograd\/estudante\/estagios-e-intercambios\/mobilidade-academica-e-intercambio\/","title":{"rendered":"Mobilidade Acad\u00eamica"},"content":{"rendered":"\n<hr class=\"wp-block-separator has-alpha-channel-opacity is-style-wide\"\/>\n\n\n\n<p><\/p>\n\n\n\n<figure class=\"wp-block-table\"><table class=\"has-verde-claro-background-color has-background\"><tbody><tr><td class=\"has-text-align-center\" data-align=\"center\"><strong>AVISO<\/strong><br><br>Comunicamos que o setor de\u00a0<strong>MOBILIDADE ACAD\u00caMICA E INTERC\u00c2MBIO<\/strong>\u00a0da PROGRAD est\u00e1 atendendo na\u00a0<strong>ARI (Assessoria de Rela\u00e7\u00f5es Internacionais)<\/strong>, em frente ao estacionamento da Biblioteca Central da UEL, Campus UEL. <br><br>Em caso de <strong>MOBILIDADE ACAD\u00caMICA NACIONAL<\/strong>, entrar em contato com a Divis\u00e3o de Pol\u00edticas de Gradua\u00e7\u00e3o da Pr\u00f3-Reitoria de Gradua\u00e7\u00e3o (PROGRAD) pelo e-mail <a href=\"mailto:prograddpg@uel.br\">prograddpg@uel.br<\/a>.<\/td><\/tr><\/tbody><\/table><\/figure>\n\n\n\n<hr class=\"wp-block-separator has-text-color has-cinza-color has-css-opacity has-cinza-background-color has-background is-style-wide\"\/>\n\n\n\n<p class=\"has-text-align-center\">Mobilidade Acad\u00eamica \u00e9 o deslocamento de estudantes para o desenvolvimento de atividades relativas ao curso de gradua\u00e7\u00e3o em outras Institui\u00e7\u00f5es Nacionais ou Estrangeiras e o recebimento de alunos estrangeiros na UEL. Na UEL os procedimentos referentes aos estudantes de gradua\u00e7\u00e3o participantes de Programas de Mobilidade Acad\u00eamica s\u00e3o regulamentados na&nbsp;<a href=\"https:\/\/sites.uel.br\/prograd\/wp-content\/uploads\/documentos\/resolucoes\/2017\/resolucao_47_17.pdf\" target=\"_blank\" rel=\"noreferrer noopener\">Resolu\u00e7\u00e3o CEPE 47\/2017.<\/a><\/p>\n\n\n\n<hr class=\"wp-block-separator has-text-color has-cinza-color has-css-opacity has-cinza-background-color has-background is-style-wide\"\/>\n\n\n<div class=\"wp-block-image\">\n<figure class=\"aligncenter size-full\"><a href=\"https:\/\/sites.uel.br\/ari\/\" target=\"_blank\" rel=\" noreferrer noopener\"><img loading=\"lazy\" decoding=\"async\" width=\"1600\" height=\"641\" src=\"https:\/\/sites.uel.br\/prograd\/wp-content\/uploads\/2025\/01\/fachada_ari.png\" alt=\"\" class=\"wp-image-33501\" srcset=\"https:\/\/sites.uel.br\/prograd\/wp-content\/uploads\/2025\/01\/fachada_ari.png 1600w, https:\/\/sites.uel.br\/prograd\/wp-content\/uploads\/2025\/01\/fachada_ari-300x120.png 300w, https:\/\/sites.uel.br\/prograd\/wp-content\/uploads\/2025\/01\/fachada_ari-1024x410.png 1024w, https:\/\/sites.uel.br\/prograd\/wp-content\/uploads\/2025\/01\/fachada_ari-768x308.png 768w, https:\/\/sites.uel.br\/prograd\/wp-content\/uploads\/2025\/01\/fachada_ari-1536x615.png 1536w\" sizes=\"auto, (max-width: 1600px) 100vw, 1600px\" \/><\/a><figcaption class=\"wp-element-caption\"><a href=\"https:\/\/sites.uel.br\/ari\/\" target=\"_blank\" rel=\"noreferrer noopener\">Clique aqui<\/a> para acessar o site e saiba mais sobre Mobilidade Acad\u00eamica<\/figcaption><\/figure>\n<\/div>\n\n\n<p><\/p>\n","protected":false},"excerpt":{"rendered":"<p>AVISO Comunicamos que o setor de\u00a0MOBILIDADE ACAD\u00caMICA E INTERC\u00c2MBIO\u00a0da PROGRAD est\u00e1 atendendo na\u00a0ARI (Assessoria de Rela\u00e7\u00f5es Internacionais), em frente ao estacionamento da Biblioteca Central da UEL, Campus UEL. Em caso de MOBILIDADE ACAD\u00caMICA NACIONAL, entrar em contato com a Divis\u00e3o de Pol\u00edticas de Gradua\u00e7\u00e3o da Pr\u00f3-Reitoria de Gradua\u00e7\u00e3o (PROGRAD) pelo e-mail prograddpg@uel.br. Mobilidade Acad\u00eamica \u00e9 [&hellip;]<\/p>\n","protected":false},"author":8,"featured_media":0,"parent":122,"menu_order":0,"comment_status":"closed","ping_status":"closed","template":"","meta":{"_acf_changed":false,"_themeisle_gutenberg_block_has_review":false,"footnotes":""},"class_list":["post-13141","page","type-page","status-publish","hentry"],"acf":[],"_links":{"self":[{"href":"https:\/\/sites.uel.br\/prograd\/wp-json\/wp\/v2\/pages\/13141","targetHints":{"allow":["GET"]}}],"collection":[{"href":"https:\/\/sites.uel.br\/prograd\/wp-json\/wp\/v2\/pages"}],"about":[{"href":"https:\/\/sites.uel.br\/prograd\/wp-json\/wp\/v2\/types\/page"}],"author":[{"embeddable":true,"href":"https:\/\/sites.uel.br\/prograd\/wp-json\/wp\/v2\/users\/8"}],"replies":[{"embeddable":true,"href":"https:\/\/sites.uel.br\/prograd\/wp-json\/wp\/v2\/comments?post=13141"}],"version-history":[{"count":32,"href":"https:\/\/sites.uel.br\/prograd\/wp-json\/wp\/v2\/pages\/13141\/revisions"}],"predecessor-version":[{"id":37106,"href":"https:\/\/sites.uel.br\/prograd\/wp-json\/wp\/v2\/pages\/13141\/revisions\/37106"}],"up":[{"embeddable":true,"href":"https:\/\/sites.uel.br\/prograd\/wp-json\/wp\/v2\/pages\/122"}],"wp:attachment":[{"href":"https:\/\/sites.uel.br\/prograd\/wp-json\/wp\/v2\/media?parent=13141"}],"curies":[{"name":"wp","href":"https:\/\/api.w.org\/{rel}","templated":true}]}}