{"id":13130,"date":"2023-09-28T14:58:40","date_gmt":"2023-09-28T17:58:40","guid":{"rendered":"https:\/\/sites.uel.br\/prograd\/?page_id=13130"},"modified":"2025-10-24T12:55:45","modified_gmt":"2025-10-24T15:55:45","slug":"formas-de-ingresso","status":"publish","type":"page","link":"https:\/\/sites.uel.br\/prograd\/formas-de-ingresso\/","title":{"rendered":"Formas de Ingresso"},"content":{"rendered":"\n<hr class=\"wp-block-separator has-alpha-channel-opacity is-style-wide\"\/>\n\n\n\n<figure class=\"wp-block-table is-style-stripes\"><table class=\"has-cinza-claro-background-color has-background\"><tbody><tr><td class=\"has-text-align-center\" data-align=\"center\"><strong><strong><a href=\"https:\/\/sites.uel.br\/prograd\/graduacao\/vestibular\/\">Vestibular UEL<\/a><\/strong><\/strong><\/td><\/tr><\/tbody><\/table><\/figure>\n\n\n\n<figure class=\"wp-block-table is-style-stripes\"><table class=\"has-cinza-claro-background-color has-background\"><tbody><tr><td class=\"has-text-align-center\" data-align=\"center\"><strong><strong><a href=\"https:\/\/sites.uel.br\/prograd\/graduacao\/sisu\/\">SISU<\/a><\/strong><\/strong><\/td><\/tr><\/tbody><\/table><\/figure>\n\n\n\n<figure class=\"wp-block-table is-style-stripes\"><table class=\"has-cinza-claro-background-color has-background\"><tbody><tr><td class=\"has-text-align-center\" data-align=\"center\"><strong><strong><a href=\"https:\/\/sites.uel.br\/prograd\/graduacao\/aprova-parana-universidades\/\" target=\"_blank\" rel=\"noreferrer noopener\">Aprova Paran\u00e1 Universidades<\/a><\/strong><\/strong><\/td><\/tr><\/tbody><\/table><\/figure>\n\n\n\n<figure class=\"wp-block-table is-style-stripes\"><table class=\"has-cinza-claro-background-color has-background\"><tbody><tr><td class=\"has-text-align-center\" data-align=\"center\"><strong><strong><a href=\"https:\/\/sites.uel.br\/prograd\/graduacao\/vagas-remanescentes\/\">Vagas Remanescentes<\/a><\/strong><\/strong><\/td><\/tr><\/tbody><\/table><\/figure>\n\n\n\n<figure class=\"wp-block-table is-style-stripes\"><table class=\"has-cinza-claro-background-color has-background\"><tbody><tr><td class=\"has-text-align-center\" data-align=\"center\"><strong><strong><a href=\"https:\/\/sites.uel.br\/prograd\/graduacao\/transferencia-externa\/\">Transfer\u00eancia Externa<\/a><\/strong><\/strong><\/td><\/tr><\/tbody><\/table><\/figure>\n\n\n\n<figure class=\"wp-block-table is-style-stripes\"><table class=\"has-cinza-claro-background-color has-background\"><tbody><tr><td class=\"has-text-align-center\" data-align=\"center\"><strong><strong><a href=\"https:\/\/sites.uel.br\/prograd\/graduacao\/pdcs\/\">Portador de Diploma de Curso Superior<\/a><\/strong><\/strong><\/td><\/tr><\/tbody><\/table><\/figure>\n\n\n\n<figure class=\"wp-block-table is-style-stripes\"><table class=\"has-cinza-claro-background-color has-background\"><tbody><tr><td class=\"has-text-align-center\" data-align=\"center\"><strong><strong><a href=\"https:\/\/sites.uel.br\/prograd\/graduacao\/vagas-remanescentes\/\"><strong><strong><\/strong><\/strong><\/a><strong><strong><a href=\"https:\/\/sites.uel.br\/prograd\/graduacao\/enem\/\">ENEM<\/a><\/strong><\/strong><\/strong><\/strong><\/td><\/tr><\/tbody><\/table><\/figure>\n\n\n\n<figure class=\"wp-block-table is-style-stripes\"><table class=\"has-cinza-claro-background-color has-background\"><tbody><tr><td class=\"has-text-align-center\" data-align=\"center\"><strong><strong><a href=\"https:\/\/sites.uel.br\/prograd\/graduacao\/vestibular-indigena\/\">Vestibular dos Povos Ind\u00edgenas no Paran\u00e1<\/a><\/strong><\/strong><\/td><\/tr><\/tbody><\/table><\/figure>\n\n\n\n<p><\/p>\n","protected":false},"excerpt":{"rendered":"<p>Vestibular UEL SISU Aprova Paran\u00e1 Universidades Vagas Remanescentes Transfer\u00eancia Externa Portador de Diploma de Curso Superior ENEM Vestibular dos Povos Ind\u00edgenas no Paran\u00e1<\/p>\n","protected":false},"author":8,"featured_media":0,"parent":0,"menu_order":0,"comment_status":"closed","ping_status":"closed","template":"","meta":{"_acf_changed":false,"_themeisle_gutenberg_block_has_review":false,"footnotes":""},"class_list":["post-13130","page","type-page","status-publish","hentry"],"acf":[],"_links":{"self":[{"href":"https:\/\/sites.uel.br\/prograd\/wp-json\/wp\/v2\/pages\/13130","targetHints":{"allow":["GET"]}}],"collection":[{"href":"https:\/\/sites.uel.br\/prograd\/wp-json\/wp\/v2\/pages"}],"about":[{"href":"https:\/\/sites.uel.br\/prograd\/wp-json\/wp\/v2\/types\/page"}],"author":[{"embeddable":true,"href":"https:\/\/sites.uel.br\/prograd\/wp-json\/wp\/v2\/users\/8"}],"replies":[{"embeddable":true,"href":"https:\/\/sites.uel.br\/prograd\/wp-json\/wp\/v2\/comments?post=13130"}],"version-history":[{"count":24,"href":"https:\/\/sites.uel.br\/prograd\/wp-json\/wp\/v2\/pages\/13130\/revisions"}],"predecessor-version":[{"id":35680,"href":"https:\/\/sites.uel.br\/prograd\/wp-json\/wp\/v2\/pages\/13130\/revisions\/35680"}],"wp:attachment":[{"href":"https:\/\/sites.uel.br\/prograd\/wp-json\/wp\/v2\/media?parent=13130"}],"curies":[{"name":"wp","href":"https:\/\/api.w.org\/{rel}","templated":true}]}}