{"id":13099,"date":"2023-09-28T10:30:26","date_gmt":"2023-09-28T13:30:26","guid":{"rendered":"https:\/\/sites.uel.br\/prograd\/?page_id=13099"},"modified":"2025-10-24T18:00:20","modified_gmt":"2025-10-24T21:00:20","slug":"vestibular-indigena","status":"publish","type":"page","link":"https:\/\/sites.uel.br\/prograd\/graduacao\/vestibular-indigena\/","title":{"rendered":"Vestibular dos Povos Ind\u00edgenas no Paran\u00e1"},"content":{"rendered":"\n<hr class=\"wp-block-separator has-alpha-channel-opacity is-style-wide\"\/>\n\n\n\n<p>A UEL participa do Vestibular dos Povos Ind\u00edgenas no Paran\u00e1, um processo seletivo espec\u00edfico para estudantes de comunidades ind\u00edgenas do Estado.<\/p>\n\n\n\n<p>\u00c9 realizado em parceria entre as sete universidades estaduais e a Universidade Federal do Paran\u00e1 (UFPR), com o objetivo de promover o acesso de ind\u00edgenas ao ensino superior p\u00fablico.<\/p>\n\n\n\n<p>A cada ano, uma das institui\u00e7\u00f5es \u00e9 respons\u00e1vel pela organiza\u00e7\u00e3o do processo seletivo. O atual <a href=\"https:\/\/www.vestibular.uem.br\/indigena\/\">XXV Vestibular dos Povos Ind\u00edgenas no Paran\u00e1<\/a>, \u00e9 organizado pela\u00a0Universidade Estadual de Maring\u00e1 (UEM).<\/p>\n\n\n\n<p>\ud83c\udfaf <strong>Quem pode participar<\/strong><\/p>\n\n\n\n<p>\u2022 Ind\u00edgenas pertencentes a comunidades reconhecidas pelo Governo Federal;<br>\u2022 \u00c9 necess\u00e1rio apresentar documenta\u00e7\u00e3o comprobat\u00f3ria e carta de indica\u00e7\u00e3o da lideran\u00e7a da comunidade.<\/p>\n\n\n\n<p>\ud83d\udccc <strong>Como funciona<\/strong><\/p>\n\n\n\n<p>\u2022 A prova \u00e9 aplicada anualmente, em data \u00fanica, em edital conjunto publicado pelas universidades participantes;<br>\u2022 Os candidatos concorrem a vagas espec\u00edficas na UEL e em outras institui\u00e7\u00f5es p\u00fablicas do Paran\u00e1;<br>\u2022 O processo de classifica\u00e7\u00e3o leva em conta crit\u00e9rios pr\u00f3prios estabelecidos no edital.<\/p>\n\n\n\n<p>\ud83e\uddfe <strong>Etapas<\/strong><\/p>\n\n\n\n<ol class=\"wp-block-list\">\n<li>Publica\u00e7\u00e3o do edital conjunto;<\/li>\n\n\n\n<li>Inscri\u00e7\u00e3o online;<\/li>\n\n\n\n<li>Aplica\u00e7\u00e3o da prova espec\u00edfica;<\/li>\n\n\n\n<li>Divulga\u00e7\u00e3o dos aprovados;<\/li>\n\n\n\n<li>Matr\u00edcula conforme as normas da UEL.<\/li>\n<\/ol>\n\n\n\n<p><strong>\ud83d\udd17 Links \u00fateis<\/strong><\/p>\n\n\n\n<ul class=\"wp-block-list\">\n<li><a href=\"https:\/\/sites.uel.br\/prograd\/formas-de-ingresso\/\" target=\"_blank\" rel=\"noreferrer noopener\">Formas de Ingresso na UEL<\/a><\/li>\n\n\n\n<li><a href=\"https:\/\/sites.uel.br\/prograd\/\" target=\"_blank\" rel=\"noreferrer noopener\">P\u00e1gina da Pr\u00f3-Reitoria de Gradua\u00e7\u00e3o (Prograd)<\/a><\/li>\n\n\n\n<li><a href=\"https:\/\/www.cops.uel.br\/v2\/Selecao\/DetalharSelecao\/Selecao\/385\">P\u00e1gina da Coordenadoria de Processos Seletivos (Cops)<\/a><\/li>\n\n\n\n<li><a href=\"https:\/\/sistemas.uel.br\/portaldoestudante\/index\" target=\"_blank\" rel=\"noreferrer noopener\">Portal do Estudante de Gradua\u00e7\u00e3o da UEL<\/a><\/li>\n<\/ul>\n\n\n\n<p>\ud83d\udcd6 <a href=\"https:\/\/sites.uel.br\/prograd\/graduacao\/catalogo-dos-cursos-de-graduacao\/\"><strong>Cat\u00e1logo dos Cursos de Gradua\u00e7\u00e3o<\/strong><\/a><br>Informa\u00e7\u00f5es dos Cursos, Organiza\u00e7\u00e3o Curricular, Ementas, Corpo Docente, Estrutura <\/p>\n","protected":false},"excerpt":{"rendered":"<p>A UEL participa do Vestibular dos Povos Ind\u00edgenas no Paran\u00e1, um processo seletivo espec\u00edfico para estudantes de comunidades ind\u00edgenas do Estado. \u00c9 realizado em parceria entre as sete universidades estaduais e a Universidade Federal do Paran\u00e1 (UFPR), com o objetivo de promover o acesso de ind\u00edgenas ao ensino superior p\u00fablico. A cada ano, uma das [&hellip;]<\/p>\n","protected":false},"author":8,"featured_media":0,"parent":12,"menu_order":0,"comment_status":"closed","ping_status":"closed","template":"","meta":{"_acf_changed":false,"_themeisle_gutenberg_block_has_review":false,"footnotes":""},"class_list":["post-13099","page","type-page","status-publish","hentry"],"acf":[],"_links":{"self":[{"href":"https:\/\/sites.uel.br\/prograd\/wp-json\/wp\/v2\/pages\/13099","targetHints":{"allow":["GET"]}}],"collection":[{"href":"https:\/\/sites.uel.br\/prograd\/wp-json\/wp\/v2\/pages"}],"about":[{"href":"https:\/\/sites.uel.br\/prograd\/wp-json\/wp\/v2\/types\/page"}],"author":[{"embeddable":true,"href":"https:\/\/sites.uel.br\/prograd\/wp-json\/wp\/v2\/users\/8"}],"replies":[{"embeddable":true,"href":"https:\/\/sites.uel.br\/prograd\/wp-json\/wp\/v2\/comments?post=13099"}],"version-history":[{"count":10,"href":"https:\/\/sites.uel.br\/prograd\/wp-json\/wp\/v2\/pages\/13099\/revisions"}],"predecessor-version":[{"id":35728,"href":"https:\/\/sites.uel.br\/prograd\/wp-json\/wp\/v2\/pages\/13099\/revisions\/35728"}],"up":[{"embeddable":true,"href":"https:\/\/sites.uel.br\/prograd\/wp-json\/wp\/v2\/pages\/12"}],"wp:attachment":[{"href":"https:\/\/sites.uel.br\/prograd\/wp-json\/wp\/v2\/media?parent=13099"}],"curies":[{"name":"wp","href":"https:\/\/api.w.org\/{rel}","templated":true}]}}