{"id":130,"date":"2022-12-14T13:27:36","date_gmt":"2022-12-14T16:27:36","guid":{"rendered":"https:\/\/sites.uel.br\/prograd\/?page_id=130"},"modified":"2024-06-13T14:39:34","modified_gmt":"2024-06-13T17:39:34","slug":"transferencia-interna-de-turno-e-habilitacao","status":"publish","type":"page","link":"https:\/\/sites.uel.br\/prograd\/transferencia-interna-de-turno-e-habilitacao\/","title":{"rendered":"Transfer\u00eancia Interna de Turno e Habilita\u00e7\u00e3o"},"content":{"rendered":"\n<hr class=\"wp-block-separator has-alpha-channel-opacity is-style-wide\"\/>\n\n\n\n<p><strong><a href=\"https:\/\/sites.uel.br\/prograd\/wp-content\/uploads\/documentos\/resolucoes\/2007\/resolucao_198_07.pdf\" target=\"_blank\" rel=\"noreferrer noopener\">Resolu\u00e7\u00e3o CEPE N\u00ba 198\/2007<\/a><\/strong><br>Disp\u00f5e sobre a transfer\u00eancia interna de turno e de permuta para estudantes de gradua\u00e7\u00e3o da Universidade Estadual de Londrina<\/p>\n\n\n\n<p>Aten\u00e7\u00e3o: Verificar as datas limites de Requerimento para cada Sistema no Calend\u00e1rio das Atividades de Ensino dos Cursos de Gradua\u00e7\u00e3o, Procedimentos e Crit\u00e9rios<\/p>\n\n\n\n<hr class=\"wp-block-separator has-text-color has-cinza-color has-css-opacity has-cinza-background-color has-background is-style-wide\"\/>\n\n\n\n<p><a href=\"https:\/\/sites.uel.br\/prograd\/estudante\/calendario\/\">Acesse aqui para visualizar o Calend\u00e1rio das Atividades de Ensino dos Cursos de Gradua\u00e7\u00e3o<\/a><\/p>\n","protected":false},"excerpt":{"rendered":"<p>Resolu\u00e7\u00e3o CEPE N\u00ba 198\/2007Disp\u00f5e sobre a transfer\u00eancia interna de turno e de permuta para estudantes de gradua\u00e7\u00e3o da Universidade Estadual de Londrina Aten\u00e7\u00e3o: Verificar as datas limites de Requerimento para cada Sistema no Calend\u00e1rio das Atividades de Ensino dos Cursos de Gradua\u00e7\u00e3o, Procedimentos e Crit\u00e9rios Acesse aqui para visualizar o Calend\u00e1rio das Atividades de Ensino [&hellip;]<\/p>\n","protected":false},"author":2,"featured_media":0,"parent":0,"menu_order":0,"comment_status":"closed","ping_status":"closed","template":"","meta":{"_acf_changed":false,"_themeisle_gutenberg_block_has_review":false,"footnotes":""},"class_list":["post-130","page","type-page","status-publish","hentry"],"acf":[],"_links":{"self":[{"href":"https:\/\/sites.uel.br\/prograd\/wp-json\/wp\/v2\/pages\/130","targetHints":{"allow":["GET"]}}],"collection":[{"href":"https:\/\/sites.uel.br\/prograd\/wp-json\/wp\/v2\/pages"}],"about":[{"href":"https:\/\/sites.uel.br\/prograd\/wp-json\/wp\/v2\/types\/page"}],"author":[{"embeddable":true,"href":"https:\/\/sites.uel.br\/prograd\/wp-json\/wp\/v2\/users\/2"}],"replies":[{"embeddable":true,"href":"https:\/\/sites.uel.br\/prograd\/wp-json\/wp\/v2\/comments?post=130"}],"version-history":[{"count":9,"href":"https:\/\/sites.uel.br\/prograd\/wp-json\/wp\/v2\/pages\/130\/revisions"}],"predecessor-version":[{"id":30579,"href":"https:\/\/sites.uel.br\/prograd\/wp-json\/wp\/v2\/pages\/130\/revisions\/30579"}],"wp:attachment":[{"href":"https:\/\/sites.uel.br\/prograd\/wp-json\/wp\/v2\/media?parent=130"}],"curies":[{"name":"wp","href":"https:\/\/api.w.org\/{rel}","templated":true}]}}