{"id":124,"date":"2022-12-14T13:26:24","date_gmt":"2022-12-14T16:26:24","guid":{"rendered":"https:\/\/sites.uel.br\/prograd\/?page_id=124"},"modified":"2024-05-21T15:57:47","modified_gmt":"2024-05-21T18:57:47","slug":"identificacao-estudantil","status":"publish","type":"page","link":"https:\/\/sites.uel.br\/prograd\/identificacao-estudantil\/","title":{"rendered":"Identifica\u00e7\u00e3o Estudantil"},"content":{"rendered":"\n<hr class=\"wp-block-separator has-alpha-channel-opacity is-style-wide\"\/>\n\n\n\n<p><strong>As carteirinhas de identifica\u00e7\u00e3o devem ser emitidas por meio do <a rel=\"noreferrer noopener\" href=\"http:\/\/www.uel.br\/portaldoestudante\" target=\"_blank\">Portal do Estudante de Gradua\u00e7\u00e3o<\/a><\/strong><\/p>\n\n\n\n<hr class=\"wp-block-separator has-text-color has-cinza-color has-css-opacity has-cinza-background-color has-background is-style-wide\"\/>\n\n\n\n<p><strong>Veja tamb\u00e9m:<\/strong><\/p>\n\n\n\n<p><a href=\"https:\/\/sites.uel.br\/prograd\/tutoriais-portal-do-estudante-de-graduacao-como-emitir-sua-carteirinha\/\">Saiba como emitir sua carteirinha pelo Tutorial &#8220;Emiss\u00e3o de Carteirinha&#8221;<\/a><\/p>\n","protected":false},"excerpt":{"rendered":"<p>As carteirinhas de identifica\u00e7\u00e3o devem ser emitidas por meio do Portal do Estudante de Gradua\u00e7\u00e3o Veja tamb\u00e9m: Saiba como emitir sua carteirinha pelo Tutorial &#8220;Emiss\u00e3o de Carteirinha&#8221;<\/p>\n","protected":false},"author":2,"featured_media":0,"parent":0,"menu_order":0,"comment_status":"closed","ping_status":"closed","template":"","meta":{"_acf_changed":false,"_themeisle_gutenberg_block_has_review":false,"footnotes":""},"class_list":["post-124","page","type-page","status-publish","hentry"],"acf":[],"_links":{"self":[{"href":"https:\/\/sites.uel.br\/prograd\/wp-json\/wp\/v2\/pages\/124","targetHints":{"allow":["GET"]}}],"collection":[{"href":"https:\/\/sites.uel.br\/prograd\/wp-json\/wp\/v2\/pages"}],"about":[{"href":"https:\/\/sites.uel.br\/prograd\/wp-json\/wp\/v2\/types\/page"}],"author":[{"embeddable":true,"href":"https:\/\/sites.uel.br\/prograd\/wp-json\/wp\/v2\/users\/2"}],"replies":[{"embeddable":true,"href":"https:\/\/sites.uel.br\/prograd\/wp-json\/wp\/v2\/comments?post=124"}],"version-history":[{"count":11,"href":"https:\/\/sites.uel.br\/prograd\/wp-json\/wp\/v2\/pages\/124\/revisions"}],"predecessor-version":[{"id":30020,"href":"https:\/\/sites.uel.br\/prograd\/wp-json\/wp\/v2\/pages\/124\/revisions\/30020"}],"wp:attachment":[{"href":"https:\/\/sites.uel.br\/prograd\/wp-json\/wp\/v2\/media?parent=124"}],"curies":[{"name":"wp","href":"https:\/\/api.w.org\/{rel}","templated":true}]}}