{"id":122,"date":"2022-12-14T13:26:02","date_gmt":"2022-12-14T16:26:02","guid":{"rendered":"https:\/\/sites.uel.br\/prograd\/?page_id=122"},"modified":"2025-12-05T15:09:01","modified_gmt":"2025-12-05T18:09:01","slug":"estagios-e-intercambios","status":"publish","type":"page","link":"https:\/\/sites.uel.br\/prograd\/estudante\/estagios-e-intercambios\/","title":{"rendered":"Est\u00e1gios e Interc\u00e2mbios"},"content":{"rendered":"\n<hr class=\"wp-block-separator has-alpha-channel-opacity is-style-wide\"\/>\n\n\n\n<div style=\"height:20px\" aria-hidden=\"true\" class=\"wp-block-spacer\"><\/div>\n\n\n\n<figure class=\"wp-block-table\"><table class=\"has-background\" style=\"background-color:#ffffc6\"><tbody><tr><td class=\"has-text-align-center\" data-align=\"center\"><strong>COMUNICADO AOS ESTUDANTES E \u00c0 COMUNIDADE UNIVERSIT\u00c1RIA<\/strong><br><strong>SOBRE PROTOCOLO DE DOCUMENTOS DE EST\u00c1GIO (PLANO DE EST\u00c1GIO, TERMO DE COMPROMISSO E AP\u00d3LICE DE SEGURO)<\/strong><br><br>Considerando o <strong>Calend\u00e1rio das Atividades Administrativas da UEL<\/strong>, que determina o encerramento do ano administrativo em <strong>22\/12\/2025<\/strong> e o retorno em <strong>07\/01\/2026<\/strong>, solicitamos especial aten\u00e7\u00e3o quanto aos encaminhamentos relacionados \u00e0s solicita\u00e7\u00f5es de est\u00e1gio.<br><br>Para garantir o cumprimento adequado dos tr\u00e2mites necess\u00e1rios \u00e0 formaliza\u00e7\u00e3o dos est\u00e1gios, <strong>solicitamos que a documenta\u00e7\u00e3o inicial do est\u00e1gio, que venha a ocorrer no per\u00edodo do recesso, seja enviada, <u>NO M\u00c1XIMO, AT\u00c9 O DIA 15\/12\/25<\/u><\/strong>. Destacamos que, em virtude do recesso, <strong>n\u00e3o ser\u00e3o aceitas solicita\u00e7\u00f5es de est\u00e1gio ou aditivos de prorroga\u00e7\u00f5es com data de in\u00edcio retroativa<\/strong>.<br><br>Para quaisquer esclarecimentos, a equipe est\u00e1 \u00e0 disposi\u00e7\u00e3o pelos canais:<br>\ud83d\udcde <strong>(43) 3371-4900<\/strong><br>\u2709\ufe0f <strong>estagios@uel.br<\/strong><br><br>Aproveitamos o momento para desejar a todos um <strong>Feliz Natal<\/strong> e um <strong>Pr\u00f3spero Ano Novo<\/strong>.<\/td><\/tr><\/tbody><\/table><\/figure>\n\n\n\n<div style=\"height:5px\" aria-hidden=\"true\" class=\"wp-block-spacer\"><\/div>\n\n\n\n<hr class=\"wp-block-separator has-text-color has-cinza-color has-css-opacity has-cinza-background-color has-background is-style-wide\"\/>\n\n\n\n<div class=\"wp-block-columns is-layout-flex wp-container-core-columns-is-layout-9d6595d7 wp-block-columns-is-layout-flex\">\n<div class=\"wp-block-column is-layout-flow wp-block-column-is-layout-flow\">\n<div class=\"wp-block-buttons is-layout-flex wp-block-buttons-is-layout-flex\">\n<div class=\"wp-block-button has-custom-width wp-block-button__width-100 is-style-outline is-style-outline--1\"><a class=\"wp-block-button__link has-white-color has-verde-background-color has-text-color has-background has-medium-font-size has-custom-font-size wp-element-button\" href=\"https:\/\/sites.uel.br\/prograd\/estudante\/estagios-e-intercambios\/estagios-e-intercambios-curricular-obrigatorio-uel\/\" style=\"border-radius:0px\">CURRICULAR OBRIGAT\u00d3RIO<\/a><\/div>\n<\/div>\n<\/div>\n\n\n\n<div class=\"wp-block-column is-layout-flow wp-block-column-is-layout-flow\">\n<div class=\"wp-block-buttons is-layout-flex wp-block-buttons-is-layout-flex\">\n<div class=\"wp-block-button has-custom-width wp-block-button__width-100 is-style-outline is-style-outline--2\"><a class=\"wp-block-button__link has-white-color has-verde-background-color has-text-color has-background has-medium-font-size has-custom-font-size wp-element-button\" href=\"https:\/\/sites.uel.br\/prograd\/estudante\/estagios-e-intercambios\/estagios-e-intercambios-curricular-nao-obrigatorio-uel\/\" style=\"border-radius:0px\">CURRICULAR N\u00c3O OBRIGAT\u00d3RIO<\/a><\/div>\n<\/div>\n<\/div>\n\n\n\n<div class=\"wp-block-column is-layout-flow wp-block-column-is-layout-flow\">\n<div class=\"wp-block-buttons is-layout-flex wp-block-buttons-is-layout-flex\">\n<div class=\"wp-block-button has-custom-width wp-block-button__width-100 is-style-outline is-style-outline--3\"><a class=\"wp-block-button__link has-white-color has-verde-background-color has-text-color has-background has-medium-font-size has-custom-font-size wp-element-button\" href=\"https:\/\/sites.uel.br\/prograd\/estudante\/estagios-e-intercambios\/estagios-e-intercambios-curricular-outras-ies\/\" style=\"border-radius:0px\">CURRICULAR (OUTRAS IES)<\/a><\/div>\n<\/div>\n<\/div>\n\n\n\n<div class=\"wp-block-column is-layout-flow wp-block-column-is-layout-flow\">\n<div class=\"wp-block-buttons is-layout-flex wp-block-buttons-is-layout-flex\">\n<div class=\"wp-block-button has-custom-width wp-block-button__width-100 is-style-outline is-style-outline--4\"><a class=\"wp-block-button__link has-white-color has-verde-background-color has-text-color has-background has-medium-font-size has-custom-font-size wp-element-button\" href=\"https:\/\/sites.uel.br\/prograd\/estudante\/estagios-e-intercambios\/estagios-e-intercambios-vagas-para-estagios\/\" style=\"border-radius:0px\">VAGAS PARA EST\u00c1GIO<\/a><\/div>\n<\/div>\n<\/div>\n<\/div>\n\n\n\n<div class=\"wp-block-columns is-layout-flex wp-container-core-columns-is-layout-9d6595d7 wp-block-columns-is-layout-flex\">\n<div class=\"wp-block-column is-layout-flow wp-block-column-is-layout-flow\">\n<div class=\"wp-block-buttons is-layout-flex wp-block-buttons-is-layout-flex\">\n<div class=\"wp-block-button has-custom-width wp-block-button__width-100 is-style-outline is-style-outline--5\"><a class=\"wp-block-button__link has-white-color has-verde-background-color has-text-color has-background has-medium-font-size has-custom-font-size wp-element-button\" href=\"https:\/\/sites.uel.br\/prograd\/estudante\/estagios-e-intercambios\/estagios-e-intercambios-convenios-para-estagios\/\" style=\"border-radius:0px\">CONV\u00caNIOS PARA EST\u00c1GIO<\/a><\/div>\n<\/div>\n<\/div>\n\n\n\n<div class=\"wp-block-column is-layout-flow wp-block-column-is-layout-flow\">\n<div class=\"wp-block-buttons is-layout-flex wp-block-buttons-is-layout-flex\">\n<div class=\"wp-block-button has-custom-width wp-block-button__width-100 is-style-outline is-style-outline--6\"><a class=\"wp-block-button__link has-white-color has-verde-background-color has-text-color has-background has-medium-font-size has-custom-font-size wp-element-button\" href=\"https:\/\/sites.uel.br\/prograd\/estudante\/estagios-e-intercambios\/estagios-e-intercambios-agentes-de-integracao\/\" style=\"border-radius:0px\">AGENTES DE INTEGRA\u00c7\u00c3O<\/a><\/div>\n<\/div>\n<\/div>\n\n\n\n<div class=\"wp-block-column is-layout-flow wp-block-column-is-layout-flow\">\n<div class=\"wp-block-buttons is-layout-flex wp-block-buttons-is-layout-flex\">\n<div class=\"wp-block-button has-custom-width wp-block-button__width-100 is-style-outline is-style-outline--7\"><a class=\"wp-block-button__link has-white-color has-verde-background-color has-text-color has-background has-medium-font-size has-custom-font-size wp-element-button\" href=\"https:\/\/sites.uel.br\/prograd\/estudante\/estagios-e-intercambios\/estagios-e-intercambios-manual-do-estagiario\/\" style=\"border-radius:0px\">MANUAL DO ESTAGI\u00c1RIO<\/a><\/div>\n<\/div>\n<\/div>\n\n\n\n<div class=\"wp-block-column is-layout-flow wp-block-column-is-layout-flow\">\n<div class=\"wp-block-buttons is-layout-flex wp-block-buttons-is-layout-flex\">\n<div class=\"wp-block-button has-custom-width wp-block-button__width-100 is-style-outline is-style-outline--8\"><a class=\"wp-block-button__link has-white-color has-verde-background-color has-text-color has-background has-medium-font-size has-custom-font-size wp-element-button\" href=\"https:\/\/sites.uel.br\/prograd\/estudante\/estagios-e-intercambios\/estagios-e-intercambios-regulamentos-e-normas\/\" style=\"border-radius:0px\">REGULAMENTOS E NORMAS<\/a><\/div>\n<\/div>\n<\/div>\n<\/div>\n\n\n\n<div class=\"wp-block-columns is-layout-flex wp-container-core-columns-is-layout-9d6595d7 wp-block-columns-is-layout-flex\">\n<div class=\"wp-block-column is-layout-flow wp-block-column-is-layout-flow\">\n<div class=\"wp-block-buttons is-layout-flex wp-block-buttons-is-layout-flex\">\n<div class=\"wp-block-button has-custom-width wp-block-button__width-100 is-style-outline is-style-outline--9\"><a class=\"wp-block-button__link has-white-color has-verde-background-color has-text-color has-background has-medium-font-size has-custom-font-size wp-element-button\" href=\"https:\/\/sites.uel.br\/prograd\/estudante\/estagios-e-intercambios\/estagios-e-intercambios-estagios-no-exterior\/\" style=\"border-radius:0px\">EST\u00c1GIOS NO EXTERIOR<\/a><\/div>\n<\/div>\n<\/div>\n\n\n\n<div class=\"wp-block-column is-layout-flow wp-block-column-is-layout-flow\">\n<div class=\"wp-block-buttons is-layout-flex wp-block-buttons-is-layout-flex\">\n<div class=\"wp-block-button has-custom-width wp-block-button__width-100 is-style-outline is-style-outline--10\"><a class=\"wp-block-button__link has-white-color has-verde-background-color has-text-color has-background has-medium-font-size has-custom-font-size wp-element-button\" href=\"https:\/\/sites.uel.br\/prograd\/estudante\/estagios-e-intercambios\/mobilidade-academica-e-intercambio\/\" style=\"border-radius:0px\">MOBILIDADE E INTERC\u00c2MBIOS<\/a><\/div>\n<\/div>\n<\/div>\n\n\n\n<div class=\"wp-block-column is-layout-flow wp-block-column-is-layout-flow\">\n<div class=\"wp-block-buttons is-layout-flex wp-block-buttons-is-layout-flex\"><\/div>\n<\/div>\n\n\n\n<div class=\"wp-block-column is-layout-flow wp-block-column-is-layout-flow\">\n<div class=\"wp-block-buttons is-layout-flex wp-block-buttons-is-layout-flex\"><\/div>\n<\/div>\n<\/div>\n\n\n\n<hr class=\"wp-block-separator has-text-color has-cinza-color has-css-opacity has-cinza-background-color has-background is-style-wide\"\/>\n\n\n<div class=\"wp-block-image\">\n<figure class=\"aligncenter size-full\"><img loading=\"lazy\" decoding=\"async\" width=\"360\" height=\"161\" src=\"https:\/\/sites.uel.br\/prograd\/wp-content\/uploads\/2023\/04\/logo_dcei_site.jpg\" alt=\"\" class=\"wp-image-3760\" srcset=\"https:\/\/sites.uel.br\/prograd\/wp-content\/uploads\/2023\/04\/logo_dcei_site.jpg 360w, https:\/\/sites.uel.br\/prograd\/wp-content\/uploads\/2023\/04\/logo_dcei_site-300x134.jpg 300w\" sizes=\"auto, (max-width: 360px) 100vw, 360px\" \/><\/figure>\n<\/div>\n\n\n<div class=\"wp-block-columns is-layout-flex wp-container-core-columns-is-layout-9d6595d7 wp-block-columns-is-layout-flex\">\n<div class=\"wp-block-column is-vertically-aligned-center is-layout-flow wp-block-column-is-layout-flow\"><div class=\"wp-block-image\">\n<figure class=\"aligncenter size-full\"><a href=\"http:\/\/www.uel.br\/portaldoestudante\/\" target=\"_blank\" rel=\"noreferrer noopener\"><img loading=\"lazy\" decoding=\"async\" width=\"300\" height=\"363\" src=\"https:\/\/sites.uel.br\/prograd\/wp-content\/uploads\/2023\/04\/consulta_estagio.jpg\" alt=\"\" class=\"wp-image-2634\" srcset=\"https:\/\/sites.uel.br\/prograd\/wp-content\/uploads\/2023\/04\/consulta_estagio.jpg 300w, https:\/\/sites.uel.br\/prograd\/wp-content\/uploads\/2023\/04\/consulta_estagio-248x300.jpg 248w\" sizes=\"auto, (max-width: 300px) 100vw, 300px\" \/><\/a><\/figure>\n<\/div><\/div>\n\n\n\n<div class=\"wp-block-column is-vertically-aligned-center is-layout-flow wp-block-column-is-layout-flow\"><div class=\"wp-block-image\">\n<figure class=\"aligncenter size-full\"><a href=\"https:\/\/sites.uel.br\/prograd\/estagios-e-intercambios-formulario-cadastral-de-convenio-para-estagio\/\"><img loading=\"lazy\" decoding=\"async\" width=\"300\" height=\"225\" src=\"https:\/\/sites.uel.br\/prograd\/wp-content\/uploads\/2023\/04\/logo_formulario_cadastro_convenios.jpg\" alt=\"\" class=\"wp-image-2635\"\/><\/a><\/figure>\n<\/div><\/div>\n<\/div>\n","protected":false},"excerpt":{"rendered":"<p>COMUNICADO AOS ESTUDANTES E \u00c0 COMUNIDADE UNIVERSIT\u00c1RIASOBRE PROTOCOLO DE DOCUMENTOS DE EST\u00c1GIO (PLANO DE EST\u00c1GIO, TERMO DE COMPROMISSO E AP\u00d3LICE DE SEGURO) Considerando o Calend\u00e1rio das Atividades Administrativas da UEL, que determina o encerramento do ano administrativo em 22\/12\/2025 e o retorno em 07\/01\/2026, solicitamos especial aten\u00e7\u00e3o quanto aos encaminhamentos relacionados \u00e0s solicita\u00e7\u00f5es de est\u00e1gio. [&hellip;]<\/p>\n","protected":false},"author":2,"featured_media":0,"parent":15,"menu_order":0,"comment_status":"closed","ping_status":"closed","template":"","meta":{"_acf_changed":false,"_themeisle_gutenberg_block_has_review":false,"footnotes":""},"class_list":["post-122","page","type-page","status-publish","hentry"],"acf":[],"_links":{"self":[{"href":"https:\/\/sites.uel.br\/prograd\/wp-json\/wp\/v2\/pages\/122","targetHints":{"allow":["GET"]}}],"collection":[{"href":"https:\/\/sites.uel.br\/prograd\/wp-json\/wp\/v2\/pages"}],"about":[{"href":"https:\/\/sites.uel.br\/prograd\/wp-json\/wp\/v2\/types\/page"}],"author":[{"embeddable":true,"href":"https:\/\/sites.uel.br\/prograd\/wp-json\/wp\/v2\/users\/2"}],"replies":[{"embeddable":true,"href":"https:\/\/sites.uel.br\/prograd\/wp-json\/wp\/v2\/comments?post=122"}],"version-history":[{"count":84,"href":"https:\/\/sites.uel.br\/prograd\/wp-json\/wp\/v2\/pages\/122\/revisions"}],"predecessor-version":[{"id":35910,"href":"https:\/\/sites.uel.br\/prograd\/wp-json\/wp\/v2\/pages\/122\/revisions\/35910"}],"up":[{"embeddable":true,"href":"https:\/\/sites.uel.br\/prograd\/wp-json\/wp\/v2\/pages\/15"}],"wp:attachment":[{"href":"https:\/\/sites.uel.br\/prograd\/wp-json\/wp\/v2\/media?parent=122"}],"curies":[{"name":"wp","href":"https:\/\/api.w.org\/{rel}","templated":true}]}}