{"id":1218,"date":"2023-02-08T10:32:46","date_gmt":"2023-02-08T13:32:46","guid":{"rendered":"https:\/\/sites.uel.br\/prograd\/?page_id=1218"},"modified":"2024-05-22T11:13:21","modified_gmt":"2024-05-22T14:13:21","slug":"eventos-realizados","status":"publish","type":"page","link":"https:\/\/sites.uel.br\/prograd\/eventos-realizados\/","title":{"rendered":"Eventos"},"content":{"rendered":"\n<p><\/p>\n\n\n\n<hr class=\"wp-block-separator has-alpha-channel-opacity is-style-wide\"\/>\n\n\n\n<h3 class=\"wp-block-heading\">Realizados<\/h3>\n\n\n\n<div style=\"height:20px\" aria-hidden=\"true\" class=\"wp-block-spacer\"><\/div>\n\n\n\n<p><strong>2023<\/strong><\/p>\n\n\n\n<p>Encontro Doc\u00eancia Universit\u00e1ria e Educa\u00e7\u00e3o Ambiental<\/p>\n\n\n\n<p><\/p>\n\n\n\n<p><br><strong>2022<\/strong><\/p>\n\n\n\n<p>IV Pr\u00f3-Ensino: Mostra Anual de Atividades de Ensino<\/p>\n\n\n\n<p>II Encontro Estadual de Doc\u00eancia Universit\u00e1ria: Desafios em Tempos de Aprendizagens Complexas<\/p>\n\n\n\n<p>10\u00aa Feira das Profiss\u00f5es<\/p>\n\n\n\n<p><strong><br>2021<\/strong><\/p>\n\n\n\n<p>III Pr\u00f3-Ensino: Mostra Anual de Atividades de Ensino<\/p>\n\n\n\n<p>Dez Anos de Gepe: Doc\u00eancia Universit\u00e1ria e Contextos Emergentes<\/p>\n\n\n\n<p>Virtuel 2: Avaliando o Presente, planejamento o Futuro<\/p>\n\n\n\n<p>9\u00aa Feira das Profiss\u00f5es: conhecendo a UEL (online pela plataforma Discord)<br><br><strong>2020<\/strong><\/p>\n\n\n\n<p>II Pr\u00f3-Ensino: Mostra Anual de Atividades de Ensino<\/p>\n\n\n\n<p>Virtuel: Refletindo e Capacitando<\/p>\n\n\n\n<p><strong><br>2019<\/strong><\/p>\n\n\n\n<p>Educa\u00e7\u00e3o das Rela\u00e7\u00f5es \u00c9tnico-Raciais: di\u00e1logos com o Ensino Superior<\/p>\n\n\n\n<p>1\u00ba Encontro Integrado de Ensino, Pesquisa e Extens\u00e3o UEL<\/p>\n\n\n\n<p>1\u00ba Pr\u00f3-Ensino: Mostra Anual de Atividades de Ensino<\/p>\n\n\n\n<p>1\u00ba Integra UEL &#8211; Ensino M\u00e9dio<\/p>\n\n\n\n<p>A\u00e7\u00e3o Colegiada<\/p>\n\n\n\n<p>8\u00aa Feira das Profiss\u00f5es: conhecendo a UEL<\/p>\n\n\n\n<p>6\u00aa Semana Pedag\u00f3gica de Docentes da UEL<\/p>\n\n\n\n<p><strong><br>2018<\/strong><\/p>\n\n\n\n<p>Passividade, Assertividade e Agressividade na Rela\u00e7\u00e3o Docente-Estudante<\/p>\n\n\n\n<p>Rela\u00e7\u00f5es Interpessoais na Universidade: estrat\u00e9gias para sa\u00fade mental<\/p>\n\n\n\n<p>Exposi\u00e7\u00e3o &#8220;Espa\u00e7o, mem\u00f3ria PROGRAD&#8221;<\/p>\n\n\n\n<p>Mesa Redonda &#8211; Comunidade Universit\u00e1ria e Sofrimento Ps\u00edquico: um desafio a ser enfrentado<\/p>\n\n\n\n<p>VII Feira das Profiss\u00f5es: conhecendo a UEL<\/p>\n\n\n\n<p><strong><br>2017<\/strong><\/p>\n\n\n\n<p>Aprendizagem do Sistema Braille<\/p>\n\n\n\n<p>Sorob\u00e3 Para Todos<\/p>\n\n\n\n<p>Jornada Pedag\u00f3gica do GEPE 2017<\/p>\n\n\n\n<p>VI Feira das Profiss\u00f5es: conhecendo a UEL<\/p>\n\n\n\n<p>Projeto de Psicologia &#8211; Compet\u00eancias Sociais e Acad\u00eamicas: Preven\u00e7\u00e3o e enfrentamento de comportamentos que podem gerar NEE<\/p>\n\n\n\n<p>4\u00aa Semana Pedag\u00f3gica de Docentes da UEL<\/p>\n\n\n\n<p>As A\u00e7\u00f5es Afirmativas e as Cotas na UEL: Avalia\u00e7\u00e3o e Perspectivas<\/p>\n\n\n\n<p><strong><br>2016<\/strong><\/p>\n\n\n\n<p>Debate sobre a Reforma no Ensino M\u00e9dio<\/p>\n\n\n\n<p>V SIES &#8211; Semin\u00e1rio sobre Inclus\u00e3o no Ensino Superior<\/p>\n\n\n\n<p>V Feira das Profiss\u00f5es: Conhecendo a UEL<\/p>\n\n\n\n<p>&#8220;Encontro com a Educa\u00e7\u00e3o Ambiental Cr\u00edtica&#8221;<\/p>\n\n\n\n<p>Recep\u00e7\u00e3o aos Novos Coordenadores e Vice-Coordenadores de Colegiado de Curso (Gest\u00e3o 2016-2018)<\/p>\n\n\n\n<p>F\u00f3rum Estadual das Licenciaturas<\/p>\n\n\n\n<p>3\u00aa Semana Pedag\u00f3gica de Docentes da UEL<\/p>\n\n\n\n<p><strong><br>2015<\/strong><\/p>\n\n\n\n<p>Interc\u00e2mbio de Experi\u00eancias e Metodologias Ativas<\/p>\n\n\n\n<p>IV Feira das Profiss\u00f5es da UEL<\/p>\n\n\n\n<p>Participem da Audi\u00eancia P\u00fablica Estadual sobre o PEE\/PR [Plano Estadual de Educa\u00e7\u00e3o do Paran\u00e1]<\/p>\n\n\n\n<p>Curso de Capacita\u00e7\u00e3o e Treinamento para os Agentes Universit\u00e1rios e Docentes da UEL acerca do Sistema Acad\u00eamico da Prograd e da Resolu\u00e7\u00e3o CEPE n\u00ba 016\/2014&#8243;<\/p>\n\n\n\n<p>Oficina &#8220;Comecei a faculdade, e agora?&#8221; NAC\/UEL<\/p>\n\n\n\n<p>2\u00aa Semana Pedag\u00f3gica de Docentes da UEL<\/p>\n\n\n\n<p><strong><br>2014<\/strong><\/p>\n\n\n\n<p>IV Encontro do PIBID\/PARFOR-UEL<\/p>\n\n\n\n<p>Confer\u00eancia \u2013 Olhares Sobre a Forma\u00e7\u00e3o de Professores de Arte no Brasil e em Portugal<\/p>\n\n\n\n<p>O ENEM E A PROPOSTA DE ADES\u00c3O AO SISTEMA DE SELE\u00c7\u00c3O UNIFICADA (SISU)<\/p>\n\n\n\n<p>I Jornadas de Interc\u00e2mbio Brasil-Argentina<\/p>\n\n\n\n<p>Pr\u00eamio Professor Rubens Murillo Marques 2014<\/p>\n\n\n\n<p>I CURSO ANUAL DE FORMA\u00c7\u00c3O CONTINUADA DO LENPES, DO OBEDUC E DO PIBID DE CI\u00caNCIAS SOCIAIS &#8211; TEMA GERAL: \u201cFORMA\u00c7\u00c3O INICIAL E CONTINUADA DE PROFESSORES DE SOCIOLOGIA\/CI\u00caNCIAS SOCIAIS: Pensamento Social Brasileiro, 50 anos do Golpe Militar no Brasil e Outros Temas Contempor\u00e2neos\u201d<\/p>\n\n\n\n<p>I CURSO ANUAL DE FORMA\u00c7\u00c3O CONTINUADA: PIBID \u2013 PDE \u2013 PARFOR &#8211; NOVOS TALENTOS CI\u00caNCIAS HUMANAS\/II CURSO INTERDISCIPLINAR LIFE\/III CURSO DE FORMA\u00c7\u00c3O DOCENTE DO SETOR DE PROMO\u00c7\u00c3O \u00c9TNICORRACIAL DA SME-ROL\u00c2NDIA\/IV JORNADA DO FOPE &#8211; TEMA GERAL: \u201cEst\u00e1gio, Forma\u00e7\u00e3o e Trabalho Docente\u201d<\/p>\n\n\n\n<p>1\u00aa Semana Pedag\u00f3gica de Docentes da UEL<\/p>\n\n\n\n<p><strong><br>2013<\/strong><\/p>\n\n\n\n<p>IV SIES &#8211; Semin\u00e1rio sobre Inclus\u00e3o no Ensino Superior<\/p>\n\n\n\n<p>1\u00aa Semana Pedag\u00f3gica de Docentes da UEL<\/p>\n\n\n\n<p>Simp\u00f3sio Internacional de E-learning, B-Learning e M-Learning<\/p>\n\n\n\n<p><strong><br>2012<\/strong><\/p>\n\n\n\n<p>Profa. Dra. Diene Eire de M\u00e9llo Bortotti de Oliveira e Profa. Dra. Sandra Malta Barbosa com o tema &#8220;Tecnologia e Educa\u00e7\u00e3o no Ensino Superior&#8221;<\/p>\n\n\n\n<p>IV F\u00f3rum de Apresenta\u00e7\u00e3o de Trabalhos Acad\u00eamicos<\/p>\n\n\n\n<p>Profa. Dra. Paula Mariza Zedu Alliprandini com o tema &#8220;Processo de Aprendizagem no Ensino Superior&#8221;<\/p>\n\n\n\n<p>Profa. Dra. Neusi Aparecida Navas Berbel e Profa. Dra. Edite Mitie Kikuchi com o tema &#8220;Avalia\u00e7\u00e3o da Aprendizagem no Ensino Superior&#8221;<a href=\"http:\/\/www.uel.br\/prograd\/?\"><\/a><\/p>\n\n\n\n<p>Profa. Dra. Maura Morita Vasconcellos e Profa. Dra. Mauren Teresa G. Mendes Tacla com o tema &#8220;Metodologias Ativas no Ensino Superior&#8221;<\/p>\n\n\n\n<p>III SIES &#8211; Semin\u00e1rio sobre Inclus\u00e3o no Ensino Superior: O estudante cego e surdocego<\/p>\n\n\n\n<p>NAC Promove: EXPOSI\u00c7\u00c3O ITINERANTE &#8211; Produ\u00e7\u00e3o Cient\u00edfica sobre Educa\u00e7\u00e3o Especial e<br>Acessibilidade da UEL<\/p>\n\n\n\n<p>Recep\u00e7\u00e3o aos Novos Docentes Efetivos Contratados a Partir de Junho de 2010 pela UEL<\/p>\n\n\n\n<p>II Curso de Forma\u00e7\u00e3o Continuada de Professores do Prodoc\u00eancia com o tema &#8220;A inclus\u00e3o em debate&#8221;<\/p>\n\n\n\n<p><a href=\"http:\/\/www.uel.br\/prograd\/cotas\"><\/a>Gepe &#8211; Profa. Dra. Nadia Aparecida de Souza com o tema &#8220;Mapa conceitual como estrat\u00e9gia de ensino, aprendizagem e avalia\u00e7\u00e3o&#8221;<\/p>\n\n\n\n<p>II Jornada do Fope com o tema: &#8220;As Propostas de Est\u00e1gios Curriculares das Licenciaturas da UEL&#8221;<\/p>\n\n\n\n<p>Apresenta\u00e7\u00e3o Prograd aos Coordenadores e Vices dos Cursos de Gradua\u00e7\u00e3o<\/p>\n\n\n\n<p><strong><br>2011<\/strong><\/p>\n\n\n\n<p>2\u00aa Reuni\u00e3o de Avalia\u00e7\u00e3o do Programa Estudantes Conv\u00eanio &#8211; PEC-G\/2011<\/p>\n\n\n\n<p>Gepe &#8211; Grupo de Trabalho orientado pela Profa. Dra. Lea das Gra\u00e7as Camargos Anastasiou, com o tema &#8220;Os desafios da doc\u00eancia Universit\u00e1ria&#8221;<\/p>\n\n\n\n<p>3\u00ba F\u00f3rum de Dissemina\u00e7\u00e3o de Trabalhos Acad\u00eamicos<\/p>\n\n\n\n<p>Reuni\u00e3o de Avalia\u00e7\u00e3o do Programa Estudantes Conv\u00eanio &#8211; PEC-G\/2011<\/p>\n\n\n\n<p>FOPE &#8211; IV Ciclo de Debates sobre Desigualdades<\/p>\n\n\n\n<p>Curso de Forma\u00e7\u00e3o Continuada de Professores do Prodoc\u00eancia &#8211; Enfrentando os desafios das Licenciaturas na forma\u00e7\u00e3o inicial e continuada de professores: A Inclus\u00e3o em Debate<\/p>\n\n\n\n<p>F\u00f3rum Sobre Pol\u00edtica de Cotas na UEL<\/p>\n\n\n\n<p>I Jornada do Fope<\/p>\n\n\n\n<p><strong><br>2010<\/strong><\/p>\n\n\n\n<p>II Reuni\u00e3o de Avalia\u00e7\u00e3o do Programa Estudantes Conv\u00eanio &#8211; PEC-G\/2010<\/p>\n\n\n\n<p>II SIES &#8211; Semin\u00e1rio sobre Inclus\u00e3o no Ensino Superior<\/p>\n\n\n\n<p>2\u00aa Confer\u00eancia do Parfor<\/p>\n\n\n\n<p>IV Prova Pedestre Universit\u00e1ria Cidade de Londrina<\/p>\n\n\n\n<p>I Reuni\u00e3o de Avalia\u00e7\u00e3o do Programa Estudantes Conv\u00eanio &#8211; PEC-G\/2010<\/p>\n\n\n\n<p>Ciclo de Palestras &#8211; Prograd<\/p>\n\n\n\n<p>Curso &#8220;Prograd &#8211; Orienta\u00e7\u00f5es e Procedimentos&#8221;<\/p>\n\n\n\n<p><strong><br>2009<\/strong><\/p>\n\n\n\n<p>II Reuni\u00e3o de Avalia\u00e7\u00e3o do Programa Estudantes Conv\u00eanio &#8211; PEC-G\/2009<\/p>\n\n\n\n<p>Lan\u00e7amento do Plano Nacional de Forma\u00e7\u00e3o de Professores da Educa\u00e7\u00e3o B\u00e1sica P\u00fablica<\/p>\n\n\n\n<p>III Prova Pedestre Universit\u00e1ria Cidade de Londrina<\/p>\n\n\n\n<p>XVIII Encontro Anual de Inicia\u00e7\u00e3o Cient\u00edfica<\/p>\n\n\n\n<p>I Reuni\u00e3o de Avalia\u00e7\u00e3o do Programa PEC-G de 2009<\/p>\n\n\n\n<p>I Reuni\u00e3o de Estudantes de Gradua\u00e7\u00e3o<\/p>\n\n\n\n<p>I Semin\u00e1rio Estadual da ANFOPE &#8211; RS &#8211; Forma\u00e7\u00e3o de Professores: Pol\u00edticas e Regulamenta\u00e7\u00e3o<\/p>\n\n\n\n<p>Recep\u00e7\u00e3o aos Ingressantes 2009 do Programa Estudantes Conv\u00eanio PEC-G<\/p>\n\n\n\n<p><strong><br>2008<\/strong><\/p>\n\n\n\n<p>Palestra &#8211; Dia Internacional de Combate \u00e0 Corrup\u00e7\u00e3o<\/p>\n\n\n\n<p>Reuni\u00e3o de Estagi\u00e1rios &#8211; Bolsistas DCEI\/PROGRAD<\/p>\n\n\n\n<p>II Reuni\u00e3o de Avalia\u00e7\u00e3o do Programa Estudantes Conv\u00eanio &#8211; PEC-G\/2008<\/p>\n\n\n\n<p>I Reuni\u00e3o de Avalia\u00e7\u00e3o do Programa Estudantes Conv\u00eanio &#8211; PEC-G\/2008<\/p>\n\n\n\n<p>Solenidade de Reconhecimento Acad\u00eamico de Cursos de Gradua\u00e7\u00e3o da UEL<\/p>\n\n\n\n<p>Evento &#8211; ENADE: Avan\u00e7os e Perspectivas<\/p>\n\n\n\n<p>II Prova Pedestre Universit\u00e1ria Cidade de Londrina<\/p>\n\n\n\n<p>I SIES &#8211; Semin\u00e1rio sobre Inclus\u00e3o no Ensino Superior<\/p>\n\n\n\n<p>Feira do Empreendedor &#8211; Sebrae<\/p>\n\n\n\n<p>I Encontro de Administradores de Colegiados de Cursos de Gradua\u00e7\u00e3o<\/p>\n\n\n\n<p><strong><br>2007<\/strong><\/p>\n\n\n\n<p>Semin\u00e1rio &#8211; Agentes de Integra\u00e7\u00e3o<\/p>\n\n\n\n<p>I F\u00f3rum de A\u00e7\u00f5es Afirmativas na Universidade<\/p>\n","protected":false},"excerpt":{"rendered":"<p>Realizados 2023 Encontro Doc\u00eancia Universit\u00e1ria e Educa\u00e7\u00e3o Ambiental 2022 IV Pr\u00f3-Ensino: Mostra Anual de Atividades de Ensino II Encontro Estadual de Doc\u00eancia Universit\u00e1ria: Desafios em Tempos de Aprendizagens Complexas 10\u00aa Feira das Profiss\u00f5es 2021 III Pr\u00f3-Ensino: Mostra Anual de Atividades de Ensino Dez Anos de Gepe: Doc\u00eancia Universit\u00e1ria e Contextos Emergentes Virtuel 2: Avaliando o [&hellip;]<\/p>\n","protected":false},"author":8,"featured_media":0,"parent":0,"menu_order":0,"comment_status":"closed","ping_status":"closed","template":"","meta":{"_acf_changed":false,"_themeisle_gutenberg_block_has_review":false,"footnotes":""},"class_list":["post-1218","page","type-page","status-publish","hentry"],"acf":[],"_links":{"self":[{"href":"https:\/\/sites.uel.br\/prograd\/wp-json\/wp\/v2\/pages\/1218","targetHints":{"allow":["GET"]}}],"collection":[{"href":"https:\/\/sites.uel.br\/prograd\/wp-json\/wp\/v2\/pages"}],"about":[{"href":"https:\/\/sites.uel.br\/prograd\/wp-json\/wp\/v2\/types\/page"}],"author":[{"embeddable":true,"href":"https:\/\/sites.uel.br\/prograd\/wp-json\/wp\/v2\/users\/8"}],"replies":[{"embeddable":true,"href":"https:\/\/sites.uel.br\/prograd\/wp-json\/wp\/v2\/comments?post=1218"}],"version-history":[{"count":13,"href":"https:\/\/sites.uel.br\/prograd\/wp-json\/wp\/v2\/pages\/1218\/revisions"}],"predecessor-version":[{"id":30049,"href":"https:\/\/sites.uel.br\/prograd\/wp-json\/wp\/v2\/pages\/1218\/revisions\/30049"}],"wp:attachment":[{"href":"https:\/\/sites.uel.br\/prograd\/wp-json\/wp\/v2\/media?parent=1218"}],"curies":[{"name":"wp","href":"https:\/\/api.w.org\/{rel}","templated":true}]}}