{"id":12,"date":"2022-10-11T16:37:13","date_gmt":"2022-10-11T19:37:13","guid":{"rendered":"https:\/\/sites.uel.br\/prograd\/?page_id=12"},"modified":"2024-12-06T15:38:46","modified_gmt":"2024-12-06T18:38:46","slug":"graduacao","status":"publish","type":"page","link":"https:\/\/sites.uel.br\/prograd\/graduacao\/","title":{"rendered":"Gradua\u00e7\u00e3o na UEL"},"content":{"rendered":"\n<hr class=\"wp-block-separator has-alpha-channel-opacity is-style-wide\"\/>\n\n\n\n<figure class=\"wp-block-table is-style-stripes\"><table class=\"has-cinza-claro-background-color has-background\"><tbody><tr><td class=\"has-text-align-center\" data-align=\"center\"><strong><strong><a href=\"https:\/\/sites.uel.br\/prograd\/cursos-de-graduacao-da-uel\/\">Cursos de Gradua\u00e7\u00e3o<\/a><\/strong><\/strong><\/td><\/tr><\/tbody><\/table><\/figure>\n\n\n\n<figure class=\"wp-block-table is-style-stripes\"><table class=\"has-cinza-claro-background-color has-background\"><tbody><tr><td class=\"has-text-align-center\" data-align=\"center\"><strong><strong><a href=\"https:\/\/sites.uel.br\/prograd\/formas-de-ingresso\/\">Formas de Ingresso<\/a><\/strong><\/strong><\/td><\/tr><\/tbody><\/table><\/figure>\n\n\n\n<figure class=\"wp-block-table is-style-stripes\"><table class=\"has-cinza-claro-background-color has-background\"><tbody><tr><td class=\"has-text-align-center\" data-align=\"center\"><strong><strong><a href=\"https:\/\/sites.uel.br\/nead\/\" target=\"_blank\" rel=\"noreferrer noopener\">Educa\u00e7\u00e3o a Dist\u00e2ncia<\/a><\/strong><\/strong><\/td><\/tr><\/tbody><\/table><\/figure>\n\n\n\n<figure class=\"wp-block-table is-style-stripes\"><table class=\"has-cinza-claro-background-color has-background\"><tbody><tr><td class=\"has-text-align-center\" data-align=\"center\"><strong><strong><a href=\"https:\/\/sites.uel.br\/prograd\/formas-de-ingresso\/\"><\/a><strong><strong><a href=\"https:\/\/sites.uel.br\/prograd\/graduacao\/estudante-especial\/\">Estudante Especial<\/a><\/strong><\/strong><\/strong><\/strong><\/td><\/tr><\/tbody><\/table><\/figure>\n\n\n\n<figure class=\"wp-block-table is-style-stripes\"><table class=\"has-cinza-claro-background-color has-background\"><tbody><tr><td class=\"has-text-align-center\" data-align=\"center\"><strong><strong><a href=\"https:\/\/sites.uel.br\/prograd\/graduacao\/acoes-afirmativas\/\">A\u00e7\u00f5es Afirmativas<\/a><\/strong><\/strong><\/td><\/tr><\/tbody><\/table><\/figure>\n\n\n\n<p class=\"has-text-align-center\"><\/p>\n","protected":false},"excerpt":{"rendered":"<p>Cursos de Gradua\u00e7\u00e3o Formas de Ingresso Educa\u00e7\u00e3o a Dist\u00e2ncia Estudante Especial A\u00e7\u00f5es Afirmativas<\/p>\n","protected":false},"author":2,"featured_media":0,"parent":0,"menu_order":0,"comment_status":"closed","ping_status":"closed","template":"","meta":{"_acf_changed":false,"_themeisle_gutenberg_block_has_review":false,"footnotes":""},"class_list":["post-12","page","type-page","status-publish","hentry"],"acf":[],"_links":{"self":[{"href":"https:\/\/sites.uel.br\/prograd\/wp-json\/wp\/v2\/pages\/12","targetHints":{"allow":["GET"]}}],"collection":[{"href":"https:\/\/sites.uel.br\/prograd\/wp-json\/wp\/v2\/pages"}],"about":[{"href":"https:\/\/sites.uel.br\/prograd\/wp-json\/wp\/v2\/types\/page"}],"author":[{"embeddable":true,"href":"https:\/\/sites.uel.br\/prograd\/wp-json\/wp\/v2\/users\/2"}],"replies":[{"embeddable":true,"href":"https:\/\/sites.uel.br\/prograd\/wp-json\/wp\/v2\/comments?post=12"}],"version-history":[{"count":47,"href":"https:\/\/sites.uel.br\/prograd\/wp-json\/wp\/v2\/pages\/12\/revisions"}],"predecessor-version":[{"id":33153,"href":"https:\/\/sites.uel.br\/prograd\/wp-json\/wp\/v2\/pages\/12\/revisions\/33153"}],"wp:attachment":[{"href":"https:\/\/sites.uel.br\/prograd\/wp-json\/wp\/v2\/media?parent=12"}],"curies":[{"name":"wp","href":"https:\/\/api.w.org\/{rel}","templated":true}]}}