{"id":1197,"date":"2023-02-08T10:03:01","date_gmt":"2023-02-08T13:03:01","guid":{"rendered":"https:\/\/sites.uel.br\/prograd\/?page_id=1197"},"modified":"2025-10-24T17:37:12","modified_gmt":"2025-10-24T20:37:12","slug":"enem","status":"publish","type":"page","link":"https:\/\/sites.uel.br\/prograd\/graduacao\/enem\/","title":{"rendered":"ENEM"},"content":{"rendered":"\n<hr class=\"wp-block-separator has-alpha-channel-opacity is-style-wide\"\/>\n\n\n\n<div class=\"wp-block-columns is-layout-flex wp-container-core-columns-is-layout-9d6595d7 wp-block-columns-is-layout-flex\">\n<div class=\"wp-block-column is-layout-flow wp-block-column-is-layout-flow\">\n<p>A UEL utiliza a nota do Exame Nacional do Ensino M\u00e9dio (ENEM) como forma de ingresso em dois processos seletivos:<\/p>\n\n\n\n<p>\ud83c\udf93 <strong>1. Sisu<\/strong><\/p>\n\n\n\n<p>A UEL participa do <a href=\"https:\/\/sites.uel.br\/prograd\/graduacao\/sisu\/\" target=\"_blank\" rel=\"noreferrer noopener\">Sistema de Sele\u00e7\u00e3o Unificada (Sisu)<\/a>, do Minist\u00e9rio da Educa\u00e7\u00e3o (MEC), ofertando vagas com base exclusivamente na nota do ENEM.<\/p>\n<\/div>\n\n\n\n<div class=\"wp-block-column is-layout-flow wp-block-column-is-layout-flow\" style=\"flex-basis:330px\">\n<figure class=\"wp-block-image size-full\"><img loading=\"lazy\" decoding=\"async\" width=\"300\" height=\"186\" src=\"https:\/\/sites.uel.br\/prograd\/wp-content\/uploads\/2023\/02\/enem_logo.png\" alt=\"\" class=\"wp-image-1242\"\/><\/figure>\n<\/div>\n<\/div>\n\n\n\n<p class=\"has-text-align-left\">\ud83d\udd04 <strong>2. Aproveitamento da nota do ENEM para Vagas Remanescentes<\/strong><\/p>\n\n\n\n<p class=\"has-text-align-left\">Ap\u00f3s as convoca\u00e7\u00f5es do Vestibular, caso ainda existam vagas n\u00e3o preenchidas em determinados cursos, a UEL pode abrir editais de <a href=\"https:\/\/sites.uel.br\/prograd\/graduacao\/vagas-remanescentes\/\" target=\"_blank\" rel=\"noreferrer noopener\">vagas remanescentes<\/a>. Nesses casos, a nota do ENEM \u00e9 utilizada como crit\u00e9rio de classifica\u00e7\u00e3o, conforme as regras definidas especificamente em edital.<\/p>\n\n\n\n<p><\/p>\n","protected":false},"excerpt":{"rendered":"<p>A UEL utiliza a nota do Exame Nacional do Ensino M\u00e9dio (ENEM) como forma de ingresso em dois processos seletivos: \ud83c\udf93 1. Sisu A UEL participa do Sistema de Sele\u00e7\u00e3o Unificada (Sisu), do Minist\u00e9rio da Educa\u00e7\u00e3o (MEC), ofertando vagas com base exclusivamente na nota do ENEM. \ud83d\udd04 2. Aproveitamento da nota do ENEM para Vagas [&hellip;]<\/p>\n","protected":false},"author":8,"featured_media":0,"parent":12,"menu_order":0,"comment_status":"closed","ping_status":"closed","template":"","meta":{"_acf_changed":false,"_themeisle_gutenberg_block_has_review":false,"footnotes":""},"class_list":["post-1197","page","type-page","status-publish","hentry"],"acf":[],"_links":{"self":[{"href":"https:\/\/sites.uel.br\/prograd\/wp-json\/wp\/v2\/pages\/1197","targetHints":{"allow":["GET"]}}],"collection":[{"href":"https:\/\/sites.uel.br\/prograd\/wp-json\/wp\/v2\/pages"}],"about":[{"href":"https:\/\/sites.uel.br\/prograd\/wp-json\/wp\/v2\/types\/page"}],"author":[{"embeddable":true,"href":"https:\/\/sites.uel.br\/prograd\/wp-json\/wp\/v2\/users\/8"}],"replies":[{"embeddable":true,"href":"https:\/\/sites.uel.br\/prograd\/wp-json\/wp\/v2\/comments?post=1197"}],"version-history":[{"count":11,"href":"https:\/\/sites.uel.br\/prograd\/wp-json\/wp\/v2\/pages\/1197\/revisions"}],"predecessor-version":[{"id":35715,"href":"https:\/\/sites.uel.br\/prograd\/wp-json\/wp\/v2\/pages\/1197\/revisions\/35715"}],"up":[{"embeddable":true,"href":"https:\/\/sites.uel.br\/prograd\/wp-json\/wp\/v2\/pages\/12"}],"wp:attachment":[{"href":"https:\/\/sites.uel.br\/prograd\/wp-json\/wp\/v2\/media?parent=1197"}],"curies":[{"name":"wp","href":"https:\/\/api.w.org\/{rel}","templated":true}]}}