{"id":118,"date":"2022-12-14T13:25:04","date_gmt":"2022-12-14T16:25:04","guid":{"rendered":"https:\/\/sites.uel.br\/prograd\/?page_id=118"},"modified":"2024-10-22T08:13:17","modified_gmt":"2024-10-22T11:13:17","slug":"empresas-juniores","status":"publish","type":"page","link":"https:\/\/sites.uel.br\/prograd\/estudante\/empresas-juniores\/","title":{"rendered":"Empresas Juniores"},"content":{"rendered":"\n<hr class=\"wp-block-separator has-alpha-channel-opacity is-style-wide\"\/>\n\n\n\n<p>Conhe\u00e7a as Empresas Juniores da UEL:<\/p>\n\n\n\n<div style=\"height:20px\" aria-hidden=\"true\" class=\"wp-block-spacer\"><\/div>\n\n\n\n<p><a href=\"https:\/\/www.instagram.com\/businessconsultoria\/\" target=\"_blank\" rel=\"noreferrer noopener\">Administra\u00e7\u00e3o, Ci\u00eancias Cont\u00e1beis e Ci\u00eancias Econ\u00f4micas &#8211; Business Consultoria<\/a><\/p>\n\n\n\n<p><a href=\"https:\/\/www.instagram.com\/consoagro\/\" target=\"_blank\" rel=\"noreferrer noopener\">Agronomia &#8211; Consoagro<\/a><\/p>\n\n\n\n<p><a href=\"https:\/\/www.instagram.com\/tcp_londrina\/\" target=\"_blank\" rel=\"noreferrer noopener\">Arquitetura e Urbanismo e Engenharia Civil &#8211; TCP<\/a><\/p>\n\n\n\n<p><a href=\"https:\/\/www.instagram.com\/codificajr\/\" target=\"_blank\" rel=\"noreferrer noopener\">Ci\u00eancia da Computa\u00e7\u00e3o &#8211; Codifica<\/a><\/p>\n\n\n\n<p><a href=\"https:\/\/www.instagram.com\/biomambiental\/\" target=\"_blank\" rel=\"noreferrer noopener\">Ci\u00eancias Biol\u00f3gicas &#8211; Bioma<\/a><\/p>\n\n\n\n<p><a href=\"https:\/\/www.instagram.com\/ecaeuel\/\" target=\"_blank\" rel=\"noreferrer noopener\">Ci\u00eancias Econ\u00f4micas &#8211; ECAE-UEL<\/a><\/p>\n\n\n\n<p><a href=\"https:\/\/www.instagram.com\/equanimeuelconsultoria\/\" target=\"_blank\" rel=\"noreferrer noopener\">Ci\u00eancias Sociais &#8211; Equ\u00e2nime<\/a><\/p>\n\n\n\n<p><a href=\"https:\/\/www.instagram.com\/lexempresajr\/\" target=\"_blank\" rel=\"noreferrer noopener\">Direito &#8211; LEX<\/a><\/p>\n\n\n\n<p><a href=\"https:\/\/www.instagram.com\/motus.ej\/\" target=\"_blank\" rel=\"noreferrer noopener\">Educa\u00e7\u00e3o F\u00edsica &#8211; MOTUS<\/a><\/p>\n\n\n\n<p><a href=\"https:\/\/www.instagram.com\/3euel\/\" target=\"_blank\" rel=\"noreferrer noopener\">Engenharia El\u00e9trica &#8211; 3E-UEL<\/a><\/p>\n\n\n\n<p><a href=\"https:\/\/www.instagram.com\/kinaseconsultoria\/\" target=\"_blank\" rel=\"noreferrer noopener\">Farm\u00e1cia &#8211; Kinase Consultoria<\/a><\/p>\n\n\n\n<p><a href=\"https:\/\/www.instagram.com\/artusjr\/\" target=\"_blank\" rel=\"noreferrer noopener\">Fisioterapia &#8211; Artus J\u00fanior<\/a><\/p>\n\n\n\n<p><a href=\"https:\/\/www.instagram.com\/elementos.ej\/\" target=\"_blank\" rel=\"noreferrer noopener\">Qu\u00edmica &#8211; Elementus<\/a><\/p>\n\n\n\n<p><a href=\"https:\/\/www.instagram.com\/eloconsultoria\/\" target=\"_blank\" rel=\"noreferrer noopener\">Psicologia &#8211; Elo Consultoria<\/a><\/p>\n\n\n\n<p><a href=\"https:\/\/www.instagram.com\/conecteej\/\" target=\"_blank\" rel=\"noreferrer noopener\">Rela\u00e7\u00f5es P\u00fablicas &#8211; Conecte Comunicac\u0327\u00e3o<\/a><\/p>\n\n\n\n<p><a href=\"https:\/\/www.instagram.com\/monsec.consultoria\/\" target=\"_blank\" rel=\"noreferrer noopener\">Secretariado Executivo &#8211; MonSec<\/a><\/p>\n\n\n\n<p><a href=\"https:\/\/www.instagram.com\/cateczjunior\/\" target=\"_blank\" rel=\"noreferrer noopener\">Zootecnia &#8211; CATECz<\/a><\/p>\n\n\n\n<div style=\"height:20px\" aria-hidden=\"true\" class=\"wp-block-spacer\"><\/div>\n\n\n\n<hr class=\"wp-block-separator has-text-color has-cinza-color has-css-opacity has-cinza-background-color has-background is-style-wide\"\/>\n\n\n\n<p><strong>Veja tamb\u00e9m:<\/strong><\/p>\n\n\n\n<p><a href=\"https:\/\/sites.uel.br\/prograd\/wp-content\/uploads\/documentos\/resolucoes\/2008\/resolucao_142_08.pdf\" target=\"_blank\" rel=\"noreferrer noopener\">Resolu\u00e7\u00e3o CEPE n\u00ba 0142\/2008 &#8211;&nbsp;<em>D\u00e1 nova regulamenta\u00e7\u00e3o ao Programa de Forma\u00e7\u00e3o Complementar no Ensino de Gradua\u00e7\u00e3o da Universidade Estadual de Londrina<\/em><\/a><\/p>\n\n\n\n<p><a rel=\"noreferrer noopener\" href=\"http:\/\/www.aintec.uel.br\/\" target=\"_blank\">AINTEC &#8211; Ag\u00eancia de Inova\u00e7\u00e3o Tecnol\u00f3gica da Universidade Estadual de Londrina<\/a><\/p>\n","protected":false},"excerpt":{"rendered":"<p>Conhe\u00e7a as Empresas Juniores da UEL: Administra\u00e7\u00e3o, Ci\u00eancias Cont\u00e1beis e Ci\u00eancias Econ\u00f4micas &#8211; Business Consultoria Agronomia &#8211; Consoagro Arquitetura e Urbanismo e Engenharia Civil &#8211; TCP Ci\u00eancia da Computa\u00e7\u00e3o &#8211; Codifica Ci\u00eancias Biol\u00f3gicas &#8211; Bioma Ci\u00eancias Econ\u00f4micas &#8211; ECAE-UEL Ci\u00eancias Sociais &#8211; Equ\u00e2nime Direito &#8211; LEX Educa\u00e7\u00e3o F\u00edsica &#8211; MOTUS Engenharia El\u00e9trica &#8211; 3E-UEL Farm\u00e1cia [&hellip;]<\/p>\n","protected":false},"author":2,"featured_media":0,"parent":15,"menu_order":0,"comment_status":"closed","ping_status":"closed","template":"","meta":{"_acf_changed":false,"_themeisle_gutenberg_block_has_review":false,"footnotes":""},"class_list":["post-118","page","type-page","status-publish","hentry"],"acf":[],"_links":{"self":[{"href":"https:\/\/sites.uel.br\/prograd\/wp-json\/wp\/v2\/pages\/118","targetHints":{"allow":["GET"]}}],"collection":[{"href":"https:\/\/sites.uel.br\/prograd\/wp-json\/wp\/v2\/pages"}],"about":[{"href":"https:\/\/sites.uel.br\/prograd\/wp-json\/wp\/v2\/types\/page"}],"author":[{"embeddable":true,"href":"https:\/\/sites.uel.br\/prograd\/wp-json\/wp\/v2\/users\/2"}],"replies":[{"embeddable":true,"href":"https:\/\/sites.uel.br\/prograd\/wp-json\/wp\/v2\/comments?post=118"}],"version-history":[{"count":42,"href":"https:\/\/sites.uel.br\/prograd\/wp-json\/wp\/v2\/pages\/118\/revisions"}],"predecessor-version":[{"id":32953,"href":"https:\/\/sites.uel.br\/prograd\/wp-json\/wp\/v2\/pages\/118\/revisions\/32953"}],"up":[{"embeddable":true,"href":"https:\/\/sites.uel.br\/prograd\/wp-json\/wp\/v2\/pages\/15"}],"wp:attachment":[{"href":"https:\/\/sites.uel.br\/prograd\/wp-json\/wp\/v2\/media?parent=118"}],"curies":[{"name":"wp","href":"https:\/\/api.w.org\/{rel}","templated":true}]}}