{"id":112,"date":"2022-12-14T13:24:13","date_gmt":"2022-12-14T16:24:13","guid":{"rendered":"https:\/\/sites.uel.br\/prograd\/?page_id=112"},"modified":"2026-03-19T07:53:31","modified_gmt":"2026-03-19T10:53:31","slug":"calendario","status":"publish","type":"page","link":"https:\/\/sites.uel.br\/prograd\/estudante\/calendario\/","title":{"rendered":"Calend\u00e1rio"},"content":{"rendered":"\n<hr class=\"wp-block-separator has-alpha-channel-opacity is-style-wide\"\/>\n\n\n\n<h2 class=\"wp-block-heading\"><strong>Calend\u00e1rio das Atividades de Ensino dos Cursos de Gradua\u00e7\u00e3o para o Ano Letivo de 2026 <\/strong><\/h2>\n\n\n<div class=\"wp-block-image\">\n<figure class=\"aligncenter size-full\"><a href=\"https:\/\/sites.uel.br\/prograd\/wp-content\/uploads\/documentos\/resolucoes\/2025\/resolucao_51_25.pdf\" target=\"_blank\" rel=\" noreferrer noopener\"><img loading=\"lazy\" decoding=\"async\" width=\"569\" height=\"569\" src=\"https:\/\/sites.uel.br\/prograd\/wp-content\/uploads\/2025\/11\/icone_calendario_graduacao_2026_site.jpg\" alt=\"\" class=\"wp-image-35848\" srcset=\"https:\/\/sites.uel.br\/prograd\/wp-content\/uploads\/2025\/11\/icone_calendario_graduacao_2026_site.jpg 569w, https:\/\/sites.uel.br\/prograd\/wp-content\/uploads\/2025\/11\/icone_calendario_graduacao_2026_site-300x300.jpg 300w, https:\/\/sites.uel.br\/prograd\/wp-content\/uploads\/2025\/11\/icone_calendario_graduacao_2026_site-150x150.jpg 150w\" sizes=\"auto, (max-width: 569px) 100vw, 569px\" \/><\/a><\/figure>\n<\/div>\n\n\n<p class=\"has-text-align-center\"><a href=\"https:\/\/sites.uel.br\/prograd\/wp-content\/uploads\/documentos\/resolucoes\/2025\/resolucao_51_25.pdf\" target=\"_blank\" rel=\"noreferrer noopener\">Resolu\u00e7\u00e3o CEPE n\u00ba 51\/2025<\/a><\/p>\n\n\n\n<div style=\"height:20px\" aria-hidden=\"true\" class=\"wp-block-spacer\"><\/div>\n\n\n\n<h2 class=\"wp-block-heading\"><strong>Calend\u00e1rio das Atividades de Ensino dos Cursos de Gradua\u00e7\u00e3o para o Ano Letivo de 2025 <\/strong><\/h2>\n\n\n\n<p class=\"has-text-align-center has-background\" style=\"background-color:#fcffd4\"><strong>CALEND\u00c1RIO ATUALIZADO<\/strong><\/p>\n\n\n<div class=\"wp-block-image\">\n<figure class=\"aligncenter size-full\"><a href=\"https:\/\/sites.uel.br\/prograd\/wp-content\/uploads\/calendario\/2025\/calendario_graduacao_2025_atualizado.pdf\" target=\"_blank\" rel=\" noreferrer noopener\"><img loading=\"lazy\" decoding=\"async\" width=\"569\" height=\"569\" src=\"https:\/\/sites.uel.br\/prograd\/wp-content\/uploads\/2024\/12\/icone_calendario_graduacao_2025_site.jpg\" alt=\"\" class=\"wp-image-33220\" srcset=\"https:\/\/sites.uel.br\/prograd\/wp-content\/uploads\/2024\/12\/icone_calendario_graduacao_2025_site.jpg 569w, https:\/\/sites.uel.br\/prograd\/wp-content\/uploads\/2024\/12\/icone_calendario_graduacao_2025_site-300x300.jpg 300w, https:\/\/sites.uel.br\/prograd\/wp-content\/uploads\/2024\/12\/icone_calendario_graduacao_2025_site-150x150.jpg 150w\" sizes=\"auto, (max-width: 569px) 100vw, 569px\" \/><\/a><figcaption class=\"wp-element-caption\"><em>clique na imagem para acessar o <strong>calend\u00e1rio atualizado<\/strong> de acordo com a Resolu\u00e7\u00e3o CEPE n\u00ba 70\/2024, com altera\u00e7\u00f5es da Resolu\u00e7\u00e3o CEPE n\u00ba 07\/2025, Resolu\u00e7\u00e3o CEPE n\u00ba 26\/2025<\/em>, Resolu\u00e7\u00e3o CEPE n\u00ba 35\/2025, Resolu\u00e7\u00e3o CEPE n\u00ba 36\/2025, Resolu\u00e7\u00e3o CEPE n\u00ba 40\/2025, Resolu\u00e7\u00e3o CEPE n\u00ba 48\/2025, Resolu\u00e7\u00e3o CEPE n\u00ba 49\/2025, Resolu\u00e7\u00e3o CEPE n\u00ba 50\/2025, Resolu\u00e7\u00e3o CEPE n\u00ba 68\/2025, Processos 24.620.957-0 e Resolu\u00e7\u00e3o CEPE n\u00ba 74\/2025<\/figcaption><\/figure>\n<\/div>\n\n\n<p class=\"has-text-align-center\"><\/p>\n\n\n\n<div style=\"height:20px\" aria-hidden=\"true\" class=\"wp-block-spacer\"><\/div>\n\n\n\n<p><strong>Ver tamb\u00e9m:<\/strong><\/p>\n\n\n\n<p><strong><a href=\"https:\/\/sites.uel.br\/prograd\/wp-content\/uploads\/documentos\/resolucoes\/2025\/resolucao_74_25.pdf\" target=\"_blank\" rel=\"noreferrer noopener\">Resolu\u00e7\u00e3o CEPE n\u00ba 74\/2025<\/a><\/strong><br>Estabelece adequa\u00e7\u00e3o da Resolu\u00e7\u00e3o CEPE n\u00ba 070\/2024, que disp\u00f5e sobre o Calend\u00e1rio das Atividades de Ensino dos Cursos de Gradua\u00e7\u00e3o para o ano letivo de 2025<\/p>\n\n\n\n<p><strong><a href=\"https:\/\/sites.uel.br\/prograd\/wp-content\/uploads\/calendario\/2025\/novos_procedimentos_matricula_ajustes.pdf\" target=\"_blank\" rel=\"noreferrer noopener\">Novos Procedimentos de Matr\u00edcula e Ajustes<\/a><\/strong><br>Anexo do Processo&nbsp;24.620.957-0<\/p>\n\n\n\n<p><strong><a href=\"https:\/\/sites.uel.br\/prograd\/wp-content\/uploads\/documentos\/resolucoes\/2025\/resolucao_68_25.pdf\" target=\"_blank\" rel=\"noreferrer noopener\">Resolu\u00e7\u00e3o CEPE n\u00ba 68\/2025<\/a><\/strong><br>Estabelece adequa\u00e7\u00e3o da Resolu\u00e7\u00e3o CEPE n\u00ba 070\/2024, que disp\u00f5e sobre o Calend\u00e1rio das Atividades de Ensino dos Cursos de Gradua\u00e7\u00e3o para o ano letivo de 2025<\/p>\n\n\n\n<p><strong><a href=\"https:\/\/sites.uel.br\/prograd\/wp-content\/uploads\/documentos\/resolucoes\/2025\/resolucao_50_25.pdf\" target=\"_blank\" rel=\"noreferrer noopener\">Resolu\u00e7\u00e3o CEPE n\u00ba 50\/2025<\/a><\/strong><br>Estabelece adequa\u00e7\u00e3o da Resolu\u00e7\u00e3o CEPE n\u00ba 070\/2024, que disp\u00f5e sobre o Calend\u00e1rio das Atividades de Ensino dos Cursos de Gradua\u00e7\u00e3o para o ano letivo de 2025<\/p>\n\n\n\n<p><strong><a href=\"https:\/\/sites.uel.br\/prograd\/wp-content\/uploads\/documentos\/resolucoes\/2025\/resolucao_49_25.pdf\" target=\"_blank\" rel=\"noreferrer noopener\">Resolu\u00e7\u00e3o CEPE n\u00ba 49\/2025<\/a><\/strong><br>Estabelece adequa\u00e7\u00e3o da Resolu\u00e7\u00e3o CEPE n\u00ba 070\/2024, que disp\u00f5e sobre o Calend\u00e1rio das Atividades de Ensino dos Cursos de Gradua\u00e7\u00e3o para o ano letivo de 2025<\/p>\n\n\n\n<p><strong><a href=\"https:\/\/sites.uel.br\/prograd\/wp-content\/uploads\/documentos\/resolucoes\/2025\/resolucao_48_25.pdf\" target=\"_blank\" rel=\"noreferrer noopener\">Resolu\u00e7\u00e3o CEPE n\u00ba 48\/2025<\/a><\/strong><br>Estabelece adequa\u00e7\u00e3o da Resolu\u00e7\u00e3o CEPE n\u00ba 070\/2024, que disp\u00f5e sobre o Calend\u00e1rio das Atividades de Ensino dos Cursos de Gradua\u00e7\u00e3o para o ano letivo de 2025<\/p>\n\n\n\n<p><strong><a href=\"https:\/\/sites.uel.br\/prograd\/wp-content\/uploads\/documentos\/resolucoes\/2025\/resolucao_40_25.pdf\" target=\"_blank\" rel=\"noreferrer noopener\">Resolu\u00e7\u00e3o CEPE n\u00ba 40\/2025<\/a><\/strong><br>Estabelece adequa\u00e7\u00e3o da Resolu\u00e7\u00e3o CEPE n\u00ba 70\/2024, que disp\u00f5e sobre o Calend\u00e1rio das Atividades de Ensino dos Cursos de Gradua\u00e7\u00e3o para o ano letivo de 2025<\/p>\n\n\n\n<p><strong><a href=\"https:\/\/sites.uel.br\/prograd\/wp-content\/uploads\/documentos\/resolucoes\/2025\/resolucao_36_25.pdf\" target=\"_blank\" rel=\"noreferrer noopener\">Resolu\u00e7\u00e3o CEPE n\u00ba 36\/2025<\/a><\/strong><br>Estabelece adequa\u00e7\u00e3o da Resolu\u00e7\u00e3o CEPE n\u00ba 70\/2024, que disp\u00f5e sobre o Calend\u00e1rio das Atividades de Ensino dos Cursos de Gradua\u00e7\u00e3o para o ano letivo de 2025<\/p>\n\n\n\n<p><strong><a href=\"https:\/\/sites.uel.br\/prograd\/wp-content\/uploads\/documentos\/resolucoes\/2025\/resolucao_35_25.pdf\" target=\"_blank\" rel=\"noreferrer noopener\">Resolu\u00e7\u00e3o CEPE n\u00ba 35\/2025<\/a><\/strong><br>Estabelece adequa\u00e7\u00e3o da Resolu\u00e7\u00e3o CEPE n\u00ba 70\/2024, que disp\u00f5e sobre o Calend\u00e1rio das Atividades de Ensino dos Cursos de Gradua\u00e7\u00e3o para o ano letivo de 2025<\/p>\n\n\n\n<p><strong><a href=\"https:\/\/sites.uel.br\/prograd\/wp-content\/uploads\/documentos\/resolucoes\/2025\/resolucao_26_25.pdf\" target=\"_blank\" rel=\"noreferrer noopener\">Resolu\u00e7\u00e3o CEPE n\u00ba 26\/2025<\/a><\/strong><br>Estabelece adequa\u00e7\u00e3o da Resolu\u00e7\u00e3o CEPE n\u00ba 70\/2024, que disp\u00f5e sobre o Calend\u00e1rio das Atividades de Ensino dos Cursos de Gradua\u00e7\u00e3o para o ano letivo de 2025<\/p>\n\n\n\n<p><strong><a href=\"https:\/\/sites.uel.br\/prograd\/wp-content\/uploads\/documentos\/resolucoes\/2025\/resolucao_07_25.pdf\" target=\"_blank\" rel=\"noreferrer noopener\">Resolu\u00e7\u00e3o CEPE n\u00ba 07\/2025<\/a><\/strong><br>Estabelece adequa\u00e7\u00e3o da Resolu\u00e7\u00e3o CEPE n\u00ba 91\/2023, que disp\u00f5e sobre o Calend\u00e1rio das Atividades de Ensino dos Cursos de Gradua\u00e7\u00e3o para o ano letivo de 2024<\/p>\n\n\n\n<p><strong><a href=\"https:\/\/sites.uel.br\/prograd\/wp-content\/uploads\/documentos\/resolucoes\/2024\/resolucao_70_24.pdf\" target=\"_blank\" rel=\"noreferrer noopener\">Resolu\u00e7\u00e3o CEPE n\u00ba 70\/2024<\/a><\/strong><br>Estabelece o Calend\u00e1rio das Atividades de Ensino dos Cursos de Gradua\u00e7\u00e3o para o ano letivo de 2025<\/p>\n\n\n\n<hr class=\"wp-block-separator has-text-color has-cinza-color has-css-opacity has-cinza-background-color has-background is-style-wide\"\/>\n\n\n\n<p class=\"has-text-align-left\"><strong>Veja tamb\u00e9m:<\/strong><\/p>\n\n\n\n<p class=\"has-text-align-center\"><\/p>\n\n\n\n<p><a href=\"https:\/\/sites.uel.br\/prograd\/estudante\/calendario\/calendario-anos-anteriores-indice\/\"><strong>Anos Anteriores<\/strong><\/a><\/p>\n","protected":false},"excerpt":{"rendered":"<p>Calend\u00e1rio das Atividades de Ensino dos Cursos de Gradua\u00e7\u00e3o para o Ano Letivo de 2026 Resolu\u00e7\u00e3o CEPE n\u00ba 51\/2025 Calend\u00e1rio das Atividades de Ensino dos Cursos de Gradua\u00e7\u00e3o para o Ano Letivo de 2025 CALEND\u00c1RIO ATUALIZADO Ver tamb\u00e9m: Resolu\u00e7\u00e3o CEPE n\u00ba 74\/2025Estabelece adequa\u00e7\u00e3o da Resolu\u00e7\u00e3o CEPE n\u00ba 070\/2024, que disp\u00f5e sobre o Calend\u00e1rio das Atividades [&hellip;]<\/p>\n","protected":false},"author":2,"featured_media":0,"parent":15,"menu_order":0,"comment_status":"closed","ping_status":"closed","template":"","meta":{"_acf_changed":false,"_themeisle_gutenberg_block_has_review":false,"footnotes":""},"class_list":["post-112","page","type-page","status-publish","hentry"],"acf":[],"_links":{"self":[{"href":"https:\/\/sites.uel.br\/prograd\/wp-json\/wp\/v2\/pages\/112","targetHints":{"allow":["GET"]}}],"collection":[{"href":"https:\/\/sites.uel.br\/prograd\/wp-json\/wp\/v2\/pages"}],"about":[{"href":"https:\/\/sites.uel.br\/prograd\/wp-json\/wp\/v2\/types\/page"}],"author":[{"embeddable":true,"href":"https:\/\/sites.uel.br\/prograd\/wp-json\/wp\/v2\/users\/2"}],"replies":[{"embeddable":true,"href":"https:\/\/sites.uel.br\/prograd\/wp-json\/wp\/v2\/comments?post=112"}],"version-history":[{"count":117,"href":"https:\/\/sites.uel.br\/prograd\/wp-json\/wp\/v2\/pages\/112\/revisions"}],"predecessor-version":[{"id":37063,"href":"https:\/\/sites.uel.br\/prograd\/wp-json\/wp\/v2\/pages\/112\/revisions\/37063"}],"up":[{"embeddable":true,"href":"https:\/\/sites.uel.br\/prograd\/wp-json\/wp\/v2\/pages\/15"}],"wp:attachment":[{"href":"https:\/\/sites.uel.br\/prograd\/wp-json\/wp\/v2\/media?parent=112"}],"curies":[{"name":"wp","href":"https:\/\/api.w.org\/{rel}","templated":true}]}}