{"id":11128,"date":"2023-06-21T15:43:25","date_gmt":"2023-06-21T18:43:25","guid":{"rendered":"https:\/\/sites.uel.br\/prograd\/?page_id=11128"},"modified":"2024-04-04T14:24:18","modified_gmt":"2024-04-04T17:24:18","slug":"catalogo-dos-cursos-de-graduacao-2010-matematica-bacharelado-e-licenciatura","status":"publish","type":"page","link":"https:\/\/sites.uel.br\/prograd\/catalogo-dos-cursos-de-graduacao-2010-matematica-bacharelado-e-licenciatura\/","title":{"rendered":"Cat\u00e1logo dos Cursos de Gradua\u00e7\u00e3o (2010)"},"content":{"rendered":"\n<hr class=\"wp-block-separator has-alpha-channel-opacity is-style-wide\"\/>\n\n\n\n<h2 class=\"wp-block-heading\">Matem\u00e1tica \u2013 Bacharelado e Licenciatura<\/h2>\n\n\n\n<p><a href=\"https:\/\/sites.uel.br\/prograd\/wp-content\/uploads\/catalogo_cursos\/2010\/informacoes_cursos\/matematica.pdf\" target=\"_blank\" rel=\"noreferrer noopener\">Informa\u00e7\u00f5es do Curso<\/a><\/p>\n\n\n\n<p>Organiza\u00e7\u00e3o Curricular (<a href=\"https:\/\/sites.uel.br\/prograd\/wp-content\/uploads\/catalogo_cursos\/2010\/organizacao_curricular\/matematica_bacharelado.pdf\" target=\"_blank\" rel=\"noreferrer noopener\">Bacharelado<\/a>) (<a href=\"https:\/\/sites.uel.br\/prograd\/wp-content\/uploads\/catalogo_cursos\/2010\/organizacao_curricular\/matematica_licenciatura.pdf\" target=\"_blank\" rel=\"noreferrer noopener\">Licenciatura<\/a>)<\/p>\n\n\n\n<p>Ementas (<a href=\"https:\/\/sites.uel.br\/prograd\/wp-content\/uploads\/catalogo_cursos\/2010\/ementas\/matematica_bacharelado.pdf\" target=\"_blank\" rel=\"noreferrer noopener\">Bacharelado<\/a>) (<a href=\"https:\/\/sites.uel.br\/prograd\/wp-content\/uploads\/catalogo_cursos\/2010\/ementas\/matematica_licenciatura.pdf\" target=\"_blank\" rel=\"noreferrer noopener\">Licenciatura<\/a>)<\/p>\n\n\n\n<p><a href=\"https:\/\/sites.uel.br\/prograd\/wp-content\/uploads\/catalogo_cursos\/2010\/corpo_docente\/matematica.pdf\" target=\"_blank\" rel=\"noreferrer noopener\">Corpo Docente<\/a><\/p>\n\n\n\n<p><a href=\"https:\/\/sites.uel.br\/prograd\/wp-content\/uploads\/catalogo_cursos\/2010\/estrutura_recursos\/cce.pdf\" target=\"_blank\" rel=\"noreferrer noopener\">Estrutura\/Recursos<\/a><\/p>\n","protected":false},"excerpt":{"rendered":"<p>Matem\u00e1tica \u2013 Bacharelado e Licenciatura Informa\u00e7\u00f5es do Curso Organiza\u00e7\u00e3o Curricular (Bacharelado) (Licenciatura) Ementas (Bacharelado) (Licenciatura) Corpo Docente Estrutura\/Recursos<\/p>\n","protected":false},"author":8,"featured_media":0,"parent":0,"menu_order":0,"comment_status":"closed","ping_status":"closed","template":"","meta":{"_acf_changed":false,"_themeisle_gutenberg_block_has_review":false,"footnotes":""},"class_list":["post-11128","page","type-page","status-publish","hentry"],"acf":[],"_links":{"self":[{"href":"https:\/\/sites.uel.br\/prograd\/wp-json\/wp\/v2\/pages\/11128","targetHints":{"allow":["GET"]}}],"collection":[{"href":"https:\/\/sites.uel.br\/prograd\/wp-json\/wp\/v2\/pages"}],"about":[{"href":"https:\/\/sites.uel.br\/prograd\/wp-json\/wp\/v2\/types\/page"}],"author":[{"embeddable":true,"href":"https:\/\/sites.uel.br\/prograd\/wp-json\/wp\/v2\/users\/8"}],"replies":[{"embeddable":true,"href":"https:\/\/sites.uel.br\/prograd\/wp-json\/wp\/v2\/comments?post=11128"}],"version-history":[{"count":5,"href":"https:\/\/sites.uel.br\/prograd\/wp-json\/wp\/v2\/pages\/11128\/revisions"}],"predecessor-version":[{"id":26494,"href":"https:\/\/sites.uel.br\/prograd\/wp-json\/wp\/v2\/pages\/11128\/revisions\/26494"}],"wp:attachment":[{"href":"https:\/\/sites.uel.br\/prograd\/wp-json\/wp\/v2\/media?parent=11128"}],"curies":[{"name":"wp","href":"https:\/\/api.w.org\/{rel}","templated":true}]}}